{"id":1525,"date":"2020-02-04T09:32:26","date_gmt":"2020-02-04T12:32:26","guid":{"rendered":"https:\/\/wp.ufpel.edu.br\/licenciaturaquimica\/?page_id=1525"},"modified":"2020-05-18T12:02:47","modified_gmt":"2020-05-18T15:02:47","slug":"convocacoes-e-atas-do-colegiado-da-licenciatura-em-quimica","status":"publish","type":"page","link":"https:\/\/wp.ufpel.edu.br\/licenciaturaquimica\/o-curso\/colegiado\/convocacoes-e-atas-do-colegiado-da-licenciatura-em-quimica\/","title":{"rendered":"Convoca\u00e7\u00f5es e Atas do Colegiado e NDE da Licenciatura em Qu\u00edmica"},"content":{"rendered":"<p>Na Reuni\u00e3o Extraordin\u00e1ria 01\/2020 o colegiado do curso de Licenciatura em Qu\u00edmica definiu seu calend\u00e1rio de reuni\u00f5es ordin\u00e1rias para o ano de 2020. Conforme segue:<\/p>\n<p><img class=\" wp-image-1579 aligncenter\" src=\"https:\/\/wp.ufpel.edu.br\/licenciaturaquimica\/files\/2020\/02\/Captura-de-Tela-2020-02-17-\u00e0s-10.48.09-314x400.png\" alt=\"\" width=\"453\" height=\"577\" srcset=\"https:\/\/wp.ufpel.edu.br\/licenciaturaquimica\/files\/2020\/02\/Captura-de-Tela-2020-02-17-\u00e0s-10.48.09-314x400.png 314w, https:\/\/wp.ufpel.edu.br\/licenciaturaquimica\/files\/2020\/02\/Captura-de-Tela-2020-02-17-\u00e0s-10.48.09.png 540w\" sizes=\"(max-width: 453px) 100vw, 453px\" \/><\/p>\n<p>Tais agendamentos podem sofrer altera\u00e7\u00f5es.<\/p>\n<p>&nbsp;<\/p>\n<p style=\"padding-left: 40px\">Para todos os casos (de reuni\u00f5es ordin\u00e1rias ou extraordin\u00e1rias), abaixo\u00a0seguem os links para as Convoca\u00e7\u00f5es e Atas do Colegiado da Licenciatura em Qu\u00edmica:<\/p>\n<p style=\"padding-left: 40px\"><em><span style=\"text-decoration: underline\"><strong>Atas de 2020:<\/strong><\/span><\/em><\/p>\n<p style=\"padding-left: 80px\"><span style=\"color: #3366ff\"><a style=\"color: #3366ff\" href=\"https:\/\/wp.ufpel.edu.br\/licenciaturaquimica\/files\/2020\/02\/c\u00f3pia-de-SEI_23110.002502_2020_85.pdf\">&gt;Ata Reuni\u00e3o Extraordinaria 01 &#8211; realizada em 12\/02\/2020<\/a><\/span><\/p>\n<p style=\"padding-left: 40px\"><em><span style=\"text-decoration: underline\"><strong>Convoca\u00e7\u00f5es de 2020:<\/strong><\/span><\/em><\/p>\n<p style=\"padding-left: 80px\"><span style=\"color: #3366ff\"><a style=\"color: #3366ff\" href=\"https:\/\/wp.ufpel.edu.br\/licenciaturaquimica\/files\/2020\/02\/SEI_23110.002502_2020_85-1.pdf\">&gt; Convoca\u00e7\u00e3o Reuni\u00e3o Extraordin\u00e1ria 01 &#8211; a se realizar em 12\/02\/2020, 10h, Sala QI-01 Pr\u00e9dio 96 do CCQFA<\/a><\/span><\/p>\n<p>&nbsp;<\/p>\n<p style=\"padding-left: 40px\"><em><span style=\"text-decoration: underline\"><strong>Atas de 2019:<\/strong><\/span><\/em><\/p>\n<p style=\"padding-left: 80px\">&gt;<\/p>\n","protected":false},"excerpt":{"rendered":"<p>Na Reuni\u00e3o Extraordin\u00e1ria 01\/2020 o colegiado do curso de Licenciatura em Qu\u00edmica definiu seu calend\u00e1rio de reuni\u00f5es ordin\u00e1rias para o ano de 2020. Conforme segue: Tais agendamentos podem sofrer altera\u00e7\u00f5es. &nbsp; Para todos os casos (de reuni\u00f5es ordin\u00e1rias ou extraordin\u00e1rias), abaixo\u00a0seguem os links para as Convoca\u00e7\u00f5es e Atas do Colegiado da Licenciatura em Qu\u00edmica: Atas [&hellip;]<\/p>\n","protected":false},"author":656,"featured_media":0,"parent":60,"menu_order":0,"comment_status":"closed","ping_status":"closed","template":"","meta":{"footnotes":""},"class_list":["post-1525","page","type-page","status-publish","hentry"],"_links":{"self":[{"href":"https:\/\/wp.ufpel.edu.br\/licenciaturaquimica\/wp-json\/wp\/v2\/pages\/1525","targetHints":{"allow":["GET"]}}],"collection":[{"href":"https:\/\/wp.ufpel.edu.br\/licenciaturaquimica\/wp-json\/wp\/v2\/pages"}],"about":[{"href":"https:\/\/wp.ufpel.edu.br\/licenciaturaquimica\/wp-json\/wp\/v2\/types\/page"}],"author":[{"embeddable":true,"href":"https:\/\/wp.ufpel.edu.br\/licenciaturaquimica\/wp-json\/wp\/v2\/users\/656"}],"replies":[{"embeddable":true,"href":"https:\/\/wp.ufpel.edu.br\/licenciaturaquimica\/wp-json\/wp\/v2\/comments?post=1525"}],"version-history":[{"count":11,"href":"https:\/\/wp.ufpel.edu.br\/licenciaturaquimica\/wp-json\/wp\/v2\/pages\/1525\/revisions"}],"predecessor-version":[{"id":1615,"href":"https:\/\/wp.ufpel.edu.br\/licenciaturaquimica\/wp-json\/wp\/v2\/pages\/1525\/revisions\/1615"}],"up":[{"embeddable":true,"href":"https:\/\/wp.ufpel.edu.br\/licenciaturaquimica\/wp-json\/wp\/v2\/pages\/60"}],"wp:attachment":[{"href":"https:\/\/wp.ufpel.edu.br\/licenciaturaquimica\/wp-json\/wp\/v2\/media?parent=1525"}],"curies":[{"name":"wp","href":"https:\/\/api.w.org\/{rel}","templated":true}]}}