{"id":1484,"date":"2020-01-28T09:30:29","date_gmt":"2020-01-28T12:30:29","guid":{"rendered":"https:\/\/wp.ufpel.edu.br\/licenciaturaquimica\/?page_id=1484"},"modified":"2020-07-07T12:15:35","modified_gmt":"2020-07-07T15:15:35","slug":"requerimento-de-revisao-de-desempenho-2","status":"publish","type":"page","link":"https:\/\/wp.ufpel.edu.br\/licenciaturaquimica\/solicitacoes\/requerimento-de-revisao-de-desempenho-2\/","title":{"rendered":"Requerimento de Revis\u00e3o de Desempenho"},"content":{"rendered":"<p>Segundo o Regulamento do Ensino de Gradua\u00e7\u00e3o (Resolu\u00e7\u00e3o COCEPE n. 29\/2018), a Revis\u00e3o de Desempenho \u00e9 assim caracterizada (destaques nossos):<\/p>\n<div class=\"page\" title=\"Page 31\">\n<div class=\"layoutArea\">\n<div class=\"column\">\n<p style=\"padding-left: 80px\"><em>Art. 152. A revis\u00e3o de desempenho acad\u00eamico dever\u00e1 ser solicitada por meio de requerimento formalizado pelo discente junto ao colegiado do respectivo curso.<\/em><\/p>\n<p style=\"padding-left: 160px\"><em>Par\u00e1grafo \u00fanico. <span style=\"background-color: #ffff00\">Ap\u00f3s a divulga\u00e7\u00e3o do resultado da avalia\u00e7\u00e3o<\/span>, o discente ter\u00e1 o prazo de <span style=\"background-color: #ffff00\">at\u00e9 dois dias \u00fateis<\/span> para <span style=\"background-color: #ffff00\">solicitar vistas<\/span> \u00e0 prova ou outro instrumento avaliativo e, <span style=\"background-color: #ffff00\">mais dois dias \u00fateis<\/span> para solicitar a sua <span style=\"background-color: #ffff00\">revis\u00e3o<\/span>.<\/em><\/p>\n<p style=\"padding-left: 80px\"><em>Art. 153. O processo de revis\u00e3o de desempenho acad\u00eamico dever\u00e1 ser analisado por uma comiss\u00e3o composta por 03(tr\u00eas) docentes, instaurada pela Unidade Acad\u00eamica, atrav\u00e9s de seus Departamentos, C\u00e2maras de Ensino ou \u00f3rg\u00e3o equivalente, incluindo o docente respons\u00e1vel pelo referido componente curricular, <span style=\"background-color: #ffff00\">sendo facultada ao acad\u00eamico a sua participa\u00e7\u00e3o<\/span>.<\/em><\/p>\n<p style=\"padding-left: 160px\"><em>Par\u00e1grafo \u00fanico. A comiss\u00e3o proceder\u00e1 a revis\u00e3o da avalia\u00e7\u00e3o e emitir\u00e1 parecer <span style=\"background-color: #ffff00\">no prazo de at\u00e9 05 (cinco) dias<\/span> \u00fateis ap\u00f3s o ato de sua instaura\u00e7\u00e3o.<\/em><\/p>\n<\/div>\n<\/div>\n<\/div>\n<p>&nbsp;<\/p>\n<div class=\"page\" title=\"Page 31\">\n<div class=\"layoutArea\">\n<div class=\"column\">\n<p>Assim, se voc\u00ea entende ser necess\u00e1rio revisar algum resultado de avalia\u00e7\u00e3o, utilize o formul\u00e1rio abaixo:<\/p>\n<\/div>\n<\/div>\n<\/div>\n<p style=\"text-align: center\">Requerimento de Revis\u00e3o de Desempenho:<span style=\"color: #0000ff\"> <a style=\"color: #0000ff\" href=\"https:\/\/wp.ufpel.edu.br\/licenciaturaquimica\/files\/2020\/01\/Requerimento-de-revis\u00e3o-de-desempenho.pdf\">Clique aqui.<\/a><\/span><\/p>\n<p>O formul\u00e1rio\u00a0dever\u00e1 ser <strong>preenchido<\/strong>, <strong>assinado<\/strong> e <strong>encaminhado<\/strong> para <strong>\u00a0<span style=\"background-color: #ffff00;color: #ff0000\">secretarialicqui@ufpel.edu.br<\/span><\/strong>. O assunto da mensagem dever\u00e1 conter o texto: &#8220;<em>Solicita\u00e7\u00e3o: Revis\u00e3o de Desempenho<\/em><em>, de &#8216;seu nome&#8217;<\/em>&#8220;.<\/p>\n","protected":false},"excerpt":{"rendered":"<p>Segundo o Regulamento do Ensino de Gradua\u00e7\u00e3o (Resolu\u00e7\u00e3o COCEPE n. 29\/2018), a Revis\u00e3o de Desempenho \u00e9 assim caracterizada (destaques nossos): Art. 152. A revis\u00e3o de desempenho acad\u00eamico dever\u00e1 ser solicitada por meio de requerimento formalizado pelo discente junto ao colegiado do respectivo curso. Par\u00e1grafo \u00fanico. Ap\u00f3s a divulga\u00e7\u00e3o do resultado da avalia\u00e7\u00e3o, o discente ter\u00e1 [&hellip;]<\/p>\n","protected":false},"author":656,"featured_media":0,"parent":1462,"menu_order":0,"comment_status":"closed","ping_status":"closed","template":"","meta":{"footnotes":""},"class_list":["post-1484","page","type-page","status-publish","hentry"],"_links":{"self":[{"href":"https:\/\/wp.ufpel.edu.br\/licenciaturaquimica\/wp-json\/wp\/v2\/pages\/1484","targetHints":{"allow":["GET"]}}],"collection":[{"href":"https:\/\/wp.ufpel.edu.br\/licenciaturaquimica\/wp-json\/wp\/v2\/pages"}],"about":[{"href":"https:\/\/wp.ufpel.edu.br\/licenciaturaquimica\/wp-json\/wp\/v2\/types\/page"}],"author":[{"embeddable":true,"href":"https:\/\/wp.ufpel.edu.br\/licenciaturaquimica\/wp-json\/wp\/v2\/users\/656"}],"replies":[{"embeddable":true,"href":"https:\/\/wp.ufpel.edu.br\/licenciaturaquimica\/wp-json\/wp\/v2\/comments?post=1484"}],"version-history":[{"count":4,"href":"https:\/\/wp.ufpel.edu.br\/licenciaturaquimica\/wp-json\/wp\/v2\/pages\/1484\/revisions"}],"predecessor-version":[{"id":1713,"href":"https:\/\/wp.ufpel.edu.br\/licenciaturaquimica\/wp-json\/wp\/v2\/pages\/1484\/revisions\/1713"}],"up":[{"embeddable":true,"href":"https:\/\/wp.ufpel.edu.br\/licenciaturaquimica\/wp-json\/wp\/v2\/pages\/1462"}],"wp:attachment":[{"href":"https:\/\/wp.ufpel.edu.br\/licenciaturaquimica\/wp-json\/wp\/v2\/media?parent=1484"}],"curies":[{"name":"wp","href":"https:\/\/api.w.org\/{rel}","templated":true}]}}