{"id":1482,"date":"2020-01-28T09:25:56","date_gmt":"2020-01-28T12:25:56","guid":{"rendered":"https:\/\/wp.ufpel.edu.br\/licenciaturaquimica\/?page_id=1482"},"modified":"2020-07-07T12:16:04","modified_gmt":"2020-07-07T15:16:04","slug":"requerimento-de-aproveitamento-de-estudos-2","status":"publish","type":"page","link":"https:\/\/wp.ufpel.edu.br\/licenciaturaquimica\/solicitacoes\/requerimento-de-aproveitamento-de-estudos-2\/","title":{"rendered":"Requerimento de Aproveitamento de Estudos"},"content":{"rendered":"<p>Segundo o Regulamento do Ensino de Gradua\u00e7\u00e3o (Resolu\u00e7\u00e3o COCEPE n. 29\/2018), o Aproveitamento de Estudos \u00e9 assim caracterizado (destaques nossos):<\/p>\n<div class=\"page\" title=\"Page 21\">\n<div class=\"layoutArea\">\n<div class=\"column\">\n<p style=\"padding-left: 80px\"><em>Art. 100. \u00c9 o aproveitamento de componente curricular cursado pelo discente em <span style=\"background-color: #ffff00\">outra matr\u00edcula na UFPel ou em outra IES, do pa\u00eds ou exterior<\/span>, dispensando componente exigido na respectiva matriz curricular, desde que considerados equivalentes, atendendo ao disposto neste regulamento.<\/em><\/p>\n<p style=\"padding-left: 160px\"><em>\u00a71 S\u00f3 poder\u00e3o ser validados os componentes desenvolvidos em cursos de gradua\u00e7\u00e3o e de p\u00f3s-gradua\u00e7\u00e3o, reconhecidos ou autorizados por \u00f3rg\u00e3o competente.<\/em><\/p>\n<p style=\"padding-left: 160px\"><em>\u00a72 Para efeito deste Artigo, o componente curricular cursado dever\u00e1 contemplar,<span style=\"background-color: #ffff00\"> no m\u00ednimo, 75% da carga hor\u00e1ria e do conte\u00fado do componente curricular pretendido<\/span>, sendo facultada ao professor respons\u00e1vel a realiza\u00e7\u00e3o de avalia\u00e7\u00e3o especial para eventual complementa\u00e7\u00e3o.<\/em><\/p>\n<p style=\"padding-left: 160px\"><em>\u00a73 O pedido de aproveitamento a que se refere este Artigo ser\u00e1 avaliado pelo professor respons\u00e1vel pelo componente curricular pretendido, cujo parecer ser\u00e1\u00a0<\/em><em>corroborado pelo Coordenador de Curso.<\/em><\/p>\n<p style=\"padding-left: 80px\"><em>Art. 101. Para an\u00e1lise do aproveitamento de estudos,<span style=\"background-color: #ffff00\"> a crit\u00e9rio do colegiado de curso<\/span>, desde que previsto em seu projeto pedag\u00f3gico, poder\u00e1 ser considerado como condi\u00e7\u00e3o acess\u00f3ria, al\u00e9m do percentual de conte\u00fado e de carga hor\u00e1ria, o tempo decorrido desde os estudos realizados at\u00e9 a data de solicita\u00e7\u00e3o, de forma que a dispensa n\u00e3o acarrete preju\u00edzo ao estudante no desenvolvimento do curso.<\/em><\/p>\n<p style=\"padding-left: 80px\"><em>Art. 102. O aproveitamento de estudos dever\u00e1 ser protocolado na secretaria do colegiado de curso, em formul\u00e1rio espec\u00edfico, obedecendo aos prazos definidos no Calend\u00e1rio Acad\u00eamico, com os seguintes documentos:<\/em><\/p>\n<\/div>\n<\/div>\n<div class=\"layoutArea\" style=\"padding-left: 40px\">\n<div class=\"column\" style=\"padding-left: 40px\">\n<p style=\"padding-left: 80px\"><em>a) para componentes cursados na UFPEL dever\u00e1 ser anexado o hist\u00f3rico contendo nota e carga hor\u00e1ria, al\u00e9m dos conte\u00fados program\u00e1ticos, quando o colegiado julgar necess\u00e1rio;<\/em><\/p>\n<p style=\"padding-left: 80px\"><em>b) para disciplinas cursadas em outra institui\u00e7\u00e3o dever\u00e1 ser anexado o hist\u00f3rico escolar contendo nota e carga hor\u00e1ria, al\u00e9m de conte\u00fados program\u00e1ticos, obrigatoriamente.<\/em><\/p>\n<p><em>Art. 103. \u00c9 de responsabilidade dos colegiados de curso, na abertura do processo, a confer\u00eancia da aprova\u00e7\u00e3o no componente curricular a ser aproveitado, bem como a autentica\u00e7\u00e3o dos documentos apresentados pelos discentes.<\/em><\/p>\n<p><em>Art. 104. \u00c9 de responsabilidade do coordenador de curso a emiss\u00e3o do parecer final do aproveitamento, mediante confer\u00eancia da documenta\u00e7\u00e3o apresentada, com o parecer do professor respons\u00e1vel pela avalia\u00e7\u00e3o.<\/em><\/p>\n<p><em>Art. 105. O aproveitamento de componentes curriculares, aprovado pelos colegiados de curso, ser\u00e1 registrado no hist\u00f3rico escolar do discente com a abreviatura \u201cDisp\u201d.<\/em><\/p>\n<\/div>\n<\/div>\n<\/div>\n<p>&nbsp;<\/p>\n<div class=\"page\" title=\"Page 31\">\n<div class=\"layoutArea\">\n<div class=\"column\">\n<p>Assim, se voc\u00ea apresenta as condi\u00e7\u00f5es necess\u00e1rias para solicitar aproveitamento de estudos, utilize o formul\u00e1rio abaixo:<\/p>\n<\/div>\n<\/div>\n<\/div>\n<p style=\"text-align: center\">Requerimento de Aproveitamento de Estudos:<span style=\"color: #0000ff\"> <a style=\"color: #0000ff\" href=\"https:\/\/wp.ufpel.edu.br\/licenciaturaquimica\/files\/2020\/01\/Requerimento-de-aproveitamento-de-estudos.pdf\">Clique aqui.<\/a><\/span><\/p>\n<p>O formul\u00e1rio\u00a0dever\u00e1 ser <strong>preenchido<\/strong>, <strong>assinado<\/strong> e <strong>encaminhado<\/strong> para<span style=\"background-color: #ffff00;color: #ff0000\"><strong> \u00a0secretarialicqui@ufpel.edu.br<\/strong><\/span>. O assunto da mensagem dever\u00e1 conter o texto: &#8220;<em>Solicita\u00e7\u00e3o: Aproveitamento de Estudos, de &#8216;seu nome&#8217;<\/em>&#8220;.<\/p>\n","protected":false},"excerpt":{"rendered":"<p>Segundo o Regulamento do Ensino de Gradua\u00e7\u00e3o (Resolu\u00e7\u00e3o COCEPE n. 29\/2018), o Aproveitamento de Estudos \u00e9 assim caracterizado (destaques nossos): Art. 100. \u00c9 o aproveitamento de componente curricular cursado pelo discente em outra matr\u00edcula na UFPel ou em outra IES, do pa\u00eds ou exterior, dispensando componente exigido na respectiva matriz curricular, desde que considerados equivalentes, [&hellip;]<\/p>\n","protected":false},"author":656,"featured_media":0,"parent":1462,"menu_order":0,"comment_status":"closed","ping_status":"closed","template":"","meta":{"footnotes":""},"class_list":["post-1482","page","type-page","status-publish","hentry"],"_links":{"self":[{"href":"https:\/\/wp.ufpel.edu.br\/licenciaturaquimica\/wp-json\/wp\/v2\/pages\/1482","targetHints":{"allow":["GET"]}}],"collection":[{"href":"https:\/\/wp.ufpel.edu.br\/licenciaturaquimica\/wp-json\/wp\/v2\/pages"}],"about":[{"href":"https:\/\/wp.ufpel.edu.br\/licenciaturaquimica\/wp-json\/wp\/v2\/types\/page"}],"author":[{"embeddable":true,"href":"https:\/\/wp.ufpel.edu.br\/licenciaturaquimica\/wp-json\/wp\/v2\/users\/656"}],"replies":[{"embeddable":true,"href":"https:\/\/wp.ufpel.edu.br\/licenciaturaquimica\/wp-json\/wp\/v2\/comments?post=1482"}],"version-history":[{"count":4,"href":"https:\/\/wp.ufpel.edu.br\/licenciaturaquimica\/wp-json\/wp\/v2\/pages\/1482\/revisions"}],"predecessor-version":[{"id":1714,"href":"https:\/\/wp.ufpel.edu.br\/licenciaturaquimica\/wp-json\/wp\/v2\/pages\/1482\/revisions\/1714"}],"up":[{"embeddable":true,"href":"https:\/\/wp.ufpel.edu.br\/licenciaturaquimica\/wp-json\/wp\/v2\/pages\/1462"}],"wp:attachment":[{"href":"https:\/\/wp.ufpel.edu.br\/licenciaturaquimica\/wp-json\/wp\/v2\/media?parent=1482"}],"curies":[{"name":"wp","href":"https:\/\/api.w.org\/{rel}","templated":true}]}}