{"id":1479,"date":"2020-01-28T09:20:14","date_gmt":"2020-01-28T12:20:14","guid":{"rendered":"https:\/\/wp.ufpel.edu.br\/licenciaturaquimica\/?page_id=1479"},"modified":"2020-07-07T12:15:04","modified_gmt":"2020-07-07T15:15:04","slug":"requerimento-de-segunda-chamada-2","status":"publish","type":"page","link":"https:\/\/wp.ufpel.edu.br\/licenciaturaquimica\/solicitacoes\/requerimento-de-segunda-chamada-2\/","title":{"rendered":"Requerimento de Segunda Chamada"},"content":{"rendered":"<p>Segundo o Regulamento do Ensino de Gradua\u00e7\u00e3o (Resolu\u00e7\u00e3o COCEPE n. 29\/2018), a Segunda Chamada \u00e9 assim caracterizada (destaques nossos):<\/p>\n<div class=\"page\" title=\"Page 31\">\n<div class=\"layoutArea\">\n<div class=\"column\">\n<p style=\"padding-left: 80px\"><em>Art. 151. O discente que, por <span style=\"background-color: #ffff00\">impedimento legal devidamente comprovado, faltar a uma avalia\u00e7\u00e3o<\/span>, poder\u00e1 realiz\u00e1-la em outro momento, <span style=\"background-color: #ffff00\">desde que requeira por escrito<\/span> ao colegiado do curso,<span style=\"background-color: #ffff00\"> at\u00e9 3 (tr\u00eas) dias \u00fateis<\/span> ap\u00f3s a realiza\u00e7\u00e3o da avalia\u00e7\u00e3o anterior:<\/em><\/p>\n<p style=\"padding-left: 120px\"><em>I &#8211; <span style=\"background-color: #ffff00\">caber\u00e1 ao colegiado<\/span> de curso deliberar sobre a solicita\u00e7\u00e3o do aluno, encaminhando-a ao Departamento ou C\u00e2mara de Ensino respons\u00e1vel pelo componente curricular <span style=\"background-color: #ffff00\">em at\u00e9 3 dias \u00fateis<\/span>, para defini\u00e7\u00e3o de nova data para a avalia\u00e7\u00e3o.<\/em><\/p>\n<p style=\"padding-left: 120px\"><em>II &#8211; para fins desse Regulamento, <span style=\"background-color: #ffff00\">considera-se motivo<\/span> para solicita\u00e7\u00e3o de nova data para realiza\u00e7\u00e3o de avalia\u00e7\u00e3o:<\/em><\/p>\n<p style=\"padding-left: 160px\"><em>a) acidentes &#8211; mediante <span style=\"background-color: #ffff00\">apresenta\u00e7\u00e3o de boletim de ocorr\u00eancia<\/span> policial;<\/em><\/p>\n<p style=\"padding-left: 160px\"><em>b) assalto &#8211; <span style=\"background-color: #ffff00\">mediante apresenta\u00e7\u00e3o de boletim de ocorr\u00eancia<\/span> policial; <\/em><\/p>\n<p style=\"padding-left: 160px\"><em>c) casamento &#8211; mediante <span style=\"background-color: #ffff00\">apresenta\u00e7\u00e3o de certid\u00e3o de casamento<\/span> do\u00a0<\/em><em>discente ocorrido em at\u00e9 <span style=\"background-color: #ffff00\">8 (oito) dias<\/span> de anteced\u00eancia da data da avalia\u00e7\u00e3o.<\/em><\/p>\n<p style=\"padding-left: 160px\"><em>d) sa\u00fade &#8211; mediante apresenta\u00e7\u00e3o de <span style=\"background-color: #ffff00\">atestado m\u00e9dico<\/span>, com carimbo\u00a0<\/em><em>(contendo o CRM) e assinatura do m\u00e9dico.<\/em><\/p>\n<p style=\"padding-left: 160px\"><em>e) trabalho &#8211; apresenta\u00e7\u00e3o de <span style=\"background-color: #ffff00\">declara\u00e7\u00e3o de exerc\u00edcio de atividade\u00a0<\/span><\/em><em><span style=\"background-color: #ffff00\">profissional excepcional<\/span> com identifica\u00e7\u00e3o do empregador;<\/em><\/p>\n<p style=\"padding-left: 160px\"><em>f) cat\u00e1strofes naturais que impe\u00e7am o deslocamento para os locais da\u00a0<\/em><em>avalia\u00e7\u00e3o;\u00a0<\/em><\/p>\n<p style=\"padding-left: 160px\"><em>g) situa\u00e7\u00f5es geradas por terceiros, como greves de transporte p\u00fablico,obstru\u00e7\u00e3o de vias e demais situa\u00e7\u00f5es, condicionadas a aceita\u00e7\u00e3o do colegiado, alheias a vontade do discente;<\/em><\/p>\n<p style=\"padding-left: 160px\"><em>h) participa\u00e7\u00e3o em<span style=\"background-color: #ffff00\"> eventos cient\u00edficos<\/span>, quando o discente estiver\u00a0<\/em><em>apresentando trabalho, mediante <span style=\"background-color: #ffff00\">comprova\u00e7\u00e3o de participa\u00e7\u00e3o<\/span>.<\/em><\/p>\n<p>&nbsp;<\/p>\n<p>Assim, se voc\u00ea apresenta algum dos itens acima como impedimento de REALIZAR ALGUMA AVALIA\u00c7\u00c3O, utilize o formul\u00e1rio abaixo:<\/p>\n<\/div>\n<\/div>\n<\/div>\n<p style=\"text-align: center\">Requerimento de Segunda Chamada: <span style=\"color: #0000ff\"><a style=\"color: #0000ff\" href=\"https:\/\/wp.ufpel.edu.br\/licenciaturaquimica\/files\/2020\/01\/Requerimento-de-segunda-chamada.pdf\">Clique aqui.<\/a><\/span><\/p>\n<p>O formul\u00e1rio\u00a0dever\u00e1 ser <strong>preenchido<\/strong>, <strong>assinado<\/strong> e <strong>encaminhado<\/strong> para \u00a0<span style=\"background-color: #ffff00;color: #ff0000\"><strong>secretarialicqui@ufpel.edu.br<\/strong><\/span>. O assunto da mensagem dever\u00e1 conter o texto: &#8220;<em>Solicita\u00e7\u00e3o: Segunda Chamada, de &#8216;seu nome&#8217;<\/em>&#8220;.<\/p>\n","protected":false},"excerpt":{"rendered":"<p>Segundo o Regulamento do Ensino de Gradua\u00e7\u00e3o (Resolu\u00e7\u00e3o COCEPE n. 29\/2018), a Segunda Chamada \u00e9 assim caracterizada (destaques nossos): Art. 151. O discente que, por impedimento legal devidamente comprovado, faltar a uma avalia\u00e7\u00e3o, poder\u00e1 realiz\u00e1-la em outro momento, desde que requeira por escrito ao colegiado do curso, at\u00e9 3 (tr\u00eas) dias \u00fateis ap\u00f3s a realiza\u00e7\u00e3o [&hellip;]<\/p>\n","protected":false},"author":656,"featured_media":0,"parent":1462,"menu_order":0,"comment_status":"closed","ping_status":"closed","template":"","meta":{"footnotes":""},"class_list":["post-1479","page","type-page","status-publish","hentry"],"_links":{"self":[{"href":"https:\/\/wp.ufpel.edu.br\/licenciaturaquimica\/wp-json\/wp\/v2\/pages\/1479","targetHints":{"allow":["GET"]}}],"collection":[{"href":"https:\/\/wp.ufpel.edu.br\/licenciaturaquimica\/wp-json\/wp\/v2\/pages"}],"about":[{"href":"https:\/\/wp.ufpel.edu.br\/licenciaturaquimica\/wp-json\/wp\/v2\/types\/page"}],"author":[{"embeddable":true,"href":"https:\/\/wp.ufpel.edu.br\/licenciaturaquimica\/wp-json\/wp\/v2\/users\/656"}],"replies":[{"embeddable":true,"href":"https:\/\/wp.ufpel.edu.br\/licenciaturaquimica\/wp-json\/wp\/v2\/comments?post=1479"}],"version-history":[{"count":4,"href":"https:\/\/wp.ufpel.edu.br\/licenciaturaquimica\/wp-json\/wp\/v2\/pages\/1479\/revisions"}],"predecessor-version":[{"id":1712,"href":"https:\/\/wp.ufpel.edu.br\/licenciaturaquimica\/wp-json\/wp\/v2\/pages\/1479\/revisions\/1712"}],"up":[{"embeddable":true,"href":"https:\/\/wp.ufpel.edu.br\/licenciaturaquimica\/wp-json\/wp\/v2\/pages\/1462"}],"wp:attachment":[{"href":"https:\/\/wp.ufpel.edu.br\/licenciaturaquimica\/wp-json\/wp\/v2\/media?parent=1479"}],"curies":[{"name":"wp","href":"https:\/\/api.w.org\/{rel}","templated":true}]}}