{"id":1475,"date":"2020-01-28T09:04:02","date_gmt":"2020-01-28T12:04:02","guid":{"rendered":"https:\/\/wp.ufpel.edu.br\/licenciaturaquimica\/?page_id=1475"},"modified":"2022-03-22T14:58:43","modified_gmt":"2022-03-22T17:58:43","slug":"correcao-de-matricula","status":"publish","type":"page","link":"https:\/\/wp.ufpel.edu.br\/licenciaturaquimica\/solicitacoes\/correcao-de-matricula\/","title":{"rendered":"Solicita\u00e7\u00e3o de Corre\u00e7\u00e3o de Matr\u00edcula e Matr\u00edcula Especial"},"content":{"rendered":"<p><strong>Corre\u00e7\u00e3o de Matr\u00edcula<\/strong><\/p>\n<p><strong>Defini\u00e7\u00e3o<\/strong><br \/>\nA corre\u00e7\u00e3o de matr\u00edcula \u00e9 a possibilidade de inclus\u00e3o ou exclus\u00e3o de componentes curriculares ap\u00f3s o processamento de matr\u00edcula, sendo destinada aos discentes que necessitam de ajustes no resultado de sua solicita\u00e7\u00e3o de matr\u00edcula ou que n\u00e3o tenham solicitado a rematr\u00edcula.<br \/>\nN\u00e3o ser\u00e1 permitida a matr\u00edcula em atividades curriculares em que houver colis\u00e3o total ou parcial de hor\u00e1rios.<\/p>\n<p><strong>Como solicitar<\/strong><br \/>\nI-\u00a0 O discente dever\u00e1 fazer\u00a0<i>login<\/i>\u00a0no sistema acad\u00eamico\u00a0<a href=\"https:\/\/cobalto.ufpel.edu.br\/\">COBALTO<\/a>, acessar o menu\u00a0<a class=\"hover\" href=\"https:\/\/cobalto.ufpel.edu.br\/academico\/alunos\/solicitacaoCorrecaoMatricula\">Corre\u00e7\u00e3o de matr\u00edcula<\/a>, solicitar inclus\u00e3o e\/ou exclus\u00e3o de disciplinas.<br \/>\nII \u2013 O sistema armazenar\u00e1 as solicita\u00e7\u00f5es de corre\u00e7\u00e3o e ordenar\u00e1 os alunos de acordo com a Resolu\u00e7\u00e3o COCEPE n\u00ba 47\/2018. O Colegiado homologa ou n\u00e3o as solicita\u00e7\u00f5es.<br \/>\nIII- O discente consulta sua solicita\u00e7\u00e3o no sistema\u00a0<a href=\"https:\/\/cobalto.ufpel.edu.br\/\">COBALTO<\/a>, no menu\u00a0<a class=\"\" href=\"https:\/\/cobalto.ufpel.edu.br\/academico\/alunos\/atestadoMatriculado\">Matr\u00edcula<\/a>, para confirmar em quais componentes curriculares foi matriculado. Se a solicita\u00e7\u00e3o foi contemplada \u00e9 s\u00f3 aguardar o in\u00edcio das aulas.<\/p>\n<p><strong>Fluxograma<\/strong><\/p>\n<table style=\"border-collapse: collapse;width: 100%\" border=\"1\">\n<tbody>\n<tr>\n<td style=\"width: 5.80131%\">Etapa<\/td>\n<td style=\"width: 10.6599%\">Respons\u00e1vel<\/td>\n<td style=\"width: 34.4453%\">Procedimento<\/td>\n<\/tr>\n<tr>\n<td style=\"width: 5.80131%\">1<\/td>\n<td style=\"width: 10.6599%\">Discente<\/td>\n<td style=\"width: 34.4453%\">\u2013 Solicitar corre\u00e7\u00e3o de matricula no cobalto.<\/td>\n<\/tr>\n<tr>\n<td style=\"width: 5.80131%\">2<\/td>\n<td style=\"width: 10.6599%\">Colegiado de curso<\/td>\n<td style=\"width: 34.4453%\">\u2013 Avaliar a corre\u00e7\u00e3o no COBALTO.<\/td>\n<\/tr>\n<tr>\n<td style=\"width: 5.80131%\">3<\/td>\n<td style=\"width: 10.6599%\">Discente<\/td>\n<td style=\"width: 34.4453%\">\u2013 Consultar em quais componentes curriculares foi matriculado.<\/td>\n<\/tr>\n<\/tbody>\n<\/table>\n<p>&nbsp;<\/p>\n<p><strong>Matr\u00edcula Especial<\/strong><\/p>\n<p><strong>Defini\u00e7\u00e3o<\/strong><br \/>\nA matr\u00edcula especial permite ao discente realizar matr\u00edcula em componente curriculares de outros cursos da UFPel. Esta modalidade de matr\u00edcula est\u00e1 condicionada \u00e0 disponibilidade de vagas na disciplina e no per\u00edodo letivo desejado.<br \/>\nA matr\u00edcula especial n\u00e3o poder\u00e1 ultrapassar o total de dois componentes curriculares por per\u00edodo letivo e 20% da carga hor\u00e1ria do curso de origem.<br \/>\nN\u00e3o ser\u00e1 permitida a matr\u00edcula em componentes curriculares em que houver colis\u00e3o total ou parcial de hor\u00e1rios. A matr\u00edcula especial \u00e9 destinada apenas para acrescentar componentes curriculares, \u00e9 vedada a altera\u00e7\u00e3o da matr\u00edcula original.<\/p>\n<p><strong>Como solicitar<\/strong><br \/>\nA Matr\u00edcula Especial possui per\u00edodo estipulado no calend\u00e1rio acad\u00eamico. Para solicitar a matr\u00edcula especial o discente deve:<br \/>\nI \u2013 estar matriculado em, no m\u00ednimo, oito cr\u00e9ditos no curso de origem;<br \/>\nII \u2013 solicitar matr\u00edcula especial no\u00a0<a href=\"https:\/\/cobalto.ufpel.edu.br\/\">Cobalto<\/a>\u00a0, no menu\u00a0<a class=\"\" href=\"https:\/\/cobalto.ufpel.edu.br\/academico\/alunos\/solicitacaoMatriculaEspecial\">Solicita\u00e7\u00e3o de matr\u00edcula especial<\/a>, em disciplina do curso pretendido, no per\u00edodo previsto no Calend\u00e1rio Acad\u00eamico;<br \/>\nIII \u2013 o curso de origem do discente avaliar\u00e1 a solicita\u00e7\u00e3o em prazo previsto no Calend\u00e1rio Acad\u00eamico, autorizando ou n\u00e3o a solicita\u00e7\u00e3o;<br \/>\nIV \u2013 caso o curso de origem tenha autorizado, o curso que oferta a disciplina pretendida pelo discente receber\u00e1 a solicita\u00e7\u00e3o e avaliar\u00e1, homologando ou n\u00e3o o pedido.<br \/>\nV \u2013 O discente consulta sua solicita\u00e7\u00e3o no sistema\u00a0<a href=\"https:\/\/cobalto.ufpel.edu.br\/\">COBALTO<\/a>, no menu\u00a0<a class=\"\" href=\"https:\/\/cobalto.ufpel.edu.br\/academico\/alunos\/atestadoMatriculado\">Matr\u00edcula<\/a>, para confirmar em quais componentes curriculares foi matriculado. Se a solicita\u00e7\u00e3o foi contemplada \u00e9 s\u00f3 aguardar o in\u00edcio das aulas.<\/p>\n<p><strong>Fluxograma<\/strong><\/p>\n<table style=\"border-collapse: collapse;width: 100%\" border=\"1\">\n<tbody>\n<tr>\n<td style=\"width: 5.80131%\">Etapa<\/td>\n<td style=\"width: 10.6599%\">Respons\u00e1vel<\/td>\n<td style=\"width: 34.4453%\">Procedimento<\/td>\n<\/tr>\n<tr>\n<td style=\"width: 5.80131%\">1<\/td>\n<td style=\"width: 10.6599%\">Discente<\/td>\n<td style=\"width: 34.4453%\" width=\"399\">\u2013 Solicitar matr\u00edcula especial no COBALTO.<\/td>\n<\/tr>\n<tr>\n<td style=\"width: 5.80131%\">2<\/td>\n<td style=\"width: 10.6599%\">Colegiado de curso de origem<\/td>\n<td style=\"width: 34.4453%\">\u2013 Avaliar a solicita\u00e7\u00e3o do discente, autorizando-a ou n\u00e3o.<\/td>\n<\/tr>\n<tr>\n<td style=\"width: 5.80131%\">3<\/td>\n<td style=\"width: 10.6599%\">Colegiado do curso com a disciplina pretendida<\/td>\n<td style=\"width: 34.4453%\">\u2013 Na hip\u00f3tese de autoriza\u00e7\u00e3o na etapa anterior, avaliar a solicita\u00e7\u00e3o do discente, registrando-a no Cobalto caso seja aceita.<\/td>\n<\/tr>\n<tr>\n<td style=\"width: 5.80131%\">4<\/td>\n<td style=\"width: 10.6599%\">Discente<\/td>\n<td style=\"width: 34.4453%\">\u2013 Consultar em quais componentes curriculares foi matriculado.<\/td>\n<\/tr>\n<\/tbody>\n<\/table>\n<p><\/p>\n","protected":false},"excerpt":{"rendered":"<p>Corre\u00e7\u00e3o de Matr\u00edcula Defini\u00e7\u00e3o A corre\u00e7\u00e3o de matr\u00edcula \u00e9 a possibilidade de inclus\u00e3o ou exclus\u00e3o de componentes curriculares ap\u00f3s o processamento de matr\u00edcula, sendo destinada aos discentes que necessitam de ajustes no resultado de sua solicita\u00e7\u00e3o de matr\u00edcula ou que n\u00e3o tenham solicitado a rematr\u00edcula. N\u00e3o ser\u00e1 permitida a matr\u00edcula em atividades curriculares em que [&hellip;]<\/p>\n","protected":false},"author":656,"featured_media":0,"parent":1462,"menu_order":0,"comment_status":"closed","ping_status":"closed","template":"","meta":{"footnotes":""},"class_list":["post-1475","page","type-page","status-publish","hentry"],"_links":{"self":[{"href":"https:\/\/wp.ufpel.edu.br\/licenciaturaquimica\/wp-json\/wp\/v2\/pages\/1475","targetHints":{"allow":["GET"]}}],"collection":[{"href":"https:\/\/wp.ufpel.edu.br\/licenciaturaquimica\/wp-json\/wp\/v2\/pages"}],"about":[{"href":"https:\/\/wp.ufpel.edu.br\/licenciaturaquimica\/wp-json\/wp\/v2\/types\/page"}],"author":[{"embeddable":true,"href":"https:\/\/wp.ufpel.edu.br\/licenciaturaquimica\/wp-json\/wp\/v2\/users\/656"}],"replies":[{"embeddable":true,"href":"https:\/\/wp.ufpel.edu.br\/licenciaturaquimica\/wp-json\/wp\/v2\/comments?post=1475"}],"version-history":[{"count":9,"href":"https:\/\/wp.ufpel.edu.br\/licenciaturaquimica\/wp-json\/wp\/v2\/pages\/1475\/revisions"}],"predecessor-version":[{"id":1938,"href":"https:\/\/wp.ufpel.edu.br\/licenciaturaquimica\/wp-json\/wp\/v2\/pages\/1475\/revisions\/1938"}],"up":[{"embeddable":true,"href":"https:\/\/wp.ufpel.edu.br\/licenciaturaquimica\/wp-json\/wp\/v2\/pages\/1462"}],"wp:attachment":[{"href":"https:\/\/wp.ufpel.edu.br\/licenciaturaquimica\/wp-json\/wp\/v2\/media?parent=1475"}],"curies":[{"name":"wp","href":"https:\/\/api.w.org\/{rel}","templated":true}]}}