{"id":1462,"date":"2020-01-27T11:57:44","date_gmt":"2020-01-27T14:57:44","guid":{"rendered":"https:\/\/wp.ufpel.edu.br\/licenciaturaquimica\/?page_id=1462"},"modified":"2020-07-07T12:12:04","modified_gmt":"2020-07-07T15:12:04","slug":"solicitacoes","status":"publish","type":"page","link":"https:\/\/wp.ufpel.edu.br\/licenciaturaquimica\/solicitacoes\/","title":{"rendered":"Solicita\u00e7\u00f5es"},"content":{"rendered":"<p>Este espa\u00e7o do site do Curso de Licenciatura em Qu\u00edmica \u00e9 destinado a <strong>SOLICITA\u00c7\u00d5ES<\/strong>\u00a0usualmente realizadas por discentes do curso.<\/p>\n<p>Como forma de\u00a0<strong>agilizar<\/strong> os tr\u00e2mites e esclarecer os procedimentos, disponibilizamos a possibilidade de\u00a0<strong>discentes do Curso de\u00a0Licenciatura em Qu\u00edmica (<\/strong>apenas desse curso)<\/p>\n<p>&nbsp;<\/p>\n<p><span style=\"text-decoration: underline\"><strong>COMO SOLICITAR?<\/strong><\/span><\/p>\n<ol>\n<li>Cada discente, <em><strong>INDIVIDUALMENTE<\/strong><\/em>, dever\u00e1 acessar os links abaixo, conforme a necessidade e interesse.<\/li>\n<li>Dever\u00e1 ser lido o texto explicativo sobre a\u00a0<em>fun\u00e7\u00e3o<\/em> de cada solicita\u00e7\u00e3o.<\/li>\n<li>O arquivo referente \u00e0 solicita\u00e7\u00e3o dever\u00e1 ser BAIXADO para o computador discente.<\/li>\n<li>O arquivo dever\u00e1 ser completado com as informa\u00e7\u00f5es discentes e assinado.<\/li>\n<li>Cada discente dever\u00e1 encaminhar DE SEU EMAIL (o mesmo que est\u00e1 registrado no sistema Cobalto) o arquivo com as informa\u00e7\u00f5es corretamente preenchidas em anexo.<\/li>\n<li>O email\u00a0<strong>dever\u00e1 ter como assunto<\/strong> o seguinte texto: &#8220;<em>Solicita\u00e7\u00e3o: &#8216;nome da solicita\u00e7\u00e3o&#8217;, de &#8216;nome discente&#8217;<\/em>&#8220;. Ou seja, supondo uma solicita\u00e7\u00e3o de corre\u00e7\u00e3o de matr\u00edcula, o\u00a0<strong>assunto do email<\/strong> <span style=\"text-decoration: underline\"><strong>DEVER\u00c1<\/strong><\/span> ser:\u00a0<span style=\"text-align: center\">&#8220;<\/span><em style=\"text-align: center\">Solicita\u00e7\u00e3o: Corre\u00e7\u00e3o de Matr\u00edcula, de Bruno Pastoriza&#8221;.\u00a0<\/em>Sugerimos, ainda, que, no corpo do email, haja uma sauda\u00e7\u00e3o e um texto explicando <span style=\"text-decoration: underline\">brevemente\u00a0<\/span> a solicita\u00e7\u00e3o.<\/li>\n<li>O endere\u00e7o de email para o qual dever\u00e1 ser enviada a mensagem, conforme as orienta\u00e7\u00f5es acima, \u00e9 \u00a0<span style=\"background-color: #ffff00;color: #ff0000\">secretarialicqui@ufpel.edu.br<\/span>.<\/li>\n<li>Solicita\u00e7\u00f5es encaminhadas por email que\u00a0<strong>n\u00e3o sigam esse modelo n\u00e3o ser\u00e3o atendidas.<\/strong><\/li>\n<li>Todas as solicita\u00e7\u00f5es seguem podendo ser realizadas direta e fisicamente na Secretaria do Curso (Pr\u00e9dio 31, do Campus Cap\u00e3o do Le\u00e3o).<\/li>\n<\/ol>\n<p><span style=\"text-decoration: underline\"><strong>O QUE \u00c9 POSS\u00cdVEL SOLICITAR DIGITALMENTE?<\/strong><\/span><\/p>\n<blockquote><p>&gt; Solicita\u00e7\u00e3o de Corre\u00e7\u00e3o de Matr\u00edcula:<span style=\"color: #0000ff\"> <a style=\"color: #0000ff\" href=\"https:\/\/wp.ufpel.edu.br\/licenciaturaquimica\/solicitacoes\/correcao-de-matricula\/\">Clique aqui<\/a>.<\/span><\/p>\n<p>&gt; Solicita\u00e7\u00e3o de Quebra de Pr\u00e9-Requisito:<span style=\"color: #0000ff\"> <a style=\"color: #0000ff\" href=\"https:\/\/wp.ufpel.edu.br\/licenciaturaquimica\/solicitacoes\/quebra-de-pre-requisito-2\/\">Clique aqui<\/a>.<\/span><\/p>\n<p>&gt; Requerimento de Segunda Chamada: <span style=\"color: #0000ff\"><a style=\"color: #0000ff\" href=\"https:\/\/wp.ufpel.edu.br\/licenciaturaquimica\/solicitacoes\/requerimento-de-segunda-chamada-2\/\">Clique aqui<\/a>.<\/span><\/p>\n<p>&gt; Requerimento de Aproveitamento de Estudos:<span style=\"color: #0000ff\"> <a style=\"color: #0000ff\" href=\"https:\/\/wp.ufpel.edu.br\/licenciaturaquimica\/solicitacoes\/requerimento-de-aproveitamento-de-estudos-2\/\">Clique aqui<\/a>.<\/span><\/p>\n<p>&gt; Requerimento de Revis\u00e3o de Desempenho:<span style=\"color: #0000ff\"> <a style=\"color: #0000ff\" href=\"https:\/\/wp.ufpel.edu.br\/licenciaturaquimica\/solicitacoes\/requerimento-de-revisao-de-desempenho-2\/\">Clique aqui<\/a>.<\/span><\/p>\n<p>&gt; Requerimento de Regime Concentrado:<span style=\"color: #0000ff\"> <a style=\"color: #0000ff\" href=\"https:\/\/wp.ufpel.edu.br\/licenciaturaquimica\/solicitacoes\/requerimento-de-regime-concentrado-2\/\">Clique aqui<\/a>.<\/span><\/p><\/blockquote>\n<p>&nbsp;<\/p>\n<p>&nbsp;<\/p>\n<p>&nbsp;<\/p>\n","protected":false},"excerpt":{"rendered":"<p>Este espa\u00e7o do site do Curso de Licenciatura em Qu\u00edmica \u00e9 destinado a SOLICITA\u00c7\u00d5ES\u00a0usualmente realizadas por discentes do curso. Como forma de\u00a0agilizar os tr\u00e2mites e esclarecer os procedimentos, disponibilizamos a possibilidade de\u00a0discentes do Curso de\u00a0Licenciatura em Qu\u00edmica (apenas desse curso) &nbsp; COMO SOLICITAR? Cada discente, INDIVIDUALMENTE, dever\u00e1 acessar os links abaixo, conforme a necessidade e [&hellip;]<\/p>\n","protected":false},"author":656,"featured_media":0,"parent":0,"menu_order":0,"comment_status":"closed","ping_status":"closed","template":"","meta":{"footnotes":""},"class_list":["post-1462","page","type-page","status-publish","hentry"],"_links":{"self":[{"href":"https:\/\/wp.ufpel.edu.br\/licenciaturaquimica\/wp-json\/wp\/v2\/pages\/1462","targetHints":{"allow":["GET"]}}],"collection":[{"href":"https:\/\/wp.ufpel.edu.br\/licenciaturaquimica\/wp-json\/wp\/v2\/pages"}],"about":[{"href":"https:\/\/wp.ufpel.edu.br\/licenciaturaquimica\/wp-json\/wp\/v2\/types\/page"}],"author":[{"embeddable":true,"href":"https:\/\/wp.ufpel.edu.br\/licenciaturaquimica\/wp-json\/wp\/v2\/users\/656"}],"replies":[{"embeddable":true,"href":"https:\/\/wp.ufpel.edu.br\/licenciaturaquimica\/wp-json\/wp\/v2\/comments?post=1462"}],"version-history":[{"count":6,"href":"https:\/\/wp.ufpel.edu.br\/licenciaturaquimica\/wp-json\/wp\/v2\/pages\/1462\/revisions"}],"predecessor-version":[{"id":1708,"href":"https:\/\/wp.ufpel.edu.br\/licenciaturaquimica\/wp-json\/wp\/v2\/pages\/1462\/revisions\/1708"}],"wp:attachment":[{"href":"https:\/\/wp.ufpel.edu.br\/licenciaturaquimica\/wp-json\/wp\/v2\/media?parent=1462"}],"curies":[{"name":"wp","href":"https:\/\/api.w.org\/{rel}","templated":true}]}}