{"id":1437,"date":"2020-01-22T11:34:13","date_gmt":"2020-01-22T14:34:13","guid":{"rendered":"https:\/\/wp.ufpel.edu.br\/licenciaturaquimica\/?page_id=1437"},"modified":"2020-01-23T08:40:08","modified_gmt":"2020-01-23T11:40:08","slug":"agenda-do-curso-e-calendario-academico","status":"publish","type":"page","link":"https:\/\/wp.ufpel.edu.br\/licenciaturaquimica\/agenda-do-curso-e-calendario-academico\/","title":{"rendered":"Agenda do Curso e Calend\u00e1rio Acad\u00eamico (orienta\u00e7\u00f5es)"},"content":{"rendered":"<p>No link abaixo voc\u00ea poder\u00e1 acessar a agenda de atividades vinculadas ao curso.<\/p>\n<p>Para facilitar a localiza\u00e7\u00e3o dos eventos, \u00a0eles est\u00e3o distribu\u00eddos em quatro categorias. S\u00e3o elas:<\/p>\n<ul>\n<li><strong>Disc<\/strong>: a\u00e7\u00f5es e agendamentos que DISCENTES do curso t\u00eam de prestar aten\u00e7\u00e3o. Envolve a solicita\u00e7\u00e3o de matr\u00edcula, datas de in\u00edcio e final de per\u00edodo letivo, in\u00edcio e final de pedidos de matr\u00edcula especial, trancamentos etc.<\/li>\n<li><strong>Docentes<\/strong>: a\u00e7\u00f5es e agendamentos que DOCENTES do curso t\u00eam de prestar aten\u00e7\u00e3o. Envolve as datas de registro de Planos de Ensino, per\u00edodos letivos, de exames e de atividades pedag\u00f3gicas de forma\u00e7\u00e3o.<\/li>\n<li><strong>Coord<\/strong>: a\u00e7\u00f5es e agendamentos que S\u00c3O RELATIVOS \u00c0 COORDENA\u00c7\u00c3O E SECRETARIA do curso. Nesta categoria est\u00e3o as a\u00e7\u00f5es do cronograma institucional e tamb\u00e9m as reuni\u00f5es e agendamentos referentes \u00e0 a\u00e7\u00e3o da coordena\u00e7\u00e3o do curso junto \u00e0 institui\u00e7\u00e3o e outros espa\u00e7os.<\/li>\n<li><strong>Admin<\/strong>: a\u00e7\u00f5es e agendamentos que a ADMINISTRA\u00c7\u00c3O GERAL da universidade realizar\u00e1.<\/li>\n<\/ul>\n<p>&nbsp;<\/p>\n<p>Solicitamos ATEN\u00c7\u00c3O para os casos de dias nos quais houver MAIS DE UM EVENTO, caso em que alguma atividade discente ou docente poder\u00e1 estar oculta, necessitando ser clicado no dia espec\u00edfico para aparecer.<\/p>\n<p><span style=\"background-color: #ffff00;color: #ff0000\">Link para a Agenda: <a href=\"https:\/\/wp.ufpel.edu.br\/licenciaturaquimica\/calendar\/__trashed\/\">clique aqui<\/a><\/span><\/p>\n<p>&nbsp;<\/p>\n<p>Por fim, ressaltamos que esse calend\u00e1rio tem por base o <em><strong>Calend\u00e1rio Acad\u00eamico<\/strong><\/em> da UFPel, tamb\u00e9m dispon\u00edvel no endere\u00e7o <a href=\"https:\/\/wp.ufpel.edu.br\/cra\/calendario-academico\/\">https:\/\/wp.ufpel.edu.br\/cra\/calendario-academico\/<\/a>\u00a0.<\/p>\n","protected":false},"excerpt":{"rendered":"<p>No link abaixo voc\u00ea poder\u00e1 acessar a agenda de atividades vinculadas ao curso. Para facilitar a localiza\u00e7\u00e3o dos eventos, \u00a0eles est\u00e3o distribu\u00eddos em quatro categorias. S\u00e3o elas: Disc: a\u00e7\u00f5es e agendamentos que DISCENTES do curso t\u00eam de prestar aten\u00e7\u00e3o. Envolve a solicita\u00e7\u00e3o de matr\u00edcula, datas de in\u00edcio e final de per\u00edodo letivo, in\u00edcio e final [&hellip;]<\/p>\n","protected":false},"author":656,"featured_media":0,"parent":0,"menu_order":0,"comment_status":"closed","ping_status":"closed","template":"","meta":{"footnotes":""},"class_list":["post-1437","page","type-page","status-publish","hentry"],"_links":{"self":[{"href":"https:\/\/wp.ufpel.edu.br\/licenciaturaquimica\/wp-json\/wp\/v2\/pages\/1437","targetHints":{"allow":["GET"]}}],"collection":[{"href":"https:\/\/wp.ufpel.edu.br\/licenciaturaquimica\/wp-json\/wp\/v2\/pages"}],"about":[{"href":"https:\/\/wp.ufpel.edu.br\/licenciaturaquimica\/wp-json\/wp\/v2\/types\/page"}],"author":[{"embeddable":true,"href":"https:\/\/wp.ufpel.edu.br\/licenciaturaquimica\/wp-json\/wp\/v2\/users\/656"}],"replies":[{"embeddable":true,"href":"https:\/\/wp.ufpel.edu.br\/licenciaturaquimica\/wp-json\/wp\/v2\/comments?post=1437"}],"version-history":[{"count":6,"href":"https:\/\/wp.ufpel.edu.br\/licenciaturaquimica\/wp-json\/wp\/v2\/pages\/1437\/revisions"}],"predecessor-version":[{"id":1453,"href":"https:\/\/wp.ufpel.edu.br\/licenciaturaquimica\/wp-json\/wp\/v2\/pages\/1437\/revisions\/1453"}],"wp:attachment":[{"href":"https:\/\/wp.ufpel.edu.br\/licenciaturaquimica\/wp-json\/wp\/v2\/media?parent=1437"}],"curies":[{"name":"wp","href":"https:\/\/api.w.org\/{rel}","templated":true}]}}