{"id":1421,"date":"2020-01-22T10:22:53","date_gmt":"2020-01-22T13:22:53","guid":{"rendered":"https:\/\/wp.ufpel.edu.br\/licenciaturaquimica\/?page_id=1421"},"modified":"2020-02-17T10:42:05","modified_gmt":"2020-02-17T13:42:05","slug":"agenda","status":"publish","type":"page","link":"https:\/\/wp.ufpel.edu.br\/licenciaturaquimica\/agenda\/","title":{"rendered":"Agenda, Hor\u00e1rios e Calend\u00e1rio"},"content":{"rendered":"<p>Neste espa\u00e7o, \u00a0buscamos publicizar e tornar acess\u00edvel aos discentes, docentes, t\u00e9cnicos e demais interessados os hor\u00e1rios das disciplinas (atuais e anteriores), o calend\u00e1rio acad\u00eamico da UFPel e as atividades e a\u00e7\u00f5es programadas e desenvolvidas pela coordena\u00e7\u00e3o e secretaria de curso.<\/p>\n<p>Por meio dos links abaixo, voc\u00ea poder\u00e1 acessar cada um desses materiais:<\/p>\n<p style=\"padding-left: 40px\">&gt;<span style=\"color: #3366ff\"><a style=\"color: #3366ff\" href=\"https:\/\/wp.ufpel.edu.br\/licenciaturaquimica\/agenda-do-curso-e-calendario-academico\/\">Agenda do Curso e Calend\u00e1rio acad\u00eamico (clique aqui)<\/a><\/span><\/p>\n<p style=\"padding-left: 40px\">&gt;<span style=\"color: #3366ff\"><a style=\"color: #3366ff\" href=\"https:\/\/wp.ufpel.edu.br\/licenciaturaquimica\/horarios-20161\/\">Hor\u00e1rio das Disciplinas (clique aqui)<\/a><\/span><\/p>\n<p style=\"padding-left: 40px\">&gt;<span style=\"color: #3366ff\"><a style=\"color: #3366ff\" href=\"https:\/\/wp.ufpel.edu.br\/licenciaturaquimica\/o-curso\/colegiado\/composicao-do-colegiado\/convocacoes-e-atas-do-colegiado-da-licenciatura-em-quimica\/\">Agenda de Reuni\u00f5es Ordin\u00e1rias do Colegiado da Licenciatura em Qu\u00edmica (clique aqui)<\/a><\/span><\/p>\n","protected":false},"excerpt":{"rendered":"<p>Neste espa\u00e7o, \u00a0buscamos publicizar e tornar acess\u00edvel aos discentes, docentes, t\u00e9cnicos e demais interessados os hor\u00e1rios das disciplinas (atuais e anteriores), o calend\u00e1rio acad\u00eamico da UFPel e as atividades e a\u00e7\u00f5es programadas e desenvolvidas pela coordena\u00e7\u00e3o e secretaria de curso. Por meio dos links abaixo, voc\u00ea poder\u00e1 acessar cada um desses materiais: &gt;Agenda do Curso [&hellip;]<\/p>\n","protected":false},"author":656,"featured_media":0,"parent":0,"menu_order":0,"comment_status":"closed","ping_status":"closed","template":"","meta":{"footnotes":""},"class_list":["post-1421","page","type-page","status-publish","hentry"],"_links":{"self":[{"href":"https:\/\/wp.ufpel.edu.br\/licenciaturaquimica\/wp-json\/wp\/v2\/pages\/1421","targetHints":{"allow":["GET"]}}],"collection":[{"href":"https:\/\/wp.ufpel.edu.br\/licenciaturaquimica\/wp-json\/wp\/v2\/pages"}],"about":[{"href":"https:\/\/wp.ufpel.edu.br\/licenciaturaquimica\/wp-json\/wp\/v2\/types\/page"}],"author":[{"embeddable":true,"href":"https:\/\/wp.ufpel.edu.br\/licenciaturaquimica\/wp-json\/wp\/v2\/users\/656"}],"replies":[{"embeddable":true,"href":"https:\/\/wp.ufpel.edu.br\/licenciaturaquimica\/wp-json\/wp\/v2\/comments?post=1421"}],"version-history":[{"count":11,"href":"https:\/\/wp.ufpel.edu.br\/licenciaturaquimica\/wp-json\/wp\/v2\/pages\/1421\/revisions"}],"predecessor-version":[{"id":1573,"href":"https:\/\/wp.ufpel.edu.br\/licenciaturaquimica\/wp-json\/wp\/v2\/pages\/1421\/revisions\/1573"}],"wp:attachment":[{"href":"https:\/\/wp.ufpel.edu.br\/licenciaturaquimica\/wp-json\/wp\/v2\/media?parent=1421"}],"curies":[{"name":"wp","href":"https:\/\/api.w.org\/{rel}","templated":true}]}}