{"id":1260,"date":"2019-03-25T10:18:35","date_gmt":"2019-03-25T13:18:35","guid":{"rendered":"https:\/\/wp.ufpel.edu.br\/licenciaturaquimica\/?page_id=1260"},"modified":"2020-02-12T09:10:34","modified_gmt":"2020-02-12T12:10:34","slug":"recepcoes-anteriores","status":"publish","type":"page","link":"https:\/\/wp.ufpel.edu.br\/licenciaturaquimica\/recepcao-aos-calouros\/recepcoes-anteriores\/","title":{"rendered":"Recep\u00e7\u00e3o dos Bixos 2019"},"content":{"rendered":"<p>Em 2019, tivemos uma s\u00e9rie de atividades para receber nossos bixos! Foram a\u00e7\u00f5es de palestras na universidade, aulas realizadas no Mercado P\u00fablico, recitais na Biblioteca P\u00fablica e outras a\u00e7\u00f5es. Veja o panfleto de divulga\u00e7\u00e3o:<\/p>\n<p><img class=\"size-medium wp-image-1542 aligncenter\" src=\"https:\/\/wp.ufpel.edu.br\/licenciaturaquimica\/files\/2020\/02\/Programacao-Recepcao-283x400.jpg\" alt=\"\" width=\"283\" height=\"400\" srcset=\"https:\/\/wp.ufpel.edu.br\/licenciaturaquimica\/files\/2020\/02\/Programacao-Recepcao-283x400.jpg 283w, https:\/\/wp.ufpel.edu.br\/licenciaturaquimica\/files\/2020\/02\/Programacao-Recepcao-724x1024.jpg 724w, https:\/\/wp.ufpel.edu.br\/licenciaturaquimica\/files\/2020\/02\/Programacao-Recepcao-768x1086.jpg 768w, https:\/\/wp.ufpel.edu.br\/licenciaturaquimica\/files\/2020\/02\/Programacao-Recepcao-1086x1536.jpg 1086w, https:\/\/wp.ufpel.edu.br\/licenciaturaquimica\/files\/2020\/02\/Programacao-Recepcao.jpg 1414w\" sizes=\"(max-width: 283px) 100vw, 283px\" \/><\/p>\n<p>&nbsp;<\/p>\n<p>Al\u00e9m disso, abaixo, voc\u00ea tem acesso a alguns materiais utilizados na recep\u00e7\u00e3o.<\/p>\n<p><span style=\"color: #0000ff\"><a style=\"color: #0000ff\" href=\"https:\/\/wp.ufpel.edu.br\/licenciaturaquimica\/files\/2019\/03\/Manual-dos-Bixos-2019.pdf\">&gt;Manual dos Bixos 2019<\/a><\/span><\/p>\n<p><span style=\"color: #0000ff\"><a style=\"color: #0000ff\" href=\"https:\/\/wp.ufpel.edu.br\/licenciaturaquimica\/files\/2019\/03\/Recep\u00e7\u00e3o-calouros-2019.pdf\">&gt;Recep\u00e7\u00e3o calouros 2019<\/a><\/span><\/p>\n","protected":false},"excerpt":{"rendered":"<p>Em 2019, tivemos uma s\u00e9rie de atividades para receber nossos bixos! Foram a\u00e7\u00f5es de palestras na universidade, aulas realizadas no Mercado P\u00fablico, recitais na Biblioteca P\u00fablica e outras a\u00e7\u00f5es. Veja o panfleto de divulga\u00e7\u00e3o: &nbsp; Al\u00e9m disso, abaixo, voc\u00ea tem acesso a alguns materiais utilizados na recep\u00e7\u00e3o. &gt;Manual dos Bixos 2019 &gt;Recep\u00e7\u00e3o calouros 2019<\/p>\n","protected":false},"author":656,"featured_media":0,"parent":272,"menu_order":0,"comment_status":"closed","ping_status":"closed","template":"","meta":{"footnotes":""},"class_list":["post-1260","page","type-page","status-publish","hentry"],"_links":{"self":[{"href":"https:\/\/wp.ufpel.edu.br\/licenciaturaquimica\/wp-json\/wp\/v2\/pages\/1260","targetHints":{"allow":["GET"]}}],"collection":[{"href":"https:\/\/wp.ufpel.edu.br\/licenciaturaquimica\/wp-json\/wp\/v2\/pages"}],"about":[{"href":"https:\/\/wp.ufpel.edu.br\/licenciaturaquimica\/wp-json\/wp\/v2\/types\/page"}],"author":[{"embeddable":true,"href":"https:\/\/wp.ufpel.edu.br\/licenciaturaquimica\/wp-json\/wp\/v2\/users\/656"}],"replies":[{"embeddable":true,"href":"https:\/\/wp.ufpel.edu.br\/licenciaturaquimica\/wp-json\/wp\/v2\/comments?post=1260"}],"version-history":[{"count":4,"href":"https:\/\/wp.ufpel.edu.br\/licenciaturaquimica\/wp-json\/wp\/v2\/pages\/1260\/revisions"}],"predecessor-version":[{"id":1556,"href":"https:\/\/wp.ufpel.edu.br\/licenciaturaquimica\/wp-json\/wp\/v2\/pages\/1260\/revisions\/1556"}],"up":[{"embeddable":true,"href":"https:\/\/wp.ufpel.edu.br\/licenciaturaquimica\/wp-json\/wp\/v2\/pages\/272"}],"wp:attachment":[{"href":"https:\/\/wp.ufpel.edu.br\/licenciaturaquimica\/wp-json\/wp\/v2\/media?parent=1260"}],"curies":[{"name":"wp","href":"https:\/\/api.w.org\/{rel}","templated":true}]}}