{"id":102,"date":"2016-06-14T16:38:15","date_gmt":"2016-06-14T19:38:15","guid":{"rendered":"https:\/\/wp.ufpel.edu.br\/licenciaturaquimica\/?page_id=102"},"modified":"2020-06-25T11:00:48","modified_gmt":"2020-06-25T14:00:48","slug":"biblioteca","status":"publish","type":"page","link":"https:\/\/wp.ufpel.edu.br\/licenciaturaquimica\/biblioteca\/","title":{"rendered":"BIBLIOTECA"},"content":{"rendered":"<p>Nesta p\u00e1gina voc\u00ea encontrar\u00e1 dados referentes ao acesso \u00e0 biblioteca da UFPel e informa\u00e7\u00f5es e documentos sobre os processos de envio de materiais \u00e0 biblioteca, como TCCs, Disserta\u00e7\u00f5es e Teses.<\/p>\n<p>&nbsp;<\/p>\n<h3>Acesso ao sistema de consulta de livros f\u00edsicos e digitais da biblioteca da UFPel:<\/h3>\n<h5>-Site do Sistema de Bibliotecas e acervo:<\/h5>\n<p><span style=\"color: #3366ff\"><a style=\"color: #3366ff\" href=\"https:\/\/pergamum.ufpel.edu.br\/pergamum\/biblioteca\/\">https:\/\/pergamum.ufpel.edu.br\/pergamum\/biblioteca\/<\/a><\/span><\/p>\n<h5><strong>-Livros disponibilizados no Laborat\u00f3rio de Ensino de Qu\u00edmica (LABEQ) para empr\u00e9stimo dos licenciandos em Qu\u00edmica e P\u00f3s-Graduandos (PPGQ e PPGECM):<\/strong><\/h5>\n<p><a href=\"https:\/\/wp.ufpel.edu.br\/licenciaturaquimica\/files\/2016\/06\/LIVROS-LABORAT\u00d3RIO-DE-ENSINO-EM-QU\u00cdMICA-1.pdf\"><span style=\"color: #3366ff\">Clique aqui para consultar o acervo disponibilizado no LABEQ<\/span><\/a><\/p>\n<p>&nbsp;<\/p>\n<h3><strong>Orienta\u00e7\u00f5es, autoriza\u00e7\u00f5es e manuais de normas da UFPel para trabalhos acad\u00eamicos<\/strong><\/h3>\n<h5>&#8211; Normas para Trabalhos Acad\u00eamicos:<\/h5>\n<p><span style=\"color: #3366ff\"><a style=\"color: #3366ff\" href=\"https:\/\/wp.ufpel.edu.br\/sisbi\/normas-da-ufpel-para-trabalhos-academicos\/\">https:\/\/wp.ufpel.edu.br\/sisbi\/normas-da-ufpel-para-trabalhos-academicos\/<\/a><\/span><\/p>\n<h5>&#8211;\u00a0Termos de Autoriza\u00e7\u00e3o de Disponibiliza\u00e7\u00e3o de Trabalho no Sistema de Bibliotecas<\/h5>\n<p><span style=\"color: #3366ff\"><a style=\"color: #3366ff\" href=\"https:\/\/wp.ufpel.edu.br\/sisbi\/files\/2017\/05\/Termo-tcc-e-especializacao.pdf\" target=\"_blank\" rel=\"noopener noreferrer\">https:\/\/wp.ufpel.edu.br\/sisbi\/files\/2017\/05\/Termo-tcc-e-especializacao.pdf<\/a><\/span><\/p>\n<p class=\"Texto_Justificado_Recuo_Primeira_Linha\"><span style=\"color: #3366ff\"><a style=\"color: #3366ff\" href=\"https:\/\/wp.ufpel.edu.br\/sisbi\/files\/2017\/05\/Termo-dissertacao-e-tese.pdf\" target=\"_blank\" rel=\"noopener noreferrer\">https:\/\/wp.ufpel.edu.br\/sisbi\/files\/2017\/05\/Termo-dissertacao-e-tese.pdf<\/a><\/span><\/p>\n<h5>&#8211; Manuais e Tutoriais em geral para uso do Sistema de Bibliotecas:<\/h5>\n<p><span style=\"color: #3366ff\"><a style=\"color: #3366ff\" href=\"https:\/\/wp.ufpel.edu.br\/sisbi\/documentos\/manuais-e-tutoriais\/\">https:\/\/wp.ufpel.edu.br\/sisbi\/documentos\/manuais-e-tutoriais\/<\/a><\/span><\/p>\n<p>&nbsp;<\/p>\n","protected":false},"excerpt":{"rendered":"<p>Nesta p\u00e1gina voc\u00ea encontrar\u00e1 dados referentes ao acesso \u00e0 biblioteca da UFPel e informa\u00e7\u00f5es e documentos sobre os processos de envio de materiais \u00e0 biblioteca, como TCCs, Disserta\u00e7\u00f5es e Teses. &nbsp; Acesso ao sistema de consulta de livros f\u00edsicos e digitais da biblioteca da UFPel: -Site do Sistema de Bibliotecas e acervo: https:\/\/pergamum.ufpel.edu.br\/pergamum\/biblioteca\/ -Livros disponibilizados [&hellip;]<\/p>\n","protected":false},"author":656,"featured_media":0,"parent":0,"menu_order":0,"comment_status":"closed","ping_status":"closed","template":"","meta":{"footnotes":""},"class_list":["post-102","page","type-page","status-publish","hentry"],"_links":{"self":[{"href":"https:\/\/wp.ufpel.edu.br\/licenciaturaquimica\/wp-json\/wp\/v2\/pages\/102","targetHints":{"allow":["GET"]}}],"collection":[{"href":"https:\/\/wp.ufpel.edu.br\/licenciaturaquimica\/wp-json\/wp\/v2\/pages"}],"about":[{"href":"https:\/\/wp.ufpel.edu.br\/licenciaturaquimica\/wp-json\/wp\/v2\/types\/page"}],"author":[{"embeddable":true,"href":"https:\/\/wp.ufpel.edu.br\/licenciaturaquimica\/wp-json\/wp\/v2\/users\/656"}],"replies":[{"embeddable":true,"href":"https:\/\/wp.ufpel.edu.br\/licenciaturaquimica\/wp-json\/wp\/v2\/comments?post=102"}],"version-history":[{"count":11,"href":"https:\/\/wp.ufpel.edu.br\/licenciaturaquimica\/wp-json\/wp\/v2\/pages\/102\/revisions"}],"predecessor-version":[{"id":1705,"href":"https:\/\/wp.ufpel.edu.br\/licenciaturaquimica\/wp-json\/wp\/v2\/pages\/102\/revisions\/1705"}],"wp:attachment":[{"href":"https:\/\/wp.ufpel.edu.br\/licenciaturaquimica\/wp-json\/wp\/v2\/media?parent=102"}],"curies":[{"name":"wp","href":"https:\/\/api.w.org\/{rel}","templated":true}]}}