{"id":778,"date":"2016-01-25T01:17:04","date_gmt":"2016-01-25T03:17:04","guid":{"rendered":"https:\/\/wp.ufpel.edu.br\/libertas\/?page_id=778"},"modified":"2016-01-25T01:22:44","modified_gmt":"2016-01-25T03:22:44","slug":"ii-congresso-pelotense-de-ciencias-criminais-2","status":"publish","type":"page","link":"https:\/\/wp.ufpel.edu.br\/libertas\/eventos\/ii-congresso-pelotense-de-ciencias-criminais-2\/","title":{"rendered":"II Congresso Pelotense de Ci\u00eancias Criminais"},"content":{"rendered":"<p style=\"text-align: center\"><span style=\"font-family: georgia, palatino, serif;font-size: 14pt;color: #000000\"><strong>II Congresso Pelotense de Ci\u00eancias Criminais<\/strong><\/span><\/p>\n<p style=\"text-align: center\"><a href=\"https:\/\/wp.ufpel.edu.br\/libertas\/files\/2016\/01\/Cartaz-IICPCC-2015.jpg\" rel=\"attachment wp-att-776\"><img class=\"alignnone size-medium wp-image-776\" src=\"https:\/\/wp.ufpel.edu.br\/libertas\/files\/2016\/01\/Cartaz-IICPCC-2015-239x318.jpg\" alt=\"Cartaz IICPCC 2015\" width=\"239\" height=\"318\" srcset=\"https:\/\/wp.ufpel.edu.br\/libertas\/files\/2016\/01\/Cartaz-IICPCC-2015-239x318.jpg 239w, https:\/\/wp.ufpel.edu.br\/libertas\/files\/2016\/01\/Cartaz-IICPCC-2015-119x159.jpg 119w, https:\/\/wp.ufpel.edu.br\/libertas\/files\/2016\/01\/Cartaz-IICPCC-2015.jpg 720w\" sizes=\"(max-width: 239px) 100vw, 239px\" \/><\/a><\/p>\n<p style=\"text-align: justify\"><span style=\"font-family: georgia, palatino, serif;font-size: 12pt\"><strong><span style=\"color: #000000\">PROGRAMA\u00c7\u00c3O<\/span><\/strong><\/span><\/p>\n<div class=\"entry-content\">\n<p><span style=\"color: #000000;font-family: georgia, palatino, serif;font-size: 12pt\"><strong>06 DE OUTUBRO DE 2015 (TER\u00c7A-FEIRA)<\/strong><\/span><\/p>\n<p><span style=\"font-family: georgia, palatino, serif;font-size: 12pt\"><u><\/u><span style=\"color: #000000\"><strong><u>19h<\/u><\/strong><\/span><\/span><\/p>\n<p><span style=\"color: #000000;font-family: georgia, palatino, serif;font-size: 12pt\"><strong>Mesa de abertura<\/strong><\/span><\/p>\n<p><span style=\"font-family: georgia, palatino, serif;font-size: 12pt\"><u><\/u><span style=\"color: #000000\"><strong><u>19h30 \u2013 22h<\/u><\/strong><\/span><\/span><\/p>\n<p><span style=\"color: #000000;font-family: georgia, palatino, serif;font-size: 12pt\"><strong>Confer\u00eancia de abertura:\u00a0<em>ATUA\u00c7\u00c3O PR\u00c1TICA DA DEFESA NO TRIBUNAL DO J\u00daRI<\/em><\/strong><\/span><\/p>\n<p><span style=\"color: #000000;font-family: georgia, palatino, serif;font-size: 12pt\">Mario Silveira Rosa Rheingantz (Defensoria P\u00fablica\/RS)<\/span><\/p>\n<p><span style=\"color: #000000;font-family: georgia, palatino, serif;font-size: 12pt\">Varlem dos Santos Obelar (Defensoria P\u00fablica\/RS)<\/span><\/p>\n<p><span style=\"color: #000000;font-family: georgia, palatino, serif;font-size: 12pt\">Local: Audit\u00f3rio Central da Universidade Cat\u00f3lica de Pelotas.<\/span><\/p>\n<p><span style=\"color: #000000;font-family: georgia, palatino, serif;font-size: 12pt\"><strong>07 DE OUTUBRO DE 2015 (QUARTA-FEIRA)<\/strong><\/span><\/p>\n<p><span style=\"font-family: georgia, palatino, serif;font-size: 12pt\"><u><\/u><span style=\"color: #000000\"><strong><u>09h \u2013 10h30<\/u><\/strong><\/span><\/span><\/p>\n<p><span style=\"color: #000000;font-family: georgia, palatino, serif;font-size: 12pt\"><strong>Minicurso I<\/strong>:\u00a0<strong><em>VIOL\u00caNCIA DOM\u00c9STICA E FAMILIAR<\/em><\/strong><\/span><\/p>\n<p><span style=\"color: #000000;font-family: georgia, palatino, serif;font-size: 12pt\">Inezita Silveira da Costa (UFPel\/RS)<\/span><\/p>\n<p><span style=\"color: #000000;font-family: georgia, palatino, serif;font-size: 12pt\">Maria Ang\u00e9lica Gentilini da Silva (Delegacia de Pol\u00edcia para a Mulher de Pelotas\/RS)<\/span><\/p>\n<p><span style=\"color: #000000;font-family: georgia, palatino, serif;font-size: 12pt\">Local: Sala 425 C (Audit\u00f3rio da Inform\u00e1tica) da Universidade Cat\u00f3lica de Pelotas.<\/span><\/p>\n<p><span style=\"font-family: georgia, palatino, serif;font-size: 12pt\"><u><\/u><span style=\"color: #000000\"><strong><u>10h30 \u2013 12h<\/u><\/strong><\/span><\/span><\/p>\n<p><span style=\"color: #000000;font-family: georgia, palatino, serif;font-size: 12pt\"><strong>Minicurso II<\/strong>:\u00a0<strong><em>CAUSAS EXTRALEGAIS DE REMI\u00c7\u00c3O DE PENA<\/em><\/strong><\/span><\/p>\n<p><span style=\"color: #000000;font-family: georgia, palatino, serif;font-size: 12pt\">Carolina Costa da Cunha (PPGPS-UCPel\/RS)<\/span><\/p>\n<p><span style=\"color: #000000;font-family: georgia, palatino, serif;font-size: 12pt\">Marina Portella Ghiggi (UCPel\/RS)<\/span><\/p>\n<p><span style=\"color: #000000;font-family: georgia, palatino, serif;font-size: 12pt\">Local: Sala 425 C (Audit\u00f3rio da Inform\u00e1tica) da Universidade Cat\u00f3lica de Pelotas.<\/span><\/p>\n<p><span style=\"color: #000000;font-family: georgia, palatino, serif;font-size: 12pt\"><strong><u>13h30min \u2013 17h<\/u><\/strong><\/span><\/p>\n<p><span style=\"color: #000000;font-family: georgia, palatino, serif;font-size: 12pt\"><strong>Grupos de Trabalho<\/strong><\/span><\/p>\n<p><span style=\"color: #000000;font-family: georgia, palatino, serif;font-size: 12pt\"><strong><em>GT CRIMINOLOGIA 1:\u00a0<a style=\"color: #000000\" href=\"https:\/\/congressopelotensedecienciascriminais.files.wordpress.com\/2014\/09\/gt-criminologia-i.pdf\">GT CRIMINOLOGIA I<\/a><\/em><\/strong><\/span><\/p>\n<p><span style=\"color: #000000;font-family: georgia, palatino, serif;font-size: 12pt\">Coordena\u00e7\u00e3o:\u00a0Daniel Brod Rodrigues de Sousa (UCPel-UFPel)<\/span><\/p>\n<p><span style=\"color: #000000;font-family: georgia, palatino, serif;font-size: 12pt\">Local: Sala 2 da Faculdade de Direito da Universidade Federal de Pelotas.<\/span><\/p>\n<p><span style=\"font-family: georgia, palatino, serif;font-size: 12pt\"><span style=\"color: #000000\"><strong><em>GT DIREITO PENAL I:\u00a0<a style=\"color: #000000\" href=\"https:\/\/congressopelotensedecienciascriminais.files.wordpress.com\/2014\/09\/gt-direito-penal-i.pdf\">GT DIREITO PENAL I<\/a><\/em><\/strong><\/span><\/span><\/p>\n<p><span style=\"color: #000000;font-family: georgia, palatino, serif;font-size: 12pt\">Coordena\u00e7\u00e3o:\u00a0Carolina Costa da Cunha (PPGPS-UCPel); Marina Portella Ghiggi (UCPel)<\/span><\/p>\n<p><span style=\"color: #000000;font-family: georgia, palatino, serif;font-size: 12pt\">Local: Sala 3 da Faculdade de Direito da Universidade Federal de Pelotas.<\/span><\/p>\n<p><span style=\"font-family: georgia, palatino, serif;font-size: 12pt\"><span style=\"color: #000000\"><strong><em>GT DIREITO PROCESSUAL PENAL I\/DIREITO DA EXECU\u00c7\u00c3O PENAL I:\u00a0<a style=\"color: #000000\" href=\"https:\/\/congressopelotensedecienciascriminais.files.wordpress.com\/2014\/09\/gt-direito-processual-penal-i-direito-da-execuc3a7c3a3o-penal-i.pdf\">GT DIREITO PROCESSUAL PENAL I. DIREITO DA EXECU\u00c7\u00c3O PENAL I<\/a><\/em><\/strong><\/span><\/span><\/p>\n<p><span style=\"color: #000000;font-family: georgia, palatino, serif;font-size: 12pt\">Coordena\u00e7\u00e3o: Bruno Rotta Almeida (UFPel)<\/span><\/p>\n<p><span style=\"color: #000000;font-family: georgia, palatino, serif;font-size: 12pt\">Local: Sala 9 da Faculdade de Direito da Universidade Federal de Pelotas.<\/span><\/p>\n<p><span style=\"font-family: georgia, palatino, serif;font-size: 12pt\"><u><\/u><span style=\"color: #000000\"><strong><u>17h \u2013 18h30<\/u><\/strong><\/span><\/span><\/p>\n<p><span style=\"color: #000000;font-family: georgia, palatino, serif;font-size: 12pt\"><strong>Minicurso III<\/strong>:\u00a0<strong><em>ORAT\u00d3RIA JUR\u00cdDICA<\/em><\/strong><\/span><\/p>\n<p><span style=\"color: #000000;font-family: georgia, palatino, serif;font-size: 12pt\">Jos\u00e9 Fernando Gonzalez (UFPel\/RS)<\/span><\/p>\n<p><span style=\"color: #000000;font-family: georgia, palatino, serif;font-size: 12pt\">Local: Sal\u00e3o de Atos da Faculdade de Direito da Universidade Federal de Pelotas.<\/span><\/p>\n<p><span style=\"font-family: georgia, palatino, serif;font-size: 12pt\"><u><\/u><span style=\"color: #000000\"><strong><u>19h30 \u2013 22h<\/u><\/strong><\/span><\/span><\/p>\n<p><span style=\"color: #000000;font-family: georgia, palatino, serif;font-size: 12pt\"><strong>Mesa de Debates I:\u00a0INVESTIGA\u00c7\u00c3O CRIMINAL PELO MINIST\u00c9RIO P\u00daBLICO<\/strong><\/span><\/p>\n<p><span style=\"color: #000000;font-family: georgia, palatino, serif;font-size: 12pt\">Antonio Ernani Pinto da Silva (OAB\/RS)<\/span><\/p>\n<p><span style=\"color: #000000;font-family: georgia, palatino, serif;font-size: 12pt\">C\u00e1ssio Berg Barcellos (Delegacia de Pol\u00edcia Federal de Pelotas\/RS)<\/span><\/p>\n<p><span style=\"color: #000000;font-family: georgia, palatino, serif;font-size: 12pt\">Gabriela da Silva Rodrigues (Defensoria P\u00fablica\/RS)<\/span><\/p>\n<p><span style=\"color: #000000;font-family: georgia, palatino, serif;font-size: 12pt\">Jos\u00e9 Olavo Buenos dos Passos (Minist\u00e9rio P\u00fablico\/RS)<\/span><\/p>\n<p><span style=\"color: #000000;font-family: georgia, palatino, serif;font-size: 12pt\">Mauro Peil Martins (Tribunal de Justi\u00e7a\/RS)<\/span><\/p>\n<p><span style=\"color: #000000;font-family: georgia, palatino, serif;font-size: 12pt\">Local: Sal\u00e3o de Atos da Faculdade de Direito da Universidade Federal de Pelotas.<\/span><\/p>\n<p><span style=\"color: #000000;font-family: georgia, palatino, serif;font-size: 12pt\"><strong>08 DE OUTUBRO DE 2015 (QUINTA-FEIRA)<\/strong><\/span><\/p>\n<p><span style=\"color: #000000;font-family: georgia, palatino, serif;font-size: 12pt\"><strong><u>09h \u2013 11h<\/u><\/strong><\/span><\/p>\n<p><span style=\"color: #000000;font-family: georgia, palatino, serif;font-size: 12pt\"><strong>Mesa de Debates II<\/strong>:\u00a0<strong><em>DIN\u00c2MICAS E COMPLEXIDADE EM TORNO DA QUEST\u00c3O PENITENCI\u00c1RIA<\/em><\/strong><\/span><\/p>\n<p><span style=\"color: #000000;font-family: georgia, palatino, serif;font-size: 12pt\">Alencastro Perrone de Leon (Pres\u00eddios de Camaqu\u00e3, Cangu\u00e7u, Jaguar\u00e3o, Santa Vit\u00f3ria do Palmar \u2013 5\u00aa Delegacia Penitenci\u00e1ria Regional \u2013 SUSEPE\/RS)<\/span><\/p>\n<p><span style=\"color: #000000;font-family: georgia, palatino, serif;font-size: 12pt\">Bruno Rotta Almeida (UFPel\/RS)<\/span><\/p>\n<p><span style=\"color: #000000;font-family: georgia, palatino, serif;font-size: 12pt\">Francine Nunes M\u00fcller\u00a0(Pres\u00eddio de Rio Grande \u2013 5\u00aa Delegacia Penitenci\u00e1ria Regional \u2013 SUSEPE\/RS)<\/span><\/p>\n<p><span style=\"color: #000000;font-family: georgia, palatino, serif;font-size: 12pt\">Hamilton Luis da Silva Fernandes (5\u00aa Delegacia Penitenci\u00e1ria Regional- SUSEPE\/RS)<\/span><\/p>\n<p><span style=\"color: #000000;font-family: georgia, palatino, serif;font-size: 12pt\">Luiz Ant\u00f4nio Bogo Chies (UCPel\/RS)<\/span><\/p>\n<p><span style=\"color: #000000;font-family: georgia, palatino, serif;font-size: 12pt\">Mateus Batista Ribeiro\u00a0(Pres\u00eddio de Pelotas\u00a0\u2013 5\u00aa Delegacia Penitenci\u00e1ria Regional \u2013 SUSEPE\/RS)<\/span><\/p>\n<p><span style=\"color: #000000;font-family: georgia, palatino, serif;font-size: 12pt\">Sediney Aloy Ayala\u00a0(Pres\u00eddio de Rio Grande \u2013 5\u00aa Delegacia Penitenci\u00e1ria Regional \u2013 SUSEPE\/RS)<\/span><\/p>\n<p><span style=\"color: #000000;font-family: georgia, palatino, serif;font-size: 12pt\">S\u00e9rgio Feitosa Dias J\u00fanior\u00a0(Pres\u00eddio de Pelotas\u00a0\u2013 5\u00aa Delegacia Penitenci\u00e1ria Regional \u2013 SUSEPE\/RS)<\/span><\/p>\n<p><span style=\"color: #000000;font-family: georgia, palatino, serif;font-size: 12pt\">Local: Sal\u00e3o de Atos da Faculdade de Direito da Universidade Federal de Pelotas.<\/span><\/p>\n<p><span style=\"font-family: georgia, palatino, serif;font-size: 12pt\"><u><\/u><span style=\"color: #000000\"><strong><u>11h \u2013 12h<\/u><\/strong><\/span><\/span><\/p>\n<p><span style=\"color: #000000;font-family: georgia, palatino, serif;font-size: 12pt\"><strong>Minicurso IV<\/strong>:\u00a0<strong><em>JUIZADOS ESPECIAIS CRIMINAIS: PROBLEM\u00c1TICAS E SOLU\u00c7\u00d5ES<\/em><\/strong><\/span><\/p>\n<p><span style=\"color: #000000;font-family: georgia, palatino, serif;font-size: 12pt\">Daniel Brod Rodrigues de Sousa (UCPel\/RS \u2013 UFPel\/RS)<\/span><\/p>\n<p><span style=\"color: #000000;font-family: georgia, palatino, serif;font-size: 12pt\">Marcelo Oliveira de Moura (UCPel\/RS)<\/span><\/p>\n<p><span style=\"color: #000000;font-family: georgia, palatino, serif;font-size: 12pt\">Local: Sal\u00e3o de Atos da Faculdade de Direito da Universidade Federal de Pelotas.<\/span><\/p>\n<p><span style=\"color: #000000;font-family: georgia, palatino, serif;font-size: 12pt\"><strong><u>13h30min \u2013 17h<\/u><\/strong><\/span><\/p>\n<p><span style=\"color: #000000;font-family: georgia, palatino, serif;font-size: 12pt\"><strong>Grupos de Trabalho<\/strong><\/span><\/p>\n<p><span style=\"font-family: georgia, palatino, serif;font-size: 12pt\"><span style=\"color: #000000\"><strong><em>GT CRIMINOLOGIA II:\u00a0<a style=\"color: #000000\" href=\"https:\/\/congressopelotensedecienciascriminais.files.wordpress.com\/2014\/09\/gt-criminologia-ii.pdf\">GT CRIMINOLOGIA II<\/a><\/em><\/strong><\/span><\/span><\/p>\n<p><span style=\"color: #000000;font-family: georgia, palatino, serif;font-size: 12pt\">Coordena\u00e7\u00e3o:\u00a0Guilherme Camargo Massa\u00fa (UFPel)<\/span><\/p>\n<p><span style=\"color: #000000;font-family: georgia, palatino, serif;font-size: 12pt\">Local: Sala 2 da Faculdade de Direito da Universidade Federal de Pelotas.<\/span><\/p>\n<p><span style=\"font-family: georgia, palatino, serif;font-size: 12pt\"><span style=\"color: #000000\"><strong><em>GT DIREITO PENAL II\/ DIREITO PROCESSUAL PENAL II:\u00a0<a style=\"color: #000000\" href=\"https:\/\/congressopelotensedecienciascriminais.files.wordpress.com\/2014\/09\/gt-direito-penal-ii-direito-processual-penal-ii.pdf\">GT DIREITO PENAL II. DIREITO PROCESSUAL PENAL II<\/a><\/em><\/strong><\/span><\/span><\/p>\n<p><span style=\"color: #000000;font-family: georgia, palatino, serif;font-size: 12pt\">Coordena\u00e7\u00e3o:\u00a0Inezita Silveira da Costa (UFPel)<\/span><\/p>\n<p><span style=\"color: #000000;font-family: georgia, palatino, serif;font-size: 12pt\">Local: Sala 3 da Faculdade de Direito da Universidade Federal de Pelotas.<\/span><\/p>\n<p><span style=\"font-family: georgia, palatino, serif;font-size: 12pt\"><span style=\"color: #000000\"><strong><em>GT DIREITO DA EXECU\u00c7\u00c3O PENAL II:\u00a0<a style=\"color: #000000\" href=\"https:\/\/congressopelotensedecienciascriminais.files.wordpress.com\/2014\/09\/gt-direito-da-execuc3a7ao-penal-ii.pdf\">GT DIREITO DA EXECU\u00c7AO PENAL II<\/a><\/em><\/strong><\/span><\/span><\/p>\n<p><span style=\"color: #000000;font-family: georgia, palatino, serif;font-size: 12pt\">Coordena\u00e7\u00e3o: Luiz Ant\u00f4nio Bogo Chies (UCPel)<\/span><\/p>\n<p><span style=\"color: #000000;font-family: georgia, palatino, serif;font-size: 12pt\">Local: Sala 9 da Faculdade de Direito da Universidade Federal de Pelotas.<\/span><\/p>\n<p><span style=\"color: #000000;font-family: georgia, palatino, serif;font-size: 12pt\"><strong><u>17h \u2013 18h30<\/u><\/strong><\/span><\/p>\n<p><span style=\"color: #000000;font-family: georgia, palatino, serif;font-size: 12pt\"><strong>Minicurso V<\/strong>:\u00a0<strong><em>JUSTI\u00c7A PENAL E ALTERNATIVAS<\/em><\/strong><\/span><\/p>\n<p><span style=\"color: #000000;font-family: georgia, palatino, serif;font-size: 12pt\">Marcelo Nunes Apolin\u00e1rio (UFPel\/RS)<\/span><\/p>\n<p><span style=\"color: #000000;font-family: georgia, palatino, serif;font-size: 12pt\">Local: Sal\u00e3o de Atos da Faculdade de Direito da Universidade Federal de Pelotas.<\/span><\/p>\n<p><span style=\"font-family: georgia, palatino, serif;font-size: 12pt\"><span style=\"color: #000000\"><strong><u>19h30 \u2013 22h<\/u><\/strong><\/span><\/span><\/p>\n<p><span style=\"color: #000000;font-family: georgia, palatino, serif;font-size: 12pt\"><strong>Confer\u00eancia de encerramento:\u00a0<em>A REDU\u00c7\u00c3O DA MENORIDADE PENAL: AVAN\u00c7O OU RETROCESSO SOCIAL? A COR DO SISTEMA PENAL BRASILEIRO<\/em><\/strong><\/span><\/p>\n<p><span style=\"color: #000000;font-family: georgia, palatino, serif;font-size: 12pt\">Paulo Sergio Rangel do Nascimento (UERJ \u2013 Tribunal de Justi\u00e7a\/RJ)<\/span><\/p>\n<p><span style=\"color: #000000;font-family: georgia, palatino, serif;font-size: 12pt\">Local: Sal\u00e3o de Atos da Faculdade de Direito da Universidade Federal de Pelotas.<\/span><\/p>\n<p><span style=\"font-family: georgia, palatino, serif;font-size: 12pt;color: #000000\">Maiores informa\u00e7\u00f5es podem ser encontradas no site do evento:\u00a0<a style=\"color: #000000\" href=\"https:\/\/congressopelotensedecienciascriminais.wordpress.com\/\">https:\/\/congressopelotensedecienciascriminais.wordpress.com\/<\/a><\/span><\/p>\n<\/div>\n","protected":false},"excerpt":{"rendered":"<p>II Congresso Pelotense de Ci\u00eancias Criminais PROGRAMA\u00c7\u00c3O 06 DE OUTUBRO DE 2015 (TER\u00c7A-FEIRA) 19h Mesa de abertura 19h30 \u2013 22h Confer\u00eancia de abertura:\u00a0ATUA\u00c7\u00c3O PR\u00c1TICA DA DEFESA NO TRIBUNAL DO J\u00daRI Mario Silveira Rosa Rheingantz (Defensoria P\u00fablica\/RS) Varlem dos Santos Obelar (Defensoria P\u00fablica\/RS) Local: Audit\u00f3rio Central da Universidade Cat\u00f3lica de Pelotas. 07 DE OUTUBRO DE 2015 [&hellip;]<\/p>\n","protected":false},"author":440,"featured_media":0,"parent":161,"menu_order":0,"comment_status":"closed","ping_status":"closed","template":"","meta":{"footnotes":""},"class_list":["post-778","page","type-page","status-publish","hentry"],"_links":{"self":[{"href":"https:\/\/wp.ufpel.edu.br\/libertas\/wp-json\/wp\/v2\/pages\/778","targetHints":{"allow":["GET"]}}],"collection":[{"href":"https:\/\/wp.ufpel.edu.br\/libertas\/wp-json\/wp\/v2\/pages"}],"about":[{"href":"https:\/\/wp.ufpel.edu.br\/libertas\/wp-json\/wp\/v2\/types\/page"}],"author":[{"embeddable":true,"href":"https:\/\/wp.ufpel.edu.br\/libertas\/wp-json\/wp\/v2\/users\/440"}],"replies":[{"embeddable":true,"href":"https:\/\/wp.ufpel.edu.br\/libertas\/wp-json\/wp\/v2\/comments?post=778"}],"version-history":[{"count":4,"href":"https:\/\/wp.ufpel.edu.br\/libertas\/wp-json\/wp\/v2\/pages\/778\/revisions"}],"predecessor-version":[{"id":783,"href":"https:\/\/wp.ufpel.edu.br\/libertas\/wp-json\/wp\/v2\/pages\/778\/revisions\/783"}],"up":[{"embeddable":true,"href":"https:\/\/wp.ufpel.edu.br\/libertas\/wp-json\/wp\/v2\/pages\/161"}],"wp:attachment":[{"href":"https:\/\/wp.ufpel.edu.br\/libertas\/wp-json\/wp\/v2\/media?parent=778"}],"curies":[{"name":"wp","href":"https:\/\/api.w.org\/{rel}","templated":true}]}}