{"id":73,"date":"2014-09-16T09:11:49","date_gmt":"2014-09-16T12:11:49","guid":{"rendered":"https:\/\/wp.ufpel.edu.br\/libertas\/?page_id=73"},"modified":"2016-01-25T01:10:52","modified_gmt":"2016-01-25T03:10:52","slug":"icongressopelotensedecienciascriminais","status":"publish","type":"page","link":"https:\/\/wp.ufpel.edu.br\/libertas\/eventos\/icongressopelotensedecienciascriminais\/","title":{"rendered":"I Congresso Pelotense de Ci\u00eancias Criminais"},"content":{"rendered":"<p style=\"text-align: center\"><span style=\"font-family: georgia, palatino, serif;font-size: 18pt\"><strong>\u00a0<span style=\"color: #000000\">I<\/span><\/strong><span style=\"color: #000000\">\u00a0<strong>Congresso Pelotense de Ci\u00eancias Criminais<\/strong><\/span><\/span><\/p>\n<p style=\"text-align: center\"><span style=\"color: #000000\"><a style=\"color: #000000\" href=\"https:\/\/wp.ufpel.edu.br\/libertas\/files\/2014\/09\/BANNER-EVENTO.jpg\"><img class=\"alignnone size-medium wp-image-258\" src=\"https:\/\/wp.ufpel.edu.br\/libertas\/files\/2014\/09\/BANNER-EVENTO-254x318.jpg\" alt=\"BANNER EVENTO\" width=\"254\" height=\"318\" srcset=\"https:\/\/wp.ufpel.edu.br\/libertas\/files\/2014\/09\/BANNER-EVENTO-254x318.jpg 254w, https:\/\/wp.ufpel.edu.br\/libertas\/files\/2014\/09\/BANNER-EVENTO-127x159.jpg 127w\" sizes=\"(max-width: 254px) 100vw, 254px\" \/><\/a><\/span><\/p>\n<p style=\"text-align: justify\"><span style=\"color: #000000\"><span style=\"font-size: 12pt;font-family: georgia, palatino, serif\">O Programa de Extens\u00e3o\u00a0<\/span><span style=\"font-size: 12pt;font-family: georgia, palatino, serif\"><strong style=\"font-style: inherit\">LIBERTAS\u00a0<\/strong>da Universidade Federal de Pelotas, juntamente com a\u00a0Liga Acad\u00eamica de Ci\u00eancias Criminais da Universidade Cat\u00f3lica de Pelotas, organizaram o<strong> I<\/strong>\u00a0<strong style=\"font-style: inherit\">Congresso Pelotense de Ci\u00eancias Criminais<\/strong>, nos dias 29 e 30 de setembro e 01 de outubro de 2014.\u00a0O<\/span><\/span><span style=\"font-size: 12pt;font-family: georgia, palatino, serif;color: #000000\">\u00a0encontro foi estruturado em tr\u00eas tempos distintos: minicursos, grupos de trabalhos e palestras. Os minicursos tinham como escopo aprofundar o conhecimento dos alunos e pesquisadores sobre assuntos espec\u00edficos. J\u00e1 os grupos de trabalho, a divulga\u00e7\u00e3o e o debate das pesquisas em andamento ou j\u00e1 findas, a fim de que haja um di\u00e1logo entre os pesquisadores e, por consequ\u00eancia, uma amplia\u00e7\u00e3o da vis\u00e3o do(s) autor(es) sobre sua pr\u00f3pria pesquisa. E por \u00faltimo, as palestras visaram atingir o p\u00fablico em geral com pautas atuais e focadas na interdisciplinariedade.<\/span><\/p>\n<p><span style=\"color: #000000\"><strong>Programa\u00e7\u00e3o\u00a0<\/strong><\/span><\/p>\n<p><span style=\"color: #000000\"><strong>29 de setembro de 2014<\/strong><\/span><\/p>\n<p><span style=\"color: #000000\"><strong><u>09h \u2013 12h<\/u><\/strong><\/span><\/p>\n<p><span style=\"color: #000000\"><strong>Minicurso I:<\/strong> <strong><em>POL\u00cdCIA E ESTADO DEMOCR\u00c1TICO DE DIREITO<\/em><\/strong><\/span><\/p>\n<p><span style=\"color: #000000\">Ministrante: Prof. Dr. Augusto Jobim do Amaral (PUCRS)<\/span><\/p>\n<p><span style=\"color: #000000\">Debatedor: Prof. Dr. Marcelo Nunes Apolin\u00e1rio (UFPel\/RS)<\/span><\/p>\n<p><span style=\"color: #000000\">Local: Sala 07 da Faculdade de Direito \u2013 Universidade Federal de Pelotas<\/span><\/p>\n<p><span style=\"color: #000000\"><strong>Minicurso II:<\/strong> <strong><em>A CULTURA DO MEDO E O ESPA\u00c7O URBANO: ASPECTOS DE POL\u00cdTICA CRIMINAL<\/em><\/strong><\/span><\/p>\n<p><span style=\"color: #000000\">Ministrante: Prof.\u00aa Dr.\u00aa Renata Almeida da Costa (Unilasalle\/RS)<\/span><\/p>\n<p><span style=\"color: #000000\">Debatedoras: Prof.\u00aa Dr.\u00aa Renata Ovenhausen Albernaz (UFPel\/RS); Carolina Costa da Cunha (PPGPS-UCPel\/RS)<\/span><\/p>\n<p><span style=\"color: #000000\">Local: Sala 100k \u2013 Universidade Cat\u00f3lica de Pelotas (\u201cPr\u00e9dio Santa Margarida\u201d)<\/span><\/p>\n<p><span style=\"color: #000000\"><strong><u>13h30min \u2013 18h<\/u><\/strong><strong> \u2013<\/strong>\u00a0<strong>GRUPOS DE TRABALHO<\/strong><\/span><\/p>\n<p><span style=\"color: #000000\"><strong><u>19h \u2013 22h<\/u><\/strong><strong>\u00a0\u2013\u00a0<\/strong><strong>Palestras:<\/strong><\/span><\/p>\n<p><span style=\"color: #000000\"><strong><em>\u00a0<\/em><\/strong><strong><em>A POLITICA CRIMINAL DA GUERRA NO BRASIL ATUAL<\/em><\/strong><\/span><\/p>\n<p><span style=\"color: #000000\">Prof. Dr. Thiago Fabres de Carvalho (FDV\/ES)<\/span><\/p>\n<p><span style=\"color: #000000\"><strong><em>EDWIN SUTHERLAND: CRIME E CAPITALISMO<\/em><\/strong><\/span><\/p>\n<p><span style=\"color: #000000\">Prof. Me. Cl\u00e9cio Lemos (UVV\/ES)<\/span><\/p>\n<p><span style=\"color: #000000\">Presidente da Mesa: Prof. Me. Marcelo Oliveira de Moura (UCPel\/RS)<\/span><\/p>\n<p><span style=\"color: #000000\">Local: Audit\u00f3rio Central da Universidade Cat\u00f3lica de Pelotas<\/span><\/p>\n<p><span style=\"color: #000000\"><strong>30 de setembro de 2014<\/strong><\/span><\/p>\n<p><span style=\"color: #000000\"><strong><u>09h \u2013 12h<\/u><\/strong><strong>\u00a0\u2013<\/strong><\/span><\/p>\n<p><span style=\"color: #000000\"><strong>Minicurso IV<\/strong>: <strong><em>FERRAMENTAS PARA IMPLANTA\u00c7\u00c3O DE UM PROGRAMA DE JUSTI\u00c7A TERAP\u00caUTICA<\/em><\/strong><\/span><\/p>\n<p><span style=\"color: #000000\">Ministrante: Prof. Me. Daniel Pulcherio Fernsterseifer (URI-FW\/RS)<\/span><\/p>\n<p><span style=\"color: #000000\">Debatedor: Prof. Me. Daniel Brod Rodrigues de Sousa (UFPel-UCPel\/RS)<\/span><\/p>\n<p><span style=\"color: #000000\">Local: Sala 08 da Faculdade de Direito \u2013 Universidade Federal de Pelotas<\/span><\/p>\n<p><span style=\"color: #000000\"><strong>Minicurso V<\/strong>: <strong><em>ORAT\u00d3RIA JUR\u00cdDICA<\/em><\/strong><\/span><\/p>\n<p><span style=\"color: #000000\">Ministrante: Prof. Jos\u00e9 Fernando Gonzalez (UFPel\/RS)<\/span><\/p>\n<p><span style=\"color: #000000\">Debatedora: Prof.\u00aa Me. Ana Cl\u00e1udia Vinholes Siqueira Lucas (UCPel-UFPel\/RS)<\/span><\/p>\n<p><span style=\"color: #000000\">Local: Sala 100K \u2013 Universidade Cat\u00f3lica de Pelotas (\u201cPr\u00e9dio Santa Margarida\u201d)<\/span><\/p>\n<p><span style=\"color: #000000\"><strong>Minicurso VI:<\/strong> <strong><em>VIOL\u00caNCIA DOM\u00c9STICA E FAMILIAR<\/em><\/strong><\/span><\/p>\n<p><span style=\"color: #000000\">Ministrante: Prof.\u00aa Inezita Silveira da Costa (UFPel\/RS)<\/span><\/p>\n<p><span style=\"color: #000000\">Debatedora: Prof.\u00aa Me. Marina Portella Ghiggi (UCPel\/RS)<\/span><\/p>\n<p><span style=\"color: #000000\">Local: Sala 425C \u2013 Universidade Cat\u00f3lica de Pelotas (Campus Central)<\/span><\/p>\n<p><span style=\"color: #000000\"><strong><u>13h30min \u2013 18h<\/u><\/strong><strong> \u2013<\/strong>\u00a0<strong>GRUPOS DE TRABALHO<\/strong><\/span><\/p>\n<p><span style=\"color: #000000\"><strong><u>19h \u2013 22h<\/u><\/strong><strong> \u2013\u00a0<\/strong><strong>Painel:<\/strong> <strong>DIREITO PENAL E DIREITOS HUMANOS AL\u00c9M DAS FRONTEIRAS<\/strong><\/span><\/p>\n<p><span style=\"color: #000000\"><strong><em>DIREITO PENAL E MIGRA\u00c7\u00d5ES<\/em><\/strong><\/span><\/p>\n<p><span style=\"color: #000000\">Prof. Dr. Maiquel \u00c2ngelo Dezordi Wermuth (UNIJUI\/RS)<\/span><\/p>\n<p><span style=\"color: #000000\"><strong><em>O SISTEMA INTERAMERICANO DE DIREITOS HUMANOS E A SITUA\u00c7\u00c3O DAS PENITENCI\u00c1RIAS BRASILEIRAS<\/em><\/strong><\/span><\/p>\n<p><span style=\"color: #000000\">Prof. Dr. Gilmar Antonio Bedin\u00a0(UNIJUI\/RS)<\/span><\/p>\n<p><span style=\"color: #000000\">Presidente da Mesa: Prof. Me. Bruno Rotta Almeida (UFPel\/RS)<\/span><\/p>\n<p><span style=\"color: #000000\">Local: Sal\u00e3o de Atos da Faculdade de Direito \u2013 Universidade Federal de Pelotas<\/span><\/p>\n<p><span style=\"color: #000000\"><strong>01 de outubro de 2014<\/strong><\/span><\/p>\n<p><span style=\"color: #000000\"><strong><u>09h \u2013 12h<\/u><\/strong><strong>\u00a0\u2013\u00a0<\/strong><\/span><\/p>\n<p><span style=\"color: #000000\"><strong>Minicurso VII:<\/strong> <strong><em>TEORIAS DA PENA E EXECU\u00c7\u00c3O PENAL: EM BUSCA DAS PENAS PERDIDAS<\/em><\/strong><\/span><\/p>\n<p><span style=\"color: #000000\">Ministrante: Prof. Me. Diego Alan Sch\u00f6fer Albrecht (FAI\/SC)<\/span><\/p>\n<p><span style=\"color: #000000\">Debatedor: Prof. Dr. Guilherme Camargo Massa\u00fa (UFPel\/RS)<\/span><\/p>\n<p><span style=\"color: #000000\">Local: Sala 08 da Faculdade de Direito \u2013 Universidade Federal de Pelotas<\/span><\/p>\n<p><span style=\"color: #000000\"><strong>Minicurso VIII:<\/strong> <strong><em>EM BUSCA DA VERDADE NO PROCESSO PENAL:\u00a0IN DUBIO PRO HELL<\/em><\/strong><\/span><\/p>\n<p><span style=\"color: #000000\">Ministrante: Prof. Dr. Salah H. Khaled Jr. (FURG\/RS)<\/span><\/p>\n<p><span style=\"color: #000000\">Debatedor: Ign\u00e1cio Nunes Fernandes (UBA\/ARG)<\/span><\/p>\n<p><span style=\"color: #000000\">Local: Sala 425C \u2013 Universidade Cat\u00f3lica de Pelotas (Campus Central)<\/span><\/p>\n<p><span style=\"color: #000000\"><strong>Minicurso IX:<\/strong> <strong><em>TRIBUNAL DO J\u00daRI: PROCEDIMENTOS E PR\u00c1TICAS<\/em><\/strong><\/span><\/p>\n<p><span style=\"color: #000000\">Ministrante: Varlem dos Santos Obelar (Defensoria P\u00fablica\/RS)<\/span><\/p>\n<p><span style=\"color: #000000\">Local: Sala 100K \u2013 Universidade Cat\u00f3lica de Pelotas (\u201cPr\u00e9dio Santa Margarida\u201d)<\/span><\/p>\n<p><span style=\"color: #000000\"><strong><u>13h30min \u2013 18h<\/u><\/strong><strong> \u2013\u00a0<\/strong><strong>GRUPOS DE TRABALHO<\/strong><\/span><\/p>\n<p><span style=\"color: #000000\"><strong><u>19h \u2013 22h<\/u><\/strong><strong>\u00a0\u2013\u00a0<\/strong><strong>Palestras:<\/strong><\/span><\/p>\n<p><span style=\"color: #000000\"><strong><em>QUEST\u00c3O PENITENCI\u00c1RIA E ABOLICIONISMO PENAL<\/em><\/strong><\/span><\/p>\n<p><span style=\"color: #000000\">Prof. Dr. Luiz Ant\u00f4nio Bogo Chies (UCPel\/RS)<\/span><\/p>\n<p><span style=\"color: #000000\"><strong><em>ABOLICIONISMO PENAL: DO IDEALISMO AO REALISMO POL\u00cdTICO-CRIMINAL<\/em><\/strong><\/span><\/p>\n<p><span style=\"color: #000000\">Prof. Dr. Daniel Achutti (Unilasalle\/RS)<\/span><\/p>\n<p><span style=\"color: #000000\">Presidente da Mesa: Prof.\u00aa Me. Marina Portella Ghiggi (UCPel\/RS)<\/span><\/p>\n<p><span style=\"color: #000000\">Local: Sal\u00e3o de Atos da Faculdade de Direito \u2013 Universidade Federal de Pelotas<\/span><\/p>\n<p style=\"text-align: left\"><span style=\"color: #000000\">Maiores informa\u00e7\u00f5es podem ser encontradas no site do evento:\u00a0<a style=\"color: #000000\" href=\"https:\/\/congressopelotensedecienciascriminais.wordpress.com\/\">https:\/\/congressopelotensedecienciascriminais.wordpress.com\/<\/a><\/span><\/p>\n<p style=\"text-align: left\"><span style=\"color: #000000\">Anais do I Congresso Pelotense de Ci\u00eancias Criminais (resumos expandidos apresentados):\u00a0<a style=\"color: #000000\" href=\"https:\/\/wp.ufpel.edu.br\/libertas\/files\/2014\/09\/ANAIS-I-CONGRESSO-PELOTENSE-CIENCIAS-CRIMINAIS_resumos.pdf\">ANAIS I CONGRESSO PELOTENSE CIENCIAS CRIMINAIS_resumos<\/a><\/span><\/p>\n","protected":false},"excerpt":{"rendered":"<p>\u00a0I\u00a0Congresso Pelotense de Ci\u00eancias Criminais O Programa de Extens\u00e3o\u00a0LIBERTAS\u00a0da Universidade Federal de Pelotas, juntamente com a\u00a0Liga Acad\u00eamica de Ci\u00eancias Criminais da Universidade Cat\u00f3lica de Pelotas, organizaram o I\u00a0Congresso Pelotense de Ci\u00eancias Criminais, nos dias 29 e 30 de setembro e 01 de outubro de 2014.\u00a0O\u00a0encontro foi estruturado em tr\u00eas tempos distintos: minicursos, grupos de trabalhos [&hellip;]<\/p>\n","protected":false},"author":440,"featured_media":0,"parent":161,"menu_order":1,"comment_status":"closed","ping_status":"closed","template":"","meta":{"footnotes":""},"class_list":["post-73","page","type-page","status-publish","hentry"],"_links":{"self":[{"href":"https:\/\/wp.ufpel.edu.br\/libertas\/wp-json\/wp\/v2\/pages\/73","targetHints":{"allow":["GET"]}}],"collection":[{"href":"https:\/\/wp.ufpel.edu.br\/libertas\/wp-json\/wp\/v2\/pages"}],"about":[{"href":"https:\/\/wp.ufpel.edu.br\/libertas\/wp-json\/wp\/v2\/types\/page"}],"author":[{"embeddable":true,"href":"https:\/\/wp.ufpel.edu.br\/libertas\/wp-json\/wp\/v2\/users\/440"}],"replies":[{"embeddable":true,"href":"https:\/\/wp.ufpel.edu.br\/libertas\/wp-json\/wp\/v2\/comments?post=73"}],"version-history":[{"count":22,"href":"https:\/\/wp.ufpel.edu.br\/libertas\/wp-json\/wp\/v2\/pages\/73\/revisions"}],"predecessor-version":[{"id":774,"href":"https:\/\/wp.ufpel.edu.br\/libertas\/wp-json\/wp\/v2\/pages\/73\/revisions\/774"}],"up":[{"embeddable":true,"href":"https:\/\/wp.ufpel.edu.br\/libertas\/wp-json\/wp\/v2\/pages\/161"}],"wp:attachment":[{"href":"https:\/\/wp.ufpel.edu.br\/libertas\/wp-json\/wp\/v2\/media?parent=73"}],"curies":[{"name":"wp","href":"https:\/\/api.w.org\/{rel}","templated":true}]}}