{"id":663,"date":"2016-01-21T22:41:52","date_gmt":"2016-01-22T00:41:52","guid":{"rendered":"https:\/\/wp.ufpel.edu.br\/libertas\/?page_id=663"},"modified":"2019-05-31T19:21:27","modified_gmt":"2019-05-31T22:21:27","slug":"execucao-penal-e-educacao-juridica-no-brasil","status":"publish","type":"page","link":"https:\/\/wp.ufpel.edu.br\/libertas\/pesquisa\/execucao-penal-e-educacao-juridica-no-brasil\/","title":{"rendered":"Execu\u00e7\u00e3o penal e educa\u00e7\u00e3o jur\u00eddica no Brasil"},"content":{"rendered":"<p style=\"text-align: justify\"><span style=\"font-family: georgia, palatino, serif;font-size: 12pt;color: #000000\">O projeto de pesquisa se destina ao estudo da import\u00e2ncia do conte\u00fado do direito da execu\u00e7\u00e3o penal frente \u00e0 educa\u00e7\u00e3o jur\u00eddica no Brasil. O problema est\u00e1 focado, por sua vez, na an\u00e1lise sobre o modo como vem sendo apresentado o direito da execu\u00e7\u00e3o penal nos curr\u00edculos dos cursos de Direito do pa\u00eds. Almeja-se elucidar o desempenho da educa\u00e7\u00e3o jur\u00eddica na \u00e1rea da execu\u00e7\u00e3o penal, buscando verificar qual \u00e9 o impacto dessa performance na forma\u00e7\u00e3o de bachar\u00e9is em Direito capacitados e cr\u00edticos da atual situa\u00e7\u00e3o da execu\u00e7\u00e3o penal brasileira, como tamb\u00e9m demonstrar at\u00e9 que ponto se pode verificar no pa\u00eds, atualmente, a autonomia cient\u00edfica do direito da execu\u00e7\u00e3o penal.<\/span><\/p>\n<p style=\"text-align: justify\"><span style=\"color: #000000\">Per\u00edodo de realiza\u00e7\u00e3o: 2015 a 2018<\/span><\/p>\n","protected":false},"excerpt":{"rendered":"<p>O projeto de pesquisa se destina ao estudo da import\u00e2ncia do conte\u00fado do direito da execu\u00e7\u00e3o penal frente \u00e0 educa\u00e7\u00e3o jur\u00eddica no Brasil. O problema est\u00e1 focado, por sua vez, na an\u00e1lise sobre o modo como vem sendo apresentado o direito da execu\u00e7\u00e3o penal nos curr\u00edculos dos cursos de Direito do pa\u00eds. Almeja-se elucidar o [&hellip;]<\/p>\n","protected":false},"author":440,"featured_media":0,"parent":31,"menu_order":0,"comment_status":"closed","ping_status":"closed","template":"","meta":{"footnotes":""},"class_list":["post-663","page","type-page","status-publish","hentry"],"_links":{"self":[{"href":"https:\/\/wp.ufpel.edu.br\/libertas\/wp-json\/wp\/v2\/pages\/663","targetHints":{"allow":["GET"]}}],"collection":[{"href":"https:\/\/wp.ufpel.edu.br\/libertas\/wp-json\/wp\/v2\/pages"}],"about":[{"href":"https:\/\/wp.ufpel.edu.br\/libertas\/wp-json\/wp\/v2\/types\/page"}],"author":[{"embeddable":true,"href":"https:\/\/wp.ufpel.edu.br\/libertas\/wp-json\/wp\/v2\/users\/440"}],"replies":[{"embeddable":true,"href":"https:\/\/wp.ufpel.edu.br\/libertas\/wp-json\/wp\/v2\/comments?post=663"}],"version-history":[{"count":4,"href":"https:\/\/wp.ufpel.edu.br\/libertas\/wp-json\/wp\/v2\/pages\/663\/revisions"}],"predecessor-version":[{"id":1553,"href":"https:\/\/wp.ufpel.edu.br\/libertas\/wp-json\/wp\/v2\/pages\/663\/revisions\/1553"}],"up":[{"embeddable":true,"href":"https:\/\/wp.ufpel.edu.br\/libertas\/wp-json\/wp\/v2\/pages\/31"}],"wp:attachment":[{"href":"https:\/\/wp.ufpel.edu.br\/libertas\/wp-json\/wp\/v2\/media?parent=663"}],"curies":[{"name":"wp","href":"https:\/\/api.w.org\/{rel}","templated":true}]}}