{"id":661,"date":"2016-01-21T22:41:16","date_gmt":"2016-01-22T00:41:16","guid":{"rendered":"https:\/\/wp.ufpel.edu.br\/libertas\/?page_id=661"},"modified":"2019-05-31T19:20:25","modified_gmt":"2019-05-31T22:20:25","slug":"estrategias-de-punicao-e-de-controle-social-em-tempos-de-repressao-no-brasil-era-vargas-1937-1945-e-ditadura-militar-1964-1985","status":"publish","type":"page","link":"https:\/\/wp.ufpel.edu.br\/libertas\/pesquisa\/estrategias-de-punicao-e-de-controle-social-em-tempos-de-repressao-no-brasil-era-vargas-1937-1945-e-ditadura-militar-1964-1985\/","title":{"rendered":"Estrat\u00e9gias de puni\u00e7\u00e3o e de controle social em tempos de repress\u00e3o no Brasil: Era Vargas (1937-1945) e Ditadura Militar (1964-1985)"},"content":{"rendered":"<p style=\"text-align: justify\"><span style=\"font-family: georgia, palatino, serif;font-size: 12pt;color: #000000\">O projeto de pesquisa se destina ao estudo das estrat\u00e9gias de puni\u00e7\u00e3o e de controle social em per\u00edodos repressivos da hist\u00f3ria do Brasil: Era Vargas (1937-1945) e Ditadura Militar (1964-1985). O problema est\u00e1 focado, por sua vez, na an\u00e1lise sobre o modo como se desenvolveram as estrat\u00e9gias punitivas e de controle social em per\u00edodos de caracter\u00edstica repress\u00e3o estatal. Ainda, almeja-se elucidar as respectivas influ\u00eancias e quais rela\u00e7\u00f5es e que tipos de reflexos essas estrat\u00e9gias de puni\u00e7\u00e3o e de controle social desempenharam no sistema penal brasileiro como um todo.<\/span><\/p>\n<p style=\"text-align: justify\"><span style=\"color: #000000\">Per\u00edodo de realiza\u00e7\u00e3o: 2015 e 2016.<\/span><\/p>\n","protected":false},"excerpt":{"rendered":"<p>O projeto de pesquisa se destina ao estudo das estrat\u00e9gias de puni\u00e7\u00e3o e de controle social em per\u00edodos repressivos da hist\u00f3ria do Brasil: Era Vargas (1937-1945) e Ditadura Militar (1964-1985). O problema est\u00e1 focado, por sua vez, na an\u00e1lise sobre o modo como se desenvolveram as estrat\u00e9gias punitivas e de controle social em per\u00edodos de [&hellip;]<\/p>\n","protected":false},"author":440,"featured_media":0,"parent":31,"menu_order":0,"comment_status":"closed","ping_status":"closed","template":"","meta":{"footnotes":""},"class_list":["post-661","page","type-page","status-publish","hentry"],"_links":{"self":[{"href":"https:\/\/wp.ufpel.edu.br\/libertas\/wp-json\/wp\/v2\/pages\/661","targetHints":{"allow":["GET"]}}],"collection":[{"href":"https:\/\/wp.ufpel.edu.br\/libertas\/wp-json\/wp\/v2\/pages"}],"about":[{"href":"https:\/\/wp.ufpel.edu.br\/libertas\/wp-json\/wp\/v2\/types\/page"}],"author":[{"embeddable":true,"href":"https:\/\/wp.ufpel.edu.br\/libertas\/wp-json\/wp\/v2\/users\/440"}],"replies":[{"embeddable":true,"href":"https:\/\/wp.ufpel.edu.br\/libertas\/wp-json\/wp\/v2\/comments?post=661"}],"version-history":[{"count":4,"href":"https:\/\/wp.ufpel.edu.br\/libertas\/wp-json\/wp\/v2\/pages\/661\/revisions"}],"predecessor-version":[{"id":1551,"href":"https:\/\/wp.ufpel.edu.br\/libertas\/wp-json\/wp\/v2\/pages\/661\/revisions\/1551"}],"up":[{"embeddable":true,"href":"https:\/\/wp.ufpel.edu.br\/libertas\/wp-json\/wp\/v2\/pages\/31"}],"wp:attachment":[{"href":"https:\/\/wp.ufpel.edu.br\/libertas\/wp-json\/wp\/v2\/media?parent=661"}],"curies":[{"name":"wp","href":"https:\/\/api.w.org\/{rel}","templated":true}]}}