{"id":655,"date":"2016-01-21T21:57:44","date_gmt":"2016-01-21T23:57:44","guid":{"rendered":"https:\/\/wp.ufpel.edu.br\/libertas\/?page_id=655"},"modified":"2018-06-23T19:05:47","modified_gmt":"2018-06-23T22:05:47","slug":"edicoes","status":"publish","type":"page","link":"https:\/\/wp.ufpel.edu.br\/libertas\/boletim\/edicoes\/","title":{"rendered":"Edi\u00e7\u00f5es"},"content":{"rendered":"<div>\n<p style=\"text-align: justify\"><a href=\"https:\/\/wp.ufpel.edu.br\/libertas\/files\/2014\/09\/logo-libertas-PARA-BOLETIM.jpg\" rel=\"attachment wp-att-605\"><img class=\"size-full wp-image-605 aligncenter\" src=\"https:\/\/wp.ufpel.edu.br\/libertas\/files\/2014\/09\/logo-libertas-PARA-BOLETIM.jpg\" alt=\"logo libertas PARA BOLETIM\" width=\"323\" height=\"134\" srcset=\"https:\/\/wp.ufpel.edu.br\/libertas\/files\/2014\/09\/logo-libertas-PARA-BOLETIM.jpg 323w, https:\/\/wp.ufpel.edu.br\/libertas\/files\/2014\/09\/logo-libertas-PARA-BOLETIM-212x88.jpg 212w\" sizes=\"(max-width: 323px) 100vw, 323px\" \/><\/a><\/p>\n<p style=\"text-align: justify\"><b><\/b><span style=\"color: #000000\"><strong>Ano 1, N\u00ba 1, out.\/nov.\/dez., 2014<\/strong><\/span><\/p>\n<p style=\"text-align: justify\"><span style=\"color: #000000\"><strong>Dossi\u00ea em homenagem aos 250 anos da obra de Cesare Beccaria<\/strong><\/span><\/p>\n<p style=\"text-align: justify\"><span style=\"color: #000000\">Edi\u00e7\u00e3o publicada em 24\/04\/2015:\u00a0<a style=\"color: #000000\" href=\"https:\/\/wp.ufpel.edu.br\/libertas\/files\/2014\/09\/Boletim-LIBERTAS-n.1-2014.pdf\">Boletim LIBERTAS n.1 2014<\/a><\/span><\/p>\n<p style=\"text-align: justify\"><span style=\"color: #000000\"><strong>Ano 2, N\u00ba 2, jan.\/fev.\/mar., 2015\u00a0<\/strong><\/span><\/p>\n<p style=\"text-align: justify\"><span class=\"Apple-style-span\" style=\"color: #000000\">Edi\u00e7\u00e3o publicada em 24\/04\/2015:\u00a0<a style=\"color: #000000\" href=\"https:\/\/wp.ufpel.edu.br\/libertas\/files\/2014\/09\/Boletim-LIBERTAS-n.2-2015.pdf\">Boletim LIBERTAS n.2 2015<\/a><\/span><\/p>\n<p style=\"text-align: justify\"><span class=\"Apple-style-span\" style=\"color: #000000\"><strong>Ano 2, N\u00ba 3, abr.\/mai.\/jun., 2015\u00a0<\/strong><\/span><\/p>\n<p style=\"text-align: justify\"><span class=\"Apple-style-span\" style=\"color: #000000\">Edi\u00e7\u00e3o publicada em 28\/09\/2015:\u00a0<a style=\"color: #000000\" href=\"https:\/\/wp.ufpel.edu.br\/libertas\/files\/2014\/09\/Boletim-LIBERTAS-n.3_2015.pdf\">Boletim LIBERTAS n.3_2015<\/a><\/span><\/p>\n<\/div>\n<p>&nbsp;<\/p>\n","protected":false},"excerpt":{"rendered":"<p>Ano 1, N\u00ba 1, out.\/nov.\/dez., 2014 Dossi\u00ea em homenagem aos 250 anos da obra de Cesare Beccaria Edi\u00e7\u00e3o publicada em 24\/04\/2015:\u00a0Boletim LIBERTAS n.1 2014 Ano 2, N\u00ba 2, jan.\/fev.\/mar., 2015\u00a0 Edi\u00e7\u00e3o publicada em 24\/04\/2015:\u00a0Boletim LIBERTAS n.2 2015 Ano 2, N\u00ba 3, abr.\/mai.\/jun., 2015\u00a0 Edi\u00e7\u00e3o publicada em 28\/09\/2015:\u00a0Boletim LIBERTAS n.3_2015 &nbsp;<\/p>\n","protected":false},"author":440,"featured_media":0,"parent":247,"menu_order":0,"comment_status":"closed","ping_status":"closed","template":"","meta":{"footnotes":""},"class_list":["post-655","page","type-page","status-publish","hentry"],"_links":{"self":[{"href":"https:\/\/wp.ufpel.edu.br\/libertas\/wp-json\/wp\/v2\/pages\/655","targetHints":{"allow":["GET"]}}],"collection":[{"href":"https:\/\/wp.ufpel.edu.br\/libertas\/wp-json\/wp\/v2\/pages"}],"about":[{"href":"https:\/\/wp.ufpel.edu.br\/libertas\/wp-json\/wp\/v2\/types\/page"}],"author":[{"embeddable":true,"href":"https:\/\/wp.ufpel.edu.br\/libertas\/wp-json\/wp\/v2\/users\/440"}],"replies":[{"embeddable":true,"href":"https:\/\/wp.ufpel.edu.br\/libertas\/wp-json\/wp\/v2\/comments?post=655"}],"version-history":[{"count":6,"href":"https:\/\/wp.ufpel.edu.br\/libertas\/wp-json\/wp\/v2\/pages\/655\/revisions"}],"predecessor-version":[{"id":1383,"href":"https:\/\/wp.ufpel.edu.br\/libertas\/wp-json\/wp\/v2\/pages\/655\/revisions\/1383"}],"up":[{"embeddable":true,"href":"https:\/\/wp.ufpel.edu.br\/libertas\/wp-json\/wp\/v2\/pages\/247"}],"wp:attachment":[{"href":"https:\/\/wp.ufpel.edu.br\/libertas\/wp-json\/wp\/v2\/media?parent=655"}],"curies":[{"name":"wp","href":"https:\/\/api.w.org\/{rel}","templated":true}]}}