{"id":6,"date":"2014-09-03T10:44:49","date_gmt":"2014-09-03T13:44:49","guid":{"rendered":"https:\/\/wp.ufpel.edu.br\/libertas\/?page_id=6"},"modified":"2025-11-13T11:36:20","modified_gmt":"2025-11-13T14:36:20","slug":"quem-somos","status":"publish","type":"page","link":"https:\/\/wp.ufpel.edu.br\/libertas\/","title":{"rendered":"Novidades"},"content":{"rendered":"<p><span style=\"font-family: georgia, palatino, serif;\"><strong>SEMIN\u00c1RIO<\/strong><\/span><\/p>\n<p><span style=\"font-family: georgia, palatino, serif;\"><strong>ACESSO \u00c0 JUSTI\u00c7A, PRIS\u00d5ES E PROTE\u00c7\u00c3O DOS DIREITOS HUMANOS (3\u00aa EDI\u00c7\u00c3O)<\/strong><\/span><\/p>\n<p><strong><span style=\"font-family: georgia, palatino, serif;\">Simp\u00f3sio Testemunho como categoria de an\u00e1lise das viol\u00eancias<\/span><\/strong><\/p>\n<p><span style=\"font-family: georgia, palatino, serif;\"><strong>Pelotas\/RS, 09 e 10 de dezembro de 2025.<\/strong><\/span><\/p>\n<p><a href=\"https:\/\/wp.ufpel.edu.br\/libertas\/files\/2025\/11\/Cartaz-Seminario-1-1.png\"><img class=\"alignnone size-medium wp-image-2188\" src=\"https:\/\/wp.ufpel.edu.br\/libertas\/files\/2025\/11\/Cartaz-Seminario-1-1-400x400.png\" alt=\"\" width=\"400\" height=\"400\" srcset=\"https:\/\/wp.ufpel.edu.br\/libertas\/files\/2025\/11\/Cartaz-Seminario-1-1-400x400.png 400w, https:\/\/wp.ufpel.edu.br\/libertas\/files\/2025\/11\/Cartaz-Seminario-1-1-1024x1024.png 1024w, https:\/\/wp.ufpel.edu.br\/libertas\/files\/2025\/11\/Cartaz-Seminario-1-1-200x200.png 200w, https:\/\/wp.ufpel.edu.br\/libertas\/files\/2025\/11\/Cartaz-Seminario-1-1-768x768.png 768w, https:\/\/wp.ufpel.edu.br\/libertas\/files\/2025\/11\/Cartaz-Seminario-1-1.png 1080w\" sizes=\"(max-width: 400px) 100vw, 400px\" \/><\/a><\/p>\n<p><span style=\"color: #000000; font-family: georgia, palatino, serif;\">Mais informa\u00e7\u00f5es sobre o evento <span style=\"color: #0000ff;\"><strong><a style=\"color: #0000ff;\" href=\"https:\/\/wp.ufpel.edu.br\/libertas\/iii-seminario-acesso-a-justica-prisoes-e-protecao-dos-direitos-humanos\/\">aqui.<\/a><\/strong><\/span><\/span><\/p>\n<h3 data-start=\"115\" data-end=\"192\"><span style=\"font-family: georgia, palatino, serif;\"><strong>______<\/strong><\/span><\/h3>\n<h3 data-start=\"115\" data-end=\"192\"><span style=\"font-family: georgia, palatino, serif; font-size: 12pt;\"><strong data-start=\"119\" data-end=\"190\">Sele\u00e7\u00e3o de Bolsistas \u2013 Projeto Cl\u00ednica Jur\u00eddico-Penitenci\u00e1ria UFPel<\/strong><\/span><\/h3>\n<p><a href=\"https:\/\/wp.ufpel.edu.br\/libertas\/files\/2025\/07\/Selecao-CJP-1.jpg\"><img class=\"alignnone size-medium wp-image-2114\" src=\"https:\/\/wp.ufpel.edu.br\/libertas\/files\/2025\/07\/Selecao-CJP-1-320x400.jpg\" alt=\"\" width=\"320\" height=\"400\" srcset=\"https:\/\/wp.ufpel.edu.br\/libertas\/files\/2025\/07\/Selecao-CJP-1-320x400.jpg 320w, https:\/\/wp.ufpel.edu.br\/libertas\/files\/2025\/07\/Selecao-CJP-1-819x1024.jpg 819w, https:\/\/wp.ufpel.edu.br\/libertas\/files\/2025\/07\/Selecao-CJP-1-768x960.jpg 768w, https:\/\/wp.ufpel.edu.br\/libertas\/files\/2025\/07\/Selecao-CJP-1.jpg 1080w\" sizes=\"(max-width: 320px) 100vw, 320px\" \/><\/a><\/p>\n<p data-start=\"194\" data-end=\"431\"><span style=\"font-family: georgia, palatino, serif; font-size: 12pt;\">O Projeto de Extens\u00e3o Cl\u00ednica Jur\u00eddico-Penitenci\u00e1ria, vinculado ao Libertas UFPel, da Universidade Federal de Pelotas (UFPel), torna p\u00fablica a abertura de inscri\u00e7\u00f5es para o processo seletivo de bolsistas para o per\u00edodo de 01 de agosto a 31 de dezembro de 2025.<\/span><\/p>\n<p data-start=\"194\" data-end=\"431\"><span style=\"font-family: georgia, palatino, serif; font-size: 12pt;\">As inscri\u00e7\u00f5es devem ser realizadas at\u00e9\u00a0<strong data-start=\"1471\" data-end=\"1522\">29 de julho de 2025 (ter\u00e7a-feira), \u00e0s 23h59min<\/strong>, por e-mail para:\u00a0<strong data-start=\"1541\" data-end=\"1568\"><a class=\"cursor-pointer\" rel=\"noopener\" data-start=\"1543\" data-end=\"1566\">libertasufpel@gmail.com<\/a><\/strong>.<\/span><\/p>\n<p data-start=\"194\" data-end=\"431\"><span style=\"font-family: georgia, palatino, serif; font-size: 12pt;\">Mais informa\u00e7\u00f5es <span style=\"color: #0000ff;\"><a style=\"color: #0000ff;\" href=\"https:\/\/wp.ufpel.edu.br\/libertas\/2025\/07\/16\/2101\/\">aqui.<\/a><\/span><\/span><\/p>\n<p><span style=\"font-family: georgia, palatino, serif;\"><strong>______<\/strong><\/span><\/p>\n<p><span style=\"font-family: georgia, palatino, serif;\"><strong>GRUPO DE ESTUDOS E PESQUISA EM PUNI\u00c7\u00c3O E CONTROLE SOCIAL<\/strong><\/span><\/p>\n<p><span style=\"font-family: georgia, palatino, serif;\"><strong>&#8220;Execu\u00e7\u00e3o penal e quest\u00e3o carcer\u00e1ria&#8221;<\/strong><\/span><\/p>\n<p><a href=\"https:\/\/wp.ufpel.edu.br\/libertas\/files\/2025\/04\/Cartaz-GEPUCS-2025.jpg\"><img class=\"alignnone size-medium wp-image-2093\" src=\"https:\/\/wp.ufpel.edu.br\/libertas\/files\/2025\/04\/Cartaz-GEPUCS-2025-320x400.jpg\" alt=\"\" width=\"320\" height=\"400\" srcset=\"https:\/\/wp.ufpel.edu.br\/libertas\/files\/2025\/04\/Cartaz-GEPUCS-2025-320x400.jpg 320w, https:\/\/wp.ufpel.edu.br\/libertas\/files\/2025\/04\/Cartaz-GEPUCS-2025-819x1024.jpg 819w, https:\/\/wp.ufpel.edu.br\/libertas\/files\/2025\/04\/Cartaz-GEPUCS-2025-768x960.jpg 768w, https:\/\/wp.ufpel.edu.br\/libertas\/files\/2025\/04\/Cartaz-GEPUCS-2025.jpg 1080w\" sizes=\"(max-width: 320px) 100vw, 320px\" \/><\/a><\/p>\n<p><span style=\"color: #000000; font-family: georgia, palatino, serif;\">Mais informa\u00e7\u00f5es <strong><span style=\"color: #0000ff;\"><a style=\"color: #0000ff;\" href=\"https:\/\/wp.ufpel.edu.br\/libertas\/grupo-de-estudos\/gepucs\/\">aqui.<\/a><\/span><\/strong><\/span><\/p>\n<p><span style=\"font-family: georgia, palatino, serif;\"><strong>______<\/strong><\/span><\/p>\n<p><span style=\"font-family: georgia, palatino, serif;\"><strong>XV ENCONTRO LATINO-AMERICANO DE GRUPOS DE ESTUDO E PESQUISA DE PENAL E PENITENCI\u00c1RIO<\/strong><\/span><\/p>\n<p><span style=\"font-family: georgia, palatino, serif;\"><strong>V Congresso Internacional Puni\u00e7\u00e3o e Controle Social<\/strong><\/span><\/p>\n<p><span style=\"font-family: georgia, palatino, serif;\">\u201cInova\u00e7\u00f5es sociais e tecnol\u00f3gicas para a garantia dos direitos humanos das pessoas privadas de liberdade\u201d<\/span><\/p>\n<p><span style=\"font-family: georgia, palatino, serif;\"><strong>Faculdade de Direito, Universidade Federal de Pelotas<\/strong><\/span><\/p>\n<p><span style=\"font-family: georgia, palatino, serif;\"><strong>9, 10 e 11 de outubro de 2025.<\/strong><\/span><\/p>\n<p><span style=\"font-family: georgia, palatino, serif;\"><a href=\"https:\/\/wp.ufpel.edu.br\/libertas\/files\/2025\/03\/Afiche-Encuentro-es-1.jpg\"><img class=\"alignnone size-medium wp-image-2079\" src=\"https:\/\/wp.ufpel.edu.br\/libertas\/files\/2025\/03\/Afiche-Encuentro-es-1-320x400.jpg\" alt=\"\" width=\"320\" height=\"400\" srcset=\"https:\/\/wp.ufpel.edu.br\/libertas\/files\/2025\/03\/Afiche-Encuentro-es-1-320x400.jpg 320w, https:\/\/wp.ufpel.edu.br\/libertas\/files\/2025\/03\/Afiche-Encuentro-es-1-819x1024.jpg 819w, https:\/\/wp.ufpel.edu.br\/libertas\/files\/2025\/03\/Afiche-Encuentro-es-1-768x960.jpg 768w, https:\/\/wp.ufpel.edu.br\/libertas\/files\/2025\/03\/Afiche-Encuentro-es-1.jpg 1024w\" sizes=\"(max-width: 320px) 100vw, 320px\" \/><\/a> <a href=\"https:\/\/wp.ufpel.edu.br\/libertas\/files\/2025\/03\/Cartaz-Encontro-pt-1.jpg\"><img class=\"alignnone size-medium wp-image-2081\" src=\"https:\/\/wp.ufpel.edu.br\/libertas\/files\/2025\/03\/Cartaz-Encontro-pt-1-320x400.jpg\" alt=\"\" width=\"320\" height=\"400\" srcset=\"https:\/\/wp.ufpel.edu.br\/libertas\/files\/2025\/03\/Cartaz-Encontro-pt-1-320x400.jpg 320w, https:\/\/wp.ufpel.edu.br\/libertas\/files\/2025\/03\/Cartaz-Encontro-pt-1-819x1024.jpg 819w, https:\/\/wp.ufpel.edu.br\/libertas\/files\/2025\/03\/Cartaz-Encontro-pt-1-768x960.jpg 768w, https:\/\/wp.ufpel.edu.br\/libertas\/files\/2025\/03\/Cartaz-Encontro-pt-1.jpg 1024w\" sizes=\"(max-width: 320px) 100vw, 320px\" \/><\/a><\/span><\/p>\n<p><span style=\"font-family: georgia, palatino, serif;\">Mais informa\u00e7\u00f5es sobre o Encontro <strong><span style=\"color: #0000ff;\"><a style=\"color: #0000ff;\" href=\"https:\/\/wp.ufpel.edu.br\/libertas\/xv-encontro-latino-americano\/\">aqui (em portugu\u00eas)<\/a><\/span><\/strong>.<\/span><\/p>\n<p><span style=\"font-family: georgia, palatino, serif;\">M\u00e1s informaciones sobre el Encuentro <strong><a href=\"https:\/\/wp.ufpel.edu.br\/libertas\/xv-encuentro-latinoamericano\/\"><span style=\"color: #0000ff;\">aqu\u00ed (en espa\u00f1ol)<\/span><\/a><\/strong><\/span><\/p>\n<p><span style=\"font-family: georgia, palatino, serif;\"><strong>______<\/strong><\/span><\/p>\n<p><span style=\"font-family: georgia, palatino, serif;\"><strong>SEMIN\u00c1RIO<\/strong><\/span><\/p>\n<p><span style=\"font-family: georgia, palatino, serif;\"><strong>ACESSO \u00c0 JUSTI\u00c7A, PRIS\u00d5ES E PROTE\u00c7\u00c3O DOS DIREITOS HUMANOS (2\u00aa EDI\u00c7\u00c3O)<\/strong><\/span><\/p>\n<p><span style=\"font-family: georgia, palatino, serif;\"><strong>Porto Alegre, 17 e 18 de dezembro de 2024.<\/strong><\/span><\/p>\n<p><span style=\"font-family: georgia, palatino, serif;\"><a href=\"https:\/\/wp.ufpel.edu.br\/libertas\/files\/2024\/12\/II-Seminario-acesso-a-justica-prisoes-e-protecao-dos-direitos-humanos.jpg\"><img class=\"alignnone size-medium wp-image-2016\" src=\"https:\/\/wp.ufpel.edu.br\/libertas\/files\/2024\/12\/II-Seminario-acesso-a-justica-prisoes-e-protecao-dos-direitos-humanos-400x400.jpg\" sizes=\"(max-width: 400px) 100vw, 400px\" srcset=\"https:\/\/wp.ufpel.edu.br\/libertas\/files\/2024\/12\/II-Seminario-acesso-a-justica-prisoes-e-protecao-dos-direitos-humanos-400x400.jpg 400w, https:\/\/wp.ufpel.edu.br\/libertas\/files\/2024\/12\/II-Seminario-acesso-a-justica-prisoes-e-protecao-dos-direitos-humanos-1024x1024.jpg 1024w, https:\/\/wp.ufpel.edu.br\/libertas\/files\/2024\/12\/II-Seminario-acesso-a-justica-prisoes-e-protecao-dos-direitos-humanos-200x200.jpg 200w, https:\/\/wp.ufpel.edu.br\/libertas\/files\/2024\/12\/II-Seminario-acesso-a-justica-prisoes-e-protecao-dos-direitos-humanos-768x768.jpg 768w, https:\/\/wp.ufpel.edu.br\/libertas\/files\/2024\/12\/II-Seminario-acesso-a-justica-prisoes-e-protecao-dos-direitos-humanos.jpg 1080w\" alt=\"\" width=\"400\" height=\"400\" \/><\/a><\/span><\/p>\n<p><span style=\"color: #000000; font-family: georgia, palatino, serif;\">Mais informa\u00e7\u00f5es sobre o evento <span style=\"color: #0000ff;\"><strong><a style=\"color: #0000ff;\" href=\"https:\/\/wp.ufpel.edu.br\/libertas\/ii-seminario-acesso-a-justica-prisoes-e-protecao-dos-direitos-humanos\/\">aqui.<\/a><\/strong><\/span><\/span><\/p>\n<p><span style=\"font-family: georgia, palatino, serif;\"><strong>______<\/strong><\/span><\/p>\n<p><span style=\"font-family: georgia, palatino, serif;\"><strong>GRUPO DE ESTUDOS E PESQUISA EM PUNI\u00c7\u00c3O E CONTROLE SOCIAL<\/strong><\/span><\/p>\n<p><span style=\"font-family: georgia, palatino, serif;\"><strong>&#8220;C\u00e1rcere: literatura e testemunho&#8221;<\/strong><\/span><\/p>\n<p><span style=\"font-family: georgia, palatino, serif;\"><a href=\"https:\/\/wp.ufpel.edu.br\/libertas\/files\/2024\/10\/GEPUCS.jpg\"><img class=\"alignnone size-medium wp-image-2006\" src=\"https:\/\/wp.ufpel.edu.br\/libertas\/files\/2024\/10\/GEPUCS-400x250.jpg\" alt=\"\" width=\"400\" height=\"250\" srcset=\"https:\/\/wp.ufpel.edu.br\/libertas\/files\/2024\/10\/GEPUCS-400x250.jpg 400w, https:\/\/wp.ufpel.edu.br\/libertas\/files\/2024\/10\/GEPUCS-1024x640.jpg 1024w, https:\/\/wp.ufpel.edu.br\/libertas\/files\/2024\/10\/GEPUCS-768x480.jpg 768w, https:\/\/wp.ufpel.edu.br\/libertas\/files\/2024\/10\/GEPUCS.jpg 1080w\" sizes=\"(max-width: 400px) 100vw, 400px\" \/><\/a><\/span><\/p>\n<p><span style=\"color: #000000; font-family: georgia, palatino, serif;\">Mais informa\u00e7\u00f5es <strong><span style=\"color: #0000ff;\"><a style=\"color: #0000ff;\" href=\"https:\/\/wp.ufpel.edu.br\/libertas\/grupo-de-estudos\/gepucs\/\">aqui.<\/a><\/span><\/strong><\/span><\/p>\n<p><span style=\"font-family: georgia, palatino, serif;\"><strong>______<\/strong><\/span><\/p>\n<p><span style=\"font-family: georgia, palatino, serif;\"><strong>SEMIN\u00c1RIO INTERNACIONAL<\/strong><\/span><\/p>\n<p><span style=\"font-family: georgia, palatino, serif;\"><strong>ABORDAGENS DE PAZ E SISTEMA PENAL. A\u00c7\u00d5ES, M\u00c9TODOS E POL\u00cdTICAS DE PREVEN\u00c7\u00c3O DA VIOL\u00caNCIA E PROTE\u00c7\u00c3O DA VIDA EM CONTEXTO PENAL E PENITENCI\u00c1RIO<\/strong><\/span><\/p>\n<p><span style=\"font-family: georgia, palatino, serif;\"><strong>Faculdade de Direito<\/strong><\/span><\/p>\n<p><span style=\"font-family: georgia, palatino, serif;\"><strong>Universidade Federal de Pelotas<\/strong><\/span><\/p>\n<p><span style=\"font-family: georgia, palatino, serif;\"><strong>Nova data: 19 e 20 de agosto de 2024<\/strong><\/span><\/p>\n<p><span style=\"font-family: georgia, palatino, serif;\"><a href=\"https:\/\/wp.ufpel.edu.br\/libertas\/files\/2024\/07\/NOVA-DATA.jpg\"><img class=\"alignnone size-medium wp-image-1995\" src=\"https:\/\/wp.ufpel.edu.br\/libertas\/files\/2024\/07\/NOVA-DATA-400x225.jpg\" alt=\"\" width=\"400\" height=\"225\" srcset=\"https:\/\/wp.ufpel.edu.br\/libertas\/files\/2024\/07\/NOVA-DATA-400x225.jpg 400w, https:\/\/wp.ufpel.edu.br\/libertas\/files\/2024\/07\/NOVA-DATA-1024x576.jpg 1024w, https:\/\/wp.ufpel.edu.br\/libertas\/files\/2024\/07\/NOVA-DATA-768x432.jpg 768w, https:\/\/wp.ufpel.edu.br\/libertas\/files\/2024\/07\/NOVA-DATA.jpg 1280w\" sizes=\"(max-width: 400px) 100vw, 400px\" \/><\/a><\/span><\/p>\n<p><span style=\"color: #000000; font-family: georgia, palatino, serif;\">Mais informa\u00e7\u00f5es sobre o evento <span style=\"color: #0000ff;\"><strong><a style=\"color: #0000ff;\" href=\"https:\/\/wp.ufpel.edu.br\/libertas\/seminario-internacional-abordagens-de-paz-e-sistema-penal\/\">aqui.<\/a><\/strong><\/span><\/span><\/p>\n<p><span style=\"font-family: georgia, palatino, serif;\"><strong>______<\/strong><\/span><\/p>\n<p><span style=\"font-family: georgia, palatino, serif;\"><strong>SEMIN\u00c1RIO INTERNACIONAL<\/strong><\/span><\/p>\n<p><span style=\"font-family: georgia, palatino, serif;\"><strong>MEM\u00d3RIA E PERSPECTIVAS DE LUTA CONTRA A VIOL\u00caNCIA INSTITUCIONAL CARCER\u00c1RIA<\/strong><\/span><\/p>\n<p><span style=\"font-family: georgia, palatino, serif;\"><strong>Faculdade de Direito<\/strong><\/span><\/p>\n<p><span style=\"font-family: georgia, palatino, serif;\"><strong>Universidade Federal de Pelotas<\/strong><\/span><\/p>\n<p><span style=\"font-family: georgia, palatino, serif;\"><strong>21 e 22 de agosto de 2023<\/strong><\/span><\/p>\n<p><span style=\"font-family: georgia, palatino, serif;\"><a href=\"https:\/\/wp.ufpel.edu.br\/libertas\/files\/2023\/05\/FD_SIMPL_Evento-Facebook_rev01-500x262px-1.png\"><img class=\"alignnone size-medium wp-image-1912\" src=\"https:\/\/wp.ufpel.edu.br\/libertas\/files\/2023\/05\/FD_SIMPL_Evento-Facebook_rev01-500x262px-1-400x210.png\" alt=\"\" width=\"400\" height=\"210\" srcset=\"https:\/\/wp.ufpel.edu.br\/libertas\/files\/2023\/05\/FD_SIMPL_Evento-Facebook_rev01-500x262px-1-400x210.png 400w, https:\/\/wp.ufpel.edu.br\/libertas\/files\/2023\/05\/FD_SIMPL_Evento-Facebook_rev01-500x262px-1.png 500w\" sizes=\"(max-width: 400px) 100vw, 400px\" \/><\/a><\/span><\/p>\n<p><span style=\"color: #000000; font-family: georgia, palatino, serif;\">Mais informa\u00e7\u00f5es sobre o evento <span style=\"color: #0000ff;\"><strong><a style=\"color: #0000ff;\" href=\"https:\/\/wp.ufpel.edu.br\/libertas\/seminario-internacional-memoria-e-perspectivas-de-luta-contra-a-violencia-institucional-carceraria\/\">aqui.<\/a><\/strong><\/span><\/span><\/p>\n<p><span style=\"font-family: georgia, palatino, serif;\">______<\/span><\/p>\n<p><span style=\"color: #000000; font-family: georgia, palatino, serif;\"><strong>WORKSHOP SA\u00daDE E MORTALIDADE NO SISTEMA PENAL<\/strong><\/span><\/p>\n<p><span style=\"color: #000000; font-family: georgia, palatino, serif;\">IV CONGRESSO INTERNACIONAL PUNI\u00c7\u00c3O E CONTROLE SOCIAL<\/span><\/p>\n<p><span style=\"color: #000000; font-family: georgia, palatino, serif;\"><strong>Faculdade de Direito<\/strong><\/span><\/p>\n<p><span style=\"color: #000000; font-family: georgia, palatino, serif;\"><strong>Universidade Federal de Pelotas<\/strong><\/span><\/p>\n<p><span style=\"color: #000000; font-family: georgia, palatino, serif;\"><strong>20 e 21 de mar\u00e7o de 2023<\/strong><\/span><\/p>\n<p><span style=\"font-family: georgia, palatino, serif;\"><a href=\"https:\/\/wp.ufpel.edu.br\/libertas\/files\/2022\/10\/FD_IV-CIPCS_Evento-Facebook_rev01-500x262px.png\"><img class=\"alignnone size-medium wp-image-1820\" src=\"https:\/\/wp.ufpel.edu.br\/libertas\/files\/2022\/10\/FD_IV-CIPCS_Evento-Facebook_rev01-500x262px-400x210.png\" sizes=\"(max-width: 400px) 100vw, 400px\" srcset=\"https:\/\/wp.ufpel.edu.br\/libertas\/files\/2022\/10\/FD_IV-CIPCS_Evento-Facebook_rev01-500x262px-400x210.png 400w, https:\/\/wp.ufpel.edu.br\/libertas\/files\/2022\/10\/FD_IV-CIPCS_Evento-Facebook_rev01-500x262px.png 500w\" alt=\"\" width=\"400\" height=\"210\" \/><\/a><\/span><\/p>\n<p><span style=\"color: #000000; font-family: georgia, palatino, serif;\">Mais informa\u00e7\u00f5es sobre o evento <span style=\"color: #0000ff;\"><strong><a style=\"color: #0000ff;\" href=\"https:\/\/wp.ufpel.edu.br\/libertas\/workshop-saude-e-mortalidade-no-sistema-penal-iv-congresso-internacional-punicao-e-controle-social\/\">aqui.<\/a><\/strong><\/span><\/span><\/p>\n<p><span style=\"font-family: georgia, palatino, serif;\">______<\/span><\/p>\n<p><span style=\"color: #000000; font-family: georgia, palatino, serif;\"><strong>Eventos da Red Cono Sur de Investigaci\u00f3n en Cuestiones Penitenciarias<\/strong>: <strong><span style=\"color: #0000ff;\"><a style=\"color: #0000ff;\" href=\"https:\/\/wp.ufpel.edu.br\/libertas\/redes-de-pesquisa\/rcsicp\/\">dispon\u00edvel aqui.<\/a><\/span><\/strong><\/span><\/p>\n<p><span style=\"font-family: georgia, palatino, serif;\">______<\/span><\/p>\n<p><span style=\"color: #000000; font-family: georgia, palatino, serif;\"><strong>Transmiss\u00f5es do Grupo de Estudos e Pesquisa em Puni\u00e7\u00e3o e Controle Social (GEPUCS)<\/strong>: <strong><span style=\"color: #0000ff;\"><a style=\"color: #0000ff;\" href=\"https:\/\/wp.ufpel.edu.br\/libertas\/grupo-de-estudos\/gepucs\/\">dispon\u00edvel aqui.<\/a><\/span><\/strong><\/span><\/p>\n<p><span style=\"font-family: georgia, palatino, serif;\">______<\/span><\/p>\n<div><span style=\"color: #000000; font-family: georgia, palatino, serif;\"><strong>Outros eventos: <span style=\"color: #0000ff;\"><a style=\"color: #0000ff;\" href=\"https:\/\/wp.ufpel.edu.br\/libertas\/eventos\/\">dispon\u00edvel aqui<\/a>.<\/span><\/strong><\/span><\/div>\n","protected":false},"excerpt":{"rendered":"<p>SEMIN\u00c1RIO ACESSO \u00c0 JUSTI\u00c7A, PRIS\u00d5ES E PROTE\u00c7\u00c3O DOS DIREITOS HUMANOS (3\u00aa EDI\u00c7\u00c3O) Simp\u00f3sio Testemunho como categoria de an\u00e1lise das viol\u00eancias Pelotas\/RS, 09 e 10 de dezembro de 2025. Mais informa\u00e7\u00f5es sobre o evento aqui. ______ Sele\u00e7\u00e3o de Bolsistas \u2013 Projeto Cl\u00ednica Jur\u00eddico-Penitenci\u00e1ria UFPel O Projeto de Extens\u00e3o Cl\u00ednica Jur\u00eddico-Penitenci\u00e1ria, vinculado ao Libertas UFPel, da Universidade [&hellip;]<\/p>\n","protected":false},"author":440,"featured_media":0,"parent":0,"menu_order":0,"comment_status":"closed","ping_status":"closed","template":"","meta":{"footnotes":""},"class_list":["post-6","page","type-page","status-publish","hentry"],"_links":{"self":[{"href":"https:\/\/wp.ufpel.edu.br\/libertas\/wp-json\/wp\/v2\/pages\/6","targetHints":{"allow":["GET"]}}],"collection":[{"href":"https:\/\/wp.ufpel.edu.br\/libertas\/wp-json\/wp\/v2\/pages"}],"about":[{"href":"https:\/\/wp.ufpel.edu.br\/libertas\/wp-json\/wp\/v2\/types\/page"}],"author":[{"embeddable":true,"href":"https:\/\/wp.ufpel.edu.br\/libertas\/wp-json\/wp\/v2\/users\/440"}],"replies":[{"embeddable":true,"href":"https:\/\/wp.ufpel.edu.br\/libertas\/wp-json\/wp\/v2\/comments?post=6"}],"version-history":[{"count":4,"href":"https:\/\/wp.ufpel.edu.br\/libertas\/wp-json\/wp\/v2\/pages\/6\/revisions"}],"predecessor-version":[{"id":2192,"href":"https:\/\/wp.ufpel.edu.br\/libertas\/wp-json\/wp\/v2\/pages\/6\/revisions\/2192"}],"wp:attachment":[{"href":"https:\/\/wp.ufpel.edu.br\/libertas\/wp-json\/wp\/v2\/media?parent=6"}],"curies":[{"name":"wp","href":"https:\/\/api.w.org\/{rel}","templated":true}]}}