{"id":55,"date":"2014-09-08T11:48:41","date_gmt":"2014-09-08T14:48:41","guid":{"rendered":"https:\/\/wp.ufpel.edu.br\/libertas\/?page_id=55"},"modified":"2025-04-04T09:37:18","modified_gmt":"2025-04-04T12:37:18","slug":"gepucs","status":"publish","type":"page","link":"https:\/\/wp.ufpel.edu.br\/libertas\/grupo-de-estudos\/gepucs\/","title":{"rendered":"Grupo de Estudos e Pesquisa em Puni\u00e7\u00e3o e Controle Social"},"content":{"rendered":"<p style=\"color: #000000; text-align: justify;\"><span style=\"font-family: georgia, palatino, serif; color: #000000;\">O Grupo de Estudos e Pesquisa em Puni\u00e7\u00e3o e Controle Social (GEPUCS-UFPel) \u00e9 um projeto de ensino vinculado ao Libertas. Destina-se ao estudo dos variados m\u00e9todos de puni\u00e7\u00e3o e controle social, a partir de uma perspectiva de vulnerabiliza\u00e7\u00e3o de determinados grupos sociais, especialmente no Brasil.\u00a0<\/span><\/p>\n<p><span style=\"font-family: georgia, palatino, serif;\"><strong><span style=\"color: #000000;\">HIST\u00d3RICO<\/span><\/strong><\/span><\/p>\n<p><span style=\"font-family: georgia, palatino, serif;\"><strong style=\"color: var(--cor-texto);\">2025<\/strong><\/span><\/p>\n<p><span style=\"font-family: georgia, palatino, serif;\"><strong>Execu\u00e7\u00e3o penal e quest\u00e3o carcer\u00e1ria<\/strong><\/span><\/p>\n<p><span style=\"font-family: georgia, palatino, serif;\">Os encontros presenciais ocorrer\u00e3o nas quintas-feiras, das 17h30 \u00e0s 19h, na Faculdade de Direito da UFPel. In\u00edcio em 10\/04\/2025. Inscri\u00e7\u00f5es atrav\u00e9s do link: <span style=\"color: #0000ff;\"><a style=\"color: #0000ff;\" href=\"https:\/\/forms.gle\/UcYWzZoEmaiNqjBx6\">https:\/\/forms.gle\/UcYWzZoEmaiNqjBx6<\/a><\/span><\/span><\/p>\n<p><span style=\"font-family: georgia, palatino, serif;\"><strong style=\"color: var(--cor-texto);\">2024<\/strong><\/span><\/p>\n<p><span style=\"font-family: georgia, palatino, serif;\"><strong>C\u00e1rcere: literatura e testemunho.<\/strong><\/span><\/p>\n<p><span style=\"font-family: georgia, palatino, serif;\">Os encontros presenciais ocorrer\u00e3o nos dias 11\/10, 25\/10, 01\/11, 22\/11 e 13\/12, das 16h \u00e0s 18h, na Faculdade de Direito da UFPel.<\/span><\/p>\n<p><span style=\"color: #000000; font-family: georgia, palatino, serif;\"><strong>2023<\/strong><\/span><\/p>\n<p><span style=\"font-family: georgia, palatino, serif;\"><strong>Semin\u00e1rios abertos<\/strong><\/span><\/p>\n<p><span style=\"color: #000000; font-family: georgia, palatino, serif;\"><strong>2020<\/strong><\/span><\/p>\n<p><span style=\"color: #000000; font-family: georgia, palatino, serif;\"><strong>Justi\u00e7a criminal e quest\u00e3o ind\u00edgena. <\/strong>Bruna Hoisler Sallet. Dispon\u00edvel em: <span style=\"color: #0000ff;\"><a style=\"color: #0000ff;\" href=\"https:\/\/www.youtube.com\/watch?v=tCkAv4ytfEo\">https:\/\/www.youtube.com\/watch?v=tCkAv4ytfEo<\/a><\/span><\/span><\/p>\n<p><span style=\"color: #000000; font-family: georgia, palatino, serif;\"><strong>Sistema penal, racismo e decolonialidade. <\/strong>Thais Bonato Gomes. Dispon\u00edvel em: <span style=\"color: #0000ff;\"><a style=\"color: #0000ff;\" href=\"https:\/\/www.youtube.com\/watch?v=gd1ljr9HeXk\">https:\/\/www.youtube.com\/watch?v=gd1ljr9HeXk<\/a><\/span><\/span><\/p>\n<p><span style=\"color: #000000; font-family: georgia, palatino, serif;\"><strong>Mulheres privadas de liberdade e prote\u00e7\u00e3o \u00e0 maternidade. <\/strong>Rafaela Peres Castanho. Dispon\u00edvel em: <span style=\"color: #0000ff;\"><a style=\"color: #0000ff;\" href=\"https:\/\/www.youtube.com\/watch?v=QSLc4AtFEZc\">https:\/\/www.youtube.com\/watch?v=QSLc4AtFEZc<\/a><\/span><\/span><\/p>\n<p><span style=\"color: #000000; font-family: georgia, palatino, serif;\"><strong>Crimes de sistema e danos sociais. <\/strong>Rafaella Soares Fraga. Dispon\u00edvel em: <span style=\"color: #0000ff;\"><a style=\"color: #0000ff;\" href=\"https:\/\/www.youtube.com\/watch?v=0W0E9IOWPgw\">https:\/\/www.youtube.com\/watch?v=0W0E9IOWPgw<\/a><\/span><\/span><\/p>\n<p><span style=\"color: #000000; font-family: georgia, palatino, serif;\">C<strong>ovid-19 e direitos sociais nas pris\u00f5es. <\/strong>Amanda do Nascimento Rodrigues, Anderson Alexandre Dias Santos, Marin\u00eas Lopes de Rosa.\u00a0<\/span><\/p>\n<p><span style=\"color: #000000; font-family: georgia, palatino, serif;\"><strong>2019<\/strong><\/span><\/p>\n<p><span style=\"font-family: georgia, palatino, serif;\"><strong><span style=\"color: #000000;\">Direitos humanos, viol\u00eancia institucional e dano social<\/span><\/strong><\/span><\/p>\n<p style=\"color: #000000; text-align: justify;\"><span style=\"font-family: georgia, palatino, serif; color: #000000; font-size: 12pt;\"><strong>2017<\/strong><\/span><\/p>\n<p style=\"color: #000000; text-align: justify;\"><span style=\"font-family: georgia, palatino, serif; color: #000000; font-size: 12pt;\"><strong> <a href=\"https:\/\/wp.ufpel.edu.br\/libertas\/files\/2018\/07\/Cronograma-GEPUCS-2017.pdf\">Cronograma GEPUCS 2017<\/a><\/strong><\/span><\/p>\n<p><span style=\"font-family: georgia, palatino, serif; color: #000000; font-size: 12pt;\"><strong>2016<\/strong><\/span><\/p>\n<p><span style=\"font-family: georgia, palatino, serif; color: #000000; font-size: 12pt;\"><strong><a href=\"https:\/\/wp.ufpel.edu.br\/libertas\/files\/2018\/07\/Cronograma-GEPUCS-2016.pdf\">Cronograma GEPUCS 2016<\/a><\/strong><\/span><\/p>\n<p><span style=\"font-family: georgia, palatino, serif; color: #000000; font-size: 12pt;\"><strong>2015<\/strong><\/span><\/p>\n<p><span style=\"font-family: georgia, palatino, serif; color: #000000; font-size: 12pt;\"><strong><a href=\"https:\/\/wp.ufpel.edu.br\/libertas\/files\/2018\/07\/Cronograma-GEPUCS-2015.pdf\">Cronograma GEPUCS 2015<\/a><\/strong><\/span><\/p>\n<p><span style=\"font-family: georgia, palatino, serif; color: #000000; font-size: 12pt;\"><strong>2014<\/strong><\/span><\/p>\n<p><span style=\"font-family: georgia, palatino, serif; color: #000000; font-size: 12pt;\"><strong><a href=\"https:\/\/wp.ufpel.edu.br\/libertas\/files\/2018\/07\/Cronograma-GEPUCS-2014.pdf\">Cronograma GEPUCS 2014<\/a><\/strong><\/span><\/p>\n<p>&nbsp;<\/p>\n","protected":false},"excerpt":{"rendered":"<p>O Grupo de Estudos e Pesquisa em Puni\u00e7\u00e3o e Controle Social (GEPUCS-UFPel) \u00e9 um projeto de ensino vinculado ao Libertas. Destina-se ao estudo dos variados m\u00e9todos de puni\u00e7\u00e3o e controle social, a partir de uma perspectiva de vulnerabiliza\u00e7\u00e3o de determinados grupos sociais, especialmente no Brasil.\u00a0 HIST\u00d3RICO 2025 Execu\u00e7\u00e3o penal e quest\u00e3o carcer\u00e1ria Os encontros presenciais [&hellip;]<\/p>\n","protected":false},"author":440,"featured_media":0,"parent":157,"menu_order":3,"comment_status":"closed","ping_status":"closed","template":"","meta":{"footnotes":""},"class_list":["post-55","page","type-page","status-publish","hentry"],"_links":{"self":[{"href":"https:\/\/wp.ufpel.edu.br\/libertas\/wp-json\/wp\/v2\/pages\/55","targetHints":{"allow":["GET"]}}],"collection":[{"href":"https:\/\/wp.ufpel.edu.br\/libertas\/wp-json\/wp\/v2\/pages"}],"about":[{"href":"https:\/\/wp.ufpel.edu.br\/libertas\/wp-json\/wp\/v2\/types\/page"}],"author":[{"embeddable":true,"href":"https:\/\/wp.ufpel.edu.br\/libertas\/wp-json\/wp\/v2\/users\/440"}],"replies":[{"embeddable":true,"href":"https:\/\/wp.ufpel.edu.br\/libertas\/wp-json\/wp\/v2\/comments?post=55"}],"version-history":[{"count":33,"href":"https:\/\/wp.ufpel.edu.br\/libertas\/wp-json\/wp\/v2\/pages\/55\/revisions"}],"predecessor-version":[{"id":2095,"href":"https:\/\/wp.ufpel.edu.br\/libertas\/wp-json\/wp\/v2\/pages\/55\/revisions\/2095"}],"up":[{"embeddable":true,"href":"https:\/\/wp.ufpel.edu.br\/libertas\/wp-json\/wp\/v2\/pages\/157"}],"wp:attachment":[{"href":"https:\/\/wp.ufpel.edu.br\/libertas\/wp-json\/wp\/v2\/media?parent=55"}],"curies":[{"name":"wp","href":"https:\/\/api.w.org\/{rel}","templated":true}]}}