{"id":53,"date":"2014-09-08T11:45:19","date_gmt":"2014-09-08T14:45:19","guid":{"rendered":"https:\/\/wp.ufpel.edu.br\/libertas\/?page_id=53"},"modified":"2019-05-31T19:21:08","modified_gmt":"2019-05-31T22:21:08","slug":"estudo-comparado-sobre-o-sistema-prisional-e-o-encarceramento-no-brasil-e-no-peru","status":"publish","type":"page","link":"https:\/\/wp.ufpel.edu.br\/libertas\/pesquisa\/estudo-comparado-sobre-o-sistema-prisional-e-o-encarceramento-no-brasil-e-no-peru\/","title":{"rendered":"Estudo comparado sobre o sistema prisional e o encarceramento no Brasil e no Peru"},"content":{"rendered":"<p style=\"color: #000000;text-align: justify\"><span style=\"color: #000000;font-family: georgia, palatino;font-size: 12pt\">O projeto se destina a estudar o sistema prisional e o encarceramento no Brasil e no Peru. Para tanto, realiza-se um estudo a respeito da constru\u00e7\u00e3o do pensamento jur\u00eddico-penal nos dois pa\u00edses, das disposi\u00e7\u00f5es respectivas \u00e0s normas de execu\u00e7\u00e3o penal, bem como se elencam as caracter\u00edsticas das popula\u00e7\u00f5es carcer\u00e1rias. Ao final, pretende-se apurar e apontar pontos semelhantes e contrastes entre as duas experi\u00eancias carcer\u00e1rias.<\/span><\/p>\n<p style=\"color: #000000;text-align: justify\"><span style=\"font-family: georgia, palatino;font-size: 12pt\">O problema descrito est\u00e1 focado em uma an\u00e1lise a respeito das aproxima\u00e7\u00f5es e dos distanciamentos relativos \u00e0s pr\u00e1ticas carcer\u00e1rias averiguadas no Brasil e no Peru, indagando-se sobre os aspectos de pol\u00edtica criminal, criminologia, direito penal e processual penal que decorrem desse estudo. A problem\u00e1tica a ser enfrentada trar\u00e1 importantes elementos para pensar o atual exerc\u00edcio do poder punitivo (Sistema Penal) pelo Brasil, apontando caracteres de rela\u00e7\u00e3o ou n\u00e3o de determinadas circunst\u00e2ncias do sistema prisional peruano. Al\u00e9m de tudo, \u00e9 um estudo que poder\u00e1 trazer relevantes instrumentos de reflex\u00e3o sobre a edifica\u00e7\u00e3o do pensamento jur\u00eddico-penal tanto brasileiro quanto peruano.<\/span><\/p>\n<p style=\"color: #000000;text-align: justify\">Per\u00edodo de realiza\u00e7\u00e3o: 2014 e 2015.<\/p>\n","protected":false},"excerpt":{"rendered":"<p>O projeto se destina a estudar o sistema prisional e o encarceramento no Brasil e no Peru. Para tanto, realiza-se um estudo a respeito da constru\u00e7\u00e3o do pensamento jur\u00eddico-penal nos dois pa\u00edses, das disposi\u00e7\u00f5es respectivas \u00e0s normas de execu\u00e7\u00e3o penal, bem como se elencam as caracter\u00edsticas das popula\u00e7\u00f5es carcer\u00e1rias. Ao final, pretende-se apurar e apontar [&hellip;]<\/p>\n","protected":false},"author":440,"featured_media":0,"parent":31,"menu_order":0,"comment_status":"closed","ping_status":"closed","template":"","meta":{"footnotes":""},"class_list":["post-53","page","type-page","status-publish","hentry"],"_links":{"self":[{"href":"https:\/\/wp.ufpel.edu.br\/libertas\/wp-json\/wp\/v2\/pages\/53","targetHints":{"allow":["GET"]}}],"collection":[{"href":"https:\/\/wp.ufpel.edu.br\/libertas\/wp-json\/wp\/v2\/pages"}],"about":[{"href":"https:\/\/wp.ufpel.edu.br\/libertas\/wp-json\/wp\/v2\/types\/page"}],"author":[{"embeddable":true,"href":"https:\/\/wp.ufpel.edu.br\/libertas\/wp-json\/wp\/v2\/users\/440"}],"replies":[{"embeddable":true,"href":"https:\/\/wp.ufpel.edu.br\/libertas\/wp-json\/wp\/v2\/comments?post=53"}],"version-history":[{"count":5,"href":"https:\/\/wp.ufpel.edu.br\/libertas\/wp-json\/wp\/v2\/pages\/53\/revisions"}],"predecessor-version":[{"id":1552,"href":"https:\/\/wp.ufpel.edu.br\/libertas\/wp-json\/wp\/v2\/pages\/53\/revisions\/1552"}],"up":[{"embeddable":true,"href":"https:\/\/wp.ufpel.edu.br\/libertas\/wp-json\/wp\/v2\/pages\/31"}],"wp:attachment":[{"href":"https:\/\/wp.ufpel.edu.br\/libertas\/wp-json\/wp\/v2\/media?parent=53"}],"curies":[{"name":"wp","href":"https:\/\/api.w.org\/{rel}","templated":true}]}}