{"id":51,"date":"2014-09-08T11:24:33","date_gmt":"2014-09-08T14:24:33","guid":{"rendered":"https:\/\/wp.ufpel.edu.br\/libertas\/?page_id=51"},"modified":"2019-05-31T19:21:48","modified_gmt":"2019-05-31T22:21:48","slug":"o-desenvolvimento-dos-metodos-de-punicao-e-de-controle-social-no-brasil","status":"publish","type":"page","link":"https:\/\/wp.ufpel.edu.br\/libertas\/pesquisa\/o-desenvolvimento-dos-metodos-de-punicao-e-de-controle-social-no-brasil\/","title":{"rendered":"O desenvolvimento dos m\u00e9todos de puni\u00e7\u00e3o e de controle social no Brasil"},"content":{"rendered":"<p style=\"text-align: justify\"><span style=\"font-family: georgia, palatino;font-size: 12pt;color: #000000\">O projeto de pesquisa se destina ao estudo do desenvolvimento dos variados m\u00e9todos de puni\u00e7\u00e3o e de controle social no Brasil. O estudo est\u00e1 delimitado em uma perspectiva de vulnerabilidade de determinados grupos sociais, seguindo a vincula\u00e7\u00e3o ao Programa de Extens\u00e3o LIBERTAS, cadastrado junto \u00e0 Pr\u00f3-Reitoria de Extens\u00e3o e Cultura desta Universidade.<\/span><\/p>\n<p style=\"text-align: justify\"><span style=\"color: #000000\"><span style=\"font-family: georgia, palatino;font-size: 12pt\">O problema est\u00e1 focado, por sua vez, na an\u00e1lise sobre o modo como vem sendo desenvolvidas e desempenhadas as estrat\u00e9gias punitivas e de controle social, e suas rela\u00e7\u00f5es e seus reflexos com as ideias relacionadas ao sistema penal.\u00a0O projeto pretende empregar, inicialmente, um m\u00e9todo de procedimento hist\u00f3rico, uma vez que investigar\u00e1 acontecimentos e institui\u00e7\u00f5es do passado. Aliado a isso, realizar-se-\u00e1 um estudo estat\u00edstico, por meio de an\u00e1lise de certos fen\u00f4menos relacionados \u00e0 sociedade e ao c\u00e1rcere, de modo a reduzir os dados em termos quantitativos e em ma<\/span><span style=\"font-family: georgia, palatino;font-size: 12pt\">nipula\u00e7\u00e3o estat\u00edstica.<\/span><\/span><\/p>\n<p style=\"text-align: justify\"><span style=\"font-family: georgia, palatino;font-size: 12pt;color: #000000\">Ainda, a pesquisa, quanto aos seus objetivos, pretende se demonstrar explicativa, pois, al\u00e9m de realizar a coleta, organiza\u00e7\u00e3o e an\u00e1lise dos dados, tentar\u00e1 identificar fatores determinantes sobre os n\u00fameros averiguados, e suas consequ\u00eancias e rela\u00e7\u00f5es aos m\u00e9todos de puni\u00e7\u00e3o e de controle social estudados.\u00a0Trata-se, tamb\u00e9m, de pesquisa bibliogr\u00e1fica, a partir da leitura, interpreta\u00e7\u00e3o e reflex\u00e3o de material j\u00e1 elaborado e dispon\u00edvel, constitu\u00eddo de artigos, textos e cap\u00edtulos de livros relacionados \u00e0 tem\u00e1tica alvitrada por este projeto, elencados na bibliografia.\u00a0Por fim, uma pesquisa documental ser\u00e1 da mesma forma necess\u00e1ria, como o acesso e a consulta a registros antigos das pris\u00f5es, of\u00edcios, julgados, reportagens, e todos os documentos relevantes para o conhecimento da problem\u00e1tica enfrentada.<\/span><\/p>\n<p style=\"text-align: justify\"><span style=\"color: #000000\">Per\u00edodo de realiza\u00e7\u00e3o: 2014 a 2018<\/span><\/p>\n","protected":false},"excerpt":{"rendered":"<p>O projeto de pesquisa se destina ao estudo do desenvolvimento dos variados m\u00e9todos de puni\u00e7\u00e3o e de controle social no Brasil. O estudo est\u00e1 delimitado em uma perspectiva de vulnerabilidade de determinados grupos sociais, seguindo a vincula\u00e7\u00e3o ao Programa de Extens\u00e3o LIBERTAS, cadastrado junto \u00e0 Pr\u00f3-Reitoria de Extens\u00e3o e Cultura desta Universidade. O problema est\u00e1 [&hellip;]<\/p>\n","protected":false},"author":440,"featured_media":0,"parent":31,"menu_order":0,"comment_status":"closed","ping_status":"closed","template":"","meta":{"footnotes":""},"class_list":["post-51","page","type-page","status-publish","hentry"],"_links":{"self":[{"href":"https:\/\/wp.ufpel.edu.br\/libertas\/wp-json\/wp\/v2\/pages\/51","targetHints":{"allow":["GET"]}}],"collection":[{"href":"https:\/\/wp.ufpel.edu.br\/libertas\/wp-json\/wp\/v2\/pages"}],"about":[{"href":"https:\/\/wp.ufpel.edu.br\/libertas\/wp-json\/wp\/v2\/types\/page"}],"author":[{"embeddable":true,"href":"https:\/\/wp.ufpel.edu.br\/libertas\/wp-json\/wp\/v2\/users\/440"}],"replies":[{"embeddable":true,"href":"https:\/\/wp.ufpel.edu.br\/libertas\/wp-json\/wp\/v2\/comments?post=51"}],"version-history":[{"count":4,"href":"https:\/\/wp.ufpel.edu.br\/libertas\/wp-json\/wp\/v2\/pages\/51\/revisions"}],"predecessor-version":[{"id":1554,"href":"https:\/\/wp.ufpel.edu.br\/libertas\/wp-json\/wp\/v2\/pages\/51\/revisions\/1554"}],"up":[{"embeddable":true,"href":"https:\/\/wp.ufpel.edu.br\/libertas\/wp-json\/wp\/v2\/pages\/31"}],"wp:attachment":[{"href":"https:\/\/wp.ufpel.edu.br\/libertas\/wp-json\/wp\/v2\/media?parent=51"}],"curies":[{"name":"wp","href":"https:\/\/api.w.org\/{rel}","templated":true}]}}