{"id":418,"date":"2015-04-26T23:29:17","date_gmt":"2015-04-27T02:29:17","guid":{"rendered":"https:\/\/wp.ufpel.edu.br\/libertas\/?page_id=418"},"modified":"2016-01-21T23:03:57","modified_gmt":"2016-01-22T01:03:57","slug":"encontro-interdisciplinar-sobre-a-construcao-do-pensamento-juridico-penal-brasileiro","status":"publish","type":"page","link":"https:\/\/wp.ufpel.edu.br\/libertas\/eventos\/encontro-interdisciplinar-sobre-a-construcao-do-pensamento-juridico-penal-brasileiro\/","title":{"rendered":"Encontro Interdisciplinar sobre a Constru\u00e7\u00e3o do Pensamento Jur\u00eddico-Penal Brasileiro"},"content":{"rendered":"<div class=\"separator\"><span style=\"font-family: georgia, palatino;font-size: 12pt;color: #000000\">O Encontro Interdisciplinar sobre a Constru\u00e7\u00e3o do Pensamento Jur\u00eddico-Penal Brasileiro busca promover o debate e a reflex\u00e3o acerca da constru\u00e7\u00e3o do pensamento jur\u00eddico-penal brasileiro no per\u00edodo do p\u00f3s-independ\u00eancia, explorando e refletindo nas suas variadas formas de puni\u00e7\u00e3o, criminaliza\u00e7\u00e3o e viol\u00eancia. Tem como objetivo explorar os alicerces da edifica\u00e7\u00e3o das ideias sobre o sistema penal brasileiro.<\/span><\/div>\n<div class=\"separator\"><span style=\"color: #000000\">\u00a0<\/span><\/div>\n<div class=\"separator\">\n<div class=\"separator\"><span style=\"font-family: georgia, palatino;font-size: 12pt;color: #000000\">A primeira edi\u00e7\u00e3o do Encontro Interdisciplinar sobre a Constru\u00e7\u00e3o do Pensamento Jur\u00eddico-Penal Brasileiro ocorreu nos dias 12 e 13 de novembro de 2012. Os resultados do evento foram publicados no livro: Puni\u00e7\u00e3o, Criminaliza\u00e7\u00e3o e Viol\u00eancia, dispon\u00edvel para venda neste portal:<\/span><\/div>\n<div class=\"separator\"><span style=\"font-family: georgia, palatino;font-size: 12pt;color: #000000\">\u00a0<\/span><\/div>\n<div class=\"separator\"><span style=\"font-family: georgia, palatino;font-size: 12pt;color: #000000\">O Encontro contou com confer\u00eancias e mostras de pesquisa em tr\u00eas sess\u00f5es de comunica\u00e7\u00f5es distribu\u00eddas entre as tem\u00e1ticas de Hist\u00f3ria do Direito e das Institui\u00e7\u00f5es, Criminologia e Controle Social, Direito Penal e Processual Penal, bem como uma mostra de pesquisa na modalidade apresenta\u00e7\u00e3o de p\u00f4steres, com tem\u00e1tica livre entre as Ci\u00eancias Sociais Aplicadas e afins. A\u00a0programa\u00e7\u00e3o se deu nos turnos da manh\u00e3, tarde e noite, no Audit\u00f3rio Bruno de Mendon\u00e7a Lima (Sal\u00e3o de Atos da Faculdade de Direito) na Faculdade de Direito UFPel (Pra\u00e7a Conselheiro Maciel, s\/n &#8211; Centro, \u00a0Pelotas):<\/span><\/div>\n<div class=\"separator\"><span style=\"font-family: georgia, palatino;font-size: 12pt;color: #000000\">\u00a0<\/span><\/div>\n<div class=\"separator\">\n<div class=\"separator\"><span style=\"font-family: georgia, palatino;font-size: 12pt;color: #000000\"><b>12 de novembro (Segunda-feira)<\/b><\/span><\/div>\n<div class=\"separator\"><span style=\"font-family: georgia, palatino;font-size: 12pt;color: #000000\">\u00a0<\/span><\/div>\n<div class=\"separator\"><span style=\"font-family: georgia, palatino;font-size: 12pt;color: #000000\">Turno Manh\u00e3<\/span><\/div>\n<div class=\"separator\"><span style=\"font-family: georgia, palatino;font-size: 12pt;color: #000000\">09h &#8211; <i>Sess\u00e3o de Comunica\u00e7\u00f5es<\/i> do Grupo de Trabalho de Direito Penal e Processual Penal<\/span><\/div>\n<div class=\"separator\"><span style=\"font-family: georgia, palatino;font-size: 12pt;color: #000000\">\u00a0<\/span><\/div>\n<div class=\"separator\"><span style=\"font-family: georgia, palatino;font-size: 12pt;color: #000000\">Turno Tarde<\/span><\/div>\n<div><span style=\"font-family: georgia, palatino;font-size: 12pt;color: #000000\">14h \u2013 <i>Sess\u00e3o de Comunica\u00e7\u00f5es<\/i> do Grupo de Trabalho de Hist\u00f3ria do Direito e das Institui\u00e7\u00f5es<\/span><\/div>\n<div class=\"separator\"><span style=\"font-family: georgia, palatino;font-size: 12pt;color: #000000\">16h00min \u2013 <i>Mostra de Pesquisa<\/i> \u2013 Apresenta\u00e7\u00e3o de P\u00f4steres<\/span><\/div>\n<div class=\"separator\"><span style=\"font-family: georgia, palatino;font-size: 12pt;color: #000000\">\u00a0<\/span><\/div>\n<div class=\"separator\"><span style=\"font-family: georgia, palatino;font-size: 12pt;color: #000000\">17h00min \u2013 \u00a0Painel<\/span><\/div>\n<div class=\"separator\"><span style=\"font-family: georgia, palatino;font-size: 12pt;color: #000000\"><i>Tema: <\/i>A assist\u00eancia jur\u00eddica no processo penal: do acesso \u00e0 justi\u00e7a ao direito de defesa<\/span><\/div>\n<div class=\"separator\"><span style=\"font-family: georgia, palatino;font-size: 12pt;color: #000000\"><i>Painelista:\u00a0<\/i>Bruno Rotta Almeida &#8211;\u00a0Mestre em Ci\u00eancias Criminais pela PUC-RS, Co-Coordenador do Projeto de Extens\u00e3o DEFENSA &#8211; Assessoria Criminal Popular (UFPel). Coordenador do Grupo de Estudos e Pesquisa sobre a constru\u00e7\u00e3o do pensamento jur\u00eddico-penal brasileiro: puni\u00e7\u00e3o, criminaliza\u00e7\u00e3o e viol\u00eancia. Professor de Direito Penal e Processual Penal (UFPel e UCPel). Advogado.<\/span><\/div>\n<div class=\"separator\"><span style=\"font-family: georgia, palatino;font-size: 12pt;color: #000000\">\u00a0<\/span><\/div>\n<div class=\"separator\"><span style=\"font-family: georgia, palatino;font-size: 12pt;color: #000000\"><i>Participa\u00e7\u00e3o dos alunos do DEFENSA \u2013 Assessoria Criminal Popular.<\/i><\/span><\/div>\n<div class=\"separator\"><span style=\"font-family: georgia, palatino;font-size: 12pt;color: #000000\">\u00a0<\/span><\/div>\n<div class=\"separator\"><span style=\"font-family: georgia, palatino;font-size: 12pt;color: #000000\">Turno Noite<\/span><\/div>\n<div class=\"separator\"><span style=\"font-family: georgia, palatino;font-size: 12pt;color: #000000\">19h30min \u2013 Confer\u00eancias I<\/span><\/div>\n<div class=\"separator\"><span style=\"font-family: georgia, palatino;font-size: 12pt;color: #000000\">\u00a0<\/span><\/div>\n<div class=\"separator\"><span style=\"font-family: georgia, palatino;font-size: 12pt;color: #000000\"><i>Tema: <\/i>Crimes de perigo e sua (des)conformidade constitucional<\/span><\/div>\n<div class=\"separator\"><span style=\"font-family: georgia, palatino;font-size: 12pt;color: #000000\"><i>Conferencista:<\/i> Diego Alan Sch\u00f6fer Albrecht &#8211;\u00a0Mestre em Ci\u00eancias Criminais pela PUCRS. Coordenador do NUJUR &#8211; N\u00facleo de Pr\u00e1tica Jur\u00eddica &#8211; e Professor de Direito Penal e Direito Processual Penal da FAI &#8211; Faculdade de Itapiranga. Advogado.<\/span><\/div>\n<div class=\"separator\"><span style=\"font-family: georgia, palatino;font-size: 12pt;color: #000000\">\u00a0<\/span><\/div>\n<div class=\"separator\"><span style=\"font-family: georgia, palatino;font-size: 12pt;color: #000000\"><i>Tema:<\/i> A Governabilidade Inquisitiva do Processo Penal Brasileiro<\/span><\/div>\n<div class=\"separator\"><span style=\"font-family: georgia, palatino;font-size: 12pt;color: #000000\"><i>Conferencista:<\/i> Augusto Jobim do Amaral &#8211; Doutor em Altos Estudos Contempor\u00e2neos pela Universidade de Coimbra (Portugal); Mestre e Especialista em Ci\u00eancias Criminais pela PUCRS; Professor do Departamento de Direito Penal e Processo Penal da PUCRS; Pesquisador do Centro de Estudos Interdisciplinares do S\u00e9culo XX da Universidade de Coimbra (CEIS 20).<\/span><\/div>\n<div class=\"separator\"><span style=\"font-family: georgia, palatino;font-size: 12pt;color: #000000\">\u00a0<\/span><\/div>\n<div class=\"separator\"><span style=\"font-family: georgia, palatino;font-size: 12pt;color: #000000\"><b>13 de novembro (Ter\u00e7a-feira)<\/b><\/span><\/div>\n<div class=\"separator\"><span style=\"font-family: georgia, palatino;font-size: 12pt;color: #000000\">\u00a0<\/span><\/div>\n<div class=\"separator\"><span style=\"font-family: georgia, palatino;font-size: 12pt;color: #000000\">Turno Manh\u00e3<\/span><\/div>\n<div class=\"separator\"><span style=\"font-family: georgia, palatino;font-size: 12pt;color: #000000\">09h &#8211; <i>Sess\u00e3o de Comunica\u00e7\u00f5es<\/i> do Grupo de Trabalho de Criminologia e Controle Social<\/span><\/div>\n<div class=\"separator\"><span style=\"font-family: georgia, palatino;font-size: 12pt;color: #000000\">\u00a0<\/span><\/div>\n<div class=\"separator\"><span style=\"font-family: georgia, palatino;font-size: 12pt;color: #000000\">Turno Tarde<\/span><\/div>\n<div class=\"separator\"><span style=\"font-family: georgia, palatino;font-size: 12pt;color: #000000\">14h \u2013 Cine Debate<\/span><\/div>\n<div class=\"separator\"><span style=\"font-family: georgia, palatino;font-size: 12pt;color: #000000\"><i>Filme:<\/i> El secreto de sus ojos (Espanha-Argentina, 2009, 127 min)<\/span><\/div>\n<div class=\"separator\"><span style=\"font-family: georgia, palatino;font-size: 12pt;color: #000000\">Coment\u00e1rio e debates.<\/span><\/div>\n<div class=\"separator\"><span style=\"font-family: georgia, palatino;font-size: 12pt;color: #000000\">\u00a0<\/span><\/div>\n<div class=\"separator\"><span style=\"font-family: georgia, palatino;font-size: 12pt;color: #000000\">Turno Noite<\/span><\/div>\n<div class=\"separator\"><span style=\"font-family: georgia, palatino;font-size: 12pt;color: #000000\">19h30min \u2013 Confer\u00eancias II<\/span><\/div>\n<div class=\"separator\"><span style=\"font-family: georgia, palatino;font-size: 12pt;color: #000000\"><i>Tema:<\/i> Apontamentos sobre Pol\u00edcia e Pris\u00e3o na Pelotas do s\u00e9culo XIX<\/span><\/div>\n<div class=\"separator\"><span style=\"font-family: georgia, palatino;font-size: 12pt;color: #000000\"><i>Conferencista:<\/i> Caiu\u00e1 Cardoso Al-Alam &#8211;\u00a0Professor da Universidade Federal do Pampa (UNIPAMPA), campus Jaguar\u00e3o. Mestre em Hist\u00f3ria e atualmente cursa o Doutorado na mesma \u00e1rea. \u00c9 especialista nos estudos sobre a Hist\u00f3ria do Brasil Imperial na regi\u00e3o sul do Rio Grande do Sul. Atua principalmente na \u00e1rea da Hist\u00f3ria Social, dedicando-se \u00e0 pesquisa das institui\u00e7\u00f5es normativas, como as de policiamento e pris\u00e3o. Tamb\u00e9m estuda as experi\u00eancias e trajet\u00f3rias de africanos e descendentes no extremo sul do Brasil.<\/span><\/div>\n<div class=\"separator\"><span style=\"font-family: georgia, palatino;font-size: 12pt;color: #000000\">\u00a0<\/span><\/div>\n<div class=\"separator\"><span style=\"font-family: georgia, palatino;font-size: 12pt;color: #000000\"><i>Tema:<\/i> A quest\u00e3o penitenci\u00e1ria no Brasil contempor\u00e2neo: paradoxos e ambiguidades<\/span><\/div>\n<div class=\"separator\"><span style=\"font-family: georgia, palatino;font-size: 12pt;color: #000000\"><i>Conferencista:<\/i> Luiz Ant\u00f4nio Bogo Chies &#8211;\u00a0Professor Ajunto da Universidade Cat\u00f3lica de Pelotas (UCPel\/RS), nos cursos de Direito e Mestrado em Pol\u00edtica Social. Doutor em Ci\u00eancias Jur\u00eddicas e Sociais pela Universidad del Museo Social Argentino (Buenos Aires \u2013 Argentina). Doutor em Sociologia pela Universidade Federal do Rio Grande do Sul (UFRGS). Coordenador do Grupo Interdisciplinar de Trabalho e Estudos Criminais-Penitenci\u00e1rios (GITEP\/UCPel).<\/span><\/div>\n<div class=\"separator\"><span style=\"font-family: georgia, palatino;font-size: 12pt;color: #000000\">\u00a0<\/span><\/div>\n<div class=\"separator\"><span style=\"font-family: georgia, palatino;font-size: 12pt;color: #000000\">Resultado do 1\u00ba Concurso de Artigos em Ci\u00eancias Criminais da Faculdade de Direito \u2013 UFPel \u201cEm Homenagem ao Centen\u00e1rio da Faculdade de Direito\u201d<\/span><\/div>\n<\/div>\n<\/div>\n<div class=\"separator\"><span style=\"font-family: georgia, palatino;font-size: 12pt\">\u00a0<\/span><\/div>\n<div class=\"separator\"><\/div>\n<div class=\"separator\"><\/div>\n<div class=\"separator\"><\/div>\n","protected":false},"excerpt":{"rendered":"<p>O Encontro Interdisciplinar sobre a Constru\u00e7\u00e3o do Pensamento Jur\u00eddico-Penal Brasileiro busca promover o debate e a reflex\u00e3o acerca da constru\u00e7\u00e3o do pensamento jur\u00eddico-penal brasileiro no per\u00edodo do p\u00f3s-independ\u00eancia, explorando e refletindo nas suas variadas formas de puni\u00e7\u00e3o, criminaliza\u00e7\u00e3o e viol\u00eancia. Tem como objetivo explorar os alicerces da edifica\u00e7\u00e3o das ideias sobre o sistema penal brasileiro. [&hellip;]<\/p>\n","protected":false},"author":440,"featured_media":0,"parent":161,"menu_order":3,"comment_status":"closed","ping_status":"closed","template":"","meta":{"footnotes":""},"class_list":["post-418","page","type-page","status-publish","hentry"],"_links":{"self":[{"href":"https:\/\/wp.ufpel.edu.br\/libertas\/wp-json\/wp\/v2\/pages\/418","targetHints":{"allow":["GET"]}}],"collection":[{"href":"https:\/\/wp.ufpel.edu.br\/libertas\/wp-json\/wp\/v2\/pages"}],"about":[{"href":"https:\/\/wp.ufpel.edu.br\/libertas\/wp-json\/wp\/v2\/types\/page"}],"author":[{"embeddable":true,"href":"https:\/\/wp.ufpel.edu.br\/libertas\/wp-json\/wp\/v2\/users\/440"}],"replies":[{"embeddable":true,"href":"https:\/\/wp.ufpel.edu.br\/libertas\/wp-json\/wp\/v2\/comments?post=418"}],"version-history":[{"count":4,"href":"https:\/\/wp.ufpel.edu.br\/libertas\/wp-json\/wp\/v2\/pages\/418\/revisions"}],"predecessor-version":[{"id":690,"href":"https:\/\/wp.ufpel.edu.br\/libertas\/wp-json\/wp\/v2\/pages\/418\/revisions\/690"}],"up":[{"embeddable":true,"href":"https:\/\/wp.ufpel.edu.br\/libertas\/wp-json\/wp\/v2\/pages\/161"}],"wp:attachment":[{"href":"https:\/\/wp.ufpel.edu.br\/libertas\/wp-json\/wp\/v2\/media?parent=418"}],"curies":[{"name":"wp","href":"https:\/\/api.w.org\/{rel}","templated":true}]}}