{"id":27,"date":"2014-09-08T10:47:49","date_gmt":"2014-09-08T13:47:49","guid":{"rendered":"https:\/\/wp.ufpel.edu.br\/libertas\/?page_id=27"},"modified":"2015-04-26T23:54:19","modified_gmt":"2015-04-27T02:54:19","slug":"curso-de-oratoria-em-pratica-juridica","status":"publish","type":"page","link":"https:\/\/wp.ufpel.edu.br\/libertas\/cursos\/curso-de-oratoria-em-pratica-juridica\/","title":{"rendered":"Curso de Orat\u00f3ria em Pr\u00e1tica Jur\u00eddica"},"content":{"rendered":"<p style=\"color: #000000;text-align: justify\"><span style=\"font-family: georgia, palatino;font-size: 12pt;color: #000000\">O Curso de Orat\u00f3ria em Pr\u00e1tica Jur\u00eddica da Faculdade de Direito da Universidade Federal de Pelotas \u00e9 uma atividade de ensino vinculada aos objetivos propostos pelo programa de extens\u00e3o LIBERTAS, cadastrado junto \u00e0 Pr\u00f3-Reitoria de Extens\u00e3o e Cultura da UFPel. O curso\u00a0pretende oportunizar aos alunos formandos do Curso de Direito o desenvolvimento de t\u00e9cnicas de comunica\u00e7\u00e3o oral e verbal para a maior efic\u00e1cia da pr\u00e1tica jur\u00eddica, especialmente penal.<\/span><\/p>\n<p style=\"color: #000000;text-align: justify\"><span style=\"font-family: georgia, palatino;font-size: 12pt;color: #000000\">Os acad\u00eamicos nos \u00faltimos anos do Curso de Direito da UFPel ter\u00e3o a oportunidade de demonstrar, de forma pr\u00e1tica, todas as a\u00e7\u00f5es que ocorrem nas salas de audi\u00eancia, de julgamento e no Tribunal do J\u00fari. Na oportunidade, os alunos tamb\u00e9m exercitar\u00e3o as habilidades adquiridas na disciplina orat\u00f3ria forense, ministrada por professores do Segundo Departamento da Faculdade de Direito da UFPel.\u00a0O Curso ser\u00e1 realizado em v\u00e1rios t\u00f3picos: t\u00e9cnicas; distribui\u00e7\u00e3o do olhar; movimenta\u00e7\u00e3o de m\u00e3os; ambienta\u00e7\u00e3o; pr\u00e1tica jur\u00eddica em audi\u00eancias, debates orais, julgamentos, plen\u00e1rios etc.<\/span><\/p>\n<p style=\"color: #000000;text-align: justify\"><span style=\"font-family: georgia, palatino;font-size: 12pt;color: #000000\">ATEN\u00c7\u00c3O!<\/span><br \/>\n<span style=\"font-family: georgia, palatino;font-size: 12pt;color: #000000\"> O LIBERTAS comunica que os certificados aos participantes do Curso de Orat\u00f3ria em Pr\u00e1tica Jur\u00eddica da Faculdade de Direito da Universidade Federal de Pelotas j\u00e1 est\u00e1 dispon\u00edvel no acesso ao aluno no sistema Cobalto no menu UFPel -&gt; Aluno -&gt; Projetos de Ensino -&gt; Consulta -&gt; Certificado<\/span><br \/>\n<span style=\"font-family: georgia, palatino;font-size: 12pt;color: #000000\"> Aqueles j\u00e1 egressos que encontrarem alguma dificuldade, contate-nos atrav\u00e9s do email libertasufpel@gmail.com<\/span><\/p>\n","protected":false},"excerpt":{"rendered":"<p>O Curso de Orat\u00f3ria em Pr\u00e1tica Jur\u00eddica da Faculdade de Direito da Universidade Federal de Pelotas \u00e9 uma atividade de ensino vinculada aos objetivos propostos pelo programa de extens\u00e3o LIBERTAS, cadastrado junto \u00e0 Pr\u00f3-Reitoria de Extens\u00e3o e Cultura da UFPel. O curso\u00a0pretende oportunizar aos alunos formandos do Curso de Direito o desenvolvimento de t\u00e9cnicas de [&hellip;]<\/p>\n","protected":false},"author":440,"featured_media":0,"parent":119,"menu_order":0,"comment_status":"closed","ping_status":"closed","template":"","meta":{"footnotes":""},"class_list":["post-27","page","type-page","status-publish","hentry"],"_links":{"self":[{"href":"https:\/\/wp.ufpel.edu.br\/libertas\/wp-json\/wp\/v2\/pages\/27","targetHints":{"allow":["GET"]}}],"collection":[{"href":"https:\/\/wp.ufpel.edu.br\/libertas\/wp-json\/wp\/v2\/pages"}],"about":[{"href":"https:\/\/wp.ufpel.edu.br\/libertas\/wp-json\/wp\/v2\/types\/page"}],"author":[{"embeddable":true,"href":"https:\/\/wp.ufpel.edu.br\/libertas\/wp-json\/wp\/v2\/users\/440"}],"replies":[{"embeddable":true,"href":"https:\/\/wp.ufpel.edu.br\/libertas\/wp-json\/wp\/v2\/comments?post=27"}],"version-history":[{"count":17,"href":"https:\/\/wp.ufpel.edu.br\/libertas\/wp-json\/wp\/v2\/pages\/27\/revisions"}],"predecessor-version":[{"id":440,"href":"https:\/\/wp.ufpel.edu.br\/libertas\/wp-json\/wp\/v2\/pages\/27\/revisions\/440"}],"up":[{"embeddable":true,"href":"https:\/\/wp.ufpel.edu.br\/libertas\/wp-json\/wp\/v2\/pages\/119"}],"wp:attachment":[{"href":"https:\/\/wp.ufpel.edu.br\/libertas\/wp-json\/wp\/v2\/media?parent=27"}],"curies":[{"name":"wp","href":"https:\/\/api.w.org\/{rel}","templated":true}]}}