{"id":2013,"date":"2024-12-02T11:17:30","date_gmt":"2024-12-02T14:17:30","guid":{"rendered":"https:\/\/wp.ufpel.edu.br\/libertas\/?page_id=2013"},"modified":"2024-12-12T20:01:57","modified_gmt":"2024-12-12T23:01:57","slug":"ii-seminario-acesso-a-justica-prisoes-e-protecao-dos-direitos-humanos","status":"publish","type":"page","link":"https:\/\/wp.ufpel.edu.br\/libertas\/ii-seminario-acesso-a-justica-prisoes-e-protecao-dos-direitos-humanos\/","title":{"rendered":"Semin\u00e1rio Acesso \u00e0 Justi\u00e7a, Pris\u00f5es e Prote\u00e7\u00e3o dos Direitos Humanos (2\u00aa Edi\u00e7\u00e3o)"},"content":{"rendered":"<p><strong>SEMIN\u00c1RIO ACESSO \u00c0 JUSTI\u00c7A, PRIS\u00d5ES E PROTE\u00c7\u00c3O DOS DIREITOS HUMANOS (2\u00aa EDI\u00c7\u00c3O)<\/strong><\/p>\n<p><strong>Porto Alegre, 17 e 18 de dezembro de 2024.<\/strong><\/p>\n<p>Novo local: Rua Sete de Setembro, 666, Audit\u00f3rio do 4\u00ba andar.<\/p>\n<p><a href=\"https:\/\/wp.ufpel.edu.br\/libertas\/files\/2024\/12\/II-Seminario-acesso-a-justica-prisoes-e-protecao-dos-direitos-humanos.jpg\"><img class=\"alignnone size-medium wp-image-2016\" src=\"https:\/\/wp.ufpel.edu.br\/libertas\/files\/2024\/12\/II-Seminario-acesso-a-justica-prisoes-e-protecao-dos-direitos-humanos-400x400.jpg\" alt=\"\" width=\"400\" height=\"400\" srcset=\"https:\/\/wp.ufpel.edu.br\/libertas\/files\/2024\/12\/II-Seminario-acesso-a-justica-prisoes-e-protecao-dos-direitos-humanos-400x400.jpg 400w, https:\/\/wp.ufpel.edu.br\/libertas\/files\/2024\/12\/II-Seminario-acesso-a-justica-prisoes-e-protecao-dos-direitos-humanos-1024x1024.jpg 1024w, https:\/\/wp.ufpel.edu.br\/libertas\/files\/2024\/12\/II-Seminario-acesso-a-justica-prisoes-e-protecao-dos-direitos-humanos-200x200.jpg 200w, https:\/\/wp.ufpel.edu.br\/libertas\/files\/2024\/12\/II-Seminario-acesso-a-justica-prisoes-e-protecao-dos-direitos-humanos-768x768.jpg 768w, https:\/\/wp.ufpel.edu.br\/libertas\/files\/2024\/12\/II-Seminario-acesso-a-justica-prisoes-e-protecao-dos-direitos-humanos.jpg 1080w\" sizes=\"(max-width: 400px) 100vw, 400px\" \/><\/a><\/p>\n<p>&nbsp;<\/p>\n<p><strong>APRESENTA\u00c7\u00c3O<\/strong><\/p>\n<p>O Semin\u00e1rio <strong>ACESSO \u00c0 JUSTI\u00c7A, PRIS\u00d5ES E PROTE\u00c7\u00c3O DOS DIREITOS HUMANOS<\/strong> est\u00e1 na sua segunda edi\u00e7\u00e3o, e busca reunir universidades, institui\u00e7\u00f5es, \u00f3rg\u00e3os, sociedade civil e demais atores interessados a fim de compartilhar e debater pr\u00e1ticas que promovam impactos na prote\u00e7\u00e3o e defesa dos direitos humanos no sistema prisional.<\/p>\n<p>Convidamos universidades, institui\u00e7\u00f5es, \u00f3rg\u00e3os, sociedade civil e demais atores interessados a compartilhar suas pr\u00e1ticas.<\/p>\n<p>____<\/p>\n<p><strong>CHAMADA PARA ENVIO DE PR\u00c1TICAS<\/strong><\/p>\n<p>Data limite de recep\u00e7\u00e3o do resumo da pr\u00e1tica (at\u00e9 2 p\u00e1ginas): 11\/12\/2024<\/p>\n<p>Resultado das pr\u00e1ticas aceitas: 13\/12\/2024<\/p>\n<p>Os resumos das pr\u00e1ticas devem ser enviados ao e-mail: <a href=\"https:\/\/wp.ufpel.edu.br\/libertas\/seminario-internacional-memoria-e-perspectivas-de-luta-contra-a-violencia-institucional-carceraria\/libertasufpel@gmail.com\">libertasufpel@gmail.com<\/a><\/p>\n<p>As pr\u00e1ticas selecionadas ser\u00e3o apresentadas no dia 18\/12\/2024, no formato presencial ou remoto.<\/p>\n<p>Evento gratuito.<\/p>\n<p>____<\/p>\n<p><strong>INSCRI\u00c7\u00d5ES DE OUVINTES OU PARTICIPANTES: <span style=\"color: #0000ff;\"><a style=\"color: #0000ff;\" href=\"https:\/\/forms.gle\/cBRKPAoDNUvdtWRi6\">AQUI<\/a><\/span><\/strong><\/p>\n<p>&#8212;-<\/p>\n<p><strong>PROGRAMA\u00c7\u00c3O<\/strong><\/p>\n<p><strong><a href=\"https:\/\/wp.ufpel.edu.br\/libertas\/files\/2024\/12\/PROGRAMACAO-SEMINARIO-AJPPDH-.pdf\"><span style=\"color: #0000ff;\">PROGRAMA\u00c7AO SEMINARIO AJPPDH-<\/span><\/a><\/strong><\/p>\n<p>____<\/p>\n<p><strong>ORGANIZA\u00c7\u00c3O<\/strong><\/p>\n<p>Defensoria P\u00fablica do Estado do Rio Grande do Sul<\/p>\n<p>Libertas &#8211; Programa Puni\u00e7\u00e3o, Controle Social e Direitos Humanos<\/p>\n<p>____<\/p>\n<p><strong>COORDENA\u00c7\u00c3O<\/strong><\/p>\n<p>Mariana Py Muniz (N\u00facleo de Defesa em Execu\u00e7\u00e3o Penal, DPE\/RS)<\/p>\n<p>Bruno Rotta Almeida (Libertas, UFPel)<\/p>\n","protected":false},"excerpt":{"rendered":"<p>SEMIN\u00c1RIO ACESSO \u00c0 JUSTI\u00c7A, PRIS\u00d5ES E PROTE\u00c7\u00c3O DOS DIREITOS HUMANOS (2\u00aa EDI\u00c7\u00c3O) Porto Alegre, 17 e 18 de dezembro de 2024. Novo local: Rua Sete de Setembro, 666, Audit\u00f3rio do 4\u00ba andar. &nbsp; APRESENTA\u00c7\u00c3O O Semin\u00e1rio ACESSO \u00c0 JUSTI\u00c7A, PRIS\u00d5ES E PROTE\u00c7\u00c3O DOS DIREITOS HUMANOS est\u00e1 na sua segunda edi\u00e7\u00e3o, e busca reunir universidades, institui\u00e7\u00f5es, [&hellip;]<\/p>\n","protected":false},"author":440,"featured_media":0,"parent":0,"menu_order":0,"comment_status":"closed","ping_status":"closed","template":"","meta":{"footnotes":""},"class_list":["post-2013","page","type-page","status-publish","hentry"],"_links":{"self":[{"href":"https:\/\/wp.ufpel.edu.br\/libertas\/wp-json\/wp\/v2\/pages\/2013","targetHints":{"allow":["GET"]}}],"collection":[{"href":"https:\/\/wp.ufpel.edu.br\/libertas\/wp-json\/wp\/v2\/pages"}],"about":[{"href":"https:\/\/wp.ufpel.edu.br\/libertas\/wp-json\/wp\/v2\/types\/page"}],"author":[{"embeddable":true,"href":"https:\/\/wp.ufpel.edu.br\/libertas\/wp-json\/wp\/v2\/users\/440"}],"replies":[{"embeddable":true,"href":"https:\/\/wp.ufpel.edu.br\/libertas\/wp-json\/wp\/v2\/comments?post=2013"}],"version-history":[{"count":8,"href":"https:\/\/wp.ufpel.edu.br\/libertas\/wp-json\/wp\/v2\/pages\/2013\/revisions"}],"predecessor-version":[{"id":2029,"href":"https:\/\/wp.ufpel.edu.br\/libertas\/wp-json\/wp\/v2\/pages\/2013\/revisions\/2029"}],"wp:attachment":[{"href":"https:\/\/wp.ufpel.edu.br\/libertas\/wp-json\/wp\/v2\/media?parent=2013"}],"curies":[{"name":"wp","href":"https:\/\/api.w.org\/{rel}","templated":true}]}}