{"id":1959,"date":"2023-12-09T04:32:02","date_gmt":"2023-12-09T07:32:02","guid":{"rendered":"https:\/\/wp.ufpel.edu.br\/libertas\/?page_id=1959"},"modified":"2024-08-13T19:18:06","modified_gmt":"2024-08-13T22:18:06","slug":"seminario-internacional-abordagens-de-paz-e-sistema-penal","status":"publish","type":"page","link":"https:\/\/wp.ufpel.edu.br\/libertas\/seminario-internacional-abordagens-de-paz-e-sistema-penal\/","title":{"rendered":"Semin\u00e1rio Internacional Abordagens de Paz e Sistema Penal"},"content":{"rendered":"<p><strong>SEMIN\u00c1RIO INTERNACIONAL<\/strong><\/p>\n<p><strong>ABORDAGENS DE PAZ E SISTEMA PENAL. A\u00c7\u00d5ES, M\u00c9TODOS E POL\u00cdTICAS DE PREVEN\u00c7\u00c3O DA VIOL\u00caNCIA E PROTE\u00c7\u00c3O DA VIDA EM CONTEXTO PENAL E PENITENCI\u00c1RIO<\/strong><\/p>\n<p><strong>Faculdade de Direito<\/strong><\/p>\n<p><strong>Universidade Federal de Pelotas<\/strong><\/p>\n<p><strong>19 e 20 de agosto de 2024<\/strong><\/p>\n<p><a href=\"https:\/\/wp.ufpel.edu.br\/libertas\/files\/2024\/07\/NOVA-DATA.jpg\"><img class=\"alignnone size-medium wp-image-1995\" src=\"https:\/\/wp.ufpel.edu.br\/libertas\/files\/2024\/07\/NOVA-DATA-400x225.jpg\" alt=\"\" width=\"400\" height=\"225\" srcset=\"https:\/\/wp.ufpel.edu.br\/libertas\/files\/2024\/07\/NOVA-DATA-400x225.jpg 400w, https:\/\/wp.ufpel.edu.br\/libertas\/files\/2024\/07\/NOVA-DATA-1024x576.jpg 1024w, https:\/\/wp.ufpel.edu.br\/libertas\/files\/2024\/07\/NOVA-DATA-768x432.jpg 768w, https:\/\/wp.ufpel.edu.br\/libertas\/files\/2024\/07\/NOVA-DATA.jpg 1280w\" sizes=\"(max-width: 400px) 100vw, 400px\" \/><\/a><\/p>\n<p><strong>APRESENTA\u00c7\u00c3O<\/strong><\/p>\n<p>As degradantes condi\u00e7\u00f5es estruturais e operacionais do sistema penal e prisional indicam uma automatiza\u00e7\u00e3o da viol\u00eancia institucional, cujas sobrecargas prisionais se apresentam de forma mais intensa quando envolve grupos sociais vulner\u00e1veis. Assim, \u00e9 necess\u00e1rio refletir sobre perspectivas epistemol\u00f3gicas e metodol\u00f3gicas que buscam eliminar ou reduzir a viol\u00eancia.<\/p>\n<p>As abordagens de paz possuem expressiva pot\u00eancia para agir, pois tratam de uma \u00f3tica que busca a nega\u00e7\u00e3o ou redu\u00e7\u00e3o da viol\u00eancia (Johan Galtung, 1969), al\u00e9m de constituir uma relevante \u00e1rea de pesquisa acad\u00eamica e de atua\u00e7\u00e3o social alicer\u00e7ada pelo compromisso expl\u00edcito com a n\u00e3o-viol\u00eancia, contribuindo com a agenda de a\u00e7\u00f5es de combate \u00e0s variadas formas de viol\u00eancia e na potencializa\u00e7\u00e3o de pol\u00edticas p\u00fablicas de prote\u00e7\u00e3o da vida no contexto penal.<\/p>\n<p>Diante disso, o Semin\u00e1rio pretende analisar e avaliar a\u00e7\u00f5es, m\u00e9todos e pol\u00edticas de preven\u00e7\u00e3o da viol\u00eancia e prote\u00e7\u00e3o da vida no sistema penal, e promover um ambiente de permuta cient\u00edfico-acad\u00eamica atrav\u00e9s de perspectivas cr\u00edticas em torno de eixos estruturados a partir da interse\u00e7\u00e3o entre paz, viol\u00eancia, a\u00e7\u00f5es, m\u00e9todos e pol\u00edticas de preven\u00e7\u00e3o e prote\u00e7\u00e3o da vida em contexto penal e prisional.<\/p>\n<p>Os grupos de trabalho est\u00e3o distribu\u00eddos da seguinte forma:<\/p>\n<p>Eixo 1: Abordagens de paz e sistema penal;<\/p>\n<p>Eixo 2: Preven\u00e7\u00e3o da viol\u00eancia e prote\u00e7\u00e3o da vida no sistema penal.<\/p>\n<p>Convidamos todas as pessoas interessadas em participar com o envio de trabalhos (em portugu\u00eas, espanhol ou ingl\u00eas). As propostas e os trabalhos completos devem ser enviados ao e-mail: <a href=\"mailto:libertasufpel@gmail.com\">libertasufpel@gmail.com<\/a><\/p>\n<p>____<\/p>\n<p><strong>ENVIO DE TRABALHOS<\/strong><\/p>\n<p><a href=\"https:\/\/wp.ufpel.edu.br\/libertas\/files\/2023\/12\/Cartaz-trabalhos-pt.jpg\"><img class=\"alignnone size-medium wp-image-1978\" src=\"https:\/\/wp.ufpel.edu.br\/libertas\/files\/2023\/12\/Cartaz-trabalhos-pt-283x400.jpg\" alt=\"\" width=\"283\" height=\"400\" srcset=\"https:\/\/wp.ufpel.edu.br\/libertas\/files\/2023\/12\/Cartaz-trabalhos-pt-283x400.jpg 283w, https:\/\/wp.ufpel.edu.br\/libertas\/files\/2023\/12\/Cartaz-trabalhos-pt.jpg 724w\" sizes=\"(max-width: 283px) 100vw, 283px\" \/><\/a><\/p>\n<p>Vers\u00e3o em portugu\u00eas:\u00a0<strong><span style=\"color: #0000ff;\"><a style=\"color: #0000ff;\" href=\"https:\/\/wp.ufpel.edu.br\/libertas\/files\/2023\/12\/Seminario-Internacional.-Abordagens-de-Paz-e-Sistema-Penal.pdf\">Semin\u00e1rio Internacional. Abordagens de Paz e Sistema Penal<\/a><\/span><\/strong><\/p>\n<p>Vers\u00e3o em espanhol: <span style=\"color: #0000ff;\"><strong><a style=\"color: #0000ff;\" href=\"https:\/\/wp.ufpel.edu.br\/libertas\/files\/2023\/12\/Seminario-Internacional.-Abordajes-de-Paz-y-Sistema-Penal.pdf\">Seminario Internacional. Abordajes de Paz y Sistema Penal<\/a>\u00a0<\/strong><\/span><\/p>\n<p>Data limite de recep\u00e7\u00e3o das propostas (at\u00e9 3 p\u00e1ginas): 22\/03\/2024 (prorroga\u00e7\u00e3o)<\/p>\n<p>Resultado das propostas aceitas: <del>31\/03\/2024<\/del> <strong>03\/04\/2024<\/strong><\/p>\n<p>Data limite de envio dos trabalhos completos: <del>15\/05\/2024<\/del><strong> 15\/07\/2024<\/strong><\/p>\n<p>As propostas e os trabalhos completos devem ser enviados ao e-mail:\u00a0<a href=\"https:\/\/wp.ufpel.edu.br\/libertas\/seminario-internacional-memoria-e-perspectivas-de-luta-contra-a-violencia-institucional-carceraria\/libertasufpel@gmail.com\">libertasufpel@gmail.com<\/a><\/p>\n<p>Os trabalhos completos n\u00e3o devem passar de 15 p\u00e1ginas, incluindo notas e refer\u00eancias. Uma sele\u00e7\u00e3o dos trabalhos completos apresentados ser\u00e1 publicada nos anais do evento.<\/p>\n<p>Modelo de proposta:\u00a0<a href=\"https:\/\/wp.ufpel.edu.br\/libertas\/files\/2022\/10\/Modelo-de-proposta.doc\">Modelo de proposta<\/a><\/p>\n<p>____<\/p>\n<p><strong>PR\u00c9-SEMIN\u00c1RIO<\/strong><\/p>\n<p><a href=\"https:\/\/wp.ufpel.edu.br\/libertas\/files\/2024\/08\/DIALOGOS-SISTEMA-PENAL-COLOMBIANO-2.jpg\"><img class=\"alignnone size-medium wp-image-2000\" src=\"https:\/\/wp.ufpel.edu.br\/libertas\/files\/2024\/08\/DIALOGOS-SISTEMA-PENAL-COLOMBIANO-2-290x400.jpg\" alt=\"\" width=\"290\" height=\"400\" srcset=\"https:\/\/wp.ufpel.edu.br\/libertas\/files\/2024\/08\/DIALOGOS-SISTEMA-PENAL-COLOMBIANO-2-290x400.jpg 290w, https:\/\/wp.ufpel.edu.br\/libertas\/files\/2024\/08\/DIALOGOS-SISTEMA-PENAL-COLOMBIANO-2-742x1024.jpg 742w, https:\/\/wp.ufpel.edu.br\/libertas\/files\/2024\/08\/DIALOGOS-SISTEMA-PENAL-COLOMBIANO-2-768x1060.jpg 768w, https:\/\/wp.ufpel.edu.br\/libertas\/files\/2024\/08\/DIALOGOS-SISTEMA-PENAL-COLOMBIANO-2.jpg 794w\" sizes=\"(max-width: 290px) 100vw, 290px\" \/><\/a><\/p>\n<p><span style=\"color: #0000ff;\"><strong><a style=\"color: #0000ff;\" href=\"https:\/\/wp.ufpel.edu.br\/libertas\/files\/2024\/08\/PROGRAMA-ABORDAGENS-DE-PAZ-E-SISTEMA-PENAL.pdf\">PROGRAMA\u00c7\u00c3O COMPLETA DO SEMIN\u00c1RIO<\/a><\/strong><\/span><\/p>\n<p>____<\/p>\n<p><strong>INSCRI\u00c7\u00c3O PARA OUVINTES <a href=\"https:\/\/forms.gle\/kqTEh8iX1YN5jUq89\"><span style=\"color: #0000ff;\">AQUI<\/span><\/a><\/strong><\/p>\n<p>____<\/p>\n<p><strong>COORDENA\u00c7\u00c3O<\/strong><\/p>\n<p>Ana Vigna Bej\u00e9rez (Universidad de la Rep\u00fablica, Uruguai)<\/p>\n<p>Bruno Rotta Almeida (Universidade Federal de Pelotas, Brasil)<\/p>\n<p>Rodrigo Chaverra Agudelo (Polit\u00e9cnico Colombiano Jaime Isaza Cadavid, Col\u00f4mbia)<\/p>\n<p>____<\/p>\n<p><strong>ORGANIZA\u00c7\u00c3O <\/strong><\/p>\n<p>Libertas \u2013 Programa Puni\u00e7\u00e3o, Controle Social e Direitos Humanos,\u00a0PPGD\/UFPel \u2013 Universidade Federal de Pelotas, Brasil;<\/p>\n<p>Universidad de la Rep\u00fablica, Uruguai;<\/p>\n<p>Polit\u00e9cnico Colombiano Jaime Isaza Cadavid, Col\u00f4mbia.<\/p>\n<p>____<\/p>\n<p><strong>APOIO<\/strong><\/p>\n<p>CAPES &#8211; Coordena\u00e7\u00e3o de Aperfei\u00e7oamento de Pessoal de N\u00edvel Superior<\/p>\n<p>CNPq\u00a0\u2013\u00a0Conselho Nacional\u00a0de Desenvolvimento Cient\u00edfico e Tecnol\u00f3gico<\/p>\n<p>FAPERGS \u2013 Funda\u00e7\u00e3o de Amparo \u00e0 Pesquisa do Estado do Rio Grande do Sul<\/p>\n<p>____<\/p>\n<p>Evento h\u00edbrido e gratuito<\/p>\n<p>Carga hor\u00e1ria: 25 horas<\/p>\n<p>Consultas e contatos:\u00a0<a href=\"https:\/\/wp.ufpel.edu.br\/libertas\/seminario-internacional-memoria-e-perspectivas-de-luta-contra-a-violencia-institucional-carceraria\/libertasufpel@gmail.com\">libertasufpel@gmail.com<\/a><\/p>\n","protected":false},"excerpt":{"rendered":"<p>SEMIN\u00c1RIO INTERNACIONAL ABORDAGENS DE PAZ E SISTEMA PENAL. A\u00c7\u00d5ES, M\u00c9TODOS E POL\u00cdTICAS DE PREVEN\u00c7\u00c3O DA VIOL\u00caNCIA E PROTE\u00c7\u00c3O DA VIDA EM CONTEXTO PENAL E PENITENCI\u00c1RIO Faculdade de Direito Universidade Federal de Pelotas 19 e 20 de agosto de 2024 APRESENTA\u00c7\u00c3O As degradantes condi\u00e7\u00f5es estruturais e operacionais do sistema penal e prisional indicam uma automatiza\u00e7\u00e3o da [&hellip;]<\/p>\n","protected":false},"author":440,"featured_media":0,"parent":0,"menu_order":0,"comment_status":"closed","ping_status":"closed","template":"","meta":{"footnotes":""},"class_list":["post-1959","page","type-page","status-publish","hentry"],"_links":{"self":[{"href":"https:\/\/wp.ufpel.edu.br\/libertas\/wp-json\/wp\/v2\/pages\/1959","targetHints":{"allow":["GET"]}}],"collection":[{"href":"https:\/\/wp.ufpel.edu.br\/libertas\/wp-json\/wp\/v2\/pages"}],"about":[{"href":"https:\/\/wp.ufpel.edu.br\/libertas\/wp-json\/wp\/v2\/types\/page"}],"author":[{"embeddable":true,"href":"https:\/\/wp.ufpel.edu.br\/libertas\/wp-json\/wp\/v2\/users\/440"}],"replies":[{"embeddable":true,"href":"https:\/\/wp.ufpel.edu.br\/libertas\/wp-json\/wp\/v2\/comments?post=1959"}],"version-history":[{"count":12,"href":"https:\/\/wp.ufpel.edu.br\/libertas\/wp-json\/wp\/v2\/pages\/1959\/revisions"}],"predecessor-version":[{"id":2003,"href":"https:\/\/wp.ufpel.edu.br\/libertas\/wp-json\/wp\/v2\/pages\/1959\/revisions\/2003"}],"wp:attachment":[{"href":"https:\/\/wp.ufpel.edu.br\/libertas\/wp-json\/wp\/v2\/media?parent=1959"}],"curies":[{"name":"wp","href":"https:\/\/api.w.org\/{rel}","templated":true}]}}