{"id":1898,"date":"2023-05-17T22:24:47","date_gmt":"2023-05-18T01:24:47","guid":{"rendered":"https:\/\/wp.ufpel.edu.br\/libertas\/?page_id=1898"},"modified":"2025-07-17T22:27:59","modified_gmt":"2025-07-18T01:27:59","slug":"seminario-internacional-memoria-e-perspectivas-de-luta-contra-a-violencia-institucional-carceraria","status":"publish","type":"page","link":"https:\/\/wp.ufpel.edu.br\/libertas\/seminario-internacional-memoria-e-perspectivas-de-luta-contra-a-violencia-institucional-carceraria\/","title":{"rendered":"Semin\u00e1rio Internacional Mem\u00f3ria e Perspectivas de Luta contra a Viol\u00eancia Institucional Carcer\u00e1ria"},"content":{"rendered":"<p><strong>SEMIN\u00c1RIO INTERNACIONAL<\/strong><\/p>\n<p><strong>MEM\u00d3RIA E PERSPECTIVAS DE LUTA CONTRA A VIOL\u00caNCIA INSTITUCIONAL CARCER\u00c1RIA<\/strong><\/p>\n<p><strong>Faculdade de Direito<\/strong><\/p>\n<p><strong>Universidade Federal de Pelotas<\/strong><\/p>\n<p><strong>21 e 22 de agosto de 2023<\/strong><\/p>\n<p><a href=\"https:\/\/wp.ufpel.edu.br\/libertas\/files\/2023\/05\/FD_SIMPL_Evento-Facebook_rev01-500x262px.png\"><img class=\"alignnone size-medium wp-image-1899\" src=\"https:\/\/wp.ufpel.edu.br\/libertas\/files\/2023\/05\/FD_SIMPL_Evento-Facebook_rev01-500x262px-400x210.png\" alt=\"\" width=\"400\" height=\"210\" srcset=\"https:\/\/wp.ufpel.edu.br\/libertas\/files\/2023\/05\/FD_SIMPL_Evento-Facebook_rev01-500x262px-400x210.png 400w, https:\/\/wp.ufpel.edu.br\/libertas\/files\/2023\/05\/FD_SIMPL_Evento-Facebook_rev01-500x262px.png 500w\" sizes=\"(max-width: 400px) 100vw, 400px\" \/><\/a><\/p>\n<p><strong>APRESENTA\u00c7\u00c3O<\/strong><\/p>\n<p>A mem\u00f3ria, especialmente na sua dimens\u00e3o coletiva, legitima-se como categoria metodol\u00f3gica para as ci\u00eancias criminais na medida em que se apresenta na dire\u00e7\u00e3o de recupera\u00e7\u00e3o da lembran\u00e7a das v\u00edtimas diante das atrocidades, na perspectiva de compreens\u00e3o e enfrentamento das realidades em torno das viola\u00e7\u00f5es de direitos e da viol\u00eancia institucional. Estudar as formas, os procedimentos, as linguagens, as performances e a gram\u00e1tica da puni\u00e7\u00e3o e do sistema penal pode constituir uma via para conhecer e compreender melhor a sociedade que o sustenta, e potencializar paradigmas e estrat\u00e9gias de enfrentamento atrav\u00e9s de pol\u00edticas p\u00fablicas na \u00e1rea.<\/p>\n<p>A viol\u00eancia institucional \u00e9 uma viol\u00eancia violadora das normativas internacionais e nacionais de respeito aos direitos humanos e dignidade da popula\u00e7\u00e3o em contexto de priva\u00e7\u00e3o de liberdade e sob a cust\u00f3dia do pr\u00f3prio Estado. A sustenta\u00e7\u00e3o dos direitos ser\u00e1 poss\u00edvel com o desenvolvimento de estrat\u00e9gias permanentes de a\u00e7\u00e3o e promo\u00e7\u00e3o de caminhos e instrumentos de supera\u00e7\u00e3o da viol\u00eancia institucional carcer\u00e1ria, estimulando-se a luta permanente pela potencializa\u00e7\u00e3o do acesso dos direitos fundamentais das pessoas privadas de liberdade.<\/p>\n<p>O Semin\u00e1rio Internacional Mem\u00f3ria e Perspectivas de Luta contra a Viol\u00eancia Institucional Carcer\u00e1ria busca promover um ambiente de debate e interc\u00e2mbio permeado por perspectivas cr\u00edticas, experi\u00eancias e mecanismos de luta contra a viol\u00eancia institucional carcer\u00e1ria, em torno de eixos estruturados a partir da interse\u00e7\u00e3o entre mem\u00f3ria, viol\u00eancia e quest\u00e3o carcer\u00e1ria e por meio de palestras, mesas, oficinas e grupos de trabalho.<\/p>\n<p>Os grupos de trabalho est\u00e3o distribu\u00eddos da seguinte forma:<\/p>\n<ul>\n<li>Mem\u00f3ria e viol\u00eancia institucional;<\/li>\n<li>Viol\u00eancia institucional e quest\u00e3o carcer\u00e1ria;<\/li>\n<li>Viol\u00eancia institucional e experi\u00eancias de a\u00e7\u00e3o e atua\u00e7\u00e3o.<\/li>\n<\/ul>\n<p>Convidamos todas as pessoas interessadas em participar com o envio de trabalhos (em portugu\u00eas, espanhol ou ingl\u00eas).<\/p>\n<p>____<\/p>\n<p><strong>ENVIO DE TRABALHOS<\/strong><\/p>\n<p><a href=\"https:\/\/wp.ufpel.edu.br\/libertas\/files\/2023\/05\/FD_Seminario-Internacional-Memoria-e-Perspectivas-1-scaled.jpg\"><img class=\"alignnone size-medium wp-image-1907\" src=\"https:\/\/wp.ufpel.edu.br\/libertas\/files\/2023\/05\/FD_Seminario-Internacional-Memoria-e-Perspectivas-1-283x400.jpg\" alt=\"\" width=\"283\" height=\"400\" srcset=\"https:\/\/wp.ufpel.edu.br\/libertas\/files\/2023\/05\/FD_Seminario-Internacional-Memoria-e-Perspectivas-1-283x400.jpg 283w, https:\/\/wp.ufpel.edu.br\/libertas\/files\/2023\/05\/FD_Seminario-Internacional-Memoria-e-Perspectivas-1-724x1024.jpg 724w, https:\/\/wp.ufpel.edu.br\/libertas\/files\/2023\/05\/FD_Seminario-Internacional-Memoria-e-Perspectivas-1-768x1086.jpg 768w, https:\/\/wp.ufpel.edu.br\/libertas\/files\/2023\/05\/FD_Seminario-Internacional-Memoria-e-Perspectivas-1-1086x1536.jpg 1086w, https:\/\/wp.ufpel.edu.br\/libertas\/files\/2023\/05\/FD_Seminario-Internacional-Memoria-e-Perspectivas-1-1448x2048.jpg 1448w, https:\/\/wp.ufpel.edu.br\/libertas\/files\/2023\/05\/FD_Seminario-Internacional-Memoria-e-Perspectivas-1-scaled.jpg 1810w\" sizes=\"(max-width: 283px) 100vw, 283px\" \/><\/a><\/p>\n<p><span style=\"color: #0000ff;\"><a style=\"color: #0000ff;\" href=\"https:\/\/wp.ufpel.edu.br\/libertas\/files\/2023\/05\/FD_Seminario-Internacional-Memoria-e-Perspectivas-pdf-1.pdf\">FD_Seminario Internacional Memoria e Perspectivas pdf<\/a><\/span><\/p>\n<p>Data limite de recep\u00e7\u00e3o das propostas (at\u00e9 3 p\u00e1ginas): <del>15\/07\/2023 (encerrada)<\/del><\/p>\n<p>Resultado das propostas aceitas: 20\/07\/2023<\/p>\n<p>Data limite de envio dos trabalhos completos: 15\/09\/2023<\/p>\n<p>As propostas e os trabalhos completos devem ser enviados ao e-mail: <a href=\"libertasufpel@gmail.com\">libertasufpel@gmail.com<\/a><\/p>\n<p>Os trabalhos completos n\u00e3o devem passar de 15 p\u00e1ginas, incluindo notas e refer\u00eancias. Uma sele\u00e7\u00e3o dos trabalhos completos apresentados ser\u00e1 publicada nos anais do evento.<\/p>\n<p>Modelo de proposta:\u00a0<a href=\"https:\/\/wp.ufpel.edu.br\/libertas\/files\/2022\/10\/Modelo-de-proposta.doc\">Modelo de proposta<\/a><\/p>\n<p>&#8212;-<\/p>\n<p><strong>PROGRAMA\u00c7\u00c3O COMPLETA<\/strong><\/p>\n<p><span style=\"color: #0000ff;\"><strong><a style=\"color: #0000ff;\" href=\"https:\/\/wp.ufpel.edu.br\/libertas\/files\/2023\/08\/PROGRAMACAO-COMPLETA-3.pdf\">PROGRAMA\u00c7\u00c3O COMPLETA<\/a><\/strong><\/span><\/p>\n<p>&#8212;-<\/p>\n<p>O evento ter\u00e1 transmiss\u00e3o ao vivo pelo <span style=\"color: #0000ff;\"><a style=\"color: #0000ff;\" href=\"https:\/\/www.youtube.com\/@libertasufpel-punicaocontr7821\/streams\">YouTube<\/a><\/span>, e a <strong>participa\u00e7\u00e3o virtual\/on-line n\u00e3o requer inscri\u00e7\u00e3o<\/strong>, pois n\u00e3o ser\u00e1 certificada.<\/p>\n<p>____<\/p>\n<p><strong>CERTIFICADOS OUVINTE: <span style=\"color: #0000ff;\"><a style=\"color: #0000ff;\" href=\"https:\/\/drive.google.com\/drive\/folders\/1jYuKv3jZIeHj9QK_7PGncee0EMizqGvX?usp=sharing\">DISPON\u00cdVEL AQUI<\/a><\/span><\/strong><\/p>\n<p><strong>CERTIFICADOS APRESENTA\u00c7\u00c3O DE TRABALHO:<\/strong> <span style=\"color: #0000ff;\"><strong><a style=\"color: #0000ff;\" href=\"https:\/\/drive.google.com\/drive\/folders\/1ppXO52uQZco6EZ86tsqs03GCBoAYRv_k?usp=sharing\">DISPON\u00cdVEL AQUI<\/a><\/strong><\/span><\/p>\n<p><strong>ANAIS: <span style=\"color: #0000ff;\"><a style=\"color: #0000ff;\" href=\"https:\/\/editorial.tirant.com\/br\/libro\/memoria-e-perspectivas-de-luta-contra-a-violencia-institucional-carceraria-bruno-rotta-almeida-E000020006570\">DISPON\u00cdVEL AQUI<\/a><\/span><\/strong><\/p>\n<p><span style=\"color: #000000;\">&#8212;-<\/span><\/p>\n<p><strong>ORGANIZA\u00c7\u00c3O E PARCEIROS<\/strong><\/p>\n<p>Libertas \u2013 Programa Puni\u00e7\u00e3o, Controle Social e Direitos Humanos;<\/p>\n<p>PPGD\/UFPel \u2013 Universidade Federal de Pelotas, Brasil;<\/p>\n<p>PPGH\/UFPel \u2013 Universidade Federal de Pelotas, Brasil;<\/p>\n<p>PPGS\/UFPel \u2013 Universidade Federal de Pelotas, Brasil;<\/p>\n<p>NUPPOME\/PPGCPOL\/UFPel \u2013 Universidade Federal de Pelotas, Brasil;<\/p>\n<p>PPGCCRIM\/PUCRS \u2013 Pontif\u00edcia Universidade Cat\u00f3lica do Rio Grande do Sul, Brasil;<\/p>\n<p>PPGD\/UFAL \u2013 Universidade Federal de Alagoas, Brasil;<\/p>\n<p>Grupo Interdisciplinar de Trabalho e Estudos Criminais-Penitenci\u00e1rios, Universidade Cat\u00f3lica de Pelotas, Brasil;<\/p>\n<p>Observatorio del Sistema Penal y los Derechos Humanos, Universitat de Barcelona, Espanha;<\/p>\n<p>Centro de Estudios de Ejecuci\u00f3n Penal, Universidad de Buenos Aires, Argentina;<\/p>\n<p>Centro de Seguridad Urbana, Universidad Alberto Hurtado, Chile;<\/p>\n<p>Fundaci\u00f3n Construir, Bol\u00edvia;<\/p>\n<p>Instituto de Estudios Comparados en Ciencias Penales y Sociales, Paraguai;<\/p>\n<p>Facultad de Ciencias, Tecnolog\u00edas y Artes, Universidad Nacional de Pilar, Paraguai;<\/p>\n<p>Universidad de la Rep\u00fablica, Uruguai;<\/p>\n<p>FESDEP\/RS \u2013 Escola Superior da Defensoria P\u00fablica do Estado do Rio Grande do Sul, Brasil;<\/p>\n<p>EDEPE\/SP \u2013 Escola da Defensoria P\u00fablica do Estado de S\u00e3o Paulo, Brasil;<\/p>\n<p>DPU \u2013 Defensoria P\u00fablica da Uni\u00e3o, Brasil;<\/p>\n<p>Procuraci\u00f3n Penitenciaria de la Naci\u00f3n, Argentina;<\/p>\n<p>Comisionado Parlamentario Penitenciario, Uruguai;<\/p>\n<p>Frente dos Coletivos Carcer\u00e1rios do Rio Grande do Sul;<\/p>\n<p>Red Cono Sur de Investigaci\u00f3n en Cuestiones Penitenciarias.<\/p>\n<p>____<\/p>\n<p><strong>APOIO\u00a0<\/strong><\/p>\n<p>CAPES \u2013 Coordena\u00e7\u00e3o de Aperfei\u00e7oamento de Pessoal de N\u00edvel Superior<\/p>\n<p>CNPq\u00a0&#8211;\u00a0Conselho Nacional\u00a0de Desenvolvimento Cient\u00edfico e Tecnol\u00f3gico<\/p>\n<p>FAPERGS \u2013 Funda\u00e7\u00e3o de Amparo \u00e0 Pesquisa do Estado do Rio Grande do Sul<\/p>\n<p>____<\/p>\n<p><strong>COORDENA\u00c7\u00c3O<\/strong><\/p>\n<p>Alejandro Forero Cu\u00e9llar (Universitat de Barcelona, Espanha)<\/p>\n<p>Bruno Rotta Almeida (Universidade Federal de Pelotas, Brasil)<\/p>\n<p>Ramiro Gual (Universidad de Buenos Aires, Argentina)<\/p>\n<p>____<\/p>\n<p>Evento presencial e gratuito<\/p>\n<p>Carga hor\u00e1ria: 25 horas<\/p>\n<p>Consultas e contatos: <a href=\"libertasufpel@gmail.com\">libertasufpel@gmail.com<\/a><\/p>\n","protected":false},"excerpt":{"rendered":"<p>SEMIN\u00c1RIO INTERNACIONAL MEM\u00d3RIA E PERSPECTIVAS DE LUTA CONTRA A VIOL\u00caNCIA INSTITUCIONAL CARCER\u00c1RIA Faculdade de Direito Universidade Federal de Pelotas 21 e 22 de agosto de 2023 APRESENTA\u00c7\u00c3O A mem\u00f3ria, especialmente na sua dimens\u00e3o coletiva, legitima-se como categoria metodol\u00f3gica para as ci\u00eancias criminais na medida em que se apresenta na dire\u00e7\u00e3o de recupera\u00e7\u00e3o da lembran\u00e7a das [&hellip;]<\/p>\n","protected":false},"author":440,"featured_media":0,"parent":0,"menu_order":0,"comment_status":"closed","ping_status":"closed","template":"","meta":{"footnotes":""},"class_list":["post-1898","page","type-page","status-publish","hentry"],"_links":{"self":[{"href":"https:\/\/wp.ufpel.edu.br\/libertas\/wp-json\/wp\/v2\/pages\/1898","targetHints":{"allow":["GET"]}}],"collection":[{"href":"https:\/\/wp.ufpel.edu.br\/libertas\/wp-json\/wp\/v2\/pages"}],"about":[{"href":"https:\/\/wp.ufpel.edu.br\/libertas\/wp-json\/wp\/v2\/types\/page"}],"author":[{"embeddable":true,"href":"https:\/\/wp.ufpel.edu.br\/libertas\/wp-json\/wp\/v2\/users\/440"}],"replies":[{"embeddable":true,"href":"https:\/\/wp.ufpel.edu.br\/libertas\/wp-json\/wp\/v2\/comments?post=1898"}],"version-history":[{"count":28,"href":"https:\/\/wp.ufpel.edu.br\/libertas\/wp-json\/wp\/v2\/pages\/1898\/revisions"}],"predecessor-version":[{"id":2118,"href":"https:\/\/wp.ufpel.edu.br\/libertas\/wp-json\/wp\/v2\/pages\/1898\/revisions\/2118"}],"wp:attachment":[{"href":"https:\/\/wp.ufpel.edu.br\/libertas\/wp-json\/wp\/v2\/media?parent=1898"}],"curies":[{"name":"wp","href":"https:\/\/api.w.org\/{rel}","templated":true}]}}