{"id":1819,"date":"2022-10-10T17:59:09","date_gmt":"2022-10-10T20:59:09","guid":{"rendered":"https:\/\/wp.ufpel.edu.br\/libertas\/?page_id=1819"},"modified":"2023-06-28T22:46:57","modified_gmt":"2023-06-29T01:46:57","slug":"workshop-saude-e-mortalidade-no-sistema-penal-iv-congresso-internacional-punicao-e-controle-social","status":"publish","type":"page","link":"https:\/\/wp.ufpel.edu.br\/libertas\/workshop-saude-e-mortalidade-no-sistema-penal-iv-congresso-internacional-punicao-e-controle-social\/","title":{"rendered":"Workshop Sa\u00fade e Mortalidade no Sistema Penal &#8211; IV Congresso Internacional Puni\u00e7\u00e3o e Controle Social"},"content":{"rendered":"<p style=\"text-align: left;\"><span style=\"color: #000000;\"><strong>WORKSHOP SA\u00daDE E MORTALIDADE NO SISTEMA PENAL<\/strong><\/span><\/p>\n<p style=\"text-align: left;\"><span style=\"color: #000000;\">IV CONGRESSO INTERNACIONAL PUNI\u00c7\u00c3O E CONTROLE SOCIAL<\/span><\/p>\n<p style=\"text-align: left;\"><span style=\"color: #000000;\"><strong>Faculdade de Direito<\/strong><\/span><\/p>\n<p style=\"text-align: left;\"><span style=\"color: #000000;\"><strong>Universidade Federal de Pelotas<\/strong><\/span><\/p>\n<p style=\"text-align: left;\"><span style=\"color: #000000;\"><strong>20 e 21 de mar\u00e7o de 2023<\/strong><\/span><\/p>\n<p><a href=\"https:\/\/wp.ufpel.edu.br\/libertas\/files\/2022\/10\/FD_IV-CIPCS_Evento-Facebook_rev01-500x262px.png\"><img class=\"alignnone size-medium wp-image-1820\" src=\"https:\/\/wp.ufpel.edu.br\/libertas\/files\/2022\/10\/FD_IV-CIPCS_Evento-Facebook_rev01-500x262px-400x210.png\" alt=\"\" width=\"400\" height=\"210\" srcset=\"https:\/\/wp.ufpel.edu.br\/libertas\/files\/2022\/10\/FD_IV-CIPCS_Evento-Facebook_rev01-500x262px-400x210.png 400w, https:\/\/wp.ufpel.edu.br\/libertas\/files\/2022\/10\/FD_IV-CIPCS_Evento-Facebook_rev01-500x262px.png 500w\" sizes=\"(max-width: 400px) 100vw, 400px\" \/><\/a><\/p>\n<p><span style=\"color: #000000;\"><strong>APRESENTA\u00c7\u00c3O<\/strong><\/span><\/p>\n<p><span style=\"color: #000000;\">O IV Congresso Internacional Puni\u00e7\u00e3o e Controle Social pretende desenvolver, nesta quarta edi\u00e7\u00e3o, o Workshop Sa\u00fade e Mortalidade no Sistema Penal, a fim de analisar e avaliar o panorama sobre o acesso \u00e0 sa\u00fade e a mortalidade nas pris\u00f5es, os impactos da pandemia de COVID-19, os alcances e os limites das pol\u00edticas e demandas de acesso ao direito fundamental social \u00e0 sa\u00fade e sua interse\u00e7\u00e3o com a viola\u00e7\u00e3o ao direito \u00e0 vida em contexto de pris\u00e3o.<\/span><\/p>\n<p><span style=\"color: #000000;\">O evento busca promover um ambiente de debate e permuta cient\u00edfico-acad\u00eamica permeado por perspectivas cr\u00edticas em torno de eixos estruturados a partir da interse\u00e7\u00e3o entre sa\u00fade, mortalidade e sistema penal, al\u00e9m de aproximar perspectivas locais, regionais e internacionais com dimens\u00f5es correlatas, como o enfrentamento da viol\u00eancia, a desigualdade social e o desrespeito aos direitos humanos. Al\u00e9m disso, propicia rela\u00e7\u00f5es acad\u00eamicas, cient\u00edficas e interinstitucionais entres pa\u00edses a partir do Sul-Sul, imprescind\u00edvel para refletir sobre pol\u00edticas p\u00fablicas regionais e locais tendo como base as viv\u00eancias e experi\u00eancias pr\u00f3ximas e com impacto social, pol\u00edtico e jur\u00eddico na comunidade.<\/span><\/p>\n<p><span style=\"color: #000000;\">Os grupos de trabalho est\u00e3o distribu\u00eddos da seguinte forma: <\/span><\/p>\n<ul>\n<li><span style=\"color: #000000;\">Sistema penal e sa\u00fade<\/span><\/li>\n<li><span style=\"color: #000000;\">Sistema penal e mortalidade<\/span><\/li>\n<li><span style=\"color: #000000;\">Sistema penal, viol\u00eancia e perspectivas interdisciplinares<\/span><\/li>\n<\/ul>\n<p><span style=\"color: #000000;\">Convidamos todas as pessoas interessadas em participar com o envio de trabalhos (em portugu\u00eas, espanhol ou ingl\u00eas).\u00a0<\/span><\/p>\n<p><strong><span style=\"color: #0000ff;\"><a style=\"color: #0000ff;\" href=\"https:\/\/wp.ufpel.edu.br\/libertas\/files\/2023\/06\/PROGRAMACAO-COMPLETA-.pdf\">PROGRAMA\u00c7\u00c3O COMPLETA-<\/a><\/span><\/strong><\/p>\n<p><span style=\"color: #000000;\">____<\/span><\/p>\n<p><span style=\"color: #000000;\"><strong>TRABALHOS<\/strong><\/span><\/p>\n<p><a href=\"https:\/\/wp.ufpel.edu.br\/libertas\/files\/2022\/10\/FD_IV-CIPCS_rev03-WEB-A3.png\"><img class=\"alignnone size-medium wp-image-1834\" src=\"https:\/\/wp.ufpel.edu.br\/libertas\/files\/2022\/10\/FD_IV-CIPCS_rev03-WEB-A3-283x400.png\" alt=\"\" width=\"283\" height=\"400\" srcset=\"https:\/\/wp.ufpel.edu.br\/libertas\/files\/2022\/10\/FD_IV-CIPCS_rev03-WEB-A3-283x400.png 283w, https:\/\/wp.ufpel.edu.br\/libertas\/files\/2022\/10\/FD_IV-CIPCS_rev03-WEB-A3-724x1024.png 724w, https:\/\/wp.ufpel.edu.br\/libertas\/files\/2022\/10\/FD_IV-CIPCS_rev03-WEB-A3-768x1086.png 768w, https:\/\/wp.ufpel.edu.br\/libertas\/files\/2022\/10\/FD_IV-CIPCS_rev03-WEB-A3.png 842w\" sizes=\"(max-width: 283px) 100vw, 283px\" \/><\/a><\/p>\n<p><span style=\"color: #0000ff;\"><a style=\"color: #0000ff;\" href=\"https:\/\/wp.ufpel.edu.br\/libertas\/files\/2022\/10\/FD_IV-CIPCS_rev03-PRINT-A3.pdf\">FD_IV CIPCS_<\/a><\/span><\/p>\n<p><span style=\"color: #000000;\">Data limite de recep\u00e7\u00e3o das propostas (at\u00e9 3 p\u00e1ginas): 15\/01\/2023 &#8211; <strong>Prorrogadas at\u00e9 31\/01\/2023 &#8211; Encerradas<\/strong><\/span><\/p>\n<p><span style=\"color: #000000;\">Resultado das propostas aceitas: 31\/01\/2023 &#8211; Nova data: 05\/02\/2023<\/span><\/p>\n<p><span style=\"color: #000000;\">Data limite de envio dos trabalhos completos: 15\/03\/2023<\/span><\/p>\n<p><span style=\"color: #000000;\">As propostas e os trabalhos completos devem ser enviados ao e-mail: <span style=\"color: #0000ff;\"><a style=\"color: #0000ff;\" href=\"mailto:punicaoecontrolesocial@gmail.com\">punicaoecontrolesocial@gmail.com<\/a><\/span><\/span><\/p>\n<p><span style=\"color: #000000;\">Os trabalhos completos n\u00e3o devem passar de 15 p\u00e1ginas, incluindo notas e refer\u00eancias. Os trabalhos completos apresentados ser\u00e3o publicados nos anais do evento.<\/span><\/p>\n<p><span style=\"color: #000000;\">Modelo de proposta<\/span>: <span style=\"color: #0000ff;\"><a style=\"color: #0000ff;\" href=\"https:\/\/wp.ufpel.edu.br\/libertas\/files\/2022\/10\/Modelo-de-proposta.doc\">Modelo de proposta<\/a><\/span><\/p>\n<p><span style=\"color: #0000ff;\"><strong><a style=\"color: #0000ff;\" href=\"https:\/\/editorial.tirant.com\/br\/libro\/saude-e-mortalidade-no-sistema-penal-volume-2-bruno-rotta-almeida-E000020005733?busqueda=sa%3Fde&amp;\">ANAIS DO IV CONGRESSO INTERNACIONAL PUNI\u00c7\u00c3O E CONTROLE SOCIAL<\/a><\/strong><\/span><\/p>\n<p><span style=\"color: #000000;\">____<\/span><\/p>\n<p><span style=\"color: #000000;\"><strong>ORGANIZA\u00c7\u00c3O E PARCEIROS<\/strong><\/span><\/p>\n<p><span style=\"color: #000000;\">Libertas \u2013 Programa Puni\u00e7\u00e3o, Controle Social e Direitos Humanos<\/span><\/p>\n<p><span style=\"color: #000000;\">PPGD\/UFPel &#8211; Universidade Federal de Pelotas, Brasil<\/span><\/p>\n<p><span style=\"color: #000000;\">PPGD\/UFAL &#8211; Universidade Federal de Alagoas, Brasil<\/span><\/p>\n<p><span style=\"color: #000000;\">PPGD\/UNICAP \u2013 Universidade Cat\u00f3lica de Pernambuco, Brasil<\/span><\/p>\n<p><span style=\"color: #000000;\">Universidad de la Rep\u00fablica, Uruguai<\/span><\/p>\n<p><span style=\"color: #000000;\">Universidad de Buenos Aires, Argentina<\/span><\/p>\n<p><span style=\"color: #000000;\">Universitat de Barcelona, Espanha<\/span><\/p>\n<p><span style=\"color: #000000;\">Red Cono Sur de Investigaci\u00f3n en Cuestiones Penitenciarias<\/span><\/p>\n<p><span style=\"color: #000000;\">____<\/span><\/p>\n<p><span style=\"color: #000000;\"><strong>APOIO FINANCEIRO<\/strong><\/span><\/p>\n<p><span style=\"color: #000000;\">CAPES &#8211; Coordena\u00e7\u00e3o de Aperfei\u00e7oamento de Pessoal de N\u00edvel Superior<\/span><\/p>\n<p><span style=\"color: #000000;\">FAPERGS \u2013 Funda\u00e7\u00e3o de Amparo \u00e0 Pesquisa do Estado do Rio Grande do Sul\u00a0<\/span><\/p>\n<p><span style=\"color: #000000;\">____<\/span><\/p>\n<p><span style=\"color: #000000;\"><strong>COORDENA\u00c7\u00c3O<\/strong><\/span><\/p>\n<p><span style=\"color: #000000;\">Bruno Rotta Almeida (Universidade Federal de Pelotas, Brasil)<\/span><\/p>\n<p><span style=\"color: #000000;\">Elaine Pimentel (Universidade Federal de Alagoas, Brasil)<\/span><\/p>\n<p><span style=\"color: #000000;\">Patrick Cacicedo (Universidade de S\u00e3o Paulo, Defensoria P\u00fablica do Estado de S\u00e3o Paulo, Brasil)<\/span><\/p>\n<p><span style=\"color: #000000;\">____<\/span><\/p>\n<p><span style=\"color: #000000;\">Evento presencial e gratuito <\/span><\/p>\n<p><span style=\"color: #000000;\">Carga hor\u00e1ria: 25 horas<\/span><\/p>\n<p><span style=\"color: #000000;\">Consultas e contatos:<\/span> <span style=\"color: #0000ff;\"><a style=\"color: #0000ff;\" href=\"mailto:punicaoecontrolesocial@gmail.com\">punicaoecontrolesocial@gmail.com<\/a><\/span><\/p>\n","protected":false},"excerpt":{"rendered":"<p>WORKSHOP SA\u00daDE E MORTALIDADE NO SISTEMA PENAL IV CONGRESSO INTERNACIONAL PUNI\u00c7\u00c3O E CONTROLE SOCIAL Faculdade de Direito Universidade Federal de Pelotas 20 e 21 de mar\u00e7o de 2023 APRESENTA\u00c7\u00c3O O IV Congresso Internacional Puni\u00e7\u00e3o e Controle Social pretende desenvolver, nesta quarta edi\u00e7\u00e3o, o Workshop Sa\u00fade e Mortalidade no Sistema Penal, a fim de analisar e [&hellip;]<\/p>\n","protected":false},"author":440,"featured_media":0,"parent":0,"menu_order":0,"comment_status":"closed","ping_status":"closed","template":"","meta":{"footnotes":""},"class_list":["post-1819","page","type-page","status-publish","hentry"],"_links":{"self":[{"href":"https:\/\/wp.ufpel.edu.br\/libertas\/wp-json\/wp\/v2\/pages\/1819","targetHints":{"allow":["GET"]}}],"collection":[{"href":"https:\/\/wp.ufpel.edu.br\/libertas\/wp-json\/wp\/v2\/pages"}],"about":[{"href":"https:\/\/wp.ufpel.edu.br\/libertas\/wp-json\/wp\/v2\/types\/page"}],"author":[{"embeddable":true,"href":"https:\/\/wp.ufpel.edu.br\/libertas\/wp-json\/wp\/v2\/users\/440"}],"replies":[{"embeddable":true,"href":"https:\/\/wp.ufpel.edu.br\/libertas\/wp-json\/wp\/v2\/comments?post=1819"}],"version-history":[{"count":19,"href":"https:\/\/wp.ufpel.edu.br\/libertas\/wp-json\/wp\/v2\/pages\/1819\/revisions"}],"predecessor-version":[{"id":1925,"href":"https:\/\/wp.ufpel.edu.br\/libertas\/wp-json\/wp\/v2\/pages\/1819\/revisions\/1925"}],"wp:attachment":[{"href":"https:\/\/wp.ufpel.edu.br\/libertas\/wp-json\/wp\/v2\/media?parent=1819"}],"curies":[{"name":"wp","href":"https:\/\/api.w.org\/{rel}","templated":true}]}}