{"id":1711,"date":"2021-06-28T22:13:07","date_gmt":"2021-06-29T01:13:07","guid":{"rendered":"https:\/\/wp.ufpel.edu.br\/libertas\/?page_id=1711"},"modified":"2022-08-24T17:06:27","modified_gmt":"2022-08-24T20:06:27","slug":"workshop-justica-criminal-e-questoes-sociais-no-sul-global-iii-congresso-internacional-punicao-e-controle-social","status":"publish","type":"page","link":"https:\/\/wp.ufpel.edu.br\/libertas\/eventos\/workshop-justica-criminal-e-questoes-sociais-no-sul-global-iii-congresso-internacional-punicao-e-controle-social\/","title":{"rendered":"Workshop Justi\u00e7a Criminal e Quest\u00f5es Sociais no Sul Global &#8211; III Congresso Internacional Puni\u00e7\u00e3o e Controle Social"},"content":{"rendered":"<p style=\"text-align: left;\"><span style=\"color: #000000;\"><strong>WORKSHOP JUSTI\u00c7A CRIMINAL E QUEST\u00d5ES SOCIAIS NO SUL GLOBAL<\/strong><\/span><\/p>\n<p style=\"text-align: left;\"><span style=\"color: #000000;\">III CONGRESSO INTERNACIONAL PUNI\u00c7\u00c3O E CONTROLE SOCIAL<\/span><\/p>\n<p style=\"text-align: left;\"><span style=\"color: #000000;\"><strong>Faculdade de Direito<\/strong><\/span><\/p>\n<p style=\"text-align: left;\"><span style=\"color: #000000;\"><strong>Universidade Federal de Pelotas<\/strong><\/span><\/p>\n<p style=\"text-align: left;\"><span style=\"color: #000000;\"><strong>24, 25 e 26 de novembro de 2021<\/strong><\/span><\/p>\n<p><a href=\"https:\/\/wp.ufpel.edu.br\/libertas\/files\/2021\/06\/FD_III-CIPCS_Evento-Facebook_rev02-500x262px.png\"><img class=\"alignnone size-medium wp-image-1692\" src=\"https:\/\/wp.ufpel.edu.br\/libertas\/files\/2021\/06\/FD_III-CIPCS_Evento-Facebook_rev02-500x262px-400x210.png\" alt=\"\" width=\"400\" height=\"210\" srcset=\"https:\/\/wp.ufpel.edu.br\/libertas\/files\/2021\/06\/FD_III-CIPCS_Evento-Facebook_rev02-500x262px-400x210.png 400w, https:\/\/wp.ufpel.edu.br\/libertas\/files\/2021\/06\/FD_III-CIPCS_Evento-Facebook_rev02-500x262px.png 500w\" sizes=\"(max-width: 400px) 100vw, 400px\" \/><\/a><\/p>\n<p><span style=\"color: #000000;\"><strong>APRESENTA\u00c7\u00c3O<\/strong><\/span><\/p>\n<p><span style=\"color: #000000;\">O III Congresso Internacional Puni\u00e7\u00e3o e Controle Social \u2013 Workshop Justi\u00e7a Criminal e Quest\u00f5es Sociais no Sul Global pretende reunir profissionais, docentes e pesquisadoras e pesquisadores sobre a justi\u00e7a criminal e as quest\u00f5es sociais e humanas em experi\u00eancias hist\u00f3ricas e perspectivas a partir do sul global. A proposta \u00e9 unir contribui\u00e7\u00f5es na tentativa de prosseguir no debate sobre a conjectura da justi\u00e7a criminal (e seus atores) na contemporaneidade, como tamb\u00e9m no reflexo \u00e0s quest\u00f5es sociais diante das desigualdades, vulnera\u00e7\u00f5es e viol\u00eancias que envolvem diferentes jurisdi\u00e7\u00f5es e contextos, no \u00e2mbito da Am\u00e9rica Latina e \u00c1frica, mas tamb\u00e9m em outras dimens\u00f5es d(e)o Sul.<\/span><\/p>\n<p><span style=\"color: #000000;\">O evento busca aproximar perspectivas internacionais com dimens\u00f5es correlatas, como o enfrentamento da viol\u00eancia, a desigualdade social e o desrespeito aos direitos humanos. Al\u00e9m disso, propicia rela\u00e7\u00f5es acad\u00eamicas, cient\u00edficas e interinstitucionais entres pa\u00edses a partir do Sul-Sul, imprescind\u00edvel para refletir sobre pol\u00edticas p\u00fablicas regionais e locais tendo como base as viv\u00eancias e experi\u00eancias pr\u00f3ximas e com impacto social, pol\u00edtico e jur\u00eddico na comunidade.<\/span><\/p>\n<p><span style=\"color: #000000;\">Os grupos de trabalho est\u00e3o estruturados a partir da interse\u00e7\u00e3o entre justi\u00e7a criminal e quest\u00f5es sociais, assim indicados: <\/span><\/p>\n<ul>\n<li><span style=\"color: #000000;\">Justi\u00e7a criminal e direitos humanos<\/span><\/li>\n<li><span style=\"color: #000000;\">Justi\u00e7a criminal e atores<\/span><\/li>\n<li><span style=\"color: #000000;\">Justi\u00e7a criminal e mem\u00f3ria<\/span><\/li>\n<li><span style=\"color: #000000;\">Justi\u00e7a criminal e perspectivas interdisciplinares<\/span><\/li>\n<\/ul>\n<p><span style=\"color: #000000;\">Convidamos todas as pessoas interessadas em participar com o envio de trabalhos (em portugu\u00eas, espanhol ou ingl\u00eas).\u00a0<\/span><\/p>\n<p>____<\/p>\n<p><strong><span style=\"color: #000000;\">TRABALHOS<\/span><\/strong><\/p>\n<p><span style=\"color: #000000;\">Os trabalhos apresentados ser\u00e3o publicados nos anais do e<\/span>vento.<\/p>\n<p><a href=\"https:\/\/wp.ufpel.edu.br\/libertas\/files\/2021\/06\/FD_III-CIPCS_rev03-WEB-A3.png\"><img class=\"alignnone size-medium wp-image-1713\" src=\"https:\/\/wp.ufpel.edu.br\/libertas\/files\/2021\/06\/FD_III-CIPCS_rev03-WEB-A3-283x400.png\" alt=\"\" width=\"283\" height=\"400\" srcset=\"https:\/\/wp.ufpel.edu.br\/libertas\/files\/2021\/06\/FD_III-CIPCS_rev03-WEB-A3-283x400.png 283w, https:\/\/wp.ufpel.edu.br\/libertas\/files\/2021\/06\/FD_III-CIPCS_rev03-WEB-A3-724x1024.png 724w, https:\/\/wp.ufpel.edu.br\/libertas\/files\/2021\/06\/FD_III-CIPCS_rev03-WEB-A3-768x1087.png 768w, https:\/\/wp.ufpel.edu.br\/libertas\/files\/2021\/06\/FD_III-CIPCS_rev03-WEB-A3.png 841w\" sizes=\"(max-width: 283px) 100vw, 283px\" \/><\/a><\/p>\n<p><span style=\"color: #000000;\"><strong>ANAIS DO\u00a0III CONGRESSO INTERNACIONAL PUNI\u00c7\u00c3O E CONTROLE SOCIAL &#8211; WORKSHOP JUSTI\u00c7A CRIMINAL E QUEST\u00d5ES SOCIAIS NO SUL GLOBAL<\/strong><\/span><\/p>\n<p><span style=\"color: #000000;\">ALMEIDA, B. R.; CUCO, A. F. (Org.) . <strong>Justi\u00e7a criminal e quest\u00f5es sociais no sul global<\/strong>. S\u00e3o Paulo\/SP: Max Limonad, 2022. v. 1. 214p. <span style=\"color: #0000ff;\"><strong><a style=\"color: #0000ff;\" href=\"https:\/\/drive.google.com\/file\/d\/1jilFvtqEfEzwyGFj3Nx46WvXFs5YSrZ9\/view\">Dispon\u00edvel aqui.<\/a><\/strong><\/span><\/span><\/p>\n<p><span style=\"color: #000000;\">ALMEIDA, B. R.; RODRIGUES, A. N. ; SANTOS, A. A. D. ; SALLET, B.H. ; SANTOS, E.A. ; SILVA, M. D. O. ; CABRAL, M. R. ; ROSA, M. L. ; MOREIRA, R. B. ; CASTANHO, R.P. ; FRAGA, R. S. ; GOMES, T. B. ; CARVALHO, V. D. . <strong>Direitos sociais, pris\u00f5es e justi\u00e7a no Brasil: impactos da pandemia (2020 &#8211; 2021)<\/strong>. S\u00e3o Paulo\/SP: Max Limonad, 2022. v. 1. 169p. <span style=\"color: #0000ff;\"><strong><a style=\"color: #0000ff;\" href=\"https:\/\/drive.google.com\/file\/d\/17xnx0Se9W2oWzos29CREaEnmhncz0JVa\/view\">Dispon\u00edvel aqui.<\/a>\u00a0<\/strong><\/span>\u00a0<\/span><\/p>\n<p><span style=\"color: #000000;\">ALMEIDA, B. R.. <strong>Justi\u00e7a criminal e direitos humanos<\/strong>. S\u00e3o Paulo\/SP: Max Limonad, 2022. v. 1. 91p. <strong><span style=\"color: #0000ff;\"><a style=\"color: #0000ff;\" href=\"https:\/\/drive.google.com\/file\/d\/16xfJZmMyWCgJoCo3qmAJPBxY6vOGwMFt\/view\">Dispon\u00edvel aqui.<\/a><\/span><\/strong>\u00a0<\/span><\/p>\n<p><span style=\"color: #000000;\">ALMEIDA, B. R.. <strong>Justi\u00e7a criminal e atores<\/strong>. S\u00e3o Paulo\/SP: Max Limonad, 2022. v. 1. 110p. <span style=\"color: #0000ff;\"><strong><a style=\"color: #0000ff;\" href=\"https:\/\/drive.google.com\/file\/d\/1vdXPlx-qXTeTNThPOXPcybxgmLbAIK3W\/view\">Dispon\u00edvel aqui<\/a><\/strong><\/span>.\u00a0<\/span><\/p>\n<p><span style=\"color: #000000;\">ALMEIDA, B. R.. <strong>Justi\u00e7a criminal, mem\u00f3ria e perspectivas interdisciplinares<\/strong>. S\u00e3o Paulo\/SP: Max Limonad, 2022. v. 1. 115p. <span style=\"color: #0000ff;\"><strong><a style=\"color: #0000ff;\" href=\"https:\/\/drive.google.com\/file\/d\/15WbAZ4AF4pwrDAj1aKwSzjDqyad_vtZl\/view\">Dispon\u00edvel aqui.\u00a0<\/a><\/strong><\/span><\/span><\/p>\n<p>.<\/p>\n<p><span style=\"color: #000000;\"><strong>PROGRAMA\u00c7\u00c3O COMPLETA<\/strong><\/span><\/p>\n<p><strong><span style=\"color: #0000ff;\"><a style=\"color: #0000ff;\" href=\"https:\/\/wp.ufpel.edu.br\/libertas\/files\/2021\/11\/PROGRAMACAO-III-COPUCS.pdf\">PROGRAMA\u00c7\u00c3O III COPUCS<\/a><\/span><\/strong><\/p>\n<p><span style=\"color: #000000;\">.<\/span><\/p>\n<p><strong><span style=\"color: #000000;\">ATESTADOS<\/span><\/strong><\/p>\n<p><span style=\"color: #000000;\"><strong>Ouvintes<\/strong>: <strong><span style=\"color: #0000ff;\"><a style=\"color: #0000ff;\" href=\"https:\/\/drive.google.com\/drive\/folders\/1xHoqyOStHiSdsAsdxn30qTGkXMgZKb8c?usp=sharing\">clique aqui<\/a>.<\/span><\/strong><\/span><\/p>\n<p><span style=\"color: #000000;\"><strong>Apresenta\u00e7\u00e3o de Trabalhos<\/strong>: <strong><span style=\"color: #0000ff;\"><a style=\"color: #0000ff;\" href=\"https:\/\/drive.google.com\/drive\/folders\/1jLFyWRRCUN8lCEZ0JaioRCl27pT7FyI9?usp=sharing\">clique aqui<\/a>.<\/span><\/strong><\/span><\/p>\n<p>.<\/p>\n<p><span style=\"color: #000000;\"><strong>ORGANIZA\u00c7\u00c3O E PARCEIROS<\/strong><\/span><\/p>\n<p><span style=\"color: #000000;\">Libertas \u2013 Programa Puni\u00e7\u00e3o, Controle Social e Direitos Humanos<\/span><\/p>\n<p><span style=\"color: #000000;\">PPGD\/UFPel \u2013 Universidade Federal de Pelotas<\/span><\/p>\n<p><span style=\"color: #000000;\">FD\/UR \u2013 Universidade Rovuma, Mo\u00e7ambique<\/span><\/p>\n<p><span style=\"color: #000000;\">FD\/UCM \u2013 Universidade Cat\u00f3lica de Mo\u00e7ambique<\/span><\/p>\n<p><span style=\"color: #000000;\">PPGD\/UFAL \u2013 Universidade Federal de Alagoas<\/span><\/p>\n<p><span style=\"color: #000000;\">CLACSO \u2013 Conselho Latino-americano de Ci\u00eancias Sociais<\/span><\/p>\n<p>.<\/p>\n<p><strong><span style=\"color: #000000;\">APOIO FINANCEIRO<\/span><\/strong><\/p>\n<p><span style=\"color: #000000;\">CAPES &#8211; Coordena\u00e7\u00e3o de Aperfei\u00e7oamento de Pessoal de N\u00edvel Superior<\/span><\/p>\n<p>.<\/p>\n<p><strong><span style=\"color: #000000;\">COORDENA\u00c7\u00c3O<\/span><\/strong><\/p>\n<p><span style=\"color: #000000;\">Bruno Rotta Almeida (Universidade Federal de Pelotas, Brasil)<\/span><\/p>\n<p><span style=\"color: #000000;\">Arc\u00e9nio Francisco Cuco (Universidade Rovuma, Mo\u00e7ambique)<\/span><\/p>\n<p>.<\/p>\n<p><span style=\"color: #000000;\">Evento on-line e gratuito <\/span><\/p>\n<p><span style=\"color: #000000;\">Carga hor\u00e1ria: 25 horas<\/span><\/p>\n","protected":false},"excerpt":{"rendered":"<p>WORKSHOP JUSTI\u00c7A CRIMINAL E QUEST\u00d5ES SOCIAIS NO SUL GLOBAL III CONGRESSO INTERNACIONAL PUNI\u00c7\u00c3O E CONTROLE SOCIAL Faculdade de Direito Universidade Federal de Pelotas 24, 25 e 26 de novembro de 2021 APRESENTA\u00c7\u00c3O O III Congresso Internacional Puni\u00e7\u00e3o e Controle Social \u2013 Workshop Justi\u00e7a Criminal e Quest\u00f5es Sociais no Sul Global pretende reunir profissionais, docentes e [&hellip;]<\/p>\n","protected":false},"author":440,"featured_media":0,"parent":161,"menu_order":0,"comment_status":"closed","ping_status":"closed","template":"","meta":{"footnotes":""},"class_list":["post-1711","page","type-page","status-publish","hentry"],"_links":{"self":[{"href":"https:\/\/wp.ufpel.edu.br\/libertas\/wp-json\/wp\/v2\/pages\/1711","targetHints":{"allow":["GET"]}}],"collection":[{"href":"https:\/\/wp.ufpel.edu.br\/libertas\/wp-json\/wp\/v2\/pages"}],"about":[{"href":"https:\/\/wp.ufpel.edu.br\/libertas\/wp-json\/wp\/v2\/types\/page"}],"author":[{"embeddable":true,"href":"https:\/\/wp.ufpel.edu.br\/libertas\/wp-json\/wp\/v2\/users\/440"}],"replies":[{"embeddable":true,"href":"https:\/\/wp.ufpel.edu.br\/libertas\/wp-json\/wp\/v2\/comments?post=1711"}],"version-history":[{"count":26,"href":"https:\/\/wp.ufpel.edu.br\/libertas\/wp-json\/wp\/v2\/pages\/1711\/revisions"}],"predecessor-version":[{"id":1814,"href":"https:\/\/wp.ufpel.edu.br\/libertas\/wp-json\/wp\/v2\/pages\/1711\/revisions\/1814"}],"up":[{"embeddable":true,"href":"https:\/\/wp.ufpel.edu.br\/libertas\/wp-json\/wp\/v2\/pages\/161"}],"wp:attachment":[{"href":"https:\/\/wp.ufpel.edu.br\/libertas\/wp-json\/wp\/v2\/media?parent=1711"}],"curies":[{"name":"wp","href":"https:\/\/api.w.org\/{rel}","templated":true}]}}