{"id":1700,"date":"2021-06-28T21:40:58","date_gmt":"2021-06-29T00:40:58","guid":{"rendered":"https:\/\/wp.ufpel.edu.br\/libertas\/?page_id=1700"},"modified":"2021-06-28T21:40:58","modified_gmt":"2021-06-29T00:40:58","slug":"estado-crimes-de-sistema-e-danos-sociais","status":"publish","type":"page","link":"https:\/\/wp.ufpel.edu.br\/libertas\/pesquisa\/estado-crimes-de-sistema-e-danos-sociais\/","title":{"rendered":"Estado, Crimes de Sistema e Danos Sociais"},"content":{"rendered":"<p><span style=\"color: #000000\">Estado, crimes de sistema e danos sociais<\/span><\/p>\n<p><span style=\"color: #000000\">A pesquisa objetiva problematizar, a partir de fundamentos normativos e institucionais vigentes no Estado brasileiro e tamb\u00e9m em estudo comparado, os distintos padr\u00f5es, na perspectiva da sociedade atual, que refletem as atitudes e as a\u00e7\u00f5es do Estado causadoras de danosidade social, caracterizadas como \u201ccrimes de sistemas\u201d. Assim, procura avaliar os impactos desses comportamentos e suas vari\u00e1veis individuais, coletivas e institucionais, enfatizando os aspectos jur\u00eddico, hist\u00f3rico, pol\u00edtico, social e econ\u00f4mico, bem como suas interfaces.<\/span><\/p>\n<p><span style=\"color: #000000\">Per\u00edodo de realiza\u00e7\u00e3o: 2020 &#8211; atual\u00a0<\/span><\/p>\n","protected":false},"excerpt":{"rendered":"<p>Estado, crimes de sistema e danos sociais A pesquisa objetiva problematizar, a partir de fundamentos normativos e institucionais vigentes no Estado brasileiro e tamb\u00e9m em estudo comparado, os distintos padr\u00f5es, na perspectiva da sociedade atual, que refletem as atitudes e as a\u00e7\u00f5es do Estado causadoras de danosidade social, caracterizadas como \u201ccrimes de sistemas\u201d. Assim, procura [&hellip;]<\/p>\n","protected":false},"author":440,"featured_media":0,"parent":31,"menu_order":0,"comment_status":"closed","ping_status":"closed","template":"","meta":{"footnotes":""},"class_list":["post-1700","page","type-page","status-publish","hentry"],"_links":{"self":[{"href":"https:\/\/wp.ufpel.edu.br\/libertas\/wp-json\/wp\/v2\/pages\/1700","targetHints":{"allow":["GET"]}}],"collection":[{"href":"https:\/\/wp.ufpel.edu.br\/libertas\/wp-json\/wp\/v2\/pages"}],"about":[{"href":"https:\/\/wp.ufpel.edu.br\/libertas\/wp-json\/wp\/v2\/types\/page"}],"author":[{"embeddable":true,"href":"https:\/\/wp.ufpel.edu.br\/libertas\/wp-json\/wp\/v2\/users\/440"}],"replies":[{"embeddable":true,"href":"https:\/\/wp.ufpel.edu.br\/libertas\/wp-json\/wp\/v2\/comments?post=1700"}],"version-history":[{"count":1,"href":"https:\/\/wp.ufpel.edu.br\/libertas\/wp-json\/wp\/v2\/pages\/1700\/revisions"}],"predecessor-version":[{"id":1701,"href":"https:\/\/wp.ufpel.edu.br\/libertas\/wp-json\/wp\/v2\/pages\/1700\/revisions\/1701"}],"up":[{"embeddable":true,"href":"https:\/\/wp.ufpel.edu.br\/libertas\/wp-json\/wp\/v2\/pages\/31"}],"wp:attachment":[{"href":"https:\/\/wp.ufpel.edu.br\/libertas\/wp-json\/wp\/v2\/media?parent=1700"}],"curies":[{"name":"wp","href":"https:\/\/api.w.org\/{rel}","templated":true}]}}