{"id":1628,"date":"2019-10-14T19:35:52","date_gmt":"2019-10-14T22:35:52","guid":{"rendered":"https:\/\/wp.ufpel.edu.br\/libertas\/?page_id=1628"},"modified":"2019-11-20T13:23:29","modified_gmt":"2019-11-20T16:23:29","slug":"workshop-prisoes-controle-e-dano-social-na-america-latina-ii-congresso-internacional-punicao-e-controle-social","status":"publish","type":"page","link":"https:\/\/wp.ufpel.edu.br\/libertas\/eventos\/workshop-prisoes-controle-e-dano-social-na-america-latina-ii-congresso-internacional-punicao-e-controle-social\/","title":{"rendered":"Workshop Pris\u00f5es, Controle e Dano Social na Am\u00e9rica Latina &#8211; II Congresso Internacional Puni\u00e7\u00e3o e Controle Social"},"content":{"rendered":"<p style=\"text-align: left\"><span style=\"color: #000000\"><strong>WORKSHOP PRIS\u00d5ES, CONTROLE E DANO SOCIAL NA AM\u00c9RICA LATINA<\/strong><\/span><\/p>\n<p style=\"text-align: left\"><span style=\"color: #000000\">II CONGRESSO INTERNACIONAL PUNI\u00c7\u00c3O E CONTROLE SOCIAL<\/span><\/p>\n<p style=\"text-align: left\"><span style=\"color: #000000\"><strong>Faculdade de Direito<\/strong><\/span><\/p>\n<p style=\"text-align: left\"><span style=\"color: #000000\"><strong>Universidade Federal de Pelotas<\/strong><\/span><\/p>\n<p style=\"text-align: left\"><span style=\"color: #000000\"><strong>25 e 26 de novembro de 2019<\/strong><\/span><\/p>\n<p><a href=\"https:\/\/wp.ufpel.edu.br\/libertas\/files\/2019\/10\/FD-PPGD_Post-Redes-Sociais-convocat\u00f3ria-de-Resumos_rev02.jpg\"><img class=\"alignnone size-medium wp-image-1646\" src=\"https:\/\/wp.ufpel.edu.br\/libertas\/files\/2019\/10\/FD-PPGD_Post-Redes-Sociais-convocat\u00f3ria-de-Resumos_rev02-400x214.jpg\" alt=\"\" width=\"400\" height=\"214\" srcset=\"https:\/\/wp.ufpel.edu.br\/libertas\/files\/2019\/10\/FD-PPGD_Post-Redes-Sociais-convocat\u00f3ria-de-Resumos_rev02-400x214.jpg 400w, https:\/\/wp.ufpel.edu.br\/libertas\/files\/2019\/10\/FD-PPGD_Post-Redes-Sociais-convocat\u00f3ria-de-Resumos_rev02-768x411.jpg 768w, https:\/\/wp.ufpel.edu.br\/libertas\/files\/2019\/10\/FD-PPGD_Post-Redes-Sociais-convocat\u00f3ria-de-Resumos_rev02.jpg 820w\" sizes=\"(max-width: 400px) 100vw, 400px\" \/><\/a><\/p>\n<p><span style=\"color: #000000\"><strong>APRESENTA\u00c7\u00c3O<\/strong><\/span><\/p>\n<p><span style=\"color: #000000\">Encontrar elementos de aproxima\u00e7\u00e3o entre diferentes pa\u00edses \u00e9 sempre um grande desafio. A explora\u00e7\u00e3o de distintas conjecturas com o intuito de for\u00e7ar o di\u00e1logo entre variadas experi\u00eancias \u00e9 um caminho necess\u00e1rio para a busca de ferramentas e mecanismos para o enfrentamento da quest\u00e3o prisional. Neste contexto, a Am\u00e9rica Latina vem apresentando, em maior ou menor grau, altos \u00edndices de encarceramento, de superlota\u00e7\u00e3o, de aprisionamento de mulheres, e de presos sem condena\u00e7\u00e3o definitiva. As degrada\u00e7\u00f5es carcer\u00e1rias e as viola\u00e7\u00f5es de direitos humanos s\u00e3o constantes nas pris\u00f5es latino-americanas. Aproximando-se da realidade social latino-americana, \u00e9 poss\u00edvel trazer ao ambiente acad\u00eamico e cient\u00edfico a discuss\u00e3o de t\u00e9cnicas e a solidifica\u00e7\u00e3o de parcerias que contemplem as reais demandas da sociedade e, a partir da compreens\u00e3o das mesmas, compor mecanismos capazes de promover a transforma\u00e7\u00e3o social.<\/span><\/p>\n<p><span style=\"color: #000000\">Assim, o II Congresso Internacional Puni\u00e7\u00e3o e Controle Social tem como objetivo reunir pesquisadores e profissionais em torno do <strong>Workshop Pris\u00f5es, Controle e Dano Social na Am\u00e9rica Latina<\/strong>, buscando alavancar, no \u00e2mbito do interc\u00e2mbio de v\u00e1rias institui\u00e7\u00f5es de ensino e pesquisa, e da integra\u00e7\u00e3o da agenda de distintas redes de pesquisa e grupos de trabalho internacionais, o conhecimento cientifico e a produ\u00e7\u00e3o te\u00f3rica e pr\u00e1tica de pesquisas e a\u00e7\u00f5es voltadas a melhor compreender as estrat\u00e9gias de puni\u00e7\u00e3o e de controle social em diferentes pa\u00edses, por\u00e9m com o cuidado de refletir sobre o contexto e as consequ\u00eancias sociais do castigo e do controle no \u00e2mbito latino-americano.<\/span><\/p>\n<p><span style=\"color: #000000\">O evento est\u00e1 sendo organizado pelo Programa de P\u00f3s-Gradua\u00e7\u00e3o em Direito da Universidade Federal de Pelotas e pelo Libertas &#8211; Programa de Pesquisa, Ensino e Extens\u00e3o em Puni\u00e7\u00e3o, Controle Social e Direitos Humanos (UFPel), em parceria com as seguintes institui\u00e7\u00f5es: Programa de P\u00f3s-Gradua\u00e7\u00e3o em Pol\u00edtica Social e Direitos Humanos da Universidade Cat\u00f3lica de Pelotas (PPGPSDH\/UCPel); Programa de P\u00f3s-Gradua\u00e7\u00e3o em Direito da Universidade Federal de Alagoas (PPGD\/UFAL); Universidad Nacional del Litoral (UNL, Argentina); Universidad Nacional de Pilar (UNP, Paraguai); e Conselho Latino-americano de Ci\u00eancias Sociais (CLACSO).<\/span><\/p>\n<p><span style=\"color: #000000\">O II Congresso Internacional Puni\u00e7\u00e3o e Controle Social, a ser realizado nos dias 25 e 26 de novembro, na Faculdade de Direito da Universidade Federal de Pelotas, faz parte da agenda do Grupo de Trabalho \u201c<em>Sistema penal y cambio social\u201d do \u201cConsejo Latinoamericano de Ciencias Sociales (CLACSO)<\/em>\u201d, e do cronograma de atividades da \u201c<em>Red Cono Sur de Investigaci\u00f3n en Cuesti\u00f3n Penitenciaria (RCSICP).<\/em><\/span><\/p>\n<p><span style=\"color: #000000\">Diante da abertura do di\u00e1logo com pesquisadores e grupos acad\u00eamicos de diversos pa\u00edses da Am\u00e9rica Latina, percebe-se a necessidade de promover um ambiente de debate e permuta cient\u00edfico-acad\u00eamica permeado por perspectivas cr\u00edticas em torno de eixos tem\u00e1ticos estruturados a partir da interse\u00e7\u00e3o entre pris\u00f5es, controle e dano social, assim indicados: Pris\u00e3o e diversidade; Rela\u00e7\u00e3o de grupos e viol\u00eancia nas pris\u00f5es; Sistema de justi\u00e7a, pol\u00edtica e pris\u00e3o; e Pris\u00e3o: abordagens hist\u00f3ricas e perspectivas metodol\u00f3gicas.<\/span><\/p>\n<p><span style=\"color: #000000\">\u00c9 com este esp\u00edrito que resolvemos apresentar esta convocat\u00f3ria para al\u00e9m das muralhas nacionais, e promover o <strong>Workshop Pris\u00f5es, Controle e Dano Social na Am\u00e9rica Latina, <\/strong>no marco do II Congresso Internacional Puni\u00e7\u00e3o e Controle Social. O Congresso se desenvolver\u00e1 em duas l\u00ednguas: portugu\u00eas e espanhol. Uma sele\u00e7\u00e3o dos trabalhos apresentados ser\u00e1 publicada como um n\u00famero especial de peri\u00f3dico (anais). Portanto, convidamos todas as pessoas interessadas em participar com o envio de resumos (em portugu\u00eas ou espanhol).<\/span><\/p>\n<p>&nbsp;<\/p>\n<p><span style=\"color: #0000ff;font-size: 18pt\"><strong><a style=\"color: #0000ff\" href=\"https:\/\/wp.ufpel.edu.br\/libertas\/files\/2019\/11\/Programa\u00e7\u00e3o-completa.pdf\">PROGRAMA\u00c7\u00c3O COMPLETA<\/a><\/strong><\/span><\/p>\n<p>&nbsp;<\/p>\n<p><strong><span style=\"color: #000000\">CONVOCAT\u00d3RIA DE RESUMOS<\/span><\/strong><\/p>\n<p><span style=\"color: #000000\">Data limite de recep\u00e7\u00e3o dos resumos (at\u00e9 250 palavras): <strong>15\/11\/2019 &#8211; prazo encerrado<\/strong><\/span><\/p>\n<p><span style=\"color: #000000\">E-mail para envio dos resumos: <span class=\"qu\" role=\"gridcell\"><span class=\"go\">punicaoecontrolesocial@gmail.com<\/span><\/span><\/span><\/p>\n<p><span style=\"color: #000000\"><a style=\"color: #000000\" href=\"https:\/\/wp.ufpel.edu.br\/libertas\/files\/2019\/10\/Modelo-de-resumo.doc\">Modelo de resumo<\/a><\/span><\/p>\n<p><a href=\"https:\/\/wp.ufpel.edu.br\/libertas\/files\/2019\/10\/FD-PPGD_Cartaz-convocat\u00f3ria-de-Resumos_rev03-WEB-A3.jpg\"><img class=\"alignnone size-medium wp-image-1654\" src=\"https:\/\/wp.ufpel.edu.br\/libertas\/files\/2019\/10\/FD-PPGD_Cartaz-convocat\u00f3ria-de-Resumos_rev03-WEB-A3-283x400.jpg\" alt=\"\" width=\"283\" height=\"400\" srcset=\"https:\/\/wp.ufpel.edu.br\/libertas\/files\/2019\/10\/FD-PPGD_Cartaz-convocat\u00f3ria-de-Resumos_rev03-WEB-A3-283x400.jpg 283w, https:\/\/wp.ufpel.edu.br\/libertas\/files\/2019\/10\/FD-PPGD_Cartaz-convocat\u00f3ria-de-Resumos_rev03-WEB-A3-768x1087.jpg 768w, https:\/\/wp.ufpel.edu.br\/libertas\/files\/2019\/10\/FD-PPGD_Cartaz-convocat\u00f3ria-de-Resumos_rev03-WEB-A3-724x1024.jpg 724w, https:\/\/wp.ufpel.edu.br\/libertas\/files\/2019\/10\/FD-PPGD_Cartaz-convocat\u00f3ria-de-Resumos_rev03-WEB-A3.jpg 841w\" sizes=\"(max-width: 283px) 100vw, 283px\" \/><\/a><\/p>\n<p>&nbsp;<\/p>\n<p>&nbsp;<\/p>\n<p><span style=\"color: #000000\"><strong>ORGANIZA\u00c7\u00c3O E PARCEIROS<\/strong><\/span><\/p>\n<p><span style=\"color: #000000\">Libertas &#8211; Programa de Pesquisa, Ensino e Extens\u00e3o em Puni\u00e7\u00e3o, Controle Social e Direitos Humanos<\/span><\/p>\n<p><span style=\"color: #000000\">PPGD\/UFPel &#8211; Universidade Federal de Pelotas<\/span><\/p>\n<p><span style=\"color: #000000\">PPGPSDH\/UCPel &#8211; Universidade Cat\u00f3lica de Pelotas<\/span><\/p>\n<p><span style=\"color: #000000\">PPGD\/UFAL &#8211; Universidade Federal de Alagoas<\/span><\/p>\n<p><span style=\"color: #000000\">UDELAR &#8211; Universidad de la Rep\u00fablica, Uruguai<\/span><\/p>\n<p><span style=\"color: #000000\">UNL &#8211; Universidad Nacional del Litoral, Argentina<\/span><\/p>\n<p><span style=\"color: #000000\">UNP &#8211; Universidad Nacional de Pilar, Paraguai<\/span><\/p>\n<p><span style=\"color: #000000\">CLACSO &#8211; Conselho Latino Americano de Ci\u00eancias Sociais<\/span><\/p>\n<p>&nbsp;<\/p>\n<p><strong><span style=\"color: #000000\">COORDENA\u00c7\u00c3O<\/span><\/strong><\/p>\n<p><span style=\"color: #000000\">Bruno Rotta Almeida (UFPel\/Universidade Federal de Pelotas)<\/span><\/p>\n<p><span style=\"color: #000000\">M\u00e1ximo Sozzo (UNL\/Universidad Nacional del Litoral)<\/span><\/p>\n<p>&nbsp;<\/p>\n<p><span style=\"color: #000000\">Evento gratuito.\u00a0<\/span><\/p>\n<p><span style=\"color: #000000\">Carga hor\u00e1ria: 20 horas.<\/span><\/p>\n","protected":false},"excerpt":{"rendered":"<p>WORKSHOP PRIS\u00d5ES, CONTROLE E DANO SOCIAL NA AM\u00c9RICA LATINA II CONGRESSO INTERNACIONAL PUNI\u00c7\u00c3O E CONTROLE SOCIAL Faculdade de Direito Universidade Federal de Pelotas 25 e 26 de novembro de 2019 APRESENTA\u00c7\u00c3O Encontrar elementos de aproxima\u00e7\u00e3o entre diferentes pa\u00edses \u00e9 sempre um grande desafio. A explora\u00e7\u00e3o de distintas conjecturas com o intuito de for\u00e7ar o di\u00e1logo [&hellip;]<\/p>\n","protected":false},"author":440,"featured_media":0,"parent":161,"menu_order":0,"comment_status":"closed","ping_status":"closed","template":"","meta":{"footnotes":""},"class_list":["post-1628","page","type-page","status-publish","hentry"],"_links":{"self":[{"href":"https:\/\/wp.ufpel.edu.br\/libertas\/wp-json\/wp\/v2\/pages\/1628","targetHints":{"allow":["GET"]}}],"collection":[{"href":"https:\/\/wp.ufpel.edu.br\/libertas\/wp-json\/wp\/v2\/pages"}],"about":[{"href":"https:\/\/wp.ufpel.edu.br\/libertas\/wp-json\/wp\/v2\/types\/page"}],"author":[{"embeddable":true,"href":"https:\/\/wp.ufpel.edu.br\/libertas\/wp-json\/wp\/v2\/users\/440"}],"replies":[{"embeddable":true,"href":"https:\/\/wp.ufpel.edu.br\/libertas\/wp-json\/wp\/v2\/comments?post=1628"}],"version-history":[{"count":11,"href":"https:\/\/wp.ufpel.edu.br\/libertas\/wp-json\/wp\/v2\/pages\/1628\/revisions"}],"predecessor-version":[{"id":1658,"href":"https:\/\/wp.ufpel.edu.br\/libertas\/wp-json\/wp\/v2\/pages\/1628\/revisions\/1658"}],"up":[{"embeddable":true,"href":"https:\/\/wp.ufpel.edu.br\/libertas\/wp-json\/wp\/v2\/pages\/161"}],"wp:attachment":[{"href":"https:\/\/wp.ufpel.edu.br\/libertas\/wp-json\/wp\/v2\/media?parent=1628"}],"curies":[{"name":"wp","href":"https:\/\/api.w.org\/{rel}","templated":true}]}}