{"id":157,"date":"2014-09-17T12:38:09","date_gmt":"2014-09-17T15:38:09","guid":{"rendered":"https:\/\/wp.ufpel.edu.br\/libertas\/?page_id=157"},"modified":"2023-04-13T09:57:15","modified_gmt":"2023-04-13T12:57:15","slug":"grupo-de-estudos","status":"publish","type":"page","link":"https:\/\/wp.ufpel.edu.br\/libertas\/grupo-de-estudos\/","title":{"rendered":"Ensino e Grupo de Estudos"},"content":{"rendered":"<p><span style=\"font-family: georgia, palatino, serif; font-size: 12pt; color: #0000ff;\"><a style=\"color: #0000ff;\" href=\"https:\/\/wp.ufpel.edu.br\/cienciascriminais\/\">ENSINO-APRENDIZAGEM EM CI\u00caNCIAS CRIMINAIS<\/a><\/span><\/p>\n<p><span class=\"Apple-style-span\" style=\"font-family: georgia, palatino, serif; font-size: 12pt; color: #0000ff;\"><a style=\"color: #0000ff;\" href=\"https:\/\/wp.ufpel.edu.br\/libertas\/grupo-de-estudos\/gepucs\/\">GRUPO DE ESTUDOS E PESQUISA EM PUNI\u00c7\u00c3O E CONTROLE SOCIAL<\/a><\/span><\/p>\n","protected":false},"excerpt":{"rendered":"<p>ENSINO-APRENDIZAGEM EM CI\u00caNCIAS CRIMINAIS GRUPO DE ESTUDOS E PESQUISA EM PUNI\u00c7\u00c3O E CONTROLE SOCIAL<\/p>\n","protected":false},"author":440,"featured_media":0,"parent":0,"menu_order":3,"comment_status":"closed","ping_status":"closed","template":"","meta":{"footnotes":""},"class_list":["post-157","page","type-page","status-publish","hentry"],"_links":{"self":[{"href":"https:\/\/wp.ufpel.edu.br\/libertas\/wp-json\/wp\/v2\/pages\/157","targetHints":{"allow":["GET"]}}],"collection":[{"href":"https:\/\/wp.ufpel.edu.br\/libertas\/wp-json\/wp\/v2\/pages"}],"about":[{"href":"https:\/\/wp.ufpel.edu.br\/libertas\/wp-json\/wp\/v2\/types\/page"}],"author":[{"embeddable":true,"href":"https:\/\/wp.ufpel.edu.br\/libertas\/wp-json\/wp\/v2\/users\/440"}],"replies":[{"embeddable":true,"href":"https:\/\/wp.ufpel.edu.br\/libertas\/wp-json\/wp\/v2\/comments?post=157"}],"version-history":[{"count":12,"href":"https:\/\/wp.ufpel.edu.br\/libertas\/wp-json\/wp\/v2\/pages\/157\/revisions"}],"predecessor-version":[{"id":1885,"href":"https:\/\/wp.ufpel.edu.br\/libertas\/wp-json\/wp\/v2\/pages\/157\/revisions\/1885"}],"wp:attachment":[{"href":"https:\/\/wp.ufpel.edu.br\/libertas\/wp-json\/wp\/v2\/media?parent=157"}],"curies":[{"name":"wp","href":"https:\/\/api.w.org\/{rel}","templated":true}]}}