{"id":1562,"date":"2019-05-31T19:27:43","date_gmt":"2019-05-31T22:27:43","guid":{"rendered":"https:\/\/wp.ufpel.edu.br\/libertas\/?page_id=1562"},"modified":"2019-05-31T19:27:43","modified_gmt":"2019-05-31T22:27:43","slug":"morte-sob-custodia-penal-argentina-brasil-e-uruguai","status":"publish","type":"page","link":"https:\/\/wp.ufpel.edu.br\/libertas\/pesquisa\/morte-sob-custodia-penal-argentina-brasil-e-uruguai\/","title":{"rendered":"Morte sob cust\u00f3dia penal: Argentina, Brasil e Uruguai"},"content":{"rendered":"<p><span style=\"color: #000000\">A pesquisa prop\u00f5e estudar o contexto das tend\u00eancias contempor\u00e2neas da execu\u00e7\u00e3o da pena em perspectiva regional (Argentina, Brasil e Uruguai) ante a viola\u00e7\u00e3o constante do direito \u00e0 vida das pessoas privadas de liberdade. Dessa forma, as perguntas desta proposta s\u00e3o as seguintes: Que modelos de pol\u00edtica criminal e penitenci\u00e1ria destinados a superar o c\u00e1rcere foram desenvolvidos nos \u00faltimos 20 anos? Quais foram as consequ\u00eancias? Quais impactos podem ser observados com rela\u00e7\u00e3o ao direito \u00e0 vida da popula\u00e7\u00e3o privada de liberdade? As respostas a estas perguntas mostram tend\u00eancias e descontinuidades muitas vezes veladas e escondidas pelos organismos oficiais.<\/span><\/p>\n<p><span style=\"color: #000000\">Interc\u00e2mbio acad\u00eamico-institucional: Red Cono Sur de Investigaci\u00f3n en Cuesti\u00f3n Penitenciaria<\/span><\/p>\n<p><span style=\"color: #000000\">Per\u00edodo de realiza\u00e7\u00e3o: 2018.<\/span><\/p>\n","protected":false},"excerpt":{"rendered":"<p>A pesquisa prop\u00f5e estudar o contexto das tend\u00eancias contempor\u00e2neas da execu\u00e7\u00e3o da pena em perspectiva regional (Argentina, Brasil e Uruguai) ante a viola\u00e7\u00e3o constante do direito \u00e0 vida das pessoas privadas de liberdade. Dessa forma, as perguntas desta proposta s\u00e3o as seguintes: Que modelos de pol\u00edtica criminal e penitenci\u00e1ria destinados a superar o c\u00e1rcere foram [&hellip;]<\/p>\n","protected":false},"author":440,"featured_media":0,"parent":31,"menu_order":0,"comment_status":"closed","ping_status":"closed","template":"","meta":{"footnotes":""},"class_list":["post-1562","page","type-page","status-publish","hentry"],"_links":{"self":[{"href":"https:\/\/wp.ufpel.edu.br\/libertas\/wp-json\/wp\/v2\/pages\/1562","targetHints":{"allow":["GET"]}}],"collection":[{"href":"https:\/\/wp.ufpel.edu.br\/libertas\/wp-json\/wp\/v2\/pages"}],"about":[{"href":"https:\/\/wp.ufpel.edu.br\/libertas\/wp-json\/wp\/v2\/types\/page"}],"author":[{"embeddable":true,"href":"https:\/\/wp.ufpel.edu.br\/libertas\/wp-json\/wp\/v2\/users\/440"}],"replies":[{"embeddable":true,"href":"https:\/\/wp.ufpel.edu.br\/libertas\/wp-json\/wp\/v2\/comments?post=1562"}],"version-history":[{"count":1,"href":"https:\/\/wp.ufpel.edu.br\/libertas\/wp-json\/wp\/v2\/pages\/1562\/revisions"}],"predecessor-version":[{"id":1563,"href":"https:\/\/wp.ufpel.edu.br\/libertas\/wp-json\/wp\/v2\/pages\/1562\/revisions\/1563"}],"up":[{"embeddable":true,"href":"https:\/\/wp.ufpel.edu.br\/libertas\/wp-json\/wp\/v2\/pages\/31"}],"wp:attachment":[{"href":"https:\/\/wp.ufpel.edu.br\/libertas\/wp-json\/wp\/v2\/media?parent=1562"}],"curies":[{"name":"wp","href":"https:\/\/api.w.org\/{rel}","templated":true}]}}