{"id":1560,"date":"2019-05-31T19:26:16","date_gmt":"2019-05-31T22:26:16","guid":{"rendered":"https:\/\/wp.ufpel.edu.br\/libertas\/?page_id=1560"},"modified":"2019-05-31T19:26:16","modified_gmt":"2019-05-31T22:26:16","slug":"experiencias-e-boas-praticas-de-combate-e-prevencao-a-violencia-institucional-em-ambientes-prisionais","status":"publish","type":"page","link":"https:\/\/wp.ufpel.edu.br\/libertas\/pesquisa\/experiencias-e-boas-praticas-de-combate-e-prevencao-a-violencia-institucional-em-ambientes-prisionais\/","title":{"rendered":"Experi\u00eancias e boas pr\u00e1ticas de combate e preven\u00e7\u00e3o \u00e0 viol\u00eancia institucional em ambientes prisionais"},"content":{"rendered":"<p><span style=\"color: #000000\">A pesquisa prop\u00f5e estudar experi\u00eancias e boas-pr\u00e1ticas de combate e preven\u00e7\u00e3o \u00e0 viol\u00eancia institucional em ambientes prisionais relacionadas a institui\u00e7\u00f5es p\u00fablicas, como Defensoria P\u00fablica, Minist\u00e9rio P\u00fablico, Judici\u00e1rio, administra\u00e7\u00e3o penitenci\u00e1ria, e organismos e mecanismos nacionais e estaduais de preven\u00e7\u00e3o \u00e0 tortura. O trabalho est\u00e1 dividido em tr\u00eas fases. A primeira fase est\u00e1 delimitada ao contexto global, incluindo a an\u00e1lise das normativas internacionais sobre direitos humanos e viol\u00eancia institucional. A segunda fase envolve o estudo sobre o panorama americano. Por fim, a terceira fase avalia experi\u00eancias nacionais, regionais e locais. O c\u00e1rcere \u00e9 um lugar de persistente viola\u00e7\u00e3o \u00e0 legalidade e de contradi\u00e7\u00e3o institucional. A potencializa\u00e7\u00e3o dos direitos fundamentais das pessoas privadas de liberdade se verifica atrav\u00e9s de estrat\u00e9gias de luta e enfrentamento \u00e0 viol\u00eancia produzida pelo pr\u00f3prio c\u00e1rcere. O estudo de experi\u00eancias e boas pr\u00e1ticas de combate e preven\u00e7\u00e3o \u00e0 viol\u00eancia institucional pode apresentar importantes ferramentas para enfrentar o problema. Assim, o problema de pesquisa se relaciona com o papel que as institui\u00e7\u00f5es p\u00fablicas exercem no combate e preven\u00e7\u00e3o \u00e0 viol\u00eancia institucional nas pris\u00f5es, como tamb\u00e9m os alcances, limites e possibilidades das pr\u00f3prias a\u00e7\u00f5es e experi\u00eancias.<\/span><\/p>\n<p><span style=\"color: #000000\">Per\u00edodo de realiza\u00e7\u00e3o: 2018.<\/span><\/p>\n","protected":false},"excerpt":{"rendered":"<p>A pesquisa prop\u00f5e estudar experi\u00eancias e boas-pr\u00e1ticas de combate e preven\u00e7\u00e3o \u00e0 viol\u00eancia institucional em ambientes prisionais relacionadas a institui\u00e7\u00f5es p\u00fablicas, como Defensoria P\u00fablica, Minist\u00e9rio P\u00fablico, Judici\u00e1rio, administra\u00e7\u00e3o penitenci\u00e1ria, e organismos e mecanismos nacionais e estaduais de preven\u00e7\u00e3o \u00e0 tortura. O trabalho est\u00e1 dividido em tr\u00eas fases. A primeira fase est\u00e1 delimitada ao contexto global, [&hellip;]<\/p>\n","protected":false},"author":440,"featured_media":0,"parent":31,"menu_order":0,"comment_status":"closed","ping_status":"closed","template":"","meta":{"footnotes":""},"class_list":["post-1560","page","type-page","status-publish","hentry"],"_links":{"self":[{"href":"https:\/\/wp.ufpel.edu.br\/libertas\/wp-json\/wp\/v2\/pages\/1560","targetHints":{"allow":["GET"]}}],"collection":[{"href":"https:\/\/wp.ufpel.edu.br\/libertas\/wp-json\/wp\/v2\/pages"}],"about":[{"href":"https:\/\/wp.ufpel.edu.br\/libertas\/wp-json\/wp\/v2\/types\/page"}],"author":[{"embeddable":true,"href":"https:\/\/wp.ufpel.edu.br\/libertas\/wp-json\/wp\/v2\/users\/440"}],"replies":[{"embeddable":true,"href":"https:\/\/wp.ufpel.edu.br\/libertas\/wp-json\/wp\/v2\/comments?post=1560"}],"version-history":[{"count":1,"href":"https:\/\/wp.ufpel.edu.br\/libertas\/wp-json\/wp\/v2\/pages\/1560\/revisions"}],"predecessor-version":[{"id":1561,"href":"https:\/\/wp.ufpel.edu.br\/libertas\/wp-json\/wp\/v2\/pages\/1560\/revisions\/1561"}],"up":[{"embeddable":true,"href":"https:\/\/wp.ufpel.edu.br\/libertas\/wp-json\/wp\/v2\/pages\/31"}],"wp:attachment":[{"href":"https:\/\/wp.ufpel.edu.br\/libertas\/wp-json\/wp\/v2\/media?parent=1560"}],"curies":[{"name":"wp","href":"https:\/\/api.w.org\/{rel}","templated":true}]}}