{"id":1556,"date":"2019-05-31T19:24:15","date_gmt":"2019-05-31T22:24:15","guid":{"rendered":"https:\/\/wp.ufpel.edu.br\/libertas\/?page_id=1556"},"modified":"2019-05-31T19:24:34","modified_gmt":"2019-05-31T22:24:34","slug":"modelos-e-mecanismos-de-superacao-da-prisao-a-partir-da-sociedade-civil-experiencias-europeias-e-latino-americanas","status":"publish","type":"page","link":"https:\/\/wp.ufpel.edu.br\/libertas\/pesquisa\/modelos-e-mecanismos-de-superacao-da-prisao-a-partir-da-sociedade-civil-experiencias-europeias-e-latino-americanas\/","title":{"rendered":"Modelos e mecanismos de supera\u00e7\u00e3o da pris\u00e3o a partir da sociedade civil: experi\u00eancias europeias e latino-americanas"},"content":{"rendered":"<p><span style=\"color: #000000\">A pesquisa visa averiguar, estudar e analisar as experi\u00eancias de enfrentamento da pris\u00e3o pela via de defesa dos direitos fundamentais das pessoas privadas de liberdade em pa\u00edses da Europa e da Am\u00e9rica Latina a partir da sociedade civil. Busca verificar como se deu, nos v\u00e1rios contextos estudados, o processo de constru\u00e7\u00e3o da a\u00e7\u00e3o social e dos diferentes modelos e mecanismos de luta e enfrentamento do c\u00e1rcere em defesa dos direitos fundamentais das pessoas presas, como tamb\u00e9m o pr\u00f3prio empoderamento desses organismos e setores sociais, sua legitimidade, limites, responsabilidades e impactos sobre as pol\u00edticas p\u00fablicas da \u00e1rea.<\/span><\/p>\n<p><span style=\"color: #000000\">Est\u00e1gio de P\u00f3s-Doutorado na Universitat de Barcelona, com a supervis\u00e3o do Prof. Dr. I\u00f1aki Rivera Beiras<\/span><\/p>\n<p><span style=\"color: #000000\">Per\u00edodo de realiza\u00e7\u00e3o: 2017 &#8211; atual<\/span><\/p>\n","protected":false},"excerpt":{"rendered":"<p>A pesquisa visa averiguar, estudar e analisar as experi\u00eancias de enfrentamento da pris\u00e3o pela via de defesa dos direitos fundamentais das pessoas privadas de liberdade em pa\u00edses da Europa e da Am\u00e9rica Latina a partir da sociedade civil. Busca verificar como se deu, nos v\u00e1rios contextos estudados, o processo de constru\u00e7\u00e3o da a\u00e7\u00e3o social e [&hellip;]<\/p>\n","protected":false},"author":440,"featured_media":0,"parent":31,"menu_order":0,"comment_status":"closed","ping_status":"closed","template":"","meta":{"footnotes":""},"class_list":["post-1556","page","type-page","status-publish","hentry"],"_links":{"self":[{"href":"https:\/\/wp.ufpel.edu.br\/libertas\/wp-json\/wp\/v2\/pages\/1556","targetHints":{"allow":["GET"]}}],"collection":[{"href":"https:\/\/wp.ufpel.edu.br\/libertas\/wp-json\/wp\/v2\/pages"}],"about":[{"href":"https:\/\/wp.ufpel.edu.br\/libertas\/wp-json\/wp\/v2\/types\/page"}],"author":[{"embeddable":true,"href":"https:\/\/wp.ufpel.edu.br\/libertas\/wp-json\/wp\/v2\/users\/440"}],"replies":[{"embeddable":true,"href":"https:\/\/wp.ufpel.edu.br\/libertas\/wp-json\/wp\/v2\/comments?post=1556"}],"version-history":[{"count":1,"href":"https:\/\/wp.ufpel.edu.br\/libertas\/wp-json\/wp\/v2\/pages\/1556\/revisions"}],"predecessor-version":[{"id":1557,"href":"https:\/\/wp.ufpel.edu.br\/libertas\/wp-json\/wp\/v2\/pages\/1556\/revisions\/1557"}],"up":[{"embeddable":true,"href":"https:\/\/wp.ufpel.edu.br\/libertas\/wp-json\/wp\/v2\/pages\/31"}],"wp:attachment":[{"href":"https:\/\/wp.ufpel.edu.br\/libertas\/wp-json\/wp\/v2\/media?parent=1556"}],"curies":[{"name":"wp","href":"https:\/\/api.w.org\/{rel}","templated":true}]}}