{"id":1434,"date":"2018-09-25T16:13:07","date_gmt":"2018-09-25T19:13:07","guid":{"rendered":"https:\/\/wp.ufpel.edu.br\/libertas\/?page_id=1434"},"modified":"2019-05-31T20:20:01","modified_gmt":"2019-05-31T23:20:01","slug":"laboratorio-de-gestao-de-politicas-penais-labgepen","status":"publish","type":"page","link":"https:\/\/wp.ufpel.edu.br\/libertas\/redes-de-pesquisa\/laboratorio-de-gestao-de-politicas-penais-labgepen\/","title":{"rendered":"Laborat\u00f3rio de Gest\u00e3o de Pol\u00edticas Penais (LabGEPEN)"},"content":{"rendered":"<p><span style=\"color: #000000\">O Laborat\u00f3rio de Gest\u00e3o de Pol\u00edticas Penais, que integra\u00a0o Departamento de Gest\u00e3o de Pol\u00edticas P\u00fablicas da Universidade de Bras\u00edlia,\u00a0\u00a0tem por objetivo incidir na produ\u00e7\u00e3o e dissemina\u00e7\u00e3o de conhecimento, forma\u00e7\u00e3o acad\u00eamica e profissional, extens\u00e3o universit\u00e1ria, comunica\u00e7\u00e3o, formula\u00e7\u00e3o de pol\u00edticas e implementa\u00e7\u00e3o de propostas que possam contribuir na revis\u00e3o, delimita\u00e7\u00e3o e estrutura\u00e7\u00e3o da pol\u00edtica penal com base no Estado Democr\u00e1tico de Direito e nos Direitos Humanos.<\/span><\/p>\n<p><span style=\"color: #000000\">Mais informa\u00e7\u00f5es em:\u00a0<a style=\"color: #000000\" href=\"https:\/\/www.labgepen.org\/\">https:\/\/www.labgepen.org\/<\/a><\/span><\/p>\n","protected":false},"excerpt":{"rendered":"<p>O Laborat\u00f3rio de Gest\u00e3o de Pol\u00edticas Penais, que integra\u00a0o Departamento de Gest\u00e3o de Pol\u00edticas P\u00fablicas da Universidade de Bras\u00edlia,\u00a0\u00a0tem por objetivo incidir na produ\u00e7\u00e3o e dissemina\u00e7\u00e3o de conhecimento, forma\u00e7\u00e3o acad\u00eamica e profissional, extens\u00e3o universit\u00e1ria, comunica\u00e7\u00e3o, formula\u00e7\u00e3o de pol\u00edticas e implementa\u00e7\u00e3o de propostas que possam contribuir na revis\u00e3o, delimita\u00e7\u00e3o e estrutura\u00e7\u00e3o da pol\u00edtica penal com base [&hellip;]<\/p>\n","protected":false},"author":440,"featured_media":0,"parent":701,"menu_order":0,"comment_status":"closed","ping_status":"closed","template":"","meta":{"footnotes":""},"class_list":["post-1434","page","type-page","status-publish","hentry"],"_links":{"self":[{"href":"https:\/\/wp.ufpel.edu.br\/libertas\/wp-json\/wp\/v2\/pages\/1434","targetHints":{"allow":["GET"]}}],"collection":[{"href":"https:\/\/wp.ufpel.edu.br\/libertas\/wp-json\/wp\/v2\/pages"}],"about":[{"href":"https:\/\/wp.ufpel.edu.br\/libertas\/wp-json\/wp\/v2\/types\/page"}],"author":[{"embeddable":true,"href":"https:\/\/wp.ufpel.edu.br\/libertas\/wp-json\/wp\/v2\/users\/440"}],"replies":[{"embeddable":true,"href":"https:\/\/wp.ufpel.edu.br\/libertas\/wp-json\/wp\/v2\/comments?post=1434"}],"version-history":[{"count":2,"href":"https:\/\/wp.ufpel.edu.br\/libertas\/wp-json\/wp\/v2\/pages\/1434\/revisions"}],"predecessor-version":[{"id":1589,"href":"https:\/\/wp.ufpel.edu.br\/libertas\/wp-json\/wp\/v2\/pages\/1434\/revisions\/1589"}],"up":[{"embeddable":true,"href":"https:\/\/wp.ufpel.edu.br\/libertas\/wp-json\/wp\/v2\/pages\/701"}],"wp:attachment":[{"href":"https:\/\/wp.ufpel.edu.br\/libertas\/wp-json\/wp\/v2\/media?parent=1434"}],"curies":[{"name":"wp","href":"https:\/\/api.w.org\/{rel}","templated":true}]}}