{"id":1426,"date":"2018-09-25T16:08:46","date_gmt":"2018-09-25T19:08:46","guid":{"rendered":"https:\/\/wp.ufpel.edu.br\/libertas\/?page_id=1426"},"modified":"2019-05-31T20:20:10","modified_gmt":"2019-05-31T23:20:10","slug":"red-de-historiadores-e-historiadoras-del-delito-en-las-americas-redhha","status":"publish","type":"page","link":"https:\/\/wp.ufpel.edu.br\/libertas\/redes-de-pesquisa\/red-de-historiadores-e-historiadoras-del-delito-en-las-americas-redhha\/","title":{"rendered":"Red de Historiadores e Historiadoras del Delito en las Am\u00e9ricas (REDHHA)"},"content":{"rendered":"<p><span style=\"color: #000000\">Re\u00fane todos os interessados nas problem\u00e1ticas te\u00f3ricas e metodol\u00f3gicas inerentes ao estudo hist\u00f3rico do delito e temas afins em diversos pa\u00edses das Am\u00e9ricas.<\/span><\/p>\n<p><span style=\"color: #000000\">Mais informa\u00e7\u00f5es em: <a style=\"color: #000000\" href=\"http:\/\/redhhda.blogspot.com.br\">http:\/\/redhhda.blogspot.com.br<\/a><\/span><\/p>\n","protected":false},"excerpt":{"rendered":"<p>Re\u00fane todos os interessados nas problem\u00e1ticas te\u00f3ricas e metodol\u00f3gicas inerentes ao estudo hist\u00f3rico do delito e temas afins em diversos pa\u00edses das Am\u00e9ricas. Mais informa\u00e7\u00f5es em: http:\/\/redhhda.blogspot.com.br<\/p>\n","protected":false},"author":440,"featured_media":0,"parent":701,"menu_order":0,"comment_status":"closed","ping_status":"closed","template":"","meta":{"footnotes":""},"class_list":["post-1426","page","type-page","status-publish","hentry"],"_links":{"self":[{"href":"https:\/\/wp.ufpel.edu.br\/libertas\/wp-json\/wp\/v2\/pages\/1426","targetHints":{"allow":["GET"]}}],"collection":[{"href":"https:\/\/wp.ufpel.edu.br\/libertas\/wp-json\/wp\/v2\/pages"}],"about":[{"href":"https:\/\/wp.ufpel.edu.br\/libertas\/wp-json\/wp\/v2\/types\/page"}],"author":[{"embeddable":true,"href":"https:\/\/wp.ufpel.edu.br\/libertas\/wp-json\/wp\/v2\/users\/440"}],"replies":[{"embeddable":true,"href":"https:\/\/wp.ufpel.edu.br\/libertas\/wp-json\/wp\/v2\/comments?post=1426"}],"version-history":[{"count":2,"href":"https:\/\/wp.ufpel.edu.br\/libertas\/wp-json\/wp\/v2\/pages\/1426\/revisions"}],"predecessor-version":[{"id":1590,"href":"https:\/\/wp.ufpel.edu.br\/libertas\/wp-json\/wp\/v2\/pages\/1426\/revisions\/1590"}],"up":[{"embeddable":true,"href":"https:\/\/wp.ufpel.edu.br\/libertas\/wp-json\/wp\/v2\/pages\/701"}],"wp:attachment":[{"href":"https:\/\/wp.ufpel.edu.br\/libertas\/wp-json\/wp\/v2\/media?parent=1426"}],"curies":[{"name":"wp","href":"https:\/\/api.w.org\/{rel}","templated":true}]}}