{"id":1403,"date":"2018-07-26T19:53:05","date_gmt":"2018-07-26T22:53:05","guid":{"rendered":"https:\/\/wp.ufpel.edu.br\/libertas\/?page_id=1403"},"modified":"2019-05-31T19:30:39","modified_gmt":"2019-05-31T22:30:39","slug":"observatorio","status":"publish","type":"page","link":"https:\/\/wp.ufpel.edu.br\/libertas\/observatorio\/","title":{"rendered":"Observat\u00f3rio"},"content":{"rendered":"<p><span style=\"color: #000000\">Em parceria com o Grupo Interdisciplinar de Trabalho e Estudos Criminais-Penitenci\u00e1rios (GITEP), da Universidade Cat\u00f3lica de Pelotas<\/span><\/p>\n<p><span style=\"color: #000000\"><a style=\"color: #000000\" href=\"http:\/\/gitep.ucpel.edu.br\/observatorio\/\">Clique aqui para acessar o Observat\u00f3rio<\/a>.\u00a0<\/span><\/p>\n","protected":false},"excerpt":{"rendered":"<p>Em parceria com o Grupo Interdisciplinar de Trabalho e Estudos Criminais-Penitenci\u00e1rios (GITEP), da Universidade Cat\u00f3lica de Pelotas Clique aqui para acessar o Observat\u00f3rio.\u00a0<\/p>\n","protected":false},"author":440,"featured_media":0,"parent":0,"menu_order":0,"comment_status":"closed","ping_status":"closed","template":"","meta":{"footnotes":""},"class_list":["post-1403","page","type-page","status-publish","hentry"],"_links":{"self":[{"href":"https:\/\/wp.ufpel.edu.br\/libertas\/wp-json\/wp\/v2\/pages\/1403","targetHints":{"allow":["GET"]}}],"collection":[{"href":"https:\/\/wp.ufpel.edu.br\/libertas\/wp-json\/wp\/v2\/pages"}],"about":[{"href":"https:\/\/wp.ufpel.edu.br\/libertas\/wp-json\/wp\/v2\/types\/page"}],"author":[{"embeddable":true,"href":"https:\/\/wp.ufpel.edu.br\/libertas\/wp-json\/wp\/v2\/users\/440"}],"replies":[{"embeddable":true,"href":"https:\/\/wp.ufpel.edu.br\/libertas\/wp-json\/wp\/v2\/comments?post=1403"}],"version-history":[{"count":3,"href":"https:\/\/wp.ufpel.edu.br\/libertas\/wp-json\/wp\/v2\/pages\/1403\/revisions"}],"predecessor-version":[{"id":1565,"href":"https:\/\/wp.ufpel.edu.br\/libertas\/wp-json\/wp\/v2\/pages\/1403\/revisions\/1565"}],"wp:attachment":[{"href":"https:\/\/wp.ufpel.edu.br\/libertas\/wp-json\/wp\/v2\/media?parent=1403"}],"curies":[{"name":"wp","href":"https:\/\/api.w.org\/{rel}","templated":true}]}}