{"id":1274,"date":"2017-05-03T23:21:16","date_gmt":"2017-05-04T02:21:16","guid":{"rendered":"https:\/\/wp.ufpel.edu.br\/libertas\/?page_id=1274"},"modified":"2019-10-14T19:39:08","modified_gmt":"2019-10-14T22:39:08","slug":"seminario-historia-castigo-e-delito-segregacoes-e-vulnerabilidades","status":"publish","type":"page","link":"https:\/\/wp.ufpel.edu.br\/libertas\/eventos\/seminario-historia-castigo-e-delito-segregacoes-e-vulnerabilidades\/","title":{"rendered":"Semin\u00e1rio Hist\u00f3ria, Castigo e Delito: Segrega\u00e7\u00f5es e Vulnerabilidades"},"content":{"rendered":"<p><span style=\"color: #000000\">SEMIN\u00c1RIO HIST\u00d3RIA, CASTIGO E DELITO: Segrega\u00e7\u00f5es e Vulnerabilidades<\/span><\/p>\n<p><span style=\"color: #000000\">15.16 AGOSTO\u00a02016. PELOTAS. RS. BRASIL<\/span><\/p>\n<p><a href=\"https:\/\/wp.ufpel.edu.br\/libertas\/files\/2014\/09\/Seminario-Historia-Castigo-e-Delito.jpg\"><img class=\"alignnone size-medium wp-image-1228\" src=\"https:\/\/wp.ufpel.edu.br\/libertas\/files\/2014\/09\/Seminario-Historia-Castigo-e-Delito-424x318.jpg\" alt=\"\" width=\"424\" height=\"318\" srcset=\"https:\/\/wp.ufpel.edu.br\/libertas\/files\/2014\/09\/Seminario-Historia-Castigo-e-Delito-424x318.jpg 424w, https:\/\/wp.ufpel.edu.br\/libertas\/files\/2014\/09\/Seminario-Historia-Castigo-e-Delito-212x159.jpg 212w, https:\/\/wp.ufpel.edu.br\/libertas\/files\/2014\/09\/Seminario-Historia-Castigo-e-Delito-768x576.jpg 768w, https:\/\/wp.ufpel.edu.br\/libertas\/files\/2014\/09\/Seminario-Historia-Castigo-e-Delito.jpg 1344w\" sizes=\"(max-width: 424px) 100vw, 424px\" \/><\/a><\/p>\n","protected":false},"excerpt":{"rendered":"<p>SEMIN\u00c1RIO HIST\u00d3RIA, CASTIGO E DELITO: Segrega\u00e7\u00f5es e Vulnerabilidades 15.16 AGOSTO\u00a02016. PELOTAS. RS. BRASIL<\/p>\n","protected":false},"author":440,"featured_media":0,"parent":161,"menu_order":0,"comment_status":"closed","ping_status":"closed","template":"","meta":{"footnotes":""},"class_list":["post-1274","page","type-page","status-publish","hentry"],"_links":{"self":[{"href":"https:\/\/wp.ufpel.edu.br\/libertas\/wp-json\/wp\/v2\/pages\/1274","targetHints":{"allow":["GET"]}}],"collection":[{"href":"https:\/\/wp.ufpel.edu.br\/libertas\/wp-json\/wp\/v2\/pages"}],"about":[{"href":"https:\/\/wp.ufpel.edu.br\/libertas\/wp-json\/wp\/v2\/types\/page"}],"author":[{"embeddable":true,"href":"https:\/\/wp.ufpel.edu.br\/libertas\/wp-json\/wp\/v2\/users\/440"}],"replies":[{"embeddable":true,"href":"https:\/\/wp.ufpel.edu.br\/libertas\/wp-json\/wp\/v2\/comments?post=1274"}],"version-history":[{"count":2,"href":"https:\/\/wp.ufpel.edu.br\/libertas\/wp-json\/wp\/v2\/pages\/1274\/revisions"}],"predecessor-version":[{"id":1632,"href":"https:\/\/wp.ufpel.edu.br\/libertas\/wp-json\/wp\/v2\/pages\/1274\/revisions\/1632"}],"up":[{"embeddable":true,"href":"https:\/\/wp.ufpel.edu.br\/libertas\/wp-json\/wp\/v2\/pages\/161"}],"wp:attachment":[{"href":"https:\/\/wp.ufpel.edu.br\/libertas\/wp-json\/wp\/v2\/media?parent=1274"}],"curies":[{"name":"wp","href":"https:\/\/api.w.org\/{rel}","templated":true}]}}