{"id":1212,"date":"2016-06-22T23:23:06","date_gmt":"2016-06-23T02:23:06","guid":{"rendered":"https:\/\/wp.ufpel.edu.br\/libertas\/?page_id=1212"},"modified":"2016-09-07T22:17:45","modified_gmt":"2016-09-08T01:17:45","slug":"certificados","status":"publish","type":"page","link":"https:\/\/wp.ufpel.edu.br\/libertas\/eventos\/congresso-internacional-punicao-e-controle-social\/certificados\/","title":{"rendered":"Certificados"},"content":{"rendered":"<p><strong><span style=\"color: #000000;font-family: georgia, palatino, serif;font-size: 12pt\">Certificados &#8211; Congresso Internacional Puni\u00e7\u00e3o e Controle Social &#8211; II Semin\u00e1rio Internacional de Execu\u00e7\u00e3o Penal<\/span><\/strong><\/p>\n<p><span style=\"color: #000000;font-family: georgia, palatino, serif;font-size: 12pt\"><strong>APRESENTA\u00c7\u00c3O DE TRABALHOS (atualizado em 07.07.16)<\/strong>:\u00a0<\/span><span style=\"color: #000000\"><strong><a href=\"https:\/\/wp.ufpel.edu.br\/libertas\/files\/2016\/06\/CERTIFICADO-APRESENTA\u00c7AO-DE-TRABALHOS-ATUALIZADO-07.07.16.pdf\">CERTIFICADO APRESENTA\u00c7AO DE TRABALHOS &#8211; ATUALIZADO 07.07.16<\/a><\/strong><\/span><\/p>\n<p><span style=\"color: #000000;font-family: georgia, palatino, serif;font-size: 12pt\"><strong>OUVINTES<\/strong>:\u00a0<strong><a href=\"https:\/\/wp.ufpel.edu.br\/libertas\/files\/2016\/06\/Certificado-ouvintes_atualizado.pdf\">Certificado ouvintes_atualizado<\/a><\/strong><\/span><\/p>\n","protected":false},"excerpt":{"rendered":"<p>Certificados &#8211; Congresso Internacional Puni\u00e7\u00e3o e Controle Social &#8211; II Semin\u00e1rio Internacional de Execu\u00e7\u00e3o Penal APRESENTA\u00c7\u00c3O DE TRABALHOS (atualizado em 07.07.16):\u00a0CERTIFICADO APRESENTA\u00c7AO DE TRABALHOS &#8211; ATUALIZADO 07.07.16 OUVINTES:\u00a0Certificado ouvintes_atualizado<\/p>\n","protected":false},"author":440,"featured_media":0,"parent":1048,"menu_order":0,"comment_status":"closed","ping_status":"closed","template":"","meta":{"footnotes":""},"class_list":["post-1212","page","type-page","status-publish","hentry"],"_links":{"self":[{"href":"https:\/\/wp.ufpel.edu.br\/libertas\/wp-json\/wp\/v2\/pages\/1212","targetHints":{"allow":["GET"]}}],"collection":[{"href":"https:\/\/wp.ufpel.edu.br\/libertas\/wp-json\/wp\/v2\/pages"}],"about":[{"href":"https:\/\/wp.ufpel.edu.br\/libertas\/wp-json\/wp\/v2\/types\/page"}],"author":[{"embeddable":true,"href":"https:\/\/wp.ufpel.edu.br\/libertas\/wp-json\/wp\/v2\/users\/440"}],"replies":[{"embeddable":true,"href":"https:\/\/wp.ufpel.edu.br\/libertas\/wp-json\/wp\/v2\/comments?post=1212"}],"version-history":[{"count":4,"href":"https:\/\/wp.ufpel.edu.br\/libertas\/wp-json\/wp\/v2\/pages\/1212\/revisions"}],"predecessor-version":[{"id":1252,"href":"https:\/\/wp.ufpel.edu.br\/libertas\/wp-json\/wp\/v2\/pages\/1212\/revisions\/1252"}],"up":[{"embeddable":true,"href":"https:\/\/wp.ufpel.edu.br\/libertas\/wp-json\/wp\/v2\/pages\/1048"}],"wp:attachment":[{"href":"https:\/\/wp.ufpel.edu.br\/libertas\/wp-json\/wp\/v2\/media?parent=1212"}],"curies":[{"name":"wp","href":"https:\/\/api.w.org\/{rel}","templated":true}]}}