{"id":119,"date":"2014-09-17T09:21:17","date_gmt":"2014-09-17T12:21:17","guid":{"rendered":"https:\/\/wp.ufpel.edu.br\/libertas\/?page_id=119"},"modified":"2023-12-09T04:54:49","modified_gmt":"2023-12-09T07:54:49","slug":"cursos","status":"publish","type":"page","link":"https:\/\/wp.ufpel.edu.br\/libertas\/cursos\/","title":{"rendered":"Cursos e Minicursos"},"content":{"rendered":"<p><span style=\"color: #0000ff; font-family: georgia, palatino, serif;\"><a style=\"color: #0000ff;\" href=\"https:\/\/wp.ufpel.edu.br\/libertas\/cursos\/ddhh\/\">CURSO DE EXTENS\u00c3O EM DIREITOS HUMANOS E SISTEMA PENAL E PENITENCI\u00c1RIO<\/a><\/span><\/p>\n<p><span style=\"color: #0000ff; font-family: georgia, palatino, serif; font-size: 12pt;\"><a style=\"color: #0000ff;\" href=\"https:\/\/wp.ufpel.edu.br\/libertas\/cursos\/minicurso-politica-e-penalidade\/\">MINICURSO POL\u00cdTICA E PENALIDADE: PERSPECTIVAS SOBRE A QUEST\u00c3O CRIMINAL NA SOCIEDADE CONTEMPOR\u00c2NEA<\/a><\/span><\/p>\n<p>&nbsp;<\/p>\n","protected":false},"excerpt":{"rendered":"<p>CURSO DE EXTENS\u00c3O EM DIREITOS HUMANOS E SISTEMA PENAL E PENITENCI\u00c1RIO MINICURSO POL\u00cdTICA E PENALIDADE: PERSPECTIVAS SOBRE A QUEST\u00c3O CRIMINAL NA SOCIEDADE CONTEMPOR\u00c2NEA &nbsp;<\/p>\n","protected":false},"author":440,"featured_media":0,"parent":0,"menu_order":4,"comment_status":"closed","ping_status":"closed","template":"","meta":{"footnotes":""},"class_list":["post-119","page","type-page","status-publish","hentry"],"_links":{"self":[{"href":"https:\/\/wp.ufpel.edu.br\/libertas\/wp-json\/wp\/v2\/pages\/119","targetHints":{"allow":["GET"]}}],"collection":[{"href":"https:\/\/wp.ufpel.edu.br\/libertas\/wp-json\/wp\/v2\/pages"}],"about":[{"href":"https:\/\/wp.ufpel.edu.br\/libertas\/wp-json\/wp\/v2\/types\/page"}],"author":[{"embeddable":true,"href":"https:\/\/wp.ufpel.edu.br\/libertas\/wp-json\/wp\/v2\/users\/440"}],"replies":[{"embeddable":true,"href":"https:\/\/wp.ufpel.edu.br\/libertas\/wp-json\/wp\/v2\/comments?post=119"}],"version-history":[{"count":7,"href":"https:\/\/wp.ufpel.edu.br\/libertas\/wp-json\/wp\/v2\/pages\/119\/revisions"}],"predecessor-version":[{"id":1975,"href":"https:\/\/wp.ufpel.edu.br\/libertas\/wp-json\/wp\/v2\/pages\/119\/revisions\/1975"}],"wp:attachment":[{"href":"https:\/\/wp.ufpel.edu.br\/libertas\/wp-json\/wp\/v2\/media?parent=119"}],"curies":[{"name":"wp","href":"https:\/\/api.w.org\/{rel}","templated":true}]}}