{"id":1058,"date":"2016-03-24T20:44:03","date_gmt":"2016-03-24T23:44:03","guid":{"rendered":"https:\/\/wp.ufpel.edu.br\/libertas\/?page_id=1058"},"modified":"2018-07-26T20:13:00","modified_gmt":"2018-07-26T23:13:00","slug":"minicurso-politica-e-penalidade","status":"publish","type":"page","link":"https:\/\/wp.ufpel.edu.br\/libertas\/cursos\/minicurso-politica-e-penalidade\/","title":{"rendered":"Minicurso Pol\u00edtica e Penalidade"},"content":{"rendered":"<p><span style=\"color: #800080\"><span style=\"font-family: verdana, geneva, sans-serif\">Minicurso\u00a0<\/span><\/span><\/p>\n<p style=\"text-align: left\"><span style=\"font-size: 24pt\"><strong><span style=\"color: #800080;font-family: 'andale mono', monospace\">POL\u00cdTICA E PENALIDADE: PERSPECTIVAS SOBRE A QUEST\u00c3O CRIMINAL NA SOCIEDADE CONTEMPOR\u00c2NEA<\/span><\/strong><\/span><\/p>\n<p><span style=\"font-size: 14pt\"><strong><span style=\"font-family: 'andale mono', monospace;color: #800080\">22 e 23 AGOSTO\u00a02016. PELOTAS. RS. BRASIL<\/span><\/strong><\/span><\/p>\n<p><a href=\"https:\/\/wp.ufpel.edu.br\/libertas\/files\/2016\/03\/Minicurso.jpg\"><img class=\"alignnone size-medium wp-image-1233\" src=\"https:\/\/wp.ufpel.edu.br\/libertas\/files\/2016\/03\/Minicurso-225x318.jpg\" alt=\"Minicurso\" width=\"225\" height=\"318\" srcset=\"https:\/\/wp.ufpel.edu.br\/libertas\/files\/2016\/03\/Minicurso-225x318.jpg 225w, https:\/\/wp.ufpel.edu.br\/libertas\/files\/2016\/03\/Minicurso-112x159.jpg 112w, https:\/\/wp.ufpel.edu.br\/libertas\/files\/2016\/03\/Minicurso-768x1086.jpg 768w, https:\/\/wp.ufpel.edu.br\/libertas\/files\/2016\/03\/Minicurso.jpg 794w\" sizes=\"(max-width: 225px) 100vw, 225px\" \/><\/a><\/p>\n<p>&nbsp;<\/p>\n<p>&nbsp;<\/p>\n","protected":false},"excerpt":{"rendered":"<p>Minicurso\u00a0 POL\u00cdTICA E PENALIDADE: PERSPECTIVAS SOBRE A QUEST\u00c3O CRIMINAL NA SOCIEDADE CONTEMPOR\u00c2NEA 22 e 23 AGOSTO\u00a02016. PELOTAS. RS. BRASIL &nbsp; &nbsp;<\/p>\n","protected":false},"author":440,"featured_media":0,"parent":119,"menu_order":0,"comment_status":"closed","ping_status":"closed","template":"","meta":{"footnotes":""},"class_list":["post-1058","page","type-page","status-publish","hentry"],"_links":{"self":[{"href":"https:\/\/wp.ufpel.edu.br\/libertas\/wp-json\/wp\/v2\/pages\/1058","targetHints":{"allow":["GET"]}}],"collection":[{"href":"https:\/\/wp.ufpel.edu.br\/libertas\/wp-json\/wp\/v2\/pages"}],"about":[{"href":"https:\/\/wp.ufpel.edu.br\/libertas\/wp-json\/wp\/v2\/types\/page"}],"author":[{"embeddable":true,"href":"https:\/\/wp.ufpel.edu.br\/libertas\/wp-json\/wp\/v2\/users\/440"}],"replies":[{"embeddable":true,"href":"https:\/\/wp.ufpel.edu.br\/libertas\/wp-json\/wp\/v2\/comments?post=1058"}],"version-history":[{"count":5,"href":"https:\/\/wp.ufpel.edu.br\/libertas\/wp-json\/wp\/v2\/pages\/1058\/revisions"}],"predecessor-version":[{"id":1412,"href":"https:\/\/wp.ufpel.edu.br\/libertas\/wp-json\/wp\/v2\/pages\/1058\/revisions\/1412"}],"up":[{"embeddable":true,"href":"https:\/\/wp.ufpel.edu.br\/libertas\/wp-json\/wp\/v2\/pages\/119"}],"wp:attachment":[{"href":"https:\/\/wp.ufpel.edu.br\/libertas\/wp-json\/wp\/v2\/media?parent=1058"}],"curies":[{"name":"wp","href":"https:\/\/api.w.org\/{rel}","templated":true}]}}