{"id":1051,"date":"2016-03-24T20:25:43","date_gmt":"2016-03-24T23:25:43","guid":{"rendered":"https:\/\/wp.ufpel.edu.br\/libertas\/?page_id=1051"},"modified":"2018-07-26T19:47:05","modified_gmt":"2018-07-26T22:47:05","slug":"dialogos-universidade-carcere","status":"publish","type":"page","link":"https:\/\/wp.ufpel.edu.br\/libertas\/extensao\/dialogos-universidade-carcere\/","title":{"rendered":"Di\u00e1logos Universidade-C\u00e1rcere"},"content":{"rendered":"<p><span style=\"font-family: 'arial black', sans-serif;font-size: 14pt\">DI\u00c1LOGOS SOBRE A\u00a0<\/span><span style=\"font-family: arial, helvetica, sans-serif;font-size: 14pt\"><span style=\"font-family: 'arial black', sans-serif\"><strong>EXPERI\u00caNCIA PROFISSIONAL NO C\u00c1RCERE<\/strong><\/span><b>.\u00a0<\/b><b>A oferta de assist\u00eancia educacional em uma penitenci\u00e1ria federal e suas interfaces\u00a0<\/b><\/span><span style=\"font-family: 'arial black', sans-serif;font-size: 14pt\">COM STEPHANE SILVA DE ARAUJO<\/span><\/p>\n<p><span style=\"font-family: 'arial black', sans-serif;font-size: 12pt\"><span class=\"Apple-style-span\">25. OUTUBRO 2017.\u00a0<\/span>Pelotas. RS. Brasil.<\/span><\/p>\n<p><a href=\"https:\/\/wp.ufpel.edu.br\/libertas\/files\/2018\/07\/Cartaz-Dialogos-3.jpg\"><img class=\"alignnone size-medium wp-image-1401\" src=\"https:\/\/wp.ufpel.edu.br\/libertas\/files\/2018\/07\/Cartaz-Dialogos-3-290x400.jpg\" alt=\"\" width=\"290\" height=\"400\" srcset=\"https:\/\/wp.ufpel.edu.br\/libertas\/files\/2018\/07\/Cartaz-Dialogos-3-290x400.jpg 290w, https:\/\/wp.ufpel.edu.br\/libertas\/files\/2018\/07\/Cartaz-Dialogos-3-768x1060.jpg 768w, https:\/\/wp.ufpel.edu.br\/libertas\/files\/2018\/07\/Cartaz-Dialogos-3-742x1024.jpg 742w, https:\/\/wp.ufpel.edu.br\/libertas\/files\/2018\/07\/Cartaz-Dialogos-3.jpg 794w\" sizes=\"(max-width: 290px) 100vw, 290px\" \/><\/a><\/p>\n<p><span style=\"font-size: 12pt;font-family: georgia, palatino, serif;color: #000000\">DI\u00c1LOGOS SOBRE A EXPERI\u00caNCIA PROFISSIONAL NO C\u00c1RCERE COM STEPHANE SILVA DE ARAUJO<\/span><\/p>\n<p><span style=\"font-size: 12pt;font-family: georgia, palatino, serif;color: #000000\"><span class=\"Apple-style-span\">25 de outubro de 2017, \u00e0s 17h. Sala 09.<\/span><\/span><\/p>\n<p><span style=\"font-size: 12pt;font-family: georgia, palatino, serif;color: #000000\"><span class=\"Apple-style-span\">Faculdade de Direito, Universidade Federal de Pelotas<\/span>.<\/span><\/p>\n<p><span style=\"font-family: georgia, palatino, serif;color: #000000\">Entrada franca.<\/span><\/p>\n<p><span style=\"font-family: georgia, palatino, serif;color: #000000\">Carga hor\u00e1ria: 2 (duas) horas certificadas.<\/span><\/p>\n<p><span style=\"color: #000000\"><span style=\"font-family: georgia, palatino, serif\">Coordena\u00e7\u00e3o: Bruno Rotta Almeida<\/span><\/span><\/p>\n<p><span class=\"Apple-style-span\" style=\"color: #000000\">Consultas e mais informa\u00e7\u00f5es: libertasufpel@gmail.com<\/span><\/p>\n<p><span style=\"font-family: 'arial black', sans-serif;font-size: 14pt\">______<\/span><\/p>\n<p>&nbsp;<\/p>\n<p><span style=\"font-family: 'arial black', sans-serif;font-size: 14pt\">DI\u00c1LOGOS SOBRE O PAPEL DA UNIVERSIDADE NO C\u00c1RCERE COM I\u00d1AKI RIVERA BEIRAS<\/span><\/p>\n<p><span style=\"font-family: 'arial black', sans-serif;font-size: 12pt\"><span class=\"Apple-style-span\">04. JUNHO 2016.\u00a0<\/span>Pelotas. RS. Brasil.<\/span><\/p>\n<p><a href=\"https:\/\/wp.ufpel.edu.br\/libertas\/files\/2014\/09\/Dialogos-I%C3%B1aki.jpg\" rel=\"attachment wp-att-944\"><img class=\"alignnone wp-image-944\" src=\"https:\/\/wp.ufpel.edu.br\/libertas\/files\/2014\/09\/Dialogos-I%C3%B1aki-230x318.jpg\" alt=\"Dialogos I\u00f1aki\" width=\"285\" height=\"394\" \/><\/a><\/p>\n<p><span style=\"font-size: 12pt;font-family: georgia, palatino, serif;color: #000000\">DI\u00c1LOGOS SOBRE O PAPEL DA UNIVERSIDADE NO C\u00c1RCERE COM I\u00d1AKI RIVERA BEIRAS<\/span><\/p>\n<p><span style=\"font-size: 12pt;font-family: georgia, palatino, serif;color: #000000\"><span class=\"Apple-style-span\">04 de junho de 2016, \u00e0s 10h. Sala a definir.<\/span><\/span><\/p>\n<p><span style=\"font-size: 12pt;font-family: georgia, palatino, serif;color: #000000\"><span class=\"Apple-style-span\">Faculdade de Direito, Universidade Federal de Pelotas<\/span>.<\/span><\/p>\n<p><span style=\"font-family: georgia, palatino, serif;color: #000000\">Entrada franca.<\/span><\/p>\n<p><span style=\"font-family: georgia, palatino, serif;color: #000000\">Carga hor\u00e1ria: 2 (duas) horas certificadas.<\/span><\/p>\n<p><span style=\"color: #000000\"><span style=\"font-family: georgia, palatino, serif\">Coordena\u00e7\u00e3o: Bruno Rotta Almeida<\/span><\/span><\/p>\n<p><span class=\"Apple-style-span\" style=\"color: #000000\">Consultas e mais informa\u00e7\u00f5es: libertasufpel@gmail.com<\/span><\/p>\n<p>&nbsp;<\/p>\n<p>______<\/p>\n<p>&nbsp;<\/p>\n<p><span style=\"font-family: 'arial black', sans-serif;font-size: 14pt\">DI\u00c1LOGOS SOBRE A EXTENS\u00c3O UNIVERSIT\u00c1RIA NA PRIS\u00c3O COM MAXIMO SOZZO<\/span><\/p>\n<p><span style=\"font-family: 'arial black', sans-serif;font-size: 12pt\"><span class=\"Apple-style-span\">23. AGOSTO\u00a02016.\u00a0<\/span>Pelotas. RS. Brasil.<\/span><\/p>\n<p><a href=\"https:\/\/wp.ufpel.edu.br\/libertas\/files\/2016\/03\/Dialogos-Sozzo.jpg\"><img class=\"alignnone  wp-image-1235\" src=\"https:\/\/wp.ufpel.edu.br\/libertas\/files\/2016\/03\/Dialogos-Sozzo-230x318.jpg\" alt=\"Dialogos Sozzo\" width=\"255\" height=\"353\" srcset=\"https:\/\/wp.ufpel.edu.br\/libertas\/files\/2016\/03\/Dialogos-Sozzo-230x318.jpg 230w, https:\/\/wp.ufpel.edu.br\/libertas\/files\/2016\/03\/Dialogos-Sozzo-115x159.jpg 115w, https:\/\/wp.ufpel.edu.br\/libertas\/files\/2016\/03\/Dialogos-Sozzo-768x1060.jpg 768w, https:\/\/wp.ufpel.edu.br\/libertas\/files\/2016\/03\/Dialogos-Sozzo.jpg 794w\" sizes=\"(max-width: 255px) 100vw, 255px\" \/><\/a><\/p>\n<p><span style=\"font-size: 12pt;font-family: georgia, palatino, serif;color: #000000\">DI\u00c1LOGOS SOBRE A EXTENS\u00c3O UNIVERSIT\u00c1RIA NA PRIS\u00c3O COM MAXIMO SOZZO<\/span><\/p>\n<p><span style=\"color: #000000;font-family: georgia, palatino, serif;font-size: 12pt\">23 de agosto de 2016, \u00e0s 19h. Sala a definir.<\/span><\/p>\n<p><span style=\"font-size: 12pt;font-family: georgia, palatino, serif;color: #000000\"><span class=\"Apple-style-span\">Faculdade de Direito, Universidade Federal de Pelotas<\/span>.<\/span><\/p>\n<p><span style=\"font-family: georgia, palatino, serif;color: #000000\">Entrada franca.<\/span><\/p>\n<p><span style=\"font-family: georgia, palatino, serif;color: #000000\">Carga hor\u00e1ria: 2 (duas) horas certificadas.<\/span><\/p>\n<p><span style=\"color: #000000\"><span style=\"font-family: georgia, palatino, serif\">Coordena\u00e7\u00e3o: Bruno Rotta Almeida<\/span><\/span><\/p>\n<p><span class=\"Apple-style-span\" style=\"color: #000000\">Consultas e mais informa\u00e7\u00f5es: libertasufpel@gmail.com<\/span><\/p>\n<p>&nbsp;<\/p>\n<p>&nbsp;<\/p>\n<p>&nbsp;<\/p>\n","protected":false},"excerpt":{"rendered":"<p>DI\u00c1LOGOS SOBRE A\u00a0EXPERI\u00caNCIA PROFISSIONAL NO C\u00c1RCERE.\u00a0A oferta de assist\u00eancia educacional em uma penitenci\u00e1ria federal e suas interfaces\u00a0COM STEPHANE SILVA DE ARAUJO 25. OUTUBRO 2017.\u00a0Pelotas. RS. Brasil. DI\u00c1LOGOS SOBRE A EXPERI\u00caNCIA PROFISSIONAL NO C\u00c1RCERE COM STEPHANE SILVA DE ARAUJO 25 de outubro de 2017, \u00e0s 17h. Sala 09. Faculdade de Direito, Universidade Federal de Pelotas. Entrada [&hellip;]<\/p>\n","protected":false},"author":440,"featured_media":0,"parent":33,"menu_order":0,"comment_status":"closed","ping_status":"closed","template":"","meta":{"footnotes":""},"class_list":["post-1051","page","type-page","status-publish","hentry"],"_links":{"self":[{"href":"https:\/\/wp.ufpel.edu.br\/libertas\/wp-json\/wp\/v2\/pages\/1051","targetHints":{"allow":["GET"]}}],"collection":[{"href":"https:\/\/wp.ufpel.edu.br\/libertas\/wp-json\/wp\/v2\/pages"}],"about":[{"href":"https:\/\/wp.ufpel.edu.br\/libertas\/wp-json\/wp\/v2\/types\/page"}],"author":[{"embeddable":true,"href":"https:\/\/wp.ufpel.edu.br\/libertas\/wp-json\/wp\/v2\/users\/440"}],"replies":[{"embeddable":true,"href":"https:\/\/wp.ufpel.edu.br\/libertas\/wp-json\/wp\/v2\/comments?post=1051"}],"version-history":[{"count":6,"href":"https:\/\/wp.ufpel.edu.br\/libertas\/wp-json\/wp\/v2\/pages\/1051\/revisions"}],"predecessor-version":[{"id":1402,"href":"https:\/\/wp.ufpel.edu.br\/libertas\/wp-json\/wp\/v2\/pages\/1051\/revisions\/1402"}],"up":[{"embeddable":true,"href":"https:\/\/wp.ufpel.edu.br\/libertas\/wp-json\/wp\/v2\/pages\/33"}],"wp:attachment":[{"href":"https:\/\/wp.ufpel.edu.br\/libertas\/wp-json\/wp\/v2\/media?parent=1051"}],"curies":[{"name":"wp","href":"https:\/\/api.w.org\/{rel}","templated":true}]}}