{"id":1043,"date":"2016-03-24T20:03:27","date_gmt":"2016-03-24T23:03:27","guid":{"rendered":"https:\/\/wp.ufpel.edu.br\/libertas\/?page_id=1043"},"modified":"2016-03-24T20:12:20","modified_gmt":"2016-03-24T23:12:20","slug":"workshop-extremo-sul-de-pesquisa-empirica-em-direito","status":"publish","type":"page","link":"https:\/\/wp.ufpel.edu.br\/libertas\/eventos\/workshop-extremo-sul-de-pesquisa-empirica-em-direito\/","title":{"rendered":"Workshop Extremo Sul de Pesquisa Emp\u00edrica em Direito"},"content":{"rendered":"<p class=\"corTexto\">\n<p class=\"corTexto\"><span style=\"font-family: 'trebuchet ms', geneva, sans-serif;font-size: 18pt;color: #ff6600\"><strong>WORKSHOP EXTREMO SUL DE PESQUISA EMP\u00cdRICA EM DIREITO<\/strong><\/span><\/p>\n<p><span style=\"font-family: 'trebuchet ms', geneva, sans-serif;color: #ff6600;font-size: 14pt\"><strong>29.30 ABRIL 2016. PELOTAS. RS. BRASIL<\/strong><\/span><\/p>\n<p><a href=\"https:\/\/wp.ufpel.edu.br\/libertas\/files\/2016\/03\/1176377_1719768504946473_2728606771285145786_n.jpg\" rel=\"attachment wp-att-937\"><img class=\"alignnone size-medium wp-image-937\" src=\"https:\/\/wp.ufpel.edu.br\/libertas\/files\/2016\/03\/1176377_1719768504946473_2728606771285145786_n-424x318.jpg\" alt=\"1176377_1719768504946473_2728606771285145786_n\" width=\"424\" height=\"318\" srcset=\"https:\/\/wp.ufpel.edu.br\/libertas\/files\/2016\/03\/1176377_1719768504946473_2728606771285145786_n-424x318.jpg 424w, https:\/\/wp.ufpel.edu.br\/libertas\/files\/2016\/03\/1176377_1719768504946473_2728606771285145786_n-212x159.jpg 212w, https:\/\/wp.ufpel.edu.br\/libertas\/files\/2016\/03\/1176377_1719768504946473_2728606771285145786_n-768x576.jpg 768w, https:\/\/wp.ufpel.edu.br\/libertas\/files\/2016\/03\/1176377_1719768504946473_2728606771285145786_n.jpg 960w\" sizes=\"(max-width: 424px) 100vw, 424px\" \/><\/a><\/p>\n<p>&nbsp;<\/p>\n<p><span style=\"font-family: 'trebuchet ms', geneva, sans-serif;font-size: 12pt;color: #000000\">O \u201c<strong>Workshop Extremo Sul de Pesquisa Emp\u00edrica em Direito<\/strong>\u201d&#8230; &#8230; <\/span><\/p>\n<p style=\"text-align: justify\"><span style=\"font-family: 'trebuchet ms', geneva, sans-serif;font-size: 12pt;color: #000000\">\u00e9 um evento que, reunindo os esfor\u00e7os de diferentes Grupos Acad\u00eamicos e de Pesquisa Cient\u00edfica de Institui\u00e7\u00f5es de Ensino Superior do Rio Grande do Sul e com a parceria com a Rede de Estudos Emp\u00edricos em Direito (REED) e com o Instituto de Pesquisa Econ\u00f4mica Aplicada (IPEA), pretende: a) Promover condi\u00e7\u00f5es de forma\u00e7\u00e3o de espa\u00e7os de interlocu\u00e7\u00e3o entre os Grupos de Pesquisa da regi\u00e3o e seus membros; b) fomentar a import\u00e2ncia do \u201cmomento do encontro emp\u00edrico\u201d para fins de produ\u00e7\u00e3o cient\u00edfica; c) aproximar e fortalecer os v\u00ednculos dos Grupos de Pesquisa da regi\u00e3o com a Rede de Estudos Emp\u00edricos em Direito. <\/span><\/p>\n<p><span style=\"font-family: 'trebuchet ms', geneva, sans-serif;font-size: 12pt;color: #000000\">O EVENTO OCORRER\u00c1 NA UNIVERSIDADE CAT\u00d3LICA DE PELOTAS (RS), NOS DIAS 29 E 30 DE ABRIL DE 2016 <\/span><\/p>\n<p><span style=\"font-family: 'trebuchet ms', geneva, sans-serif;font-size: 12pt;color: #000000\">O Evento ser\u00e1 limitado a 100 vagas\u2026 e cada participante poder\u00e1 se inscrever numa \u00fanica oficina. <\/span><\/p>\n<p>&nbsp;<\/p>\n<p><strong><span style=\"font-family: 'trebuchet ms', geneva, sans-serif;font-size: 12pt;color: #000000\">Programa\u00e7\u00e3o<\/span><\/strong><\/p>\n<p><span style=\"font-family: 'trebuchet ms', geneva, sans-serif;font-size: 12pt;color: #000000\"><strong>Dia 29\/04\/2016<\/strong> \u2013 9h30min \u00e0s 12h \u2013 Oficina 1 <\/span><\/p>\n<p><span style=\"font-family: 'trebuchet ms', geneva, sans-serif;font-size: 12pt;color: #000000\">\u2013 Desenho de Pesquisa com campo emp\u00edrico Ministrante: Profa. Dra. Let\u00edcia Nu\u00f1ez Almeida (Lepif\/Unipampa) <\/span><\/p>\n<p><span style=\"font-family: 'trebuchet ms', geneva, sans-serif;font-size: 12pt;color: #000000\"><strong>Dia 29\/04\/2016<\/strong> \u2013 14h \u00e0s 18h \u2013 Grupos de Trabalho (apresenta\u00e7\u00e3o de Pesquisas) Simult\u00e2neos <\/span><\/p>\n<p><span style=\"font-family: 'trebuchet ms', geneva, sans-serif;font-size: 12pt;color: #000000\">GT 1 \u2013 Pol\u00edticas de Seguran\u00e7a P\u00fablica e Criminais\/penitenci\u00e1rias <\/span><\/p>\n<p><span style=\"font-family: 'trebuchet ms', geneva, sans-serif;font-size: 12pt;color: #000000\">GT 2 \u2013 Castigo, Delito e Criminologia: enfoques jur\u00eddicos e hist\u00f3ricos <\/span><\/p>\n<p><span style=\"font-family: 'trebuchet ms', geneva, sans-serif;font-size: 12pt;color: #000000\">GT 3 \u2013 Direitos humanos, justi\u00e7a social e educa\u00e7\u00e3o <\/span><\/p>\n<p><span style=\"font-family: 'trebuchet ms', geneva, sans-serif;font-size: 12pt;color: #000000\">GT 4 \u2013 Direitos Humanos &#8211; Acesso \u00e0 Justi\u00e7a &#8211; Conflitualidades: aproxima\u00e7\u00f5es emp\u00edricas <\/span><\/p>\n<p><span style=\"font-family: 'trebuchet ms', geneva, sans-serif;font-size: 12pt;color: #000000\">GT 5 \u2013 Direito, Rela\u00e7\u00f5es Internacionais, Fronteiras e Migra\u00e7\u00f5es <\/span><\/p>\n<p><span style=\"font-family: 'trebuchet ms', geneva, sans-serif;font-size: 12pt;color: #000000\"><strong>Dia 29\/04\/2016<\/strong> \u2013 19h \u2013 Workshop <\/span><\/p>\n<p><span style=\"font-family: 'trebuchet ms', geneva, sans-serif;font-size: 12pt;color: #000000\">Tema 1 \u2013 Panorama da pesquisa emp\u00edrica no Direito no Brasil Prof.Dr. Jos\u00e9 Roberto Xavier (REED) Prof.Dr. Rodrigo Ghiringhelli de Azevedo (PUC-RS) <\/span><\/p>\n<p><span style=\"font-family: 'trebuchet ms', geneva, sans-serif;font-size: 12pt;color: #000000\">Tema 2 \u2013 Principais metodologias em pesquisa emp\u00edrica no Direito Prof. Dr. Riccardo Cappi (REED) Prof. Dr. Pedro Rodolfo Bod\u00ea de Moaraes (UFPR) <\/span><\/p>\n<p><span style=\"font-family: 'trebuchet ms', geneva, sans-serif;font-size: 12pt;color: #000000\">Tema 3 \u2013 O projeto Pensando o Direito Dr. Alexandre dos Santos Cunha (IPEA) <\/span><\/p>\n<p><span style=\"font-family: 'trebuchet ms', geneva, sans-serif;font-size: 12pt;color: #000000\">Tema 4 \u2013 A pesquisa emp\u00edrica no Direito no \u00e2mbito de Pelotas e Rio Grande Prof. Ms. Bruno Rotta Almeida (UFPel) Prof. Dr. Luiz Ant\u00f4nio Bogo Chies (UCPel) Prof. Dr. Renato Duro Dias (FURG) <\/span><\/p>\n<p><span style=\"font-family: 'trebuchet ms', geneva, sans-serif;font-size: 12pt;color: #000000\"><strong>Dia 30\/04\/2016<\/strong> \u2013 9h30min \u00e0s 12h \u2013 Oficinas Simult\u00e2neas <\/span><\/p>\n<p><span style=\"font-family: 'trebuchet ms', geneva, sans-serif;font-size: 12pt;color: #000000\">Oficina 2 \u2013 Pesquisa em documentos hist\u00f3ricos \/ Prof. Ms. Bruno Rotta Almeida (UFPel) <\/span><\/p>\n<p><span style=\"font-family: 'trebuchet ms', geneva, sans-serif;font-size: 12pt;color: #000000\">Oficina 3 \u2013 G\u00eanero, sexualidades e justi\u00e7a social \/ Prof. Dr. Renato Duro Dias (FURG) <\/span><\/p>\n<p><span style=\"font-family: 'trebuchet ms', geneva, sans-serif;font-size: 12pt;color: #000000\">Oficina 4 \u2013 Processos e experi\u00eancias de pesquisa-a\u00e7\u00e3o no campo da seguran\u00e7a cidad\u00e3 \/ Prof. Ms. Eduardo Pazinato (FADISMA)<\/span><\/p>\n<p><span style=\"font-family: 'trebuchet ms', geneva, sans-serif;font-size: 12pt;color: #000000\"> Oficina 5 &#8211; Elabora\u00e7\u00e3o de roteiros de entrevista e formul\u00e1rios \/ Prof. Dr. Luiz Ant\u00f4nio Bogo Chies (UCPel)<\/span><\/p>\n<p>&nbsp;<\/p>\n<p><span style=\"font-family: 'trebuchet ms', geneva, sans-serif;font-size: 12pt;color: #000000\">Investimento: R$ 50,00 <\/span><\/p>\n<p><span style=\"font-family: 'trebuchet ms', geneva, sans-serif;font-size: 12pt;color: #000000\"><strong>DESCONTOS<\/strong><\/span><\/p>\n<p><span style=\"font-family: 'trebuchet ms', geneva, sans-serif;font-size: 12pt;color: #000000\">Participantes credenciados pelos Grupos de Pesquisa que apresentar\u00e3o trabalhos: R$ 30,00 (desconto de 40%) <\/span><\/p>\n<p><span style=\"font-family: 'trebuchet ms', geneva, sans-serif;font-size: 12pt;color: #000000\">Participantes credenciados pelos Grupos de Pesquisa, que N\u00c3O apresentar\u00e3o trabalhos (ouvintes): R$ 40,00 (desconto de 20%) <\/span><\/p>\n<p>&nbsp;<\/p>\n<p><span style=\"font-family: 'trebuchet ms', geneva, sans-serif;font-size: 12pt;color: #000000\"><strong>Inscri\u00e7\u00f5es a partir dos seguintes Grupos de Pesquisa<\/strong>, com seus respectivos coordenadores\/respons\u00e1veis <\/span><\/p>\n<p><strong><span style=\"font-family: 'trebuchet ms', geneva, sans-serif;font-size: 12pt;color: #000000\">Pelotas \u2013 UCPel <\/span><\/strong><\/p>\n<p><span style=\"font-family: 'trebuchet ms', geneva, sans-serif;font-size: 12pt;color: #000000\">GITEP \u2013 Grupo Interdisciplinar de Trabalho e Estudos Criminais-Penitenci\u00e1rios \/ Prof. Luiz Ant\u00f4nio Bogo Chies GEMIGRA \u2013 <\/span><\/p>\n<p><span style=\"font-family: 'trebuchet ms', geneva, sans-serif;font-size: 12pt;color: #000000\">Grupo de Pol\u00edticas Migrat\u00f3rias e Direitos Humanos \/ Profa. Ana Paula Dittgen <\/span><\/p>\n<p><span style=\"font-family: 'trebuchet ms', geneva, sans-serif;font-size: 12pt;color: #000000\">Grupo de Estudos Direitos Humanos \u2013 Acesso \u00e0 Justi\u00e7a \u2013 Conflitualidades \/ Prof. Marcelo Oliveira de Moura <\/span><\/p>\n<p><strong><span style=\"font-family: 'trebuchet ms', geneva, sans-serif;font-size: 12pt;color: #000000\">Pelotas \u2013 UFPel <\/span><\/strong><\/p>\n<p><span style=\"font-family: 'trebuchet ms', geneva, sans-serif;font-size: 12pt;color: #000000\">Projeto Libertas e GEPUCS \/ Prof. Bruno Rotta Almeida <\/span><\/p>\n<p><strong><span style=\"font-family: 'trebuchet ms', geneva, sans-serif;font-size: 12pt;color: #000000\">Porto Alegre \u2013 PUC <\/span><\/strong><\/p>\n<p><span style=\"font-family: 'trebuchet ms', geneva, sans-serif;font-size: 12pt;color: #000000\">GPESC \u2013 Grupo de Pesquisa em Pol\u00edticas P\u00fablicas de Seguran\u00e7a e Administra\u00e7\u00e3o da Justi\u00e7a Penal \/ Prof. Rodrigo Ghiringhelli de Azevedo <\/span><\/p>\n<p><span style=\"font-family: 'trebuchet ms', geneva, sans-serif;font-size: 12pt;color: #000000\">Rio Grande &#8211; FURG <\/span><\/p>\n<p><span style=\"font-family: 'trebuchet ms', geneva, sans-serif;font-size: 12pt;color: #000000\">PPGDJS &#8211; Mestrado em Direito e Justi\u00e7a Social \/ CRDH FURG &#8211; Centro de Refer\u00eancia em Direitos Humanos \/ Prof. Renato Duro Dias <\/span><\/p>\n<p><strong><span style=\"font-family: 'trebuchet ms', geneva, sans-serif;font-size: 12pt;color: #000000\">Santa Maria \u2013 FADISMA <\/span><\/strong><\/p>\n<p><span style=\"font-family: 'trebuchet ms', geneva, sans-serif;font-size: 12pt;color: #000000\">Faculdade de Direito de Santa Maria \u2013 FADISMA \/ N\u00facleo Seguran\u00e7a Cidad\u00e3 \/ Prof. Eduardo Pazinato <\/span><\/p>\n<p><strong><span style=\"font-family: 'trebuchet ms', geneva, sans-serif;font-size: 12pt;color: #000000\">Santana do Livramento \u2013 LEPIF e Unipampa <\/span><\/strong><\/p>\n<p><span style=\"font-family: 'trebuchet ms', geneva, sans-serif;font-size: 12pt;color: #000000\">LEPIF &#8211; Laborat\u00f3rio de Estudos e Pesquisas Internacionais e de Fronteira \/ Profa. Let\u00edcia Nu\u00f1ez Almeida <\/span><\/p>\n<p>&nbsp;<\/p>\n<p><span style=\"font-family: 'trebuchet ms', geneva, sans-serif;font-size: 12pt;color: #000000\"><strong>Normas para inscri\u00e7\u00f5es de Trabalhos<\/strong>: Os proponentes de trabalhos dever\u00e3o remeter um resumo de at\u00e9 500 palavras, acompanhado de uma folha de rosto identificando: GT para o qual est\u00e1 propondo; autor(es); respons\u00e1vel pela apresenta\u00e7\u00e3o; institui\u00e7\u00e3o de v\u00ednculo; e-mail para contato. <\/span><\/p>\n<p><span style=\"font-family: 'trebuchet ms', geneva, sans-serif;font-size: 12pt;color: #000000\">Os Trabalhos devem ter v\u00ednculo com as \u00e1reas Jur\u00eddicas e\/ou afins aos campos tem\u00e1ticos dos GTs.<\/span><\/p>\n<p>&nbsp;<\/p>\n<p><span style=\"font-family: 'trebuchet ms', geneva, sans-serif;font-size: 12pt;color: #000000\"><strong>A data limite de envio das propostas de trabalho \u00e9: 15 de abril de 2016 <\/strong><\/span><\/p>\n<p><span style=\"font-family: 'trebuchet ms', geneva, sans-serif;font-size: 12pt;color: #000000\">O Resumo deve ser enviado para o e-mail gitepucpel@gmail.com <\/span><\/p>\n<p>&nbsp;<\/p>\n<p><span style=\"font-family: 'trebuchet ms', geneva, sans-serif;font-size: 12pt;color: #000000\">Demais informa\u00e7\u00f5es pelo e-mail: <strong>gitepucpel@gmail.com<\/strong><\/span><\/p>\n<p>&nbsp;<\/p>\n<p><span style=\"color: #000000\">Acesse a p\u00e1gina do evento:\u00a0<a style=\"color: #000000\" href=\"https:\/\/www.facebook.com\/events\/952005644852624\/?active_tab=highlights\">https:\/\/www.facebook.com\/events\/952005644852624\/?active_tab=highlights<\/a><\/span><\/p>\n","protected":false},"excerpt":{"rendered":"<p>WORKSHOP EXTREMO SUL DE PESQUISA EMP\u00cdRICA EM DIREITO 29.30 ABRIL 2016. PELOTAS. RS. BRASIL &nbsp; O \u201cWorkshop Extremo Sul de Pesquisa Emp\u00edrica em Direito\u201d&#8230; &#8230; \u00e9 um evento que, reunindo os esfor\u00e7os de diferentes Grupos Acad\u00eamicos e de Pesquisa Cient\u00edfica de Institui\u00e7\u00f5es de Ensino Superior do Rio Grande do Sul e com a parceria com [&hellip;]<\/p>\n","protected":false},"author":440,"featured_media":0,"parent":161,"menu_order":0,"comment_status":"closed","ping_status":"closed","template":"","meta":{"footnotes":""},"class_list":["post-1043","page","type-page","status-publish","hentry"],"_links":{"self":[{"href":"https:\/\/wp.ufpel.edu.br\/libertas\/wp-json\/wp\/v2\/pages\/1043","targetHints":{"allow":["GET"]}}],"collection":[{"href":"https:\/\/wp.ufpel.edu.br\/libertas\/wp-json\/wp\/v2\/pages"}],"about":[{"href":"https:\/\/wp.ufpel.edu.br\/libertas\/wp-json\/wp\/v2\/types\/page"}],"author":[{"embeddable":true,"href":"https:\/\/wp.ufpel.edu.br\/libertas\/wp-json\/wp\/v2\/users\/440"}],"replies":[{"embeddable":true,"href":"https:\/\/wp.ufpel.edu.br\/libertas\/wp-json\/wp\/v2\/comments?post=1043"}],"version-history":[{"count":3,"href":"https:\/\/wp.ufpel.edu.br\/libertas\/wp-json\/wp\/v2\/pages\/1043\/revisions"}],"predecessor-version":[{"id":1046,"href":"https:\/\/wp.ufpel.edu.br\/libertas\/wp-json\/wp\/v2\/pages\/1043\/revisions\/1046"}],"up":[{"embeddable":true,"href":"https:\/\/wp.ufpel.edu.br\/libertas\/wp-json\/wp\/v2\/pages\/161"}],"wp:attachment":[{"href":"https:\/\/wp.ufpel.edu.br\/libertas\/wp-json\/wp\/v2\/media?parent=1043"}],"curies":[{"name":"wp","href":"https:\/\/api.w.org\/{rel}","templated":true}]}}