{"id":16,"date":"2019-05-07T16:20:51","date_gmt":"2019-05-07T19:20:51","guid":{"rendered":"https:\/\/wp.ufpel.edu.br\/lho\/?page_id=16"},"modified":"2021-09-15T17:31:50","modified_gmt":"2021-09-15T20:31:50","slug":"projetos","status":"publish","type":"page","link":"https:\/\/wp.ufpel.edu.br\/lho\/projetos\/","title":{"rendered":"Projetos"},"content":{"rendered":"<p style=\"text-align: justify\"><strong>\u00c0 beira da extin\u00e7\u00e3o: mem\u00f3rias de trabalhadores cujos of\u00edcios est\u00e3o em vias de desaparecer:\u00a0<\/strong>Em nossa sociedade, com as r\u00e1pidas transforma\u00e7\u00f5es industriais e a revolu\u00e7\u00e3o da inform\u00e1tica, cada vez mais profiss\u00f5es e, principalmente of\u00edcios manuais v\u00e3o se tornando obsoletos neste inicio do s\u00e9culo XIX, sendo extintos ou estando em vias de desaparecer. Por outro lado, os trabalhadores que os exerceram t\u00eam um rico manancial de viv\u00eancias, experi\u00eancias e trajet\u00f3rias ligadas a estes of\u00edcios, que v\u00e3o se perder paulatinamente com o desaparecimento destes. A maioria desses trabalhadores j\u00e1 se encontra retirada do mercado de trabalho, pelos motivos do esgotamento de suas for\u00e7as de trabalho, com o decl\u00ednio natural da idade e tamb\u00e9m pelo avassalador efeito das novas tecnologias, que tornaram alguns dos of\u00edcios mais tradicionais at\u00e9 ent\u00e3o, completamente ultrapassados, como \u00e9 o caso das parteiras, e lavadeiras, ocupa\u00e7\u00f5es existentes desde o Brasil col\u00f4nia, mas que hoje encontram pouca raz\u00e3o de ser. A quest\u00e3o mais relevante ser\u00e1 justamente analisar aquelas profiss\u00f5es \u00e0 beira da extin\u00e7\u00e3o, como estivadores, tecel\u00e3s, sapateiros, alfaiates, afiadores de faca, fot\u00f3grafos de rua, bem como benzedeiras, parteiras, curandeiras, of\u00edcios que insistem em se manter em um mundo que parece n\u00e3o querer mais lhes dar qualquer tipo de espa\u00e7o, j\u00e1 que, muitas vezes, aquilo que oferecem se tornou descart\u00e1vel.\u00a0<strong>[<\/strong><strong>Coordenadora: Lorena Almeida Gill]<\/strong><\/p>\n<p style=\"text-align: justify\"><strong>Afrodescendentes na regi\u00e3o Sul: biografias, trajet\u00f3rias associativas e familiares:\u00a0<\/strong>O trabalho de pesquisa aqui proposto objetiva constituir biografias individuais de personagens afro-brasileiros que, na Primeira Rep\u00fablica, engajaram-se em espa\u00e7os de sociabilidades e milit\u00e2ncia da regi\u00e3o meridional do Brasil, especificamente nos Estados do Paran\u00e1, Santa Catarina e Rio Grande do Sul. Agregando pesquisadores de universidades federais dos tr\u00eas estados (UFPR, UFSC e UFPEL), realizar\u00e1 tamb\u00e9m estudos de trajet\u00f3rias familiares de alguns dos personagens estudados. Por meio de publica\u00e7\u00e3o de livros, artigos e materiais para a Educa\u00e7\u00e3o B\u00e1sica, bem como de a\u00e7\u00f5es para forma\u00e7\u00e3o de jovens pesquisadores, para capacita\u00e7\u00e3o de rec\u00e9m-doutores e sensibiliza\u00e7\u00e3o de professores da Educa\u00e7\u00e3o B\u00e1sica em rela\u00e7\u00e3o ao tema, visa contribuir para a amplia\u00e7\u00e3o dos conhecimentos sobre a tem\u00e1tica e para o adensamento da compreens\u00e3o da constru\u00e7\u00e3o da cidadania no contexto republicano, abarcando, entre outros aspectos, a import\u00e2ncia das distin\u00e7\u00f5es sociais existentes no per\u00edodo.\u00a0<strong>[Coordenadora Geral: \u00a0Joseli Maria Nunes Mendon\u00e7a, da UFPR; Coordenadora Local: Lorena Almeida Gill]<\/strong><\/p>\n<p>&nbsp;<\/p>\n","protected":false},"excerpt":{"rendered":"<p>\u00c0 beira da extin\u00e7\u00e3o: mem\u00f3rias de trabalhadores cujos of\u00edcios est\u00e3o em vias de desaparecer:\u00a0Em nossa sociedade, com as r\u00e1pidas transforma\u00e7\u00f5es industriais e a revolu\u00e7\u00e3o da inform\u00e1tica, cada vez mais profiss\u00f5es e, principalmente of\u00edcios manuais v\u00e3o se tornando obsoletos neste inicio do s\u00e9culo XIX, sendo extintos ou estando em vias de desaparecer. Por outro lado, os&hellip;<\/p>\n","protected":false},"author":718,"featured_media":0,"parent":0,"menu_order":0,"comment_status":"closed","ping_status":"closed","template":"","meta":{"footnotes":""},"class_list":["post-16","page","type-page","status-publish","hentry"],"_links":{"self":[{"href":"https:\/\/wp.ufpel.edu.br\/lho\/wp-json\/wp\/v2\/pages\/16","targetHints":{"allow":["GET"]}}],"collection":[{"href":"https:\/\/wp.ufpel.edu.br\/lho\/wp-json\/wp\/v2\/pages"}],"about":[{"href":"https:\/\/wp.ufpel.edu.br\/lho\/wp-json\/wp\/v2\/types\/page"}],"author":[{"embeddable":true,"href":"https:\/\/wp.ufpel.edu.br\/lho\/wp-json\/wp\/v2\/users\/718"}],"replies":[{"embeddable":true,"href":"https:\/\/wp.ufpel.edu.br\/lho\/wp-json\/wp\/v2\/comments?post=16"}],"version-history":[{"count":7,"href":"https:\/\/wp.ufpel.edu.br\/lho\/wp-json\/wp\/v2\/pages\/16\/revisions"}],"predecessor-version":[{"id":222,"href":"https:\/\/wp.ufpel.edu.br\/lho\/wp-json\/wp\/v2\/pages\/16\/revisions\/222"}],"wp:attachment":[{"href":"https:\/\/wp.ufpel.edu.br\/lho\/wp-json\/wp\/v2\/media?parent=16"}],"curies":[{"name":"wp","href":"https:\/\/api.w.org\/{rel}","templated":true}]}}