{"id":105,"date":"2019-06-27T15:26:21","date_gmt":"2019-06-27T18:26:21","guid":{"rendered":"https:\/\/wp.ufpel.edu.br\/lho\/?page_id=105"},"modified":"2022-04-05T11:06:46","modified_gmt":"2022-04-05T14:06:46","slug":"publicacoes","status":"publish","type":"page","link":"https:\/\/wp.ufpel.edu.br\/lho\/publicacoes\/","title":{"rendered":"Publica\u00e7\u00f5es"},"content":{"rendered":"<p>Nesta p\u00e1gina voc\u00ea ter\u00e1 acesso a publica\u00e7\u00f5es oriundas de trabalhos desenvolvidos a partir do acervo do Laborat\u00f3rio de Hist\u00f3ria Oral da UFPel. Aqui lincaremos monografias, artigos, disserta\u00e7\u00f5es, teses e livros. A ordem de inclus\u00e3o \u00e9 a do sobrenome do autor (para pesquisa, tecle &#8220;ctrl + f&#8221; e digite o termo a ser pesquisado).<\/p>\n<p><strong><a href=\"https:\/\/wp.ufpel.edu.br\/lho\/files\/2022\/04\/Diario-de-Pandemia-Minhas-Historias-Minhas-Saudades-Parte-I.pdf\" target=\"_blank\" rel=\"noopener\">Di\u00e1rio de Pandemia: minhas hist\u00f3rias, minhas saudades<\/a><\/strong> &#8211; Publica\u00e7\u00e3o do PET-Diversidade e Toler\u00e2ncia da UFPel, com di\u00e1rios produzidos por idosos do grupo Universidade Aberta da Terceira Idade da UFPel (UNATI).<\/p>\n<p>&nbsp;<\/p>\n","protected":false},"excerpt":{"rendered":"<p>Nesta p\u00e1gina voc\u00ea ter\u00e1 acesso a publica\u00e7\u00f5es oriundas de trabalhos desenvolvidos a partir do acervo do Laborat\u00f3rio de Hist\u00f3ria Oral da UFPel. Aqui lincaremos monografias, artigos, disserta\u00e7\u00f5es, teses e livros. A ordem de inclus\u00e3o \u00e9 a do sobrenome do autor (para pesquisa, tecle &#8220;ctrl + f&#8221; e digite o termo a ser pesquisado). Di\u00e1rio de&hellip;<\/p>\n","protected":false},"author":718,"featured_media":0,"parent":0,"menu_order":0,"comment_status":"closed","ping_status":"closed","template":"","meta":{"footnotes":""},"class_list":["post-105","page","type-page","status-publish","hentry"],"_links":{"self":[{"href":"https:\/\/wp.ufpel.edu.br\/lho\/wp-json\/wp\/v2\/pages\/105","targetHints":{"allow":["GET"]}}],"collection":[{"href":"https:\/\/wp.ufpel.edu.br\/lho\/wp-json\/wp\/v2\/pages"}],"about":[{"href":"https:\/\/wp.ufpel.edu.br\/lho\/wp-json\/wp\/v2\/types\/page"}],"author":[{"embeddable":true,"href":"https:\/\/wp.ufpel.edu.br\/lho\/wp-json\/wp\/v2\/users\/718"}],"replies":[{"embeddable":true,"href":"https:\/\/wp.ufpel.edu.br\/lho\/wp-json\/wp\/v2\/comments?post=105"}],"version-history":[{"count":3,"href":"https:\/\/wp.ufpel.edu.br\/lho\/wp-json\/wp\/v2\/pages\/105\/revisions"}],"predecessor-version":[{"id":330,"href":"https:\/\/wp.ufpel.edu.br\/lho\/wp-json\/wp\/v2\/pages\/105\/revisions\/330"}],"wp:attachment":[{"href":"https:\/\/wp.ufpel.edu.br\/lho\/wp-json\/wp\/v2\/media?parent=105"}],"curies":[{"name":"wp","href":"https:\/\/api.w.org\/{rel}","templated":true}]}}