{"id":28,"date":"2011-08-25T16:39:23","date_gmt":"2011-08-25T19:39:23","guid":{"rendered":"https:\/\/wp.ufpel.edu.br\/lgm\/"},"modified":"2011-08-25T16:39:23","modified_gmt":"2011-08-25T19:39:23","slug":"resumos-em-congressos-e-simposios","status":"publish","type":"page","link":"https:\/\/wp.ufpel.edu.br\/lgm\/resumos-em-congressos-e-simposios\/","title":{"rendered":"Resumos em Congressos e Simp\u00f3sios"},"content":{"rendered":"<p><strong>II Simp\u00f3sio Internacional de Microbiologia Cl\u00ednica<\/strong><\/p>\n<p><strong>29 set &#8211; 2 out\/2010<\/strong><\/p>\n<p><strong>Cost\u00e3o do Santinho &#8211; Florian\u00f3polis &#8211; SC<\/strong><\/p>\n<p><strong><strong>AN\u00c1LISE DE PRESEN\u00c7A DE <em>Listeria monocytogenes <\/em>EM AMOSTRAS CL\u00cdNICAS DE PACIENTES EM PROCESSO DE ABORTAMENTO<\/strong><\/strong><\/p>\n<p><span style=\"text-decoration: underline\">Iv\u00e2nia Deliberalli <\/span>(UFPEL &#8211; DEMP\/Instituto de Biologia) ; Virg\u00ednia da Cunha Schiavon (UFPEL &#8211; DEMP\/Instituto de Biologia) ; Franciele de Souza Masiero (UFPEL &#8211; DEMP\/Instituto de Biologia) ; Luciana Yazye de Mello (UFPEL &#8211; DEMP\/Instituto de Biologia) ; Heitor Jannke (UFPEL &#8211; Departamento de Cirurgia Geral\/Faculdade de Medicina) ; L\u00edgia Iara Silveira (UCPEL &#8211; Servi\u00e7o de Ginecologia e Obstetr\u00edcia\/HUSFP) ; Dulcin\u00e9a Blum Menezes (UFPEL &#8211; DEMP\/Instituto de Biologia)<\/p>\n<p><strong>Resumo<\/strong>: \u00e9 geralmente adquirida por ingest\u00e3o de alimentos de origem animal\u00a0 e vegetal contaminados com <em>Listeria monocytogenes<\/em>. Listerioses feto-materna e neonatal apresentam como consequ\u00eancias abortamentos, partos prematuros ou infec\u00e7\u00e3o generalizada em rec\u00e9m nascidos. Apesar da listeriose ser uma doen\u00e7a de baixa incid\u00eancia comparada a outras doen\u00e7as de origem alimentar, estima-se que 2500 pessoas sejam severamente acometidas anualmente nos EUA (CDC, Atlanta, EUA). Estudos realizados em Pelotas, demonstram a presen\u00e7a de <em>L. monocytogenes<\/em> em alimentos processados como lingui\u00e7a fresca e queijos frescos. O objetivo deste trabalho foi investigar a presen\u00e7a de <em>L. monocytogenes<\/em> em amostras cl\u00ednicas de pacientes em processo de abortamento atrav\u00e9s de culturas microbiol\u00f3gicas, al\u00e9m de investigar altera\u00e7\u00f5es histopatol\u00f3gicas de placentas que sugerissem processo infeccioso por este agente. <strong>MATERIAL E M\u00c9TODOS:<\/strong> Foram analisadas amostras cl\u00ednicas (sangue, <em>swab<\/em> retal, <em>swab<\/em> vaginal e restos placent\u00e1rios) de 50 pacientes atendidas no Hospital Universit\u00e1rio S\u00e3o Franscisco de Paula\/UCPel\/Pelotas\/RS, atendidas no per\u00edodo de abril\/2009 a maio\/2010. Para enriquecimento prim\u00e1rio e secund\u00e1rio, foi utilizada a t\u00e9cnica descrita por Kaur <em>et al.<\/em> (2007). Ap\u00f3s o per\u00edodo de incuba\u00e7\u00e3o, os in\u00f3culos foram estriados em \u00e1gar \u00d3xford suplementado, e incubados a 30\u00b0C por 48 horas. Foi realizado exame histopatol\u00f3gico dos restos placent\u00e1rios envolvidos. <strong>RESULTADOS, DISCUSS\u00c3O E CONCLUS\u00c3O:<\/strong> N\u00e3o foram isoladas cepas de <em>L. monocytogenes<\/em> nas amostras investigadas (0\/50) atrav\u00e9s do m\u00e9todo microbiol\u00f3gico proposto, por\u00e9m foi encontrada evid\u00eancia histopatol\u00f3gica sugestiva de processo infeccioso em uma amostra (1\/50) de placenta. O achado histopatol\u00f3gico desta amostra apresentou vilosidade placent\u00e1ria ocupada por grande n\u00famero de leuc\u00f3citos (vilosite), com distor\u00e7\u00e3o da arquitetura celular, que condiz com descritos na literatura em caso de processo infeccioso por <em>L. monocytogenes<\/em>. Considerando que a literatura descreve incid\u00eancia de listeriose em at\u00e9 5% dos casos de abortamentos, salientamos a necessidade de implantar t\u00e9cnicas moleculares de diagn\u00f3stico microbiol\u00f3gico.<\/p>\n","protected":false},"excerpt":{"rendered":"<p>II Simp\u00f3sio Internacional de Microbiologia Cl\u00ednica 29 set &#8211; 2 out\/2010 Cost\u00e3o do Santinho &#8211; Florian\u00f3polis &#8211; SC AN\u00c1LISE DE PRESEN\u00c7A DE Listeria monocytogenes EM AMOSTRAS CL\u00cdNICAS DE PACIENTES EM PROCESSO DE ABORTAMENTO Iv\u00e2nia Deliberalli (UFPEL &#8211; DEMP\/Instituto de Biologia) ; Virg\u00ednia da Cunha Schiavon (UFPEL &#8211; DEMP\/Instituto de Biologia) ; Franciele de Souza Masiero [&hellip;]<\/p>\n","protected":false},"author":110,"featured_media":0,"parent":0,"menu_order":0,"comment_status":"closed","ping_status":"open","template":"","meta":{"footnotes":""},"class_list":["post-28","page","type-page","status-publish","hentry"],"_links":{"self":[{"href":"https:\/\/wp.ufpel.edu.br\/lgm\/wp-json\/wp\/v2\/pages\/28","targetHints":{"allow":["GET"]}}],"collection":[{"href":"https:\/\/wp.ufpel.edu.br\/lgm\/wp-json\/wp\/v2\/pages"}],"about":[{"href":"https:\/\/wp.ufpel.edu.br\/lgm\/wp-json\/wp\/v2\/types\/page"}],"author":[{"embeddable":true,"href":"https:\/\/wp.ufpel.edu.br\/lgm\/wp-json\/wp\/v2\/users\/110"}],"replies":[{"embeddable":true,"href":"https:\/\/wp.ufpel.edu.br\/lgm\/wp-json\/wp\/v2\/comments?post=28"}],"version-history":[{"count":2,"href":"https:\/\/wp.ufpel.edu.br\/lgm\/wp-json\/wp\/v2\/pages\/28\/revisions"}],"predecessor-version":[{"id":30,"href":"https:\/\/wp.ufpel.edu.br\/lgm\/wp-json\/wp\/v2\/pages\/28\/revisions\/30"}],"wp:attachment":[{"href":"https:\/\/wp.ufpel.edu.br\/lgm\/wp-json\/wp\/v2\/media?parent=28"}],"curies":[{"name":"wp","href":"https:\/\/api.w.org\/{rel}","templated":true}]}}