{"id":49,"date":"2020-07-22T17:52:57","date_gmt":"2020-07-22T20:52:57","guid":{"rendered":"https:\/\/wp.ufpel.edu.br\/lgea\/?page_id=49"},"modified":"2026-02-14T20:51:20","modified_gmt":"2026-02-14T23:51:20","slug":"para-utiliza-lo","status":"publish","type":"page","link":"https:\/\/wp.ufpel.edu.br\/lgea\/para-utiliza-lo\/","title":{"rendered":"Para utiliz\u00e1-lo"},"content":{"rendered":"<h3><a href=\"https:\/\/wp.ufpel.edu.br\/lgea\/files\/2026\/02\/Regimento_LGEA_Final_Atualizado.pdf\">Regimento LGEA<\/a><\/h3>\n<p>&nbsp;<\/p>\n<h2>Verifique o Regimento do Laborat\u00f3rio, mas observe atentamente aos seguintes regramentos:<\/h2>\n<p>&nbsp;<\/p>\n<ol>\n<li>Os softwares irregulares n\u00e3o s\u00e3o permitidos, esses foram substitu\u00eddos por <a href=\"http:\/\/www.gnu.org\/philosophy\/free-sw.pt-br.html\">softwares livres<\/a> ou por softwares que possuam licen\u00e7as suficientes para todos os computadores do laborat\u00f3rio. <a href=\"http:\/\/tudosobreseguranca.com.br\/portal\/index.php?option=com_content&amp;task=view&amp;id=258&amp;Itemid=140\">Pirataria<\/a>, como todos sabem, \u00e9 crime.<\/li>\n<\/ol>\n<p>&nbsp;<\/p>\n<ol start=\"2\">\n<li>Disciplinas que n\u00e3o possuam carga hor\u00e1ria pr\u00e1tica, que justifique o uso de computadores, n\u00e3o dever\u00e3o ser locadas nesses espa\u00e7os, devido a alta demanda dos Cursos do CEng por estes espa\u00e7os.<\/li>\n<\/ol>\n<p>&nbsp;<\/p>\n<ol start=\"3\">\n<li>Ao final de cada semestre, as demandas de disciplinas para uso dos laborat\u00f3rios no semestre subsequente dever\u00e3o ser enviadas pelos Coordenadores de Curso \u00e0 Comiss\u00e3o de Inform\u00e1tica do CEng. Para que a Comiss\u00e3o atenda a maior quantidade de solicita\u00e7\u00f5es poss\u00edvel, \u00e9 necess\u00e1rio que no e-mail (<a href=\"mailto:comissao-de-informatica-do-ceng@googlegroups.com\">comissao-de-informatica-do-ceng@googlegroups.com<\/a>) constem as seguintes informa\u00e7\u00f5es:<\/li>\n<\/ol>\n<p>3.1 Curso<\/p>\n<p>3.2 Nome da disciplina<\/p>\n<p>3.3 Professor Respons\u00e1vel pela disciplina<\/p>\n<p>3.4 E-mail do professor respons\u00e1vel<\/p>\n<p>3.5 N\u00famero previsto de alunos<\/p>\n<p>3.6 Softwares utilizados<\/p>\n<p>3.7 Dia\/hor\u00e1rio da oferta (modelo adotado pela Universidade)<\/p>\n<p>&nbsp;<\/p>\n<p>&nbsp;<\/p>\n<ol start=\"4\">\n<li>As solicita\u00e7\u00f5es de uso de laborat\u00f3rio para atividades como semanas acad\u00eamicas, extens\u00e3o, pesquisa e TCC, ou outras atividades espor\u00e1dicas podem ser realizadas no decorrer do semestre. Pede-se, no entanto:<\/li>\n<\/ol>\n<p>4.1 Nome e e-mail do professor do curso que se responsabilizar\u00e1 pela ocupa\u00e7\u00e3o do laborat\u00f3rio.<\/p>\n<p>4.2 Que as solicita\u00e7\u00f5es sejam feitas com no m\u00ednimo duas semanas de anteced\u00eancia.<\/p>\n<p>Lembrando que a prioridade na ocupa\u00e7\u00e3o de laborat\u00f3rios \u00e9 dada para atividades relacionadas ao ensino (aulas pr\u00e1ticas).<\/p>\n<p>&nbsp;<\/p>\n<ol start=\"5\">\n<li>O professor fica respons\u00e1vel por conscientizar os alunos do uso adequado dos equipamentos, por verificar se os mesmos foram deixados nas posi\u00e7\u00f5es corretas e conectados (teclado em frente ao monitor e mouse ao lado), \u00a0os estabilizadores desligados e por retirar das mesas objetos estranhos ao laborat\u00f3rio (garrafas pl\u00e1sticas, folhas de papel, etc.). N\u00e3o admite-se encontrar os equipamentos ap\u00f3s a utiliza\u00e7\u00e3o, ou seja, teclados e\/ou monitores desconectados e fora de posi\u00e7\u00e3o. Respeite o pr\u00f3ximo a utilizar o laborat\u00f3rio.<\/li>\n<\/ol>\n<p>&nbsp;<\/p>\n<ol start=\"6\">\n<li>\u00c9 proibido o consumo de qualquer tipo de alimento nos laborat\u00f3rios (lanches, bolachas, chimarr\u00e3o e outros).<\/li>\n<\/ol>\n<p>&nbsp;<\/p>\n<ol start=\"7\">\n<li>Todas as solicita\u00e7\u00f5es devem ser realizadas via e-mail para a Comiss\u00e3o de Inform\u00e1tica do CEng: comissao-de-informatica-do-ceng@googlegroups.com.<\/li>\n<\/ol>\n","protected":false},"excerpt":{"rendered":"<p>Regimento LGEA &nbsp; Verifique o Regimento do Laborat\u00f3rio, mas observe atentamente aos seguintes regramentos: &nbsp; Os softwares irregulares n\u00e3o s\u00e3o permitidos, esses foram substitu\u00eddos por softwares livres ou por softwares que possuam licen\u00e7as suficientes para todos os computadores do laborat\u00f3rio. Pirataria, como todos sabem, \u00e9 crime. &nbsp; Disciplinas que n\u00e3o possuam carga hor\u00e1ria pr\u00e1tica, que [&hellip;]<\/p>\n","protected":false},"author":992,"featured_media":0,"parent":0,"menu_order":0,"comment_status":"closed","ping_status":"closed","template":"","meta":{"footnotes":""},"class_list":["post-49","page","type-page","status-publish","hentry"],"_links":{"self":[{"href":"https:\/\/wp.ufpel.edu.br\/lgea\/wp-json\/wp\/v2\/pages\/49","targetHints":{"allow":["GET"]}}],"collection":[{"href":"https:\/\/wp.ufpel.edu.br\/lgea\/wp-json\/wp\/v2\/pages"}],"about":[{"href":"https:\/\/wp.ufpel.edu.br\/lgea\/wp-json\/wp\/v2\/types\/page"}],"author":[{"embeddable":true,"href":"https:\/\/wp.ufpel.edu.br\/lgea\/wp-json\/wp\/v2\/users\/992"}],"replies":[{"embeddable":true,"href":"https:\/\/wp.ufpel.edu.br\/lgea\/wp-json\/wp\/v2\/comments?post=49"}],"version-history":[{"count":3,"href":"https:\/\/wp.ufpel.edu.br\/lgea\/wp-json\/wp\/v2\/pages\/49\/revisions"}],"predecessor-version":[{"id":432,"href":"https:\/\/wp.ufpel.edu.br\/lgea\/wp-json\/wp\/v2\/pages\/49\/revisions\/432"}],"wp:attachment":[{"href":"https:\/\/wp.ufpel.edu.br\/lgea\/wp-json\/wp\/v2\/media?parent=49"}],"curies":[{"name":"wp","href":"https:\/\/api.w.org\/{rel}","templated":true}]}}