{"id":368,"date":"2024-10-25T15:42:41","date_gmt":"2024-10-25T18:42:41","guid":{"rendered":"https:\/\/wp.ufpel.edu.br\/lgea\/?page_id=368"},"modified":"2025-02-06T14:41:51","modified_gmt":"2025-02-06T17:41:51","slug":"inundacoes-de-maio-de-2024","status":"publish","type":"page","link":"https:\/\/wp.ufpel.edu.br\/lgea\/inundacoes-de-maio-de-2024\/","title":{"rendered":"Inunda\u00e7\u00f5es de maio de 2024"},"content":{"rendered":"<p>LEANDRO, D.; CASTRO, A. S.; CALDEIRA, T. L.; BESKOW, S.; BUSKE, Daniela; QUADROS, R. S.; REPINALDO, H.; TEIXEIRA, M. S. Mapa de inunda\u00e7\u00e3o da \u00e1rea urbana do munic\u00edpio de Pelotas das \u00e1reas inundadas no evento de maio de 2024: profundidade de l\u00e2minas de \u00e1gua (m). 2024. (Mapa, Carta Mapa ou Similar) Dispon\u00edvel em: <a href=\"https:\/\/wp.ufpel.edu.br\/lgea\/inundacoes-de-maio-de-2024\/\" target=\"_new\" rel=\"noopener\">https:\/\/wp.ufpel.edu.br\/lgea\/inundacoes-de-maio-de-2024\/<\/a>. Acesso em: 26 out. 2024. ISBN 978-65-01-18374-9.<\/p>\n<ul>\n<li><a href=\"https:\/\/wp.ufpel.edu.br\/lgea\/files\/2024\/10\/InundaCidade2024_3m30_regua_profundidade.pdf\">Mapa de Simula\u00e7\u00e3o de Inunda\u00e7\u00e3o da \u00c1rea Urbana de Pelotas para Indicar \u00c1reas de Evacua\u00e7\u00e3o no Evento de maio de 2024<\/a><\/li>\n<\/ul>\n<p>&nbsp;<\/p>\n<p>LEANDRO, D.; CASTRO, A. S.; CALDEIRA, T. L.; BESKOW, S.; BUSKE, Daniela; REPINALDO, H.; TEIXEIRA, M. S.; QUADROS, R. S. Mapa de simula\u00e7\u00e3o de inunda\u00e7\u00e3o da \u00e1rea urbana de Pelotas para indicar \u00e1reas de evacua\u00e7\u00e3o no evento de maio de 2024: profundidade de l\u00e2minas de \u00e1gua (m). 2024. (Mapa, Carta Mapa ou Similar) Dispon\u00edvel em: <a href=\"https:\/\/wp.ufpel.edu.br\/lgea\/inundacoes-de-maio-de-2024\/\" target=\"_new\" rel=\"noopener\">https:\/\/wp.ufpel.edu.br\/lgea\/inundacoes-de-maio-de-2024\/<\/a>. Acesso em: 26 out. 2024. ISBN 978-65-01-18423-4.<\/p>\n<ul>\n<li><a href=\"https:\/\/wp.ufpel.edu.br\/lgea\/files\/2024\/10\/InundaCidade2024_3m13_regua_profundidadecomdique-1.pdf\">Mapa de Inunda\u00e7\u00e3o da \u00c1rea Urbana do Munic\u00edpio de Pelotas das \u00c1reas Inundadas no Evento de maio de 2024<\/a><\/li>\n<\/ul>\n<p><a class=\"tooltip\" tabindex=\"1009\" href=\"http:\/\/lattes.cnpq.br\/3076528365846421\" target=\"_blank\" rel=\"noopener\">LEANDRO, D.<\/a>; BESKOW, T. L. C. ;\u00a0<a class=\"tooltip\" tabindex=\"1010\" href=\"http:\/\/lattes.cnpq.br\/2164538510965539\" target=\"_blank\" rel=\"noopener\">BESKOW, S.<\/a>\u00a0;\u00a0<a class=\"tooltip\" tabindex=\"1011\" title=\"Clique para visualizar o curr\u00edculo\" href=\"http:\/\/lattes.cnpq.br\/3894096111082082\" target=\"_blank\" rel=\"noopener\">BUSKE, DANIELA<\/a>\u00a0; QUADROS, R. S. ; REPINALDO, H. ; CASTRO, A. S. ;\u00a0<a class=\"tooltip\" tabindex=\"1012\" title=\"Clique para visualizar o curr\u00edculo\" href=\"http:\/\/lattes.cnpq.br\/1786513412610267\" target=\"_blank\" rel=\"noopener\">SILVA, L. A.<\/a>\u00a0;\u00a0<a class=\"tooltip\" tabindex=\"1013\" title=\"Clique para visualizar o curr\u00edculo\" href=\"http:\/\/lattes.cnpq.br\/5313649204025264\" target=\"_blank\" rel=\"noopener\">OLIVEIRA, V. F.<\/a>\u00a0;\u00a0<a class=\"tooltip\" tabindex=\"1014\" title=\"Clique para visualizar o curr\u00edculo\" href=\"http:\/\/lattes.cnpq.br\/3649212117144971\" target=\"_blank\" rel=\"noopener\">GUTERRES, D. S.<\/a>\u00a0;\u00a0<a class=\"tooltip\" tabindex=\"1015\" href=\"http:\/\/lattes.cnpq.br\/8882512834751864\" target=\"_blank\" rel=\"noopener\">ARAUJO, M. M. F.<\/a>\u00a0; BALTAZAR, L. A. A. . Mapa da \u00c1reas Urbanas e Rurais do Munic\u00edpio de Pelotas Inundadas no Evento de maio de 2024\u2009. 2025. (Cartas, mapas ou similares\/Mapa).<\/p>\n<p><a href=\"https:\/\/wp.ufpel.edu.br\/lgea\/files\/2025\/02\/Areas_inundadas_rural_e_urbana.pdf\">Mapa da \u00c1reas Urbanas e Rurais do Munic\u00edpio de Pelotas Inundadas no Evento de maio de 2024 &#8211; PDF<\/a><\/p>\n<p><a href=\"https:\/\/wp.ufpel.edu.br\/lgea\/files\/2025\/02\/Mapa_areas_Urbanas_e_Rurais_Pelotas_Inundadas_Evento_2024.zip\">Mapa da \u00c1reas Urbanas e Rurais do Munic\u00edpio de Pelotas Inundadas no Evento de maio de 2024 &#8211; KML<\/a><\/p>\n<pre><\/pre>\n<p>&nbsp;<\/p>\n","protected":false},"excerpt":{"rendered":"<p>LEANDRO, D.; CASTRO, A. S.; CALDEIRA, T. L.; BESKOW, S.; BUSKE, Daniela; QUADROS, R. S.; REPINALDO, H.; TEIXEIRA, M. S. Mapa de inunda\u00e7\u00e3o da \u00e1rea urbana do munic\u00edpio de Pelotas das \u00e1reas inundadas no evento de maio de 2024: profundidade de l\u00e2minas de \u00e1gua (m). 2024. (Mapa, Carta Mapa ou Similar) Dispon\u00edvel em: https:\/\/wp.ufpel.edu.br\/lgea\/inundacoes-de-maio-de-2024\/. Acesso [&hellip;]<\/p>\n","protected":false},"author":992,"featured_media":0,"parent":0,"menu_order":0,"comment_status":"closed","ping_status":"closed","template":"","meta":{"footnotes":""},"class_list":["post-368","page","type-page","status-publish","hentry"],"_links":{"self":[{"href":"https:\/\/wp.ufpel.edu.br\/lgea\/wp-json\/wp\/v2\/pages\/368","targetHints":{"allow":["GET"]}}],"collection":[{"href":"https:\/\/wp.ufpel.edu.br\/lgea\/wp-json\/wp\/v2\/pages"}],"about":[{"href":"https:\/\/wp.ufpel.edu.br\/lgea\/wp-json\/wp\/v2\/types\/page"}],"author":[{"embeddable":true,"href":"https:\/\/wp.ufpel.edu.br\/lgea\/wp-json\/wp\/v2\/users\/992"}],"replies":[{"embeddable":true,"href":"https:\/\/wp.ufpel.edu.br\/lgea\/wp-json\/wp\/v2\/comments?post=368"}],"version-history":[{"count":4,"href":"https:\/\/wp.ufpel.edu.br\/lgea\/wp-json\/wp\/v2\/pages\/368\/revisions"}],"predecessor-version":[{"id":400,"href":"https:\/\/wp.ufpel.edu.br\/lgea\/wp-json\/wp\/v2\/pages\/368\/revisions\/400"}],"wp:attachment":[{"href":"https:\/\/wp.ufpel.edu.br\/lgea\/wp-json\/wp\/v2\/media?parent=368"}],"curies":[{"name":"wp","href":"https:\/\/api.w.org\/{rel}","templated":true}]}}