{"id":290,"date":"2022-05-27T18:25:24","date_gmt":"2022-05-27T21:25:24","guid":{"rendered":"https:\/\/wp.ufpel.edu.br\/lgea\/?page_id=290"},"modified":"2022-05-27T18:35:42","modified_gmt":"2022-05-27T21:35:42","slug":"mapa-batimetrico-do-reservatorio-santa-barbara","status":"publish","type":"page","link":"https:\/\/wp.ufpel.edu.br\/lgea\/mapa-batimetrico-do-reservatorio-santa-barbara\/","title":{"rendered":"Mapa Batim\u00e9trico do Reservat\u00f3rio Santa B\u00e1rbara"},"content":{"rendered":"<h2><strong>Mapa Batim\u00e9trico do Reservat\u00f3rio Santa B\u00e1rbara, 2020 \u2013 Pelotas \u2013 RS<\/strong><\/h2>\n<p><img class=\"alignnone size-medium wp-image-298\" src=\"https:\/\/wp.ufpel.edu.br\/lgea\/files\/2022\/05\/1306f7d4-1463-43b4-a20c-8688cc1d32a7-299x400.jpg\" alt=\"\" width=\"299\" height=\"400\" srcset=\"https:\/\/wp.ufpel.edu.br\/lgea\/files\/2022\/05\/1306f7d4-1463-43b4-a20c-8688cc1d32a7-299x400.jpg 299w, https:\/\/wp.ufpel.edu.br\/lgea\/files\/2022\/05\/1306f7d4-1463-43b4-a20c-8688cc1d32a7.jpg 622w\" sizes=\"(max-width: 299px) 100vw, 299px\" \/><\/p>\n<p>Arquivo 130 MB <a href=\"https:\/\/1drv.ms\/u\/s!AskGNYckmgVmi-NPvHJSuslWEcY-eg\" target=\"_blank\" rel=\"noopener\">Download<\/a><\/p>\n<p>Como referenciar: Peruzzo, A. S.; Leandro, D.; Golclaves, G. A. <strong>Mapa batim\u00e9trico do Reservat\u00f3rio Santa Barbara, 2020 \u2013 Pelotas \u2013 RS, 2020. <\/strong>ISBN 978-65-00-10711-1. Dispon\u00edvel em: &lt; https:\/\/wp.ufpel.edu.br\/lgea\/mdesantabarbara\/&gt;<\/p>\n","protected":false},"excerpt":{"rendered":"<p>Mapa Batim\u00e9trico do Reservat\u00f3rio Santa B\u00e1rbara, 2020 \u2013 Pelotas \u2013 RS Arquivo 130 MB Download Como referenciar: Peruzzo, A. S.; Leandro, D.; Golclaves, G. A. Mapa batim\u00e9trico do Reservat\u00f3rio Santa Barbara, 2020 \u2013 Pelotas \u2013 RS, 2020. ISBN 978-65-00-10711-1. Dispon\u00edvel em: &lt; https:\/\/wp.ufpel.edu.br\/lgea\/mdesantabarbara\/&gt;<\/p>\n","protected":false},"author":992,"featured_media":0,"parent":0,"menu_order":0,"comment_status":"closed","ping_status":"closed","template":"","meta":{"footnotes":""},"class_list":["post-290","page","type-page","status-publish","hentry"],"_links":{"self":[{"href":"https:\/\/wp.ufpel.edu.br\/lgea\/wp-json\/wp\/v2\/pages\/290","targetHints":{"allow":["GET"]}}],"collection":[{"href":"https:\/\/wp.ufpel.edu.br\/lgea\/wp-json\/wp\/v2\/pages"}],"about":[{"href":"https:\/\/wp.ufpel.edu.br\/lgea\/wp-json\/wp\/v2\/types\/page"}],"author":[{"embeddable":true,"href":"https:\/\/wp.ufpel.edu.br\/lgea\/wp-json\/wp\/v2\/users\/992"}],"replies":[{"embeddable":true,"href":"https:\/\/wp.ufpel.edu.br\/lgea\/wp-json\/wp\/v2\/comments?post=290"}],"version-history":[{"count":2,"href":"https:\/\/wp.ufpel.edu.br\/lgea\/wp-json\/wp\/v2\/pages\/290\/revisions"}],"predecessor-version":[{"id":300,"href":"https:\/\/wp.ufpel.edu.br\/lgea\/wp-json\/wp\/v2\/pages\/290\/revisions\/300"}],"wp:attachment":[{"href":"https:\/\/wp.ufpel.edu.br\/lgea\/wp-json\/wp\/v2\/media?parent=290"}],"curies":[{"name":"wp","href":"https:\/\/api.w.org\/{rel}","templated":true}]}}