{"id":268,"date":"2022-04-06T22:01:24","date_gmt":"2022-04-07T01:01:24","guid":{"rendered":"https:\/\/wp.ufpel.edu.br\/lgea\/?page_id=268"},"modified":"2025-02-06T15:13:48","modified_gmt":"2025-02-06T18:13:48","slug":"dados-espaciais","status":"publish","type":"page","link":"https:\/\/wp.ufpel.edu.br\/lgea\/dados-espaciais\/","title":{"rendered":"Dados Espaciais"},"content":{"rendered":"<p>Est\u00e3o dispon\u00edveis dados espaciais de projetos do grupo LGEA para download e uso mediante cita\u00e7\u00e3o<\/p>\n<p><a href=\"https:\/\/wp.ufpel.edu.br\/lgea\/inundacoes-de-maio-de-2024\/\">\u00c1rea urbana &#8211; Inunda\u00e7\u00f5es de maio de 2024<\/a><\/p>\n<p><a href=\"https:\/\/wp.ufpel.edu.br\/lgea\/mdesantabarbara\/\">MDE Reservat\u00f3rio Santa Barbara \u2013 Pelotas \u2013 RS<\/a><\/p>\n<p><a href=\"https:\/\/wp.ufpel.edu.br\/lgea\/mapa-batimetrico-do-reservatorio-santa-barbara\/\" target=\"_blank\" rel=\"noopener\">Mapa Batim\u00e9trico do Reservat\u00f3rio Santa B\u00e1rbara<\/a><\/p>\n<p>&nbsp;<\/p>\n","protected":false},"excerpt":{"rendered":"<p>Est\u00e3o dispon\u00edveis dados espaciais de projetos do grupo LGEA para download e uso mediante cita\u00e7\u00e3o \u00c1rea urbana &#8211; Inunda\u00e7\u00f5es de maio de 2024 MDE Reservat\u00f3rio Santa Barbara \u2013 Pelotas \u2013 RS Mapa Batim\u00e9trico do Reservat\u00f3rio Santa B\u00e1rbara &nbsp;<\/p>\n","protected":false},"author":992,"featured_media":0,"parent":0,"menu_order":0,"comment_status":"closed","ping_status":"closed","template":"","meta":{"footnotes":""},"class_list":["post-268","page","type-page","status-publish","hentry"],"_links":{"self":[{"href":"https:\/\/wp.ufpel.edu.br\/lgea\/wp-json\/wp\/v2\/pages\/268","targetHints":{"allow":["GET"]}}],"collection":[{"href":"https:\/\/wp.ufpel.edu.br\/lgea\/wp-json\/wp\/v2\/pages"}],"about":[{"href":"https:\/\/wp.ufpel.edu.br\/lgea\/wp-json\/wp\/v2\/types\/page"}],"author":[{"embeddable":true,"href":"https:\/\/wp.ufpel.edu.br\/lgea\/wp-json\/wp\/v2\/users\/992"}],"replies":[{"embeddable":true,"href":"https:\/\/wp.ufpel.edu.br\/lgea\/wp-json\/wp\/v2\/comments?post=268"}],"version-history":[{"count":7,"href":"https:\/\/wp.ufpel.edu.br\/lgea\/wp-json\/wp\/v2\/pages\/268\/revisions"}],"predecessor-version":[{"id":401,"href":"https:\/\/wp.ufpel.edu.br\/lgea\/wp-json\/wp\/v2\/pages\/268\/revisions\/401"}],"wp:attachment":[{"href":"https:\/\/wp.ufpel.edu.br\/lgea\/wp-json\/wp\/v2\/media?parent=268"}],"curies":[{"name":"wp","href":"https:\/\/api.w.org\/{rel}","templated":true}]}}