{"id":250,"date":"2022-04-06T21:54:09","date_gmt":"2022-04-07T00:54:09","guid":{"rendered":"https:\/\/wp.ufpel.edu.br\/lgea\/?page_id=250"},"modified":"2022-05-27T18:39:54","modified_gmt":"2022-05-27T21:39:54","slug":"mdesantabarbara","status":"publish","type":"page","link":"https:\/\/wp.ufpel.edu.br\/lgea\/mdesantabarbara\/","title":{"rendered":"MDE Reservat\u00f3rio Santa Barbara &#8211; Pelotas &#8211; RS"},"content":{"rendered":"<h2><strong>MDE Reservat\u00f3rio Santa Barbara, 2020 &#8211; Pelotas &#8211; RS<\/strong><\/h2>\n<p>Material dispon\u00edvel para dowloand e uso publico diante de cita\u00e7\u00e3o<\/p>\n<p>Dowload \u00a0\u00a0 \u00a0\u00a0<a href=\"https:\/\/wp.ufpel.edu.br\/lgea\/files\/2022\/04\/MDE_reservatorio_Santa_Barbara2020.pdf\" target=\"_blank\" rel=\"noopener\">PDF<\/a>\u00a0 \u00a0 \u00a0 <a href=\"https:\/\/1drv.ms\/u\/s!AskGNYckmgVmi-MOOa-RbpuxSnETOA?e=ubn8bE\" target=\"_blank\" rel=\"noopener\">GEOTIFF<\/a><\/p>\n<p>Como referenciar: Peruzzo, A. S.; Leandro, D.; Golclaves, G. A. <strong>MDE Reservat\u00f3rio Santa Barbara, 2020 \u2013 Pelotas \u2013 RS, 2020. <\/strong>ISBN 978-65-00-43060-8. Dispon\u00edvel em: &lt; https:\/\/wp.ufpel.edu.br\/lgea\/mdesantabarbara\/&gt;<\/p>\n<h3>Descri\u00e7\u00e3o:<\/h3>\n<p>Autoria:<\/p>\n<div><span class=\"\">ARTHUR SPEROTTO <strong>PERUZZO<\/strong>\u00a0|\u00a0Pesquisador\u00a0|\u00a0Brasil<\/span><\/div>\n<div><span class=\"\">DIULIANA <strong>LEANDRO<\/strong> | Pesquisador | Brasil<\/span><\/div>\n<div><span class=\"\">GLAUBER ACUNHA <strong>GON\u00c7ALVES<\/strong>\u00a0|\u00a0Pesquisador\u00a0|\u00a0Brasil<\/span><\/div>\n<div class=\"col-md-8\">\n<p><b>ISBN n\u00ba\u00a0<\/b>978-65-00-43060-8<\/p>\n<\/div>\n<div>MDE Reservat\u00f3rio Santa Barbara &#8211; Pelotas &#8211; RS<\/div>\n<div>Altitudes Ortom\u00e9tricas (m)<\/div>\n<div>Resolu\u00e7\u00e3o espacial: 50cmX50cm<\/div>\n<div>Sistema de Refer\u00eancia: SIRGAS 2000<\/div>\n<div>Sistema de Proje\u00e7\u00e3o: UTM fuso 22 Sul<\/div>\n<div>Dados oriundos de levantamento batim\u00e9trico realizado durante o per\u00edodo 29\/07\/2020 at\u00e9 01\/08\/2020.<\/div>\n<p>Equipamentos:<\/p>\n<p>. Sistema GNSS (Global Navigation Satellite System) modelo GNSS S82T L1\/L2 RTK (precis\u00e3o horizontal de 10 mm+1ppm e precis\u00e3o vertical de 20 mm+1ppm)<\/p>\n<p>. R\u00e9gua linim\u00e9trica fixada na estrutura de concreto da mesma plataforma do vertedouro de fundo da barragem<\/p>\n<p>. Ecobat\u00edmentro South SDE-28S (Figura 10), monofeixe, com tela TFT-LCD de 12,1 polegadas integrada, frequ\u00eancia de 200 kHz, \u00c2ngulo \u00e2ngulo de feixe 7, Resolu\u00e7\u00e3o resolu\u00e7\u00e3o de profundidade 0,1 ft\/0,01 m, acur\u00e1cia de \u00b1 1cm \u00b1 0,1 D (0,1% do valor de profundidade)<\/p>\n<p>. N\u00edvel eletr\u00f4nico modelo Sprinter 250M da marca Leica e duas miras de c\u00f3digo de barras<\/p>\n<p>. Barco: Chata prof Samuel Beskwo<\/p>\n<p>Navega\u00e7\u00e3o em linhas de zigue-zague e aleat\u00f3rias.<\/p>\n","protected":false},"excerpt":{"rendered":"<p>MDE Reservat\u00f3rio Santa Barbara, 2020 &#8211; Pelotas &#8211; RS Material dispon\u00edvel para dowloand e uso publico diante de cita\u00e7\u00e3o Dowload \u00a0\u00a0 \u00a0\u00a0PDF\u00a0 \u00a0 \u00a0 GEOTIFF Como referenciar: Peruzzo, A. S.; Leandro, D.; Golclaves, G. A. MDE Reservat\u00f3rio Santa Barbara, 2020 \u2013 Pelotas \u2013 RS, 2020. ISBN 978-65-00-43060-8. Dispon\u00edvel em: &lt; https:\/\/wp.ufpel.edu.br\/lgea\/mdesantabarbara\/&gt; Descri\u00e7\u00e3o: Autoria: ARTHUR SPEROTTO [&hellip;]<\/p>\n","protected":false},"author":992,"featured_media":0,"parent":0,"menu_order":0,"comment_status":"closed","ping_status":"closed","template":"","meta":{"footnotes":""},"class_list":["post-250","page","type-page","status-publish","hentry"],"_links":{"self":[{"href":"https:\/\/wp.ufpel.edu.br\/lgea\/wp-json\/wp\/v2\/pages\/250","targetHints":{"allow":["GET"]}}],"collection":[{"href":"https:\/\/wp.ufpel.edu.br\/lgea\/wp-json\/wp\/v2\/pages"}],"about":[{"href":"https:\/\/wp.ufpel.edu.br\/lgea\/wp-json\/wp\/v2\/types\/page"}],"author":[{"embeddable":true,"href":"https:\/\/wp.ufpel.edu.br\/lgea\/wp-json\/wp\/v2\/users\/992"}],"replies":[{"embeddable":true,"href":"https:\/\/wp.ufpel.edu.br\/lgea\/wp-json\/wp\/v2\/comments?post=250"}],"version-history":[{"count":14,"href":"https:\/\/wp.ufpel.edu.br\/lgea\/wp-json\/wp\/v2\/pages\/250\/revisions"}],"predecessor-version":[{"id":301,"href":"https:\/\/wp.ufpel.edu.br\/lgea\/wp-json\/wp\/v2\/pages\/250\/revisions\/301"}],"wp:attachment":[{"href":"https:\/\/wp.ufpel.edu.br\/lgea\/wp-json\/wp\/v2\/media?parent=250"}],"curies":[{"name":"wp","href":"https:\/\/api.w.org\/{rel}","templated":true}]}}