{"id":237,"date":"2022-03-30T18:51:33","date_gmt":"2022-03-30T21:51:33","guid":{"rendered":"https:\/\/wp.ufpel.edu.br\/lgea\/?page_id=237"},"modified":"2022-04-06T22:02:16","modified_gmt":"2022-04-07T01:02:16","slug":"publicacoes-e-dados","status":"publish","type":"page","link":"https:\/\/wp.ufpel.edu.br\/lgea\/publicacoes-e-dados\/","title":{"rendered":"Publica\u00e7\u00f5es"},"content":{"rendered":"<p>O LGEA disponibiliza publica\u00e7\u00f5es e dados<\/p>\n<p><a href=\"https:\/\/wp.ufpel.edu.br\/lgea\/livros\/\" target=\"_blank\" rel=\"noopener\">Livros<\/a><\/p>\n<p><a href=\"https:\/\/wp.ufpel.edu.br\/lgea\/trabalhos-publicados-em-anais-de-eventos\/\" target=\"_blank\" rel=\"noopener\">Trabalhos publicados em anais de eventos<\/a><\/p>\n<p>&nbsp;<\/p>\n","protected":false},"excerpt":{"rendered":"<p>O LGEA disponibiliza publica\u00e7\u00f5es e dados Livros Trabalhos publicados em anais de eventos &nbsp;<\/p>\n","protected":false},"author":992,"featured_media":0,"parent":0,"menu_order":0,"comment_status":"closed","ping_status":"closed","template":"","meta":{"footnotes":""},"class_list":["post-237","page","type-page","status-publish","hentry"],"_links":{"self":[{"href":"https:\/\/wp.ufpel.edu.br\/lgea\/wp-json\/wp\/v2\/pages\/237","targetHints":{"allow":["GET"]}}],"collection":[{"href":"https:\/\/wp.ufpel.edu.br\/lgea\/wp-json\/wp\/v2\/pages"}],"about":[{"href":"https:\/\/wp.ufpel.edu.br\/lgea\/wp-json\/wp\/v2\/types\/page"}],"author":[{"embeddable":true,"href":"https:\/\/wp.ufpel.edu.br\/lgea\/wp-json\/wp\/v2\/users\/992"}],"replies":[{"embeddable":true,"href":"https:\/\/wp.ufpel.edu.br\/lgea\/wp-json\/wp\/v2\/comments?post=237"}],"version-history":[{"count":4,"href":"https:\/\/wp.ufpel.edu.br\/lgea\/wp-json\/wp\/v2\/pages\/237\/revisions"}],"predecessor-version":[{"id":273,"href":"https:\/\/wp.ufpel.edu.br\/lgea\/wp-json\/wp\/v2\/pages\/237\/revisions\/273"}],"wp:attachment":[{"href":"https:\/\/wp.ufpel.edu.br\/lgea\/wp-json\/wp\/v2\/media?parent=237"}],"curies":[{"name":"wp","href":"https:\/\/api.w.org\/{rel}","templated":true}]}}